{"id":9486,"date":"2023-06-30T08:09:51","date_gmt":"2023-06-30T06:09:51","guid":{"rendered":"https:\/\/shop.ftemaximal.com\/?post_type=product&#038;p=9486"},"modified":"2025-09-17T12:13:22","modified_gmt":"2025-09-17T10:13:22","slug":"fte-maximal-high-quality-ev-ladekabel-typ-2-11-kw-5-meter-480v","status":"publish","type":"product","link":"https:\/\/shop.ftemaximal.com\/pt\/product\/fte-maximal-high-quality-ev-ladekabel-typ-2-11-kw-5-meter-480v\/","title":{"rendered":"Cable de carga para VE de 11KW"},"content":{"rendered":"<h3 class=\"wp-block-heading\">Cable de carga para veh\u00edculo el\u00e9ctrico de alta calidad tipo 2, 11 kW, 5 metros, 480V<\/h3>\n\n\n\n<p>Cable de carga de alta calidad para coches el\u00e9ctricos.<\/p>\n\n\n\n<p>Alta calidad 3 conectores, tipo 2, cable de carga EV 5 m, 16 A, 11 kW, trif\u00e1sico, IEC62196-2 UE, dise\u00f1o ergon\u00f3mico.<\/p>\n\n\n\n<p><br>Adecuado para todos los veh\u00edculos el\u00e9ctricos con conexi\u00f3n tipo 2, ideal para tenerlo en casa o llevarlo sobre la marcha.<\/p>\n\n\n\n<p>Con protectores de enchufes y acoplamientos de goma. El art\u00edculo se entrega en una caja exterior reutilizable y resistente.<\/p>\n\n\n\n<h3 class=\"wp-block-heading\">CARACTER\u00cdSTICAS<\/h3>\n\n\n\n<ul class=\"wp-block-list\">\n<li>Adecuado para todos los veh\u00edculos h\u00edbridos y el\u00e9ctricos con conexi\u00f3n tipo 2.<\/li>\n\n\n\n<li>Potencia m\u00e1xima de carga 11 kW (se detecta autom\u00e1ticamente).<\/li>\n\n\n\n<li>Corriente m\u00e1xima de carga 16 A por fase.<\/li>\n\n\n\n<li>Longitud del cable aprox. 5 m.<\/li>\n\n\n\n<li>Tipo de protecci\u00f3n IP 54.<\/li>\n\n\n\n<li>Max. Voltaje 2.000 V.<\/li>\n\n\n\n<li>3 fases, conductor neutro, puesta a tierra + l\u00ednea de datos CP.<\/li>\n<\/ul>\n\n\n\n<figure class=\"wp-block-image\"><a href=\"https:\/\/ftemaximal.com\/images\/files\/soporte-servicios\/Documentacion-tecnica\/Cables%2011Kw_h%20y%2022Kw_h_es.pdf\" target=\"_blank\" rel=\"noopener\"><img data-recalc-dims=\"1\" decoding=\"async\" src=\"https:\/\/i0.wp.com\/cdn02.plentymarkets.com\/obyl17va86cf\/frontend\/content_ids\/0_general\/logos\/pdf.png?w=1170&#038;ssl=1\" alt=\"\" \/><\/a><\/figure>\n\n\n\n<p><a href=\"https:\/\/ftemaximal.com\/images\/files\/soporte-servicios\/Documentacion-tecnica\/Cables%2011Kw_h%20y%2022Kw_h_es.pdf\" target=\"_blank\" rel=\"noopener\" title=\"\">Ficha <\/a><a href=\"https:\/\/ftemaximal.com\/images\/files\/soporte-servicios\/Documentacion-tecnica\/Cables%2011Kw_h%20y%2022Kw_h_es.pdf\" target=\"_blank\" rel=\"noopener\" title=\"t\u00e9cnica\">t\u00e9cnica<\/a><\/p>\n\n\n\n<p><\/p>","protected":false},"excerpt":{"rendered":"<p>Cable de carga para veh\u00edculo el\u00e9ctrico de alta calidad tipo 2, 11 kW, 5 metros, 480V<\/p>","protected":false},"featured_media":11647,"comment_status":"open","ping_status":"closed","template":"","meta":[],"pwb-brand":[82],"product_brand":[],"product_cat":[199,196],"product_tag":[],"class_list":{"0":"post-9486","1":"product","2":"type-product","3":"status-publish","4":"has-post-thumbnail","6":"pwb-brand-fte-maximal","7":"product_cat-cables-y-accesorios-para-ve","8":"product_cat-electromovilidad","10":"first","11":"instock","12":"sale","13":"taxable","14":"shipping-taxable","15":"purchasable","16":"product-type-simple"},"aioseo_notices":[],"brands":[{"id":82,"name":"Fte Maximal","slug":"fte-maximal"}],"_links":{"self":[{"href":"https:\/\/shop.ftemaximal.com\/pt\/wp-json\/wp\/v2\/product\/9486","targetHints":{"allow":["GET"]}}],"collection":[{"href":"https:\/\/shop.ftemaximal.com\/pt\/wp-json\/wp\/v2\/product"}],"about":[{"href":"https:\/\/shop.ftemaximal.com\/pt\/wp-json\/wp\/v2\/types\/product"}],"replies":[{"embeddable":true,"href":"https:\/\/shop.ftemaximal.com\/pt\/wp-json\/wp\/v2\/comments?post=9486"}],"wp:featuredmedia":[{"embeddable":true,"href":"https:\/\/shop.ftemaximal.com\/pt\/wp-json\/wp\/v2\/media\/11647"}],"wp:attachment":[{"href":"https:\/\/shop.ftemaximal.com\/pt\/wp-json\/wp\/v2\/media?parent=9486"}],"wp:term":[{"taxonomy":"pwb-brand","embeddable":true,"href":"https:\/\/shop.ftemaximal.com\/pt\/wp-json\/wp\/v2\/pwb-brand?post=9486"},{"taxonomy":"product_brand","embeddable":true,"href":"https:\/\/shop.ftemaximal.com\/pt\/wp-json\/wp\/v2\/product_brand?post=9486"},{"taxonomy":"product_cat","embeddable":true,"href":"https:\/\/shop.ftemaximal.com\/pt\/wp-json\/wp\/v2\/product_cat?post=9486"},{"taxonomy":"product_tag","embeddable":true,"href":"https:\/\/shop.ftemaximal.com\/pt\/wp-json\/wp\/v2\/product_tag?post=9486"}],"curies":[{"name":"wp","href":"https:\/\/api.w.org\/{rel}","templated":true}]}}