{"id":9485,"date":"2023-06-30T06:09:51","date_gmt":"2023-06-30T06:09:51","guid":{"rendered":"https:\/\/shop.ftemaximal.com\/?post_type=product&#038;p=9485"},"modified":"2025-02-24T12:47:51","modified_gmt":"2025-02-24T11:47:51","slug":"fte-maximal-einzelne-wi-fi-mesh-station-ac-1200-mbit-s-dual-band","status":"publish","type":"product","link":"https:\/\/shop.ftemaximal.com\/pt\/product\/fte-maximal-einzelne-wi-fi-mesh-station-ac-1200-mbit-s-dual-band\/","title":{"rendered":"ESTACI\u00d3N DE MALLA WIFI MESH FTE MAXWIFI"},"content":{"rendered":"<h3>Fte maximal &#8211; Estaci\u00f3n de malla Wi-Fi individual, AC 1200 Mbit\/s, doble banda<\/h3>\n<p>Estaci\u00f3n de malla que permite ampliar el kit de inicio MAXWIFI2 o MAXWIFI3<\/p>\n<p>Cuando se trata de la red dom\u00e9stica WLAN perfecta, hoy en d\u00eda no se puede evitar una red de malla. Con la ayuda de varios dispositivos WLAN de malla, todos los cuales est\u00e1n conectados en red y se comunican entre s\u00ed, se puede crear una red WLAN fuerte y completa en toda la casa \/ oficina hasta la terraza o Construir un jard\u00edn.<\/p>\n<p>El sistema MAXWIFI crea una red de datos inal\u00e1mbrica (Wi-Fi) perfecta con una recepci\u00f3n a nivel nacional a una velocidad de transmisi\u00f3n constante, lo que excluye posibles \u00e1reas con brechas de transmisi\u00f3n de datos en su casa.<\/p>\n<p>A diferencia de la soluci\u00f3n de repetidor WLAN, solo hay un SSID (nombre de red) en toda la red dom\u00e9stica de malla MAXWIFI. Al mismo tiempo, esto significa que no es necesario que los dispositivos m\u00f3viles (p. ej. B. un tel\u00e9fono inteligente, tableta o computadora port\u00e1til) debe conectarse a nuevas redes \u00abm\u00e1s fuertes\u00bb al cambiar de ubicaci\u00f3n.El kit de inicio consta de una estaci\u00f3n base (controlador) que se conecta al enrutador y a trav\u00e9s de la cual se administra la red y dos sistemas de sat\u00e9lites (estaciones de malla) que permiten ampliar el alcance de la se\u00f1al de datos (Wi-Fi).<\/p>\n<p>Con Mesh, puede disfrutar f\u00e1cilmente de la m\u00e1xima velocidad de navegaci\u00f3n, v\u00eddeo o juegos, sin problemas hasta el \u00faltimo rinc\u00f3n de cada habitaci\u00f3n.<\/p>\n<p>El resultado es una cobertura de datos de Internet al 100% y, por lo tanto, la mejor eficiencia en su edificio y jard\u00edn.<\/p>\n<h3>CARACTER\u00cdSTICAS DESTACADAS:<\/h3>\n<ul>\n<li>Estaci\u00f3n Mesh para ampliar el kit MAXWIFI2 o bien el MAXWIFI3<\/li>\n<li>Posibilidad simult\u00e1nea de conexi\u00f3n Wi-Fi o conexi\u00f3n por cable desde una estaci\u00f3n de malla a otra estaci\u00f3n de malla.<\/li>\n<li>Se pueden conectar hasta 4 estaciones de malla a una estaci\u00f3n base (un controlador).<\/li>\n<\/ul>\n<ul>\n<li style=\"list-style-type: none;\">\n<ul><!-- \/wp:post-content --> <!-- wp:list-item -->\n<li>Instalaci\u00f3n muy f\u00e1cil, PLUG&amp;PLAY<\/li>\n<\/ul>\n<\/li>\n<\/ul>\n<p><!-- \/wp:list-item --> <!-- wp:list-item --><\/p>\n<ul>\n<li style=\"list-style-type: none;\">\n<ul>\n<li>Establezca configuraciones avanzadas a trav\u00e9s de un navegador web.<\/li>\n<\/ul>\n<\/li>\n<\/ul>\n<p><!-- \/wp:list-item --> <!-- wp:list-item --><\/p>\n<ul>\n<li style=\"list-style-type: none;\">\n<ul>\n<li>Conexi\u00f3n a trav\u00e9s de WPS.<\/li>\n<\/ul>\n<\/li>\n<\/ul>\n<p><!-- \/wp:list-item --> <!-- wp:list-item --><\/p>\n<ul>\n<li style=\"list-style-type: none;\">\n<ul>\n<li>Un solo SSID en toda la red mesh.<\/li>\n<\/ul>\n<\/li>\n<\/ul>\n<p><!-- \/wp:list-item --> <!-- wp:list-item --><\/p>\n<ul>\n<li style=\"list-style-type: none;\">\n<ul>\n<li>Red de invitados.<\/li>\n<\/ul>\n<\/li>\n<\/ul>\n<p><!-- \/wp:list-item --> <!-- wp:list-item --><\/p>\n<ul>\n<li style=\"list-style-type: none;\">\n<ul>\n<li>Posibilidad de fijar temporizador.<\/li>\n<\/ul>\n<\/li>\n<\/ul>\n<p><!-- \/wp:list-item --> <!-- wp:list-item --><\/p>\n<ul>\n<li style=\"list-style-type: none;\">\n<ul>\n<li>Dise\u00f1o compacto y elegante.<\/li>\n<\/ul>\n<\/li>\n<\/ul>\n<p><!-- \/wp:list-item --><\/p>\n<p><!-- \/wp:list --><\/p>\n<p><!-- wp:image {\"id\":11698,\"sizeSlug\":\"full\",\"linkDestination\":\"custom\"} --><\/p>\n<figure class=\"wp-block-image size-full\"><img data-recalc-dims=\"1\" decoding=\"async\" width=\"80\" height=\"107\" class=\"wp-image-11698\" src=\"https:\/\/i0.wp.com\/shop.ftemaximal.com\/wp-content\/uploads\/2024\/02\/image.png?resize=80%2C107&#038;ssl=1\" alt=\"\" srcset=\"https:\/\/i0.wp.com\/shop.ftemaximal.com\/wp-content\/uploads\/2024\/02\/image.png?w=80&amp;ssl=1 80w, https:\/\/i0.wp.com\/shop.ftemaximal.com\/wp-content\/uploads\/2024\/02\/image.png?resize=9%2C12&amp;ssl=1 9w\" sizes=\"(max-width: 80px) 100vw, 80px\" \/><\/figure>\n<p><!-- \/wp:image --> <!-- wp:paragraph --><\/p>\n<p><a title=\"\" href=\"https:\/\/ftemaximal.com\/images\/files\/soporte-servicios\/Documentacion-tecnica\/MAMAXWIFI_ES.pdf\" target=\"_blank\" rel=\"noopener\">Manual de usuario<\/a><\/p>\n<p><!-- \/wp:paragraph --> <!-- wp:image {\"linkDestination\":\"custom\"} --><\/p>\n<figure class=\"wp-block-image\"><a href=\"https:\/\/ftemaximal.com\/images\/files\/soporte-servicios\/Documentacion-tecnica\/FTMAXWIFI_ES.pdf\" target=\"_blank\" rel=\"noopener\"><img data-recalc-dims=\"1\" decoding=\"async\" src=\"https:\/\/i0.wp.com\/cdn02.plentymarkets.com\/obyl17va86cf\/frontend\/content_ids\/0_general\/logos\/pdf.png?w=1170&#038;ssl=1\" alt=\"\" \/><\/a><\/figure>\n<p><!-- \/wp:image --> <!-- wp:paragraph --><\/p>\n<p><a title=\"\" href=\"https:\/\/ftemaximal.com\/images\/files\/soporte-servicios\/Documentacion-tecnica\/FTMAXWIFI_ES.pdf\" target=\"_blank\" rel=\"noopener\">Ficha t\u00e9cnica<\/a><\/p>\n<p><!-- \/wp:paragraph --> <!-- wp:image {\"linkDestination\":\"custom\"} --><\/p>\n<figure class=\"wp-block-image\"><a href=\"https:\/\/ftemaximal.com\/images\/files\/soporte-servicios\/Documentacion-tecnica\/CEMAXWIFI.pdf\" target=\"_blank\" rel=\"noopener\"><img data-recalc-dims=\"1\" decoding=\"async\" src=\"https:\/\/i0.wp.com\/cdn02.plentymarkets.com\/obyl17va86cf\/frontend\/content_ids\/0_general\/logos\/pdf.png?w=1170&#038;ssl=1\" alt=\"\" \/><\/a><\/figure>\n<p><!-- \/wp:image --> <!-- wp:paragraph --><\/p>\n<p><a title=\"\" href=\"https:\/\/ftemaximal.com\/images\/files\/soporte-servicios\/Documentacion-tecnica\/CEMAXWIFI.pdf\" target=\"_blank\" rel=\"noopener\">Declaraci\u00f3n CE<\/a><\/p>\n<p><!-- \/wp:paragraph --> <!-- wp:group {\"layout\":{\"type\":\"constrained\"}} --><\/p>\n<div class=\"wp-block-group\"><!-- wp:columns -->\n<div class=\"wp-block-columns\"><!-- wp:column {\"width\":\"100%\"} -->\n<div class=\"wp-block-column\"><!-- wp:group {\"align\":\"full\",\"layout\":{\"type\":\"constrained\"}} -->\n<div class=\"wp-block-group alignfull\"><!-- wp:columns {\"verticalAlignment\":\"center\"} -->\n<div class=\"wp-block-columns are-vertically-aligned-center\"><!-- wp:column {\"verticalAlignment\":\"center\",\"width\":\"100%\"} -->\n<figure class=\"wp-block-embed is-type-video is-provider-youtube wp-block-embed-youtube wp-embed-aspect-16-9 wp-has-aspect-ratio\"><\/figure>\n<p><!-- \/wp:column --><\/p>\n<\/div>\n<p><!-- \/wp:columns --><\/p>\n<\/div>\n<p><!-- \/wp:group --><\/p>\n<\/div>\n<p><!-- \/wp:column --><\/p>\n<\/div>\n<p><!-- \/wp:columns --><\/p>\n<\/div>\n<p><!-- \/wp:group --><\/p>\n<p><!-- wp:embed {\"providerNameSlug\":\"youtube\",\"responsive\":true} \/--><\/p>\n\n<!-- wp:embed {\"url\":\"https:\/\/youtu.be\/pnJpHQRZLfI\",\"type\":\"video\",\"providerNameSlug\":\"youtube\",\"responsive\":true,\"className\":\"wp-embed-aspect-16-9 wp-has-aspect-ratio\"} -->\n<figure class=\"wp-block-embed is-type-video is-provider-youtube wp-block-embed-youtube wp-embed-aspect-16-9 wp-has-aspect-ratio\"><div class=\"wp-block-embed__wrapper\">\n<div class=\"video-container\"><iframe hcb-fetch-image-from=\"https:\/\/youtu.be\/pnJpHQRZLfI\" title=\"VIDEO MAXWIFI 2\" width=\"1170\" height=\"658\" src=\"https:\/\/www.youtube.com\/embed\/pnJpHQRZLfI?feature=oembed\" frameborder=\"0\" allow=\"accelerometer; autoplay; clipboard-write; encrypted-media; gyroscope; picture-in-picture; web-share\" allowfullscreen><\/iframe><\/div>\n<\/div><\/figure>\n<!-- \/wp:embed -->","protected":false},"excerpt":{"rendered":"<p>Estaci\u00f3n base de malla MESH. V\u00e1lido para ampliar el MAXWIFI2 o MAXWIFI3<\/p>","protected":false},"featured_media":12140,"comment_status":"open","ping_status":"closed","template":"","meta":[],"pwb-brand":[82],"product_brand":[],"product_cat":[249,217,234],"product_tag":[296,293,292],"class_list":{"0":"post-9485","1":"product","2":"type-product","3":"status-publish","4":"has-post-thumbnail","6":"pwb-brand-fte-maximal","7":"product_cat-rebajas-stock","8":"product_cat-redes","9":"product_cat-redes-mesh","10":"product_tag-1-nodo","11":"product_tag-mesh","12":"product_tag-wifi","14":"first","15":"instock","16":"sale","17":"featured","18":"taxable","19":"shipping-taxable","20":"purchasable","21":"product-type-simple"},"aioseo_notices":[],"brands":[{"id":82,"name":"Fte Maximal","slug":"fte-maximal"}],"_links":{"self":[{"href":"https:\/\/shop.ftemaximal.com\/pt\/wp-json\/wp\/v2\/product\/9485","targetHints":{"allow":["GET"]}}],"collection":[{"href":"https:\/\/shop.ftemaximal.com\/pt\/wp-json\/wp\/v2\/product"}],"about":[{"href":"https:\/\/shop.ftemaximal.com\/pt\/wp-json\/wp\/v2\/types\/product"}],"replies":[{"embeddable":true,"href":"https:\/\/shop.ftemaximal.com\/pt\/wp-json\/wp\/v2\/comments?post=9485"}],"wp:featuredmedia":[{"embeddable":true,"href":"https:\/\/shop.ftemaximal.com\/pt\/wp-json\/wp\/v2\/media\/12140"}],"wp:attachment":[{"href":"https:\/\/shop.ftemaximal.com\/pt\/wp-json\/wp\/v2\/media?parent=9485"}],"wp:term":[{"taxonomy":"pwb-brand","embeddable":true,"href":"https:\/\/shop.ftemaximal.com\/pt\/wp-json\/wp\/v2\/pwb-brand?post=9485"},{"taxonomy":"product_brand","embeddable":true,"href":"https:\/\/shop.ftemaximal.com\/pt\/wp-json\/wp\/v2\/product_brand?post=9485"},{"taxonomy":"product_cat","embeddable":true,"href":"https:\/\/shop.ftemaximal.com\/pt\/wp-json\/wp\/v2\/product_cat?post=9485"},{"taxonomy":"product_tag","embeddable":true,"href":"https:\/\/shop.ftemaximal.com\/pt\/wp-json\/wp\/v2\/product_tag?post=9485"}],"curies":[{"name":"wp","href":"https:\/\/api.w.org\/{rel}","templated":true}]}}