{"id":9484,"date":"2023-06-30T06:09:51","date_gmt":"2023-06-30T06:09:51","guid":{"rendered":"https:\/\/shop.ftemaximal.com\/?post_type=product&#038;p=9484"},"modified":"2024-03-04T12:36:53","modified_gmt":"2024-03-04T11:36:53","slug":"echarger-evc04-ac11-t2p-homeplus-wallbox-fur-elektroautos-11-kw-400-v-ac-3-phasig-10-13-16a-uber-switch-dc-fehlerstromerkennung-6ma","status":"publish","type":"product","link":"https:\/\/shop.ftemaximal.com\/pt\/product\/echarger-evc04-ac11-t2p-homeplus-wallbox-fur-elektroautos-11-kw-400-v-ac-3-phasig-10-13-16a-uber-switch-dc-fehlerstromerkennung-6ma\/","title":{"rendered":"Cargador EVC04-AC11-T2P"},"content":{"rendered":"<p>VC04 HomePlus con una potencia de carga de 11 kW. Garant\u00eda de futuro garantizada, a trav\u00e9s de numerosas funciones de confort y opciones de equipamiento individual.<\/p>\n\n\n\n<h3 class=\"wp-block-heading\">POSICIONAMIENTO Y CARACTER\u00cdSTICAS<\/h3>\n\n\n\n<p>La nueva generaci\u00f3n EVC04 de Vestel no solo ofrece una excelente relaci\u00f3n calidad-precio, sino tambi\u00e9n algunas funciones de confort que no son est\u00e1ndar en esta clase. Esto incluye, por ejemplo: la protecci\u00f3n de acceso y la liberaci\u00f3n de los procesos de carga a trav\u00e9s de RFID o la detecci\u00f3n integrada de fallo de corriente continua. <\/p>\n\n\n\n<p>Posee una interfaz para la conexi\u00f3n de un MID** inteligente (accesorio) para la optimizaci\u00f3n din\u00e1mica del rendimiento dentro de la conexi\u00f3n de la casa o un contacto de conmutaci\u00f3n libre de potencial para el control externo de los procesos de carga.<\/p>\n\n\n\n<p>Aspectos destacados del producto<\/p>\n\n\n\n<ul class=\"wp-block-list\">\n<li>Dise\u00f1o atractivo y alta resistencia a los impactos (IK10)<\/li>\n\n\n\n<li>Clase de protecci\u00f3n IP54<\/li>\n\n\n\n<li>Detecci\u00f3n de fallo de corriente continua<\/li>\n\n\n\n<li>Funciones de confort, por ejemplo, MID* opcional para la optimizaci\u00f3n del rendimiento \/ limitaci\u00f3n de la corriente dentro de la conexi\u00f3n de la casa (*Zubh\u00f6r MID Meter 3P KL6934)<\/li>\n<\/ul>","protected":false},"excerpt":{"rendered":"<p>potencia de carga de 11 kW: nuestra recomendaci\u00f3n para la carga r\u00e1pida de la mayor\u00eda de los coches el\u00e9ctricos. El ADAC tambi\u00e9n recomienda cajas de pared de 11 kW para uso dom\u00e9stico. De acuerdo con las nuevas directrices VDE, los cargadores de 11 kW solo deben registrarse y no aprobarse con el proveedor de energ\u00eda. Garant\u00eda de futuro garantizada, a trav\u00e9s de numerosas funciones de confort y opciones de equipamiento individual.<\/p>","protected":false},"featured_media":9672,"comment_status":"open","ping_status":"closed","template":"","meta":[],"pwb-brand":[],"product_brand":[],"product_cat":[202],"product_tag":[],"class_list":{"0":"post-9484","1":"product","2":"type-product","3":"status-publish","4":"has-post-thumbnail","6":"product_cat-estaciones-de-carga","8":"first","9":"outofstock","10":"taxable","11":"shipping-taxable","12":"purchasable","13":"product-type-simple"},"aioseo_notices":[],"brands":[],"_links":{"self":[{"href":"https:\/\/shop.ftemaximal.com\/pt\/wp-json\/wp\/v2\/product\/9484","targetHints":{"allow":["GET"]}}],"collection":[{"href":"https:\/\/shop.ftemaximal.com\/pt\/wp-json\/wp\/v2\/product"}],"about":[{"href":"https:\/\/shop.ftemaximal.com\/pt\/wp-json\/wp\/v2\/types\/product"}],"replies":[{"embeddable":true,"href":"https:\/\/shop.ftemaximal.com\/pt\/wp-json\/wp\/v2\/comments?post=9484"}],"wp:featuredmedia":[{"embeddable":true,"href":"https:\/\/shop.ftemaximal.com\/pt\/wp-json\/wp\/v2\/media\/9672"}],"wp:attachment":[{"href":"https:\/\/shop.ftemaximal.com\/pt\/wp-json\/wp\/v2\/media?parent=9484"}],"wp:term":[{"taxonomy":"pwb-brand","embeddable":true,"href":"https:\/\/shop.ftemaximal.com\/pt\/wp-json\/wp\/v2\/pwb-brand?post=9484"},{"taxonomy":"product_brand","embeddable":true,"href":"https:\/\/shop.ftemaximal.com\/pt\/wp-json\/wp\/v2\/product_brand?post=9484"},{"taxonomy":"product_cat","embeddable":true,"href":"https:\/\/shop.ftemaximal.com\/pt\/wp-json\/wp\/v2\/product_cat?post=9484"},{"taxonomy":"product_tag","embeddable":true,"href":"https:\/\/shop.ftemaximal.com\/pt\/wp-json\/wp\/v2\/product_tag?post=9484"}],"curies":[{"name":"wp","href":"https:\/\/api.w.org\/{rel}","templated":true}]}}