{"id":9479,"date":"2023-06-30T06:09:49","date_gmt":"2023-06-30T06:09:49","guid":{"rendered":"https:\/\/shop.ftemaximal.com\/?post_type=product&#038;p=9479"},"modified":"2025-11-04T10:51:49","modified_gmt":"2025-11-04T09:51:49","slug":"fte-hq-lskh-ladestecker-und-kabelhalter","status":"publish","type":"product","link":"https:\/\/shop.ftemaximal.com\/pt\/product\/fte-hq-lskh-ladestecker-und-kabelhalter\/","title":{"rendered":"Fte-HQ-LSKH Conector de carga y soporte para cable"},"content":{"rendered":"<p>Este pr\u00e1ctico soporte es para el montaje en pared o en columna y est\u00e1 dise\u00f1ado para sostener enchufes de carga tipo 2. El complemento perfecto para cualquier estaci\u00f3n de carga EV con cable de carga conectado permanentemente.<\/p>\n\n\n\n<p>&nbsp;<strong><span style=\"font-size: 11pt;\"><span style=\"line-height: 107%;\">CARACTER\u00cdSTICAS<\/span><\/span><\/strong><\/p>\n\n\n\n<p>\u2022 Material robusto (alta estabilidad y durabilidad)<\/p>\n\n\n\n<p>\u2022 Funci\u00f3n de ajuste mec\u00e1nico<\/p>\n\n\n\n<p>\u2022 Incluye material de instalaci\u00f3n (clavijas y tornillos)<\/p>\n\n\n\n<p>\u2022 Palanca para desbloquear el enchufe de carga enchufado<\/p>\n\n\n\n<p>\u2022 El enchufe se mantiene en un \u00e1ngulo de 75\u00b0<\/p>\n\n\n\n<p>\u2022 Dispositivo para colgar el cable de carga enrollado<\/p>\n\n\n\n<p>&nbsp;<\/p>\n\n\n\n<figure class=\"wp-block-image\"><a href=\"https:\/\/cdn02.plentymarkets.com\/obyl17va86cf\/frontend\/content_ids\/1_fte_maximal\/products\/gauge\/3001066\/0010010-Fte-HQ-LKH-Ladesteckerhalter-Datenblatt-100122.pdf\" target=\"_blank\" rel=\"noopener\"><img data-recalc-dims=\"1\" decoding=\"async\" src=\"https:\/\/i0.wp.com\/cdn02.plentymarkets.com\/obyl17va86cf\/frontend\/content_ids\/0_general\/logos\/pdf.png?w=1170&#038;ssl=1\" alt=\"\"\/><\/a><\/figure>\n\n\n\n<p><span style=\"font-size: 11pt;\"><a href=\"https:\/\/cdn02.plentymarkets.com\/obyl17va86cf\/frontend\/content_ids\/1_fte_maximal\/products\/gauge\/3001066\/0010010-Fte-HQ-LKH-Ladesteckerhalter-Datenblatt-100122.pdf\" target=\"_blank\" rel=\"noopener\" title=\"\">Datos t\u00e9cnicos<\/a><\/span><\/p>","protected":false},"excerpt":{"rendered":"<p>Este pr\u00e1ctico soporte es para el montaje en pared o en columna y est\u00e1 dise\u00f1ado para sostener enchufes de carga tipo 2. El complemento perfecto para cualquier estaci\u00f3n de carga EV con cable de carga conectado permanentemente. &nbsp;CARACTER\u00cdSTICAS \u2022 Material robusto (alta estabilidad y durabilidad) \u2022 Funci\u00f3n de ajuste mec\u00e1nico \u2022 Incluye material de instalaci\u00f3n [&hellip;]<\/p>\n","protected":false},"featured_media":11646,"comment_status":"open","ping_status":"closed","template":"","meta":[],"pwb-brand":[],"product_brand":[],"product_cat":[199],"product_tag":[],"class_list":{"0":"post-9479","1":"product","2":"type-product","3":"status-publish","4":"has-post-thumbnail","6":"product_cat-cables-y-accesorios-para-ve","8":"first","9":"outofstock","10":"taxable","11":"shipping-taxable","12":"purchasable","13":"product-type-simple"},"aioseo_notices":[],"brands":[],"_links":{"self":[{"href":"https:\/\/shop.ftemaximal.com\/pt\/wp-json\/wp\/v2\/product\/9479","targetHints":{"allow":["GET"]}}],"collection":[{"href":"https:\/\/shop.ftemaximal.com\/pt\/wp-json\/wp\/v2\/product"}],"about":[{"href":"https:\/\/shop.ftemaximal.com\/pt\/wp-json\/wp\/v2\/types\/product"}],"replies":[{"embeddable":true,"href":"https:\/\/shop.ftemaximal.com\/pt\/wp-json\/wp\/v2\/comments?post=9479"}],"wp:featuredmedia":[{"embeddable":true,"href":"https:\/\/shop.ftemaximal.com\/pt\/wp-json\/wp\/v2\/media\/11646"}],"wp:attachment":[{"href":"https:\/\/shop.ftemaximal.com\/pt\/wp-json\/wp\/v2\/media?parent=9479"}],"wp:term":[{"taxonomy":"pwb-brand","embeddable":true,"href":"https:\/\/shop.ftemaximal.com\/pt\/wp-json\/wp\/v2\/pwb-brand?post=9479"},{"taxonomy":"product_brand","embeddable":true,"href":"https:\/\/shop.ftemaximal.com\/pt\/wp-json\/wp\/v2\/product_brand?post=9479"},{"taxonomy":"product_cat","embeddable":true,"href":"https:\/\/shop.ftemaximal.com\/pt\/wp-json\/wp\/v2\/product_cat?post=9479"},{"taxonomy":"product_tag","embeddable":true,"href":"https:\/\/shop.ftemaximal.com\/pt\/wp-json\/wp\/v2\/product_tag?post=9479"}],"curies":[{"name":"wp","href":"https:\/\/api.w.org\/{rel}","templated":true}]}}