{"id":9478,"date":"2023-06-30T08:09:49","date_gmt":"2023-06-30T06:09:49","guid":{"rendered":"https:\/\/shop.ftemaximal.com\/?post_type=product&#038;p=9478"},"modified":"2026-01-08T12:49:53","modified_gmt":"2026-01-08T11:49:53","slug":"ec-311-s6-wallbox-6m-ladekabel-typ2-11-kw-kfw-forderfahig-smart","status":"publish","type":"product","link":"https:\/\/shop.ftemaximal.com\/pt\/product\/ec-311-s6-wallbox-6m-ladekabel-typ2-11-kw-kfw-forderfahig-smart\/","title":{"rendered":"Cargador de coche el\u00e9ctrico 11kW tipo 2 Fte-WB3-11-LK"},"content":{"rendered":"<p>Wallbox monof\u00e1sico\/trif\u00e1sico  adecuado para cargar un veh\u00edculo el\u00e9ctrico\/h\u00edbrido. Est\u00e1 equipado con un cable de carga fijo de 6 m de largo con enchufe tipo 2. <\/p>\n\n\n\n<p>Los estados de carga se muestran en una pantalla LCD a color de 3,5 pulgadas (pantalla t\u00e1ctil). Adem\u00e1s, el usuario puede descargar una aplicaci\u00f3n gratuita que admite una variedad de funciones a trav\u00e9s de Google Play Store para su tel\u00e9fono inteligente o tableta Android o en la Apple Store para sus dispositivos m\u00f3viles iOS. <\/p>\n\n\n\n<p>La carcasa de la Wallbox es resistente al calor y cumple con los requisitos de la clase de protecci\u00f3n IP 66. Por lo tanto,  se puede instalar en una cochera o directamente en la pared de una casa o de forma independiente.<\/p>\n\n\n\n<h3 class=\"wp-block-heading\">Aspectos destacados<\/h3>\n\n\n\n<ul class=\"wp-block-list\">\n<li>Modo de funcionamiento de carga Modo 3 seg\u00fan IEC 61851<\/li>\n\n\n\n<li>Cable de carga (longitud 6 m) con enchufe tipo 2<\/li>\n\n\n\n<li>Potencia de carga de 11 kW<\/li>\n\n\n\n<li>Corriente de carga por fase 16A, tambi\u00e9n es posible la carga monof\u00e1sica<\/li>\n\n\n\n<li>Dispositivo de protecci\u00f3n de corriente residual con detecci\u00f3n de corriente continua: 30mA AC + 6mA DC<\/li>\n\n\n\n<li>Activaci\u00f3n de los procesos de carga a trav\u00e9s de la aplicaci\u00f3n para tel\u00e9fonos inteligentes (disponible para iOS y Android, el inicio de sesi\u00f3n se realiza a trav\u00e9s de WLAN o Bluetooth)<\/li>\n\n\n\n<li>Tambi\u00e9n es adecuado para la instalaci\u00f3n en exteriores, ya que cuenta con  clase de protecci\u00f3n es IP66 probada y certificada.<\/li>\n<\/ul>\n\n\n\n<figure class=\"wp-block-image size-full\"><a href=\"\/pt\/ftemaximal.com\/images\/files\/soporte-servicios\/Documentacion-tecnica\/FT-WB3-11-LK_ES.pdf\/\"><img data-recalc-dims=\"1\" decoding=\"async\" width=\"80\" height=\"107\" src=\"https:\/\/i0.wp.com\/shop.ftemaximal.com\/wp-content\/uploads\/2024\/02\/image.png?resize=80%2C107&#038;ssl=1\" alt=\"\" class=\"wp-image-11698\" srcset=\"https:\/\/i0.wp.com\/shop.ftemaximal.com\/wp-content\/uploads\/2024\/02\/image.png?w=80&amp;ssl=1 80w, https:\/\/i0.wp.com\/shop.ftemaximal.com\/wp-content\/uploads\/2024\/02\/image.png?resize=9%2C12&amp;ssl=1 9w\" sizes=\"(max-width: 80px) 100vw, 80px\" \/><\/a><\/figure>\n\n\n\n<p><a href=\"http:\/\/ftemaximal.com\/images\/files\/soporte-servicios\/Documentacion-tecnica\/FT-WB3-11-LK_ES.pdf\" target=\"_blank\" rel=\"noopener\" title=\"\">Ficha t\u00e9cnica<\/a><\/p>\n\n\n\n<figure class=\"wp-block-image size-full\"><a href=\"http:\/\/ftemaximal.com\/images\/files\/soporte-servicios\/Documentacion-tecnica\/MAFte-WB3-11-LK.pdf\"><img data-recalc-dims=\"1\" decoding=\"async\" width=\"80\" height=\"107\" src=\"https:\/\/i0.wp.com\/shop.ftemaximal.com\/wp-content\/uploads\/2024\/02\/image.png?resize=80%2C107&#038;ssl=1\" alt=\"\" class=\"wp-image-11698\" srcset=\"https:\/\/i0.wp.com\/shop.ftemaximal.com\/wp-content\/uploads\/2024\/02\/image.png?w=80&amp;ssl=1 80w, https:\/\/i0.wp.com\/shop.ftemaximal.com\/wp-content\/uploads\/2024\/02\/image.png?resize=9%2C12&amp;ssl=1 9w\" sizes=\"(max-width: 80px) 100vw, 80px\" \/><\/a><\/figure>\n\n\n\n<p><a href=\"http:\/\/ftemaximal.com\/images\/files\/soporte-servicios\/Documentacion-tecnica\/MAFte-WB3-11-LK.pdf\" target=\"_blank\" rel=\"noopener\" title=\"\">Manual de usuario<\/a><\/p>\n\n\n\n<figure class=\"wp-block-image size-full\"><a href=\"http:\/\/ftemaximal.com\/images\/files\/soporte-servicios\/Documentacion-tecnica\/MAAPP-Fte-WB3-11-LK.pdf\"><img data-recalc-dims=\"1\" decoding=\"async\" width=\"80\" height=\"107\" src=\"https:\/\/i0.wp.com\/shop.ftemaximal.com\/wp-content\/uploads\/2024\/02\/image.png?resize=80%2C107&#038;ssl=1\" alt=\"\" class=\"wp-image-11698\" srcset=\"https:\/\/i0.wp.com\/shop.ftemaximal.com\/wp-content\/uploads\/2024\/02\/image.png?w=80&amp;ssl=1 80w, https:\/\/i0.wp.com\/shop.ftemaximal.com\/wp-content\/uploads\/2024\/02\/image.png?resize=9%2C12&amp;ssl=1 9w\" sizes=\"(max-width: 80px) 100vw, 80px\" \/><\/a><\/figure>\n\n\n\n<p><a href=\"http:\/\/ftemaximal.com\/images\/files\/soporte-servicios\/Documentacion-tecnica\/MAAPP-Fte-WB3-11-LK.pdf\" target=\"_blank\" rel=\"noopener\" title=\"\">Manual de la aplicaci\u00f3n<\/a><\/p>\n\n\n\n<figure class=\"wp-block-image size-full\"><a href=\"http:\/\/ftemaximal.com\/images\/files\/soporte-servicios\/Documentacion-tecnica\/Guia-rapida-Fte-WB3-11-LK.pdf\"><img data-recalc-dims=\"1\" decoding=\"async\" width=\"80\" height=\"107\" src=\"https:\/\/i0.wp.com\/shop.ftemaximal.com\/wp-content\/uploads\/2024\/02\/image.png?resize=80%2C107&#038;ssl=1\" alt=\"\" class=\"wp-image-11698\" srcset=\"https:\/\/i0.wp.com\/shop.ftemaximal.com\/wp-content\/uploads\/2024\/02\/image.png?w=80&amp;ssl=1 80w, https:\/\/i0.wp.com\/shop.ftemaximal.com\/wp-content\/uploads\/2024\/02\/image.png?resize=9%2C12&amp;ssl=1 9w\" sizes=\"(max-width: 80px) 100vw, 80px\" \/><\/a><\/figure>\n\n\n\n<p><a href=\"http:\/\/ftemaximal.com\/images\/files\/soporte-servicios\/Documentacion-tecnica\/Guia-rapida-Fte-WB3-11-LK.pdf\" target=\"_blank\" rel=\"noopener\" title=\"\">Gu\u00eda r\u00e1pida<\/a><\/p>\n\n\n\n<figure class=\"wp-block-image size-full\"><img data-recalc-dims=\"1\" decoding=\"async\" width=\"80\" height=\"107\" src=\"https:\/\/i0.wp.com\/shop.ftemaximal.com\/wp-content\/uploads\/2024\/02\/image.png?resize=80%2C107&#038;ssl=1\" alt=\"\" class=\"wp-image-11698\" srcset=\"https:\/\/i0.wp.com\/shop.ftemaximal.com\/wp-content\/uploads\/2024\/02\/image.png?w=80&amp;ssl=1 80w, https:\/\/i0.wp.com\/shop.ftemaximal.com\/wp-content\/uploads\/2024\/02\/image.png?resize=9%2C12&amp;ssl=1 9w\" sizes=\"(max-width: 80px) 100vw, 80px\" \/><\/figure>\n\n\n\n<p><a href=\"http:\/\/ftemaximal.com\/images\/files\/soporte-servicios\/Documentacion-tecnica\/CEFte-WB3-11-LK.pdf\" target=\"_blank\" rel=\"noopener\" title=\"\">Declaraci\u00f3n CE<\/a><\/p>","protected":false},"excerpt":{"rendered":"<p>Estaci\u00f3n de carga para coche el\u00e9ctrico monof\u00e1sica\/trif\u00e1sica de 11 kW con cable de 6m y de carga con enchufe Tipo 2 integrado y protecci\u00f3n de carga FI DC, LCD y aplicaciones disponibles. Fte-WB3-11-LK. Monof\u00e1sico 230 Vac \/ Trif\u00e1sico 400 Vac.<\/p>","protected":false},"featured_media":11644,"comment_status":"open","ping_status":"closed","template":"","meta":[],"pwb-brand":[82],"product_brand":[],"product_cat":[202,249],"product_tag":[],"class_list":{"0":"post-9478","1":"product","2":"type-product","3":"status-publish","4":"has-post-thumbnail","6":"pwb-brand-fte-maximal","7":"product_cat-estaciones-de-carga","8":"product_cat-rebajas-stock","10":"first","11":"instock","12":"sale","13":"featured","14":"taxable","15":"shipping-taxable","16":"purchasable","17":"product-type-simple"},"aioseo_notices":[],"brands":[{"id":82,"name":"Fte Maximal","slug":"fte-maximal"}],"_links":{"self":[{"href":"https:\/\/shop.ftemaximal.com\/pt\/wp-json\/wp\/v2\/product\/9478","targetHints":{"allow":["GET"]}}],"collection":[{"href":"https:\/\/shop.ftemaximal.com\/pt\/wp-json\/wp\/v2\/product"}],"about":[{"href":"https:\/\/shop.ftemaximal.com\/pt\/wp-json\/wp\/v2\/types\/product"}],"replies":[{"embeddable":true,"href":"https:\/\/shop.ftemaximal.com\/pt\/wp-json\/wp\/v2\/comments?post=9478"}],"wp:featuredmedia":[{"embeddable":true,"href":"https:\/\/shop.ftemaximal.com\/pt\/wp-json\/wp\/v2\/media\/11644"}],"wp:attachment":[{"href":"https:\/\/shop.ftemaximal.com\/pt\/wp-json\/wp\/v2\/media?parent=9478"}],"wp:term":[{"taxonomy":"pwb-brand","embeddable":true,"href":"https:\/\/shop.ftemaximal.com\/pt\/wp-json\/wp\/v2\/pwb-brand?post=9478"},{"taxonomy":"product_brand","embeddable":true,"href":"https:\/\/shop.ftemaximal.com\/pt\/wp-json\/wp\/v2\/product_brand?post=9478"},{"taxonomy":"product_cat","embeddable":true,"href":"https:\/\/shop.ftemaximal.com\/pt\/wp-json\/wp\/v2\/product_cat?post=9478"},{"taxonomy":"product_tag","embeddable":true,"href":"https:\/\/shop.ftemaximal.com\/pt\/wp-json\/wp\/v2\/product_tag?post=9478"}],"curies":[{"name":"wp","href":"https:\/\/api.w.org\/{rel}","templated":true}]}}