{"id":9477,"date":"2023-06-30T08:09:49","date_gmt":"2023-06-30T06:09:49","guid":{"rendered":"https:\/\/shop.ftemaximal.com\/?post_type=product&#038;p=9477"},"modified":"2025-09-17T12:13:10","modified_gmt":"2025-09-17T10:13:10","slug":"fte-maximal-high-quality-ev-ladekabel-typ-2-22-kw-5-meter-480v","status":"publish","type":"product","link":"https:\/\/shop.ftemaximal.com\/pt\/product\/fte-maximal-high-quality-ev-ladekabel-typ-2-22-kw-5-meter-480v\/","title":{"rendered":"Cable de carga  para VE de 22KW"},"content":{"rendered":"<h3 class=\"wp-block-heading\">Cable de carga para veh\u00edculo el\u00e9ctrico de alta calidad tipo 2, 11 kW, 5 metros, 480V<\/h3>\n\n\n\n<p>Hochqualitatives Ladekabel f\u00fcr Elektroautos.<\/p>\n\n\n\n<p>Modo de alta calidad 3 conectores, tipo 2, cable de carga VE 5 m, 32 A (por fase), 22 kW, trif\u00e1sico, IEC62196-2 UE,  dise\u00f1o ergon\u00f3mico.<\/p>\n\n\n\n<p>Adecuado para todos los veh\u00edculos el\u00e9ctricos con conexi\u00f3n tipo 2, ideal para tenerlo en casa o llevarlo sobre la marcha.<\/p>\n\n\n\n<p>Con protectores de enchufes y acoplamientos de goma. El art\u00edculo se entrega en una caja exterior reutilizable y resistente.<\/p>\n\n\n\n<p><\/p>\n\n\n\n<h3 class=\"wp-block-heading\">CARACTER\u00cdSTICAS<\/h3>\n\n\n\n<ul class=\"wp-block-list\">\n<li>Adecuado para todos los veh\u00edculos h\u00edbridos y el\u00e9ctricos con conexi\u00f3n tipo 2.<\/li>\n\n\n\n<li>Potencia de carga m\u00e1xima 22 kW (se detecta autom\u00e1ticamente).<\/li>\n\n\n\n<li>Corriente de carga m\u00e1xima 32 A..<\/li>\n\n\n\n<li>Longitud del cable aprox. 5 m.<\/li>\n\n\n\n<li>Tipo de protecci\u00f3n IP 54.<\/li>\n\n\n\n<li>Tensi\u00f3n M\u00e1xima 2.000 V.<\/li>\n\n\n\n<li>3 fases, conductor neutro, puesta a tierra + l\u00ednea de datos CP.<\/li>\n<\/ul>\n\n\n\n<figure class=\"wp-block-image\"><a href=\"https:\/\/ftemaximal.com\/images\/files\/soporte-servicios\/Documentacion-tecnica\/Cables%2011Kw_h%20y%2022Kw_h_es.pdf\" target=\"_blank\" rel=\"noopener\"><img data-recalc-dims=\"1\" decoding=\"async\" src=\"https:\/\/i0.wp.com\/cdn02.plentymarkets.com\/obyl17va86cf\/frontend\/content_ids\/0_general\/logos\/pdf.png?w=1170&#038;ssl=1\" alt=\"\" \/><\/a><\/figure>\n\n\n\n<p><a href=\"https:\/\/ftemaximal.com\/images\/files\/soporte-servicios\/Documentacion-tecnica\/Cables%2011Kw_h%20y%2022Kw_h_es.pdf\" target=\"_blank\" rel=\"noopener\" title=\"\">Ficha <\/a><a href=\"https:\/\/ftemaximal.com\/images\/files\/soporte-servicios\/Documentacion-tecnica\/Cables%2011Kw_h%20y%2022Kw_h_es.pdf\" target=\"_blank\" rel=\"noopener\" title=\"t\u00e9cnica\">t\u00e9cnica<\/a><\/p>","protected":false},"excerpt":{"rendered":"<p>Cable de carga para veh\u00edculo el\u00e9ctrico de alta calidad tipo 2, 11 kW, 5 metros, 480V Hochqualitatives Ladekabel f\u00fcr Elektroautos. Modo de alta calidad 3 conectores, tipo 2, cable de carga VE 5 m, 32 A (por fase), 22 kW, trif\u00e1sico, IEC62196-2 UE, dise\u00f1o ergon\u00f3mico. Adecuado para todos los veh\u00edculos el\u00e9ctricos con conexi\u00f3n tipo 2, [&hellip;]<\/p>\n","protected":false},"featured_media":11647,"comment_status":"open","ping_status":"closed","template":"","meta":[],"pwb-brand":[82],"product_brand":[],"product_cat":[199],"product_tag":[],"class_list":{"0":"post-9477","1":"product","2":"type-product","3":"status-publish","4":"has-post-thumbnail","6":"pwb-brand-fte-maximal","7":"product_cat-cables-y-accesorios-para-ve","9":"first","10":"outofstock","11":"taxable","12":"shipping-taxable","13":"purchasable","14":"product-type-simple"},"aioseo_notices":[],"brands":[{"id":82,"name":"Fte Maximal","slug":"fte-maximal"}],"_links":{"self":[{"href":"https:\/\/shop.ftemaximal.com\/pt\/wp-json\/wp\/v2\/product\/9477","targetHints":{"allow":["GET"]}}],"collection":[{"href":"https:\/\/shop.ftemaximal.com\/pt\/wp-json\/wp\/v2\/product"}],"about":[{"href":"https:\/\/shop.ftemaximal.com\/pt\/wp-json\/wp\/v2\/types\/product"}],"replies":[{"embeddable":true,"href":"https:\/\/shop.ftemaximal.com\/pt\/wp-json\/wp\/v2\/comments?post=9477"}],"wp:featuredmedia":[{"embeddable":true,"href":"https:\/\/shop.ftemaximal.com\/pt\/wp-json\/wp\/v2\/media\/11647"}],"wp:attachment":[{"href":"https:\/\/shop.ftemaximal.com\/pt\/wp-json\/wp\/v2\/media?parent=9477"}],"wp:term":[{"taxonomy":"pwb-brand","embeddable":true,"href":"https:\/\/shop.ftemaximal.com\/pt\/wp-json\/wp\/v2\/pwb-brand?post=9477"},{"taxonomy":"product_brand","embeddable":true,"href":"https:\/\/shop.ftemaximal.com\/pt\/wp-json\/wp\/v2\/product_brand?post=9477"},{"taxonomy":"product_cat","embeddable":true,"href":"https:\/\/shop.ftemaximal.com\/pt\/wp-json\/wp\/v2\/product_cat?post=9477"},{"taxonomy":"product_tag","embeddable":true,"href":"https:\/\/shop.ftemaximal.com\/pt\/wp-json\/wp\/v2\/product_tag?post=9477"}],"curies":[{"name":"wp","href":"https:\/\/api.w.org\/{rel}","templated":true}]}}