{"id":9290,"date":"2023-06-30T04:23:15","date_gmt":"2023-06-30T04:23:15","guid":{"rendered":"https:\/\/shop.ftemaximal.com\/?post_type=product&#038;p=9290"},"modified":"2025-05-12T10:39:12","modified_gmt":"2025-05-12T08:39:12","slug":"dy-800w-3-tr-425-balkonkraftwerk-wifi-steckerfertig","status":"publish","type":"product","link":"https:\/\/shop.ftemaximal.com\/pt\/product\/dy-800w-3-tr-425-balkonkraftwerk-wifi-steckerfertig\/","title":{"rendered":"SolTyB 2M 800W\/850W."},"content":{"rendered":"<p>Kit solar terraza y balc\u00f3n de Fte f\u00e1cilmente instalable en unos pocos minutos. Es un kit solar muy vers\u00e1til permiti\u00e9ndote su instalaci\u00f3n en el jard\u00edn de casa, en el balc\u00f3n, en el techo de la casa, en la terraza, en el garaje&#8230;<\/p>\n\n\n\n<ul class=\"wp-block-list\">\n<li>Dos m\u00f3dulos solares con 850 vatios de potencia total. Monocristalinos, marco negro y una potencia por m\u00f3dulo de 425Wp.<\/li>\n\n\n\n<li>Los m\u00f3dulos est\u00e1n formados por 144 c\u00e9lulas solares de alto rendimiento. Esto garantiza una menor p\u00e9rdida de potencia, lo que aumenta la eficiencia y el m\u00f3dulo logra un mayor rendimiento solar<\/li>\n\n\n\n<li>Un inversor Deye con una potencia de salida de 800W incl. 5 m de cable de conexi\u00f3n<\/li>\n\n\n\n<li>Gracias a los dos  MPPT del inversor,el rendimiento de cada m\u00f3dulo ir\u00e1 por separado. Esto garantiza un rendimiento \u00f3ptimo en todas las condiciones clim\u00e1ticas o de sombreado<\/li>\n\n\n\n<li>Monitorizaci\u00f3n inteligente: Gracias a la comunicaci\u00f3n WiFi del inversor y la SOLAR APP, es posible la monitorizaci\u00f3n inteligente y la grabaci\u00f3n del sistema. Esto le permite realizar un seguimiento de su sistema<\/li>\n\n\n\n<li>F\u00e1cil montaje: Incluye cable de goma de 5 m con enchufe de contacto de protecci\u00f3n para una f\u00e1cil alimentaci\u00f3n de la energ\u00eda solar directamente a la red dom\u00e9stica<\/li>\n\n\n\n<li>Generaci\u00f3n de energ\u00eda de alta calidad<\/li>\n\n\n\n<li>Con alta precisi\u00f3n MPPT<\/li>\n\n\n\n<li>Carcasa de aluminio negro<\/li>\n<\/ul>\n\n\n\n<p><strong>Contenido<\/strong><\/p>\n\n\n\n<p>El conjunto de central el\u00e9ctrica de balc\u00f3n consta de los siguientes componentes de marca de alta calidad:<\/p>\n\n\n\n<ul class=\"wp-block-list\">\n<li>M\u00f3dulos solares monocristalinos de 2 x 425 vatios AE425CMD-108BDS<\/li>\n\n\n\n<li>1 x microinversor dual Deye SUN800G3-EU-230 Wifi<\/li>\n\n\n\n<li>2 sets soporte KSS-M<\/li>\n<\/ul>\n\n\n\n<figure class=\"wp-block-image size-large is-resized\"><img data-recalc-dims=\"1\" fetchpriority=\"high\" decoding=\"async\" width=\"1024\" height=\"220\" src=\"https:\/\/i0.wp.com\/shop.ftemaximal.com\/wp-content\/uploads\/2023\/06\/Captura-de-pantalla-2023-12-15-a-las-11.12.10.png?resize=1024%2C220&#038;ssl=1\" alt=\"\" class=\"wp-image-11014\" style=\"width:551px;height:auto\" srcset=\"https:\/\/i0.wp.com\/shop.ftemaximal.com\/wp-content\/uploads\/2023\/06\/Captura-de-pantalla-2023-12-15-a-las-11.12.10.png?resize=1024%2C220&amp;ssl=1 1024w, https:\/\/i0.wp.com\/shop.ftemaximal.com\/wp-content\/uploads\/2023\/06\/Captura-de-pantalla-2023-12-15-a-las-11.12.10.png?resize=300%2C64&amp;ssl=1 300w, https:\/\/i0.wp.com\/shop.ftemaximal.com\/wp-content\/uploads\/2023\/06\/Captura-de-pantalla-2023-12-15-a-las-11.12.10.png?resize=768%2C165&amp;ssl=1 768w, https:\/\/i0.wp.com\/shop.ftemaximal.com\/wp-content\/uploads\/2023\/06\/Captura-de-pantalla-2023-12-15-a-las-11.12.10.png?resize=18%2C4&amp;ssl=1 18w, https:\/\/i0.wp.com\/shop.ftemaximal.com\/wp-content\/uploads\/2023\/06\/Captura-de-pantalla-2023-12-15-a-las-11.12.10.png?resize=990%2C212&amp;ssl=1 990w, https:\/\/i0.wp.com\/shop.ftemaximal.com\/wp-content\/uploads\/2023\/06\/Captura-de-pantalla-2023-12-15-a-las-11.12.10.png?resize=441%2C95&amp;ssl=1 441w, https:\/\/i0.wp.com\/shop.ftemaximal.com\/wp-content\/uploads\/2023\/06\/Captura-de-pantalla-2023-12-15-a-las-11.12.10.png?resize=800%2C172&amp;ssl=1 800w, https:\/\/i0.wp.com\/shop.ftemaximal.com\/wp-content\/uploads\/2023\/06\/Captura-de-pantalla-2023-12-15-a-las-11.12.10.png?resize=150%2C32&amp;ssl=1 150w, https:\/\/i0.wp.com\/shop.ftemaximal.com\/wp-content\/uploads\/2023\/06\/Captura-de-pantalla-2023-12-15-a-las-11.12.10.png?w=1138&amp;ssl=1 1138w\" sizes=\"(max-width: 1024px) 100vw, 1024px\" \/><\/figure>\n\n\n\n<ul class=\"wp-block-list\">\n<li>Cable 2 metros interconexi\u00f3n panel.<\/li>\n\n\n\n<li>Cable de goma de 1 x 5 m con enchufe de contacto de protecci\u00f3n<\/li>\n\n\n\n<li>1 Instrucciones (si tiene alguna pregunta, tambi\u00e9n estamos a su disposici\u00f3n por tel\u00e9fono)<\/li>\n<\/ul>\n\n\n\n<figure class=\"wp-block-image\"><a href=\"https:\/\/ftemaximal.com\/images\/files\/producto\/Ftesolar_Ftemobility\/Kits_SolTyB%20\/pdf\/FT2SolTyB_es.pdf\" target=\"_blank\" rel=\"noopener\"><img data-recalc-dims=\"1\" decoding=\"async\" src=\"https:\/\/i0.wp.com\/cdn02.plentymarkets.com\/obyl17va86cf\/frontend\/content_ids\/0_general\/logos\/pdf.png?w=1170&#038;ssl=1\" alt=\"Anleitung\"\/><\/a><\/figure>\n\n\n\n<p><a href=\"https:\/\/ftemaximal.com\/images\/files\/producto\/Ftesolar_Ftemobility\/Kits_SolTyB%20\/pdf\/FT2SolTyB_es.pdf\" target=\"_blank\" rel=\"noopener\" title=\"\">Datos SoLTyB<\/a><\/p>\n\n\n\n<figure class=\"wp-block-image\"><a href=\"https:\/\/ftemaximal.com\/images\/files\/producto\/Ftesolar_Ftemobility\/Kits_SolTyB%20\/pdf\/Micro-inverter%20manual_ES.pdf\" target=\"_blank\" rel=\"noopener\"><img data-recalc-dims=\"1\" decoding=\"async\" src=\"https:\/\/i0.wp.com\/cdn02.plentymarkets.com\/obyl17va86cf\/frontend\/content_ids\/0_general\/logos\/pdf.png?w=1170&#038;ssl=1\" alt=\"Anleitung\"\/><\/a><\/figure>\n\n\n\n<p><a href=\"https:\/\/ftemaximal.com\/images\/files\/producto\/Ftesolar_Ftemobility\/Kits_SolTyB%20\/pdf\/Micro-inverter%20manual_ES.pdf\" target=\"_blank\" rel=\"noopener\" title=\"\">Instalaci\u00f3n \/ Gu\u00eda r\u00e1pida<\/a><\/p>\n\n\n\n<figure class=\"wp-block-image\"><a href=\"https:\/\/shop.ftemaximal.com\/wp-content\/uploads\/2023\/12\/Micro-inverter-manual-SUN600\uff5e1000G3-US-230-Ver1.2.pdf\" target=\"_blank\" rel=\"noopener\"><img data-recalc-dims=\"1\" decoding=\"async\" src=\"https:\/\/i0.wp.com\/cdn02.plentymarkets.com\/obyl17va86cf\/frontend\/content_ids\/0_general\/logos\/pdf.png?w=1170&#038;ssl=1\" alt=\"Anleitung\"\/><\/a><\/figure>\n\n\n\n<p><a href=\"https:\/\/shop.ftemaximal.com\/wp-content\/uploads\/2023\/12\/Micro-inverter-manual-SUN600\uff5e1000G3-US-230-Ver1.2.pdf\" target=\"_blank\" rel=\"noopener\" title=\"\">Deye SUN800G3-EU-230<\/a><\/p>\n\n\n\n<figure class=\"wp-block-image\"><a href=\"https:\/\/shop.ftemaximal.com\/wp-content\/uploads\/2023\/12\/AE-CMD-108BDS-410W-430W-black-frame.pdf\" target=\"_blank\" rel=\"noopener\"><img data-recalc-dims=\"1\" decoding=\"async\" src=\"https:\/\/i0.wp.com\/cdn02.plentymarkets.com\/obyl17va86cf\/frontend\/content_ids\/0_general\/logos\/pdf.png?w=1170&#038;ssl=1\" alt=\"Anleitung\"\/><\/a><\/figure>\n\n\n\n<p><a href=\"https:\/\/shop.ftemaximal.com\/wp-content\/uploads\/2023\/12\/AE-CMD-108BDS-410W-430W-black-frame.pdf\" target=\"_blank\" rel=\"noopener\" title=\"\">AE SOLAR 425W<\/a><\/p>\n\n\n\n<figure class=\"wp-block-embed is-type-video is-provider-youtube wp-block-embed-youtube wp-embed-aspect-16-9 wp-has-aspect-ratio\"><div class=\"wp-block-embed__wrapper\">\n<div class=\"video-container\"><iframe hcb-fetch-image-from=\"https:\/\/youtu.be\/0gsD6g84toM\" title=\"Instalaci\u00f3n paneles KIT SolTyB\" width=\"1170\" height=\"658\" src=\"https:\/\/www.youtube.com\/embed\/0gsD6g84toM?feature=oembed\" frameborder=\"0\" allow=\"accelerometer; autoplay; clipboard-write; encrypted-media; gyroscope; picture-in-picture; web-share\" allowfullscreen><\/iframe><\/div>\n<\/div><\/figure>","protected":false},"excerpt":{"rendered":"<p>Kit solar terraza y balc\u00f3n de Fte f\u00e1cilmente instalable en unos pocos minutos. Es un kit solar muy vers\u00e1til permiti\u00e9ndote su instalaci\u00f3n en el jard\u00edn de casa, en el balc\u00f3n, en el techo de la casa, en la terraza, en el garaje&#8230;<\/p>","protected":false},"featured_media":11615,"comment_status":"open","ping_status":"closed","template":"","meta":[],"pwb-brand":[82],"product_brand":[],"product_cat":[77],"product_tag":[],"class_list":{"0":"post-9290","1":"product","2":"type-product","3":"status-publish","4":"has-post-thumbnail","6":"pwb-brand-fte-maximal","7":"product_cat-kits-de-balcon","9":"first","10":"outofstock","11":"featured","12":"taxable","13":"shipping-taxable","14":"purchasable","15":"product-type-simple"},"aioseo_notices":[],"brands":[{"id":82,"name":"Fte Maximal","slug":"fte-maximal"}],"_links":{"self":[{"href":"https:\/\/shop.ftemaximal.com\/pt\/wp-json\/wp\/v2\/product\/9290","targetHints":{"allow":["GET"]}}],"collection":[{"href":"https:\/\/shop.ftemaximal.com\/pt\/wp-json\/wp\/v2\/product"}],"about":[{"href":"https:\/\/shop.ftemaximal.com\/pt\/wp-json\/wp\/v2\/types\/product"}],"replies":[{"embeddable":true,"href":"https:\/\/shop.ftemaximal.com\/pt\/wp-json\/wp\/v2\/comments?post=9290"}],"wp:featuredmedia":[{"embeddable":true,"href":"https:\/\/shop.ftemaximal.com\/pt\/wp-json\/wp\/v2\/media\/11615"}],"wp:attachment":[{"href":"https:\/\/shop.ftemaximal.com\/pt\/wp-json\/wp\/v2\/media?parent=9290"}],"wp:term":[{"taxonomy":"pwb-brand","embeddable":true,"href":"https:\/\/shop.ftemaximal.com\/pt\/wp-json\/wp\/v2\/pwb-brand?post=9290"},{"taxonomy":"product_brand","embeddable":true,"href":"https:\/\/shop.ftemaximal.com\/pt\/wp-json\/wp\/v2\/product_brand?post=9290"},{"taxonomy":"product_cat","embeddable":true,"href":"https:\/\/shop.ftemaximal.com\/pt\/wp-json\/wp\/v2\/product_cat?post=9290"},{"taxonomy":"product_tag","embeddable":true,"href":"https:\/\/shop.ftemaximal.com\/pt\/wp-json\/wp\/v2\/product_tag?post=9290"}],"curies":[{"name":"wp","href":"https:\/\/api.w.org\/{rel}","templated":true}]}}