{"id":9283,"date":"2023-06-30T06:22:36","date_gmt":"2023-06-30T04:22:36","guid":{"rendered":"https:\/\/shop.ftemaximal.com\/?post_type=product&#038;p=9283"},"modified":"2025-11-04T10:50:53","modified_gmt":"2025-11-04T09:50:53","slug":"solarkabel-verlangerung-4mm%c2%b2-2m-mc4-stecker-ip68-wasserdicht","status":"publish","type":"product","link":"https:\/\/shop.ftemaximal.com\/pt\/product\/solarkabel-verlangerung-4mm%c2%b2-2m-mc4-stecker-ip68-wasserdicht\/","title":{"rendered":"Extensi\u00f3n de cable solar 4mm\u00b2 2m, enchufe MC4, IP68 impermeable"},"content":{"rendered":"<p>La cubierta aislante del cable solar est\u00e1 hecha de XLPE de alta calidad. Material que tiene buena resistencia al agua, resistencia al envejecimiento, resistencia a la corrosi\u00f3n y material aislante ign\u00edfugo.<\/p>\n<p>Instalaci\u00f3n r\u00e1pida y f\u00e1cil sin equipo adicional. Debe montarse firmemente para evitar que se caiga y desmontarse con la ayuda de una pinza para herramientas.<\/p>\n<p>Se pueden utilizar en interiores y exteriores, industriales o agr\u00edcolas.<\/p>\n<div class=\"apm-centerthirdcol\">\n<h4 class=\"a-spacing-mini\">Enchufe del panel solar (rojo + negro)<\/h4>\n<h5 class=\"a-spacing-mini\">ESPECIFICACI\u00d3N<\/h5>\n<ul>\n<li class=\"a-spacing-base\">Especificaci\u00f3n del cable: 4 mm\u00b2<\/li>\n<li class=\"a-spacing-base\">Grado de protecci\u00f3n: IP68<\/li>\n<li class=\"a-spacing-base\">Temperatura de funcionamiento: -40\u00b0C~ +85\u00b0C<\/li>\n<li class=\"a-spacing-base\">Material aislante: PPO y XLPE<\/li>\n<li class=\"a-spacing-base\">Material de contacto: cobre, esta\u00f1ado<\/li>\n<li class=\"a-spacing-base\">Clase de llama: UL94-VO<\/li>\n<li class=\"a-spacing-base\">Resistencia de contacto: \u22640,2 mm\u03a9<\/li>\n<li class=\"a-spacing-base\">Tensi\u00f3n nominal: DC1500V<\/li>\n<\/ul>\n<\/div>\n<h3><\/h3>","protected":false},"excerpt":{"rendered":"<p>La cubierta aislante del cable solar est\u00e1 hecha de XLPE de alta calidad. Material que tiene buena resistencia al agua, resistencia al envejecimiento, resistencia a la corrosi\u00f3n y material aislante ign\u00edfugo. Instalaci\u00f3n r\u00e1pida y f\u00e1cil sin equipo adicional. Debe montarse firmemente para evitar que se caiga y desmontarse con la ayuda de una pinza para [&hellip;]<\/p>\n","protected":false},"featured_media":11650,"comment_status":"open","ping_status":"closed","template":"","meta":[],"pwb-brand":[82],"product_brand":[],"product_cat":[77],"product_tag":[],"class_list":{"0":"post-9283","1":"product","2":"type-product","3":"status-publish","4":"has-post-thumbnail","6":"pwb-brand-fte-maximal","7":"product_cat-kits-de-balcon","9":"first","10":"outofstock","11":"taxable","12":"shipping-taxable","13":"purchasable","14":"product-type-simple"},"aioseo_notices":[],"brands":[{"id":82,"name":"Fte Maximal","slug":"fte-maximal"}],"_links":{"self":[{"href":"https:\/\/shop.ftemaximal.com\/pt\/wp-json\/wp\/v2\/product\/9283","targetHints":{"allow":["GET"]}}],"collection":[{"href":"https:\/\/shop.ftemaximal.com\/pt\/wp-json\/wp\/v2\/product"}],"about":[{"href":"https:\/\/shop.ftemaximal.com\/pt\/wp-json\/wp\/v2\/types\/product"}],"replies":[{"embeddable":true,"href":"https:\/\/shop.ftemaximal.com\/pt\/wp-json\/wp\/v2\/comments?post=9283"}],"wp:featuredmedia":[{"embeddable":true,"href":"https:\/\/shop.ftemaximal.com\/pt\/wp-json\/wp\/v2\/media\/11650"}],"wp:attachment":[{"href":"https:\/\/shop.ftemaximal.com\/pt\/wp-json\/wp\/v2\/media?parent=9283"}],"wp:term":[{"taxonomy":"pwb-brand","embeddable":true,"href":"https:\/\/shop.ftemaximal.com\/pt\/wp-json\/wp\/v2\/pwb-brand?post=9283"},{"taxonomy":"product_brand","embeddable":true,"href":"https:\/\/shop.ftemaximal.com\/pt\/wp-json\/wp\/v2\/product_brand?post=9283"},{"taxonomy":"product_cat","embeddable":true,"href":"https:\/\/shop.ftemaximal.com\/pt\/wp-json\/wp\/v2\/product_cat?post=9283"},{"taxonomy":"product_tag","embeddable":true,"href":"https:\/\/shop.ftemaximal.com\/pt\/wp-json\/wp\/v2\/product_tag?post=9283"}],"curies":[{"name":"wp","href":"https:\/\/api.w.org\/{rel}","templated":true}]}}