{"id":9266,"date":"2023-06-30T06:21:30","date_gmt":"2023-06-30T04:21:30","guid":{"rendered":"https:\/\/shop.ftemaximal.com\/?post_type=product&#038;p=9266"},"modified":"2024-10-17T09:49:27","modified_gmt":"2024-10-17T07:49:27","slug":"smart-power-sensor-dtsu666-h-100a-20022249","status":"publish","type":"product","link":"https:\/\/shop.ftemaximal.com\/pt\/product\/smart-power-sensor-dtsu666-h-100a-20022249\/","title":{"rendered":"Smart Power sensor DTSU666-H 100A"},"content":{"rendered":"<p>Vat\u00edmetro inteligente de muy alta calidad (sensor de corriente trif\u00e1sico) con 3 pinzas amperim\u00e9tricas de 100A .<\/p>\n\n\n\n<p>Que mida tanto el consumo total de la instalaci\u00f3n como la energ\u00eda solar vertida a la red lo hace ideal para su uso en sistemas solares ya que hace posible realizar inyecci\u00f3n cero o limitar el vertido de energ\u00eda solar a la red.<\/p>\n\n\n\n<p>El dispositivo se caracteriza por tener un consumo muy bajo, menos de 1 W, y contar con una pantalla LCD.<\/p>\n\n\n\n<p>N\u00famero de fabricante:&nbsp;&nbsp; &nbsp;20022249<\/p>\n\n\n\n<p><strong>Contenido :<\/strong><\/p>\n\n\n\n<ul class=\"wp-block-list\">\n<li>1 x sensor de potencia DTSU666-H 100A\/40mA<\/li>\n\n\n\n<li>3 x Pinzas amperim\u00e9tricas de 250 Amp con 5 Mts de cable<\/li>\n\n\n\n<li>1 x cable RS485 de 5 m<\/li>\n<\/ul>\n\n\n\n<figure class=\"wp-block-image\"><a href=\"https:\/\/shop.ftemaximal.com\/wp-content\/uploads\/2023\/12\/Ficha-Tecnica-Smart-Power-Sensor-DDSU-DTSU666.pdf\" target=\"_blank\" rel=\"noopener\"><img data-recalc-dims=\"1\" decoding=\"async\" src=\"https:\/\/i0.wp.com\/cdn02.plentymarkets.com\/obyl17va86cf\/frontend\/content_ids\/0_general\/logos\/pdf.png?w=1170&#038;ssl=1\" alt=\"Anleitung\" \/><\/a><\/figure>\n\n\n\n<p><a href=\"https:\/\/shop.ftemaximal.com\/wp-content\/uploads\/2023\/12\/Ficha-Tecnica-Smart-Power-Sensor-DDSU-DTSU666.pdf\" target=\"_blank\" rel=\"noopener\" title=\"\">Datos t\u00e9cnicos<\/a><\/p>\n\n\n\n<figure class=\"wp-block-image\"><a href=\"https:\/\/cdn02.plentymarkets.com\/obyl17va86cf\/frontend\/content_ids\/1_fte_maximal\/products\/Huawei\/SmartMeter\/BEDIENUNGSANLEITUNG_ENGLISCH.pdf\" target=\"_blank\" rel=\"noopener\"><img data-recalc-dims=\"1\" decoding=\"async\" src=\"https:\/\/i0.wp.com\/cdn02.plentymarkets.com\/obyl17va86cf\/frontend\/content_ids\/0_general\/logos\/pdf.png?w=1170&#038;ssl=1\" alt=\"Anleitung\" \/><\/a><\/figure>\n\n\n\n<p><a href=\"https:\/\/cdn02.plentymarkets.com\/obyl17va86cf\/frontend\/content_ids\/1_fte_maximal\/products\/Huawei\/SmartMeter\/BEDIENUNGSANLEITUNG_ENGLISCH.pdf\" target=\"_blank\" rel=\"noopener\">Manual de usuario (Ingl\u00e9s)<\/a><\/p>","protected":false},"excerpt":{"rendered":"<p>Vat\u00edmetro inteligente de muy alta calidad (sensor de corriente trif\u00e1sico) con 3 pinzas amperim\u00e9tricas de 100A .<\/p>","protected":false},"featured_media":9400,"comment_status":"open","ping_status":"closed","template":"","meta":[],"pwb-brand":[122],"product_brand":[],"product_cat":[73],"product_tag":[],"class_list":{"0":"post-9266","1":"product","2":"type-product","3":"status-publish","4":"has-post-thumbnail","6":"pwb-brand-huawei","7":"product_cat-amacenamiento-de-energia","9":"first","10":"outofstock","11":"taxable","12":"shipping-taxable","13":"purchasable","14":"product-type-simple"},"aioseo_notices":[],"brands":[{"id":122,"name":"Huawei","slug":"huawei"}],"_links":{"self":[{"href":"https:\/\/shop.ftemaximal.com\/pt\/wp-json\/wp\/v2\/product\/9266","targetHints":{"allow":["GET"]}}],"collection":[{"href":"https:\/\/shop.ftemaximal.com\/pt\/wp-json\/wp\/v2\/product"}],"about":[{"href":"https:\/\/shop.ftemaximal.com\/pt\/wp-json\/wp\/v2\/types\/product"}],"replies":[{"embeddable":true,"href":"https:\/\/shop.ftemaximal.com\/pt\/wp-json\/wp\/v2\/comments?post=9266"}],"wp:featuredmedia":[{"embeddable":true,"href":"https:\/\/shop.ftemaximal.com\/pt\/wp-json\/wp\/v2\/media\/9400"}],"wp:attachment":[{"href":"https:\/\/shop.ftemaximal.com\/pt\/wp-json\/wp\/v2\/media?parent=9266"}],"wp:term":[{"taxonomy":"pwb-brand","embeddable":true,"href":"https:\/\/shop.ftemaximal.com\/pt\/wp-json\/wp\/v2\/pwb-brand?post=9266"},{"taxonomy":"product_brand","embeddable":true,"href":"https:\/\/shop.ftemaximal.com\/pt\/wp-json\/wp\/v2\/product_brand?post=9266"},{"taxonomy":"product_cat","embeddable":true,"href":"https:\/\/shop.ftemaximal.com\/pt\/wp-json\/wp\/v2\/product_cat?post=9266"},{"taxonomy":"product_tag","embeddable":true,"href":"https:\/\/shop.ftemaximal.com\/pt\/wp-json\/wp\/v2\/product_tag?post=9266"}],"curies":[{"name":"wp","href":"https:\/\/api.w.org\/{rel}","templated":true}]}}