{"id":9258,"date":"2023-06-30T04:20:55","date_gmt":"2023-06-30T04:20:55","guid":{"rendered":"https:\/\/shop.ftemaximal.com\/?post_type=product&#038;p=9258"},"modified":"2024-03-06T11:57:40","modified_gmt":"2024-03-06T10:57:40","slug":"huawei-pv-komplettset-hybrid-wechselrichter-3-phasig-5kwh-speicher-notstromfunktion","status":"publish","type":"product","link":"https:\/\/shop.ftemaximal.com\/pt\/product\/huawei-pv-komplettset-hybrid-wechselrichter-3-phasig-5kwh-speicher-notstromfunktion\/","title":{"rendered":"Kit completo fotovoltaico. Inversor h\u00edbrido fotovoltaico Huawei trif\u00e1sico, almacenamiento de 5kWh, FUNCI\u00d3N DE ENERG\u00cdA DE EMERGENCIA"},"content":{"rendered":"<p>Con la ayuda de la Huawei Backup Box B1, tendr\u00e1 disponible una fuente de alimentaci\u00f3n de emergencia monof\u00e1sica en caso de necesitar energ\u00eda de emergencia. Esto garantiza el suministro a consumidores de una fase, como por ejemplo el frigor\u00edfico.<\/p>\n<p><b>El juego completo Huawei PV 5-10KWp consta de:<\/b><\/p>\n<ul>\n<li>1 pieza Huawei SUN2000-(3KTL-10KTL)-M1-HC (13.5A) Inversor h\u00edbrido \/ inversor trif\u00e1sico, con una potencia de salida que va desde los <span style=\"font-size: revert;\">\u00a05kW a 10kW, seg\u00fan la elecci\u00f3n.<\/span><\/li>\n<\/ul>\n<ul>\n<li>1 pieza Bater\u00eda Huawei Luna2000 de 5kW para inversores 1 y trif\u00e1sicos<\/li>\n<li>1 pieza Huawei Basis y BMS para m\u00f3dulos Luna2000<\/li>\n<li>1 pieza Huawei DTSU666-H 100A Medidor inteligente trif\u00e1sico<\/li>\n<li>13-25 piezas de paneles solares de vidrio monofacial de 415 vatios \u00abAE415MD-108-415W\u00bb<span style=\"font-size: revert;\">(Dependiendo del inversor seleccionado)<\/span><\/li>\n<\/ul>\n<ul>\n<li>1 pieza Huawei Backup Box-B1<\/li>\n<\/ul>\n<p><b>Huawei SUN2000-(3KTL-10KTL)-M1-HC (13.5A) Inversor h\u00edbrido \/ inversor trif\u00e1sico:<\/b><\/p>\n<p>Este inversor Huawei trif\u00e1sico act\u00faa como interfaz para el Centro de Energ\u00eda Inteligente HUAWEI. El inversor se puede ampliar con la bater\u00eda Huawei gracias a la conexi\u00f3n de bater\u00eda de alto voltaje de 800V integrada.<\/p>\n<p>El medidor inteligente Huawei se conecta a trav\u00e9s de la interfaz RS485 integrada y puede informar al usuario final sobre el consumo de la casa y la alimentaci\u00f3n de la red.<\/p>\n<p>El dongle WLAN est\u00e1 incluido y transmite los datos al portal gratuito de Huawei.<\/p>\n<p>Gracias a sus dimensiones compactas y un peso de solo 17 kg, es posible una instalaci\u00f3n f\u00e1cil y r\u00e1pida.<\/p>\n<ul>\n<li>Protecci\u00f3n asistida por la IA contra la formaci\u00f3n de arcos<\/li>\n<li>Protecci\u00f3n integrada contra sobretensiones de CA y CC TIPO II<\/li>\n<li>2 MPPT independientes<\/li>\n<li>Versi\u00f3n HC para m\u00e1x. 13,5A por MPPT<\/li>\n<li>Compatible con el optimizador SUN2000-450W-P<\/li>\n<li>1 conexi\u00f3n de bater\u00eda (Plug &amp; Play) para LUNA2000 ESS 5-15kWh<\/li>\n<li>Un inversor de 10KTL permite una potencia de CA completa de 10kW m\u00e1s una carga completa de la bater\u00eda con 10 kW<\/li>\n<li>Eficiencia de hasta el 98,6%<\/li>\n<li>Incl. Dongle WLAN<\/li>\n<li>Monitoreo gratuito del sistema con FusionSolar<\/li>\n<li>RS485 para Smart Power Sensor y LUNA2000 ESS 5-15kWh<\/li>\n<li>Refrigeraci\u00f3n por convecci\u00f3n<\/li>\n<li>Grado de protecci\u00f3n IP65<\/li>\n<li>Dispositivo certificado de la UE<\/li>\n<\/ul>\n<p><b>Bater\u00eda Huawei Luna2000 de 5kW para inversores 1 y trif\u00e1sicos:<\/b><\/p>\n<p>El LUNA2000-5-E0 es el m\u00f3dulo de bater\u00eda de 5KWh para la nueva bater\u00eda de litio\/bater\u00eda LUNA2000 para instalaciones de autoconsumo de Huawei. Con 5 kWh y la posibilidad de una expansi\u00f3n posterior, en pasos de 5kW, la bater\u00eda Luna es ideal para poder responder a las necesidades cambiantes.<\/p>\n<p>Gracias a la \u00faltima tecnolog\u00eda, ofrece una mayor densidad de energ\u00eda, una mayor vida \u00fatil y una mayor seguridad en comparaci\u00f3n con las bater\u00edas convencionales.<\/p>\n<p><b>Base de Huawei y BMS para m\u00f3dulos Luna2000:<\/b><\/p>\n<p><span style=\"font-size: revert;\">El sistema de gesti\u00f3n de bater\u00edas es la parte central del sistema de almacenamiento solar. Supervisa y controla los m\u00f3dulos de almacenamiento de bater\u00edas LUNA2000. Supervisa par\u00e1metros como el estado de carga, el voltaje y la temperatura de la bater\u00eda y garantiza que el sistema de almacenamiento solar LUNA2000 funcione dentro de los par\u00e1metros de funcionamiento \u00f3ptimos. Sirve para hasta tres m\u00f3dulos de bater\u00eda Luna2000.<\/span><\/p>\n<p><b>Huawei DTSU666-H 100A Smart Meter 3 fases:<\/b><\/p>\n<p>El medidor inteligente Huawei DTSU666-H 100A\/50mA con 3 pinzas 100A es un sensor de muy alta calidad.<br \/>\nEs ideal para su uso en sistemas solares.<br \/>\nEl dispositivo se caracteriza por tener un consumo de menos de un vatio y tiene una pantalla LCD.<\/p>\n<ul>\n<li>Tipo de red el\u00e9ctrica: 3P4W (trif\u00e1sico)<\/li>\n<li>Voltaje de entrada: 176 VAC~288 VAC (fase \/ N)<\/li>\n<li>Consumo de energ\u00eda: \u2264 1 W<\/li>\n<li>Fase de fase de tensi\u00f3n de red: 304 Vac ~ 499 Vac<\/li>\n<li>Voltaje de fase: 176 Vac ~ 288 Vac<\/li>\n<li>Corriente: 0 ~ 250 A<\/li>\n<li>Voltaje: \u00b10.5%<\/li>\n<li>Electricidad\/potencia\/energ\u00eda: \u00b11%<\/li>\n<li>Frecuencia: \u00b10,01 Hz<\/li>\n<li>Interfaz: RS485<\/li>\n<li>Velocidad de construcci\u00f3n: 9600 bps<\/li>\n<li>Protocolo de comunicaci\u00f3n: Modbus-RTU<\/li>\n<\/ul>\n<p><b>Paneles solares de vidrio monofacial de 415 vatios \u00abAE415MD-108-415W\u00bb:<\/b><\/p>\n<p>Los m\u00f3dulos solares AE se caracterizan por su incre\u00edble durabilidad. Una mayor eficiencia garantiza una alta eficiencia del sistema y una ganancia estable de energ\u00eda t\u00e9rmica. Los m\u00f3dulos solares de AE se prueban y certifican de acuerdo con los est\u00e1ndares internacionales.<\/p>\n<ul>\n<li>Dimensiones: 1724 x 1133 x 35 mm \/ 23 kg<\/li>\n<li>Versi\u00f3n: Marco negro<\/li>\n<li>Eficiencia del panel: 20,22-21,25%<\/li>\n<li>Rendimiento: 415<\/li>\n<li>N\u00famero de celdas: 108<\/li>\n<\/ul>\n<p><b>Huawei-B1 Backup Box:<\/b><\/p>\n<p>La Huawei Backup Box-B1 para la red dom\u00e9stica monof\u00e1sica garantiza que sus consumidores sean alimentados incluso en caso de corte de energ\u00eda. En combinaci\u00f3n con la serie de inversores M1, es posible el funcionamiento de energ\u00eda de emergencia en caso de fallo de la red a trav\u00e9s de la caja de respaldo. La instalaci\u00f3n y el funcionamiento de la caja de copia de seguridad para sistemas solares funcionan de forma muy sencilla. El dispositivo admite f\u00e1cilmente la comunicaci\u00f3n con el inversor mediante una entrada digital.<\/p>\n<p>Para redes de 380\/400V<\/p>\n<p>Salida de corriente de emergencia monof\u00e1sica<\/p>\n<p>Salida de 3.300VA<\/p>\n<p>Dispositivo compacto<\/p>\n<p>Rango de temperatura de funcionamiento: -20 a +45 \u00b0C<\/p>\n<p>Dimensiones (W*H*D) : 400 x 350 x 130 mm<\/p>\n<p>Peso: 11 kg<\/p>\n<p>Tipo de protecci\u00f3n: IP 65<\/p>\n<p><b>El paquete no contiene material de fijaci\u00f3n ni cable solar.<\/b><\/p>\n<p><a href=\"https:\/\/shop.ftemaximal.com\/wp-content\/uploads\/2023\/06\/Guia-rapida-del-SUN2000-3KTL-10KTL-M0.pdf\" target=\"_blank\" rel=\"noopener\"><img data-recalc-dims=\"1\" decoding=\"async\" class=\"image_resized\" style=\"height: 107px; width: 80px;\" src=\"https:\/\/i0.wp.com\/cdn02.plentymarkets.com\/obyl17va86cf\/frontend\/content_ids\/0_general\/logos\/pdf.png?w=1170&#038;ssl=1\" alt=\"Anleitung\" \/><\/a><\/p>\n<p><a href=\"https:\/\/shop.ftemaximal.com\/wp-content\/uploads\/2023\/06\/Guia-rapida-del-SUN2000-3KTL-10KTL-M0.pdf\">Gu\u00eda r\u00e1pida del SUN2000-(3KTL-10KTL)-M0<\/a><\/p>\n<p><a href=\"https:\/\/shop.ftemaximal.com\/wp-content\/uploads\/2023\/06\/Manual-del-usuario-SUN2000-3KTL-10KTL-M0.pdf\" target=\"_blank\" rel=\"noopener\"><img data-recalc-dims=\"1\" decoding=\"async\" class=\"image_resized\" style=\"height: 107px; width: 80px;\" src=\"https:\/\/i0.wp.com\/cdn02.plentymarkets.com\/obyl17va86cf\/frontend\/content_ids\/0_general\/logos\/pdf.png?w=1170&#038;ssl=1\" alt=\"Anleitung\" \/><\/a><\/p>\n<p><a href=\"https:\/\/shop.ftemaximal.com\/wp-content\/uploads\/2023\/06\/Manual-del-usuario-SUN2000-3KTL-10KTL-M0.pdf\">Manual del usuario SUN2000-(3KTL-10KTL)-M0<\/a><\/p>\n<p><a href=\"https:\/\/shop.ftemaximal.com\/wp-content\/uploads\/2023\/06\/SUN2000-3-10KTL-M0.pdf\" target=\"_blank\" rel=\"noopener\"><img data-recalc-dims=\"1\" decoding=\"async\" class=\"image_resized\" style=\"height: 107px; width: 80px;\" src=\"https:\/\/i0.wp.com\/cdn02.plentymarkets.com\/obyl17va86cf\/frontend\/content_ids\/0_general\/logos\/pdf.png?w=1170&#038;ssl=1\" alt=\"Anleitung\" \/><\/a><\/p>\n<p><a href=\"https:\/\/shop.ftemaximal.com\/wp-content\/uploads\/2023\/06\/SUN2000-3-10KTL-M0.pdf\">SUN2000-3-10KTL-M0 Hoja de datos<\/a><\/p>\n<p><a href=\"https:\/\/cdn02.plentymarkets.com\/obyl17va86cf\/frontend\/content_ids\/1_fte_maximal\/products\/Huawei\/SUN2000\/CE_Huawei_SUN2000_3KTL-10KTL.PDF\" target=\"_blank\" rel=\"noopener\"><img data-recalc-dims=\"1\" decoding=\"async\" class=\"image_resized\" style=\"height: 107px; width: 80px;\" src=\"https:\/\/i0.wp.com\/cdn02.plentymarkets.com\/obyl17va86cf\/frontend\/content_ids\/0_general\/logos\/pdf.png?w=1170&#038;ssl=1\" alt=\"Anleitung\" \/><\/a><\/p>\n<p><a href=\"https:\/\/cdn02.plentymarkets.com\/obyl17va86cf\/frontend\/content_ids\/1_fte_maximal\/products\/Huawei\/SUN2000\/CE_Huawei_SUN2000_3KTL-10KTL.PDF\" target=\"_blank\" rel=\"noopener\">CE Huawei SUN2000 3KTL-10KTL<\/a><\/p>\n<p><a href=\"https:\/\/shop.ftemaximal.com\/wp-content\/uploads\/2023\/12\/Manual-del-usuario-del-LUNA2000-5-30-S0.pdf\" target=\"_blank\" rel=\"noopener\"><img data-recalc-dims=\"1\" decoding=\"async\" class=\"image_resized\" style=\"height: 107px; width: 80px;\" src=\"https:\/\/i0.wp.com\/cdn02.plentymarkets.com\/obyl17va86cf\/frontend\/content_ids\/0_general\/logos\/pdf.png?w=1170&#038;ssl=1\" alt=\"Anleitung\" \/><\/a><\/p>\n<p><a href=\"https:\/\/shop.ftemaximal.com\/wp-content\/uploads\/2023\/12\/Manual-del-usuario-del-LUNA2000-5-30-S0.pdf\" target=\"_blank\" rel=\"noopener\">Manual-del-usuario-del-LUNA2000-5-30-S0<\/a><\/p>\n<p><a href=\"https:\/\/shop.ftemaximal.com\/wp-content\/uploads\/2023\/12\/Huawei-Luna-Especificaciones.pdf\" target=\"_blank\" rel=\"noopener\"><img data-recalc-dims=\"1\" decoding=\"async\" class=\"image_resized\" style=\"height: 107px; width: 80px;\" src=\"https:\/\/i0.wp.com\/cdn02.plentymarkets.com\/obyl17va86cf\/frontend\/content_ids\/0_general\/logos\/pdf.png?w=1170&#038;ssl=1\" alt=\"Anleitung\" \/><\/a><\/p>\n<p><a href=\"https:\/\/shop.ftemaximal.com\/wp-content\/uploads\/2023\/12\/Huawei-Luna-Especificaciones.pdf\" target=\"_blank\" rel=\"noopener\">Huawei-Luna-Especificaciones<\/a><\/p>\n<p><a href=\"https:\/\/shop.ftemaximal.com\/wp-content\/uploads\/2023\/12\/Ficha-Tecnica-Smart-Power-Sensor-DDSU-DTSU666.pdf\" target=\"_blank\" rel=\"noopener\"><img data-recalc-dims=\"1\" decoding=\"async\" class=\"image_resized\" style=\"height: 107px; width: 80px;\" src=\"https:\/\/i0.wp.com\/cdn02.plentymarkets.com\/obyl17va86cf\/frontend\/content_ids\/0_general\/logos\/pdf.png?w=1170&#038;ssl=1\" alt=\"Anleitung\" \/><\/a><\/p>\n<p><a href=\"https:\/\/shop.ftemaximal.com\/wp-content\/uploads\/2023\/12\/Ficha-Tecnica-Smart-Power-Sensor-DDSU-DTSU666.pdf\" target=\"_blank\" rel=\"noopener\">Ficha-Tecnica-Smart-Power-Sensor-DDSU-DTSU666<\/a><\/p>","protected":false},"excerpt":{"rendered":"<p>Kit completo fotovoltaico. Inversor h\u00edbrido fotovoltaico Huawei trif\u00e1sico, almacenamiento de 5kWh, FUNCI\u00d3N DE ENERG\u00cdA DE EMERGENCIA<\/p>","protected":false},"featured_media":11175,"comment_status":"open","ping_status":"closed","template":"","meta":[],"pwb-brand":[122],"product_brand":[],"product_cat":[214,67],"product_tag":[],"class_list":{"0":"post-9258","1":"product","2":"type-product","3":"status-publish","4":"has-post-thumbnail","6":"pwb-brand-huawei","7":"product_cat-conjuntos-completos-fv","8":"product_cat-fotovoltaica","10":"first","11":"outofstock","12":"taxable","13":"shipping-taxable","14":"purchasable","15":"product-type-variable"},"aioseo_notices":[],"brands":[{"id":122,"name":"Huawei","slug":"huawei"}],"_links":{"self":[{"href":"https:\/\/shop.ftemaximal.com\/pt\/wp-json\/wp\/v2\/product\/9258","targetHints":{"allow":["GET"]}}],"collection":[{"href":"https:\/\/shop.ftemaximal.com\/pt\/wp-json\/wp\/v2\/product"}],"about":[{"href":"https:\/\/shop.ftemaximal.com\/pt\/wp-json\/wp\/v2\/types\/product"}],"replies":[{"embeddable":true,"href":"https:\/\/shop.ftemaximal.com\/pt\/wp-json\/wp\/v2\/comments?post=9258"}],"wp:featuredmedia":[{"embeddable":true,"href":"https:\/\/shop.ftemaximal.com\/pt\/wp-json\/wp\/v2\/media\/11175"}],"wp:attachment":[{"href":"https:\/\/shop.ftemaximal.com\/pt\/wp-json\/wp\/v2\/media?parent=9258"}],"wp:term":[{"taxonomy":"pwb-brand","embeddable":true,"href":"https:\/\/shop.ftemaximal.com\/pt\/wp-json\/wp\/v2\/pwb-brand?post=9258"},{"taxonomy":"product_brand","embeddable":true,"href":"https:\/\/shop.ftemaximal.com\/pt\/wp-json\/wp\/v2\/product_brand?post=9258"},{"taxonomy":"product_cat","embeddable":true,"href":"https:\/\/shop.ftemaximal.com\/pt\/wp-json\/wp\/v2\/product_cat?post=9258"},{"taxonomy":"product_tag","embeddable":true,"href":"https:\/\/shop.ftemaximal.com\/pt\/wp-json\/wp\/v2\/product_tag?post=9258"}],"curies":[{"name":"wp","href":"https:\/\/api.w.org\/{rel}","templated":true}]}}