{"id":9251,"date":"2023-06-30T06:20:27","date_gmt":"2023-06-30T04:20:27","guid":{"rendered":"https:\/\/shop.ftemaximal.com\/?post_type=product&#038;p=9251"},"modified":"2024-03-06T11:42:04","modified_gmt":"2024-03-06T10:42:04","slug":"fox-ess-h3-solar-dreiphasiger-hybrid-wechselrichter-12kw","status":"publish","type":"product","link":"https:\/\/shop.ftemaximal.com\/pt\/product\/fox-ess-h3-solar-dreiphasiger-hybrid-wechselrichter-12kw\/","title":{"rendered":"FOX ESS H3 Inversor H\u00edbrido Trif\u00e1sico de 12kW."},"content":{"rendered":"<p>Un inversor h\u00edbrido le permitir\u00e1 almacenar energ\u00eda solar producida en bater\u00edas (en caso de disponer de ellas) para su posterior uso (por ejemplo durante la noche). La potencia m\u00e1xima de salida del inversor es de 12000W. El producto se adapta a un sistema solar con un tama\u00f1o de hasta 15kWp. En Europa se tienen en cuenta las condiciones clim\u00e1ticas t\u00edpicas a la hora de calcular la eficiencia. En el caso del inversor H3 -12.0-E la eficiencia es de 97,2%.\u00a0<\/p>\n\n\n\n<p>El H3-12.0-E es compatible con las propias bater\u00edas de alto voltaje de Fox. Ampl\u00ede f\u00e1cilmente su sistema simplemente agregando bater\u00edas adicionales, como Fox ESS Energy Cube ECS2900 o ECS4100. Esto permite una capacidad de almacenamiento de hasta 28,21 Kwh.<\/p>\n\n\n\n<p>En caso de un corte de energ\u00eda, este inversor h\u00edbrido incorpora capacidad de suministro de emergencia con un tiempo de conmutaci\u00f3n de solo 20 ms, siempre que haya equipado su sistema con bater\u00edas de alto voltaje.<\/p>\n\n\n\n<p>Cuenta con 2 MPPT.&nbsp;<\/p>\n\n\n\n<p>Incluye medidor inteligente DTSU666 y Wifi Dongle USB.<\/p>\n\n\n\n<p>Interfaces inteligentes para una alta compatibilidad:<\/p>\n\n\n\n<p><br>&#8211; USB<br>&#8211; CAN<br>&#8211; RS485<br>&nbsp;<\/p>\n\n\n\n<figure class=\"wp-block-image\"><a href=\"https:\/\/shop.ftemaximal.com\/wp-content\/uploads\/2023\/06\/ES-H3AC3-Datasheet-3.10-1.pdf\" target=\"_blank\" rel=\"noreferrer noopener\"><img data-recalc-dims=\"1\" decoding=\"async\" src=\"https:\/\/i0.wp.com\/cdn02.plentymarkets.com\/obyl17va86cf\/frontend\/content_ids\/0_general\/logos\/pdf.png?w=1170&#038;ssl=1\" alt=\"\" \/><\/a><\/figure>\n\n\n\n<p><a href=\"https:\/\/shop.ftemaximal.com\/wp-content\/uploads\/2023\/06\/ES-H3AC3-Datasheet-3.10-1.pdf\" target=\"_blank\" rel=\"noopener\" title=\"\">Hoja de Datos<\/a><\/p>\n\n\n\n<figure class=\"wp-block-image\"><a href=\"https:\/\/shop.ftemaximal.com\/wp-content\/uploads\/2023\/06\/H3AC3-User-Manual-ES.pdf\" target=\"_blank\" rel=\"noreferrer noopener\"><img data-recalc-dims=\"1\" decoding=\"async\" src=\"https:\/\/i0.wp.com\/cdn02.plentymarkets.com\/obyl17va86cf\/frontend\/content_ids\/0_general\/logos\/pdf.png?w=1170&#038;ssl=1\" alt=\"\" \/><\/a><\/figure>\n\n\n\n<p><a href=\"https:\/\/shop.ftemaximal.com\/wp-content\/uploads\/2023\/06\/H3AC3-User-Manual-ES.pdf\" target=\"_blank\" rel=\"noopener\" title=\"\">Manual de usuario<\/a><\/p>\n\n\n\n<figure class=\"wp-block-image\"><a href=\"https:\/\/shop.ftemaximal.com\/wp-content\/uploads\/2023\/06\/ES-H3AC3-Datasheet-3.10-1.pdf\" target=\"_blank\" rel=\"noreferrer noopener\"><img data-recalc-dims=\"1\" decoding=\"async\" src=\"https:\/\/i0.wp.com\/cdn02.plentymarkets.com\/obyl17va86cf\/frontend\/content_ids\/0_general\/logos\/pdf.png?w=1170&#038;ssl=1\" alt=\"\" \/><\/a><\/figure>\n\n\n\n<p><a href=\"https:\/\/shop.ftemaximal.com\/wp-content\/uploads\/2023\/06\/ES-H3AC3-Datasheet-3.10-1.pdf\" target=\"_blank\" rel=\"noopener\" title=\"\">Gu\u00eda r\u00e1pida de instalaci\u00f3n<\/a><\/p>\n\n\n\n<figure class=\"wp-block-image\"><a href=\"https:\/\/shop.ftemaximal.com\/wp-content\/uploads\/2023\/06\/2222-0374-1-Foxess-AC3-H3_UNE-217002.pdf\" target=\"_blank\" rel=\"noreferrer noopener\"><img data-recalc-dims=\"1\" decoding=\"async\" src=\"https:\/\/i0.wp.com\/cdn02.plentymarkets.com\/obyl17va86cf\/frontend\/content_ids\/0_general\/logos\/pdf.png?w=1170&#038;ssl=1\" alt=\"\" \/><\/a><\/figure>\n\n\n\n<p><a href=\"https:\/\/shop.ftemaximal.com\/wp-content\/uploads\/2023\/06\/2222-0374-1-Foxess-AC3-H3_UNE-217002.pdf\" target=\"_blank\" rel=\"noopener\" title=\"\">Declaraci\u00f3n de conformidad<\/a><\/p>","protected":false},"excerpt":{"rendered":"<p>Un inversor h\u00edbrido le permitir\u00e1 almacenar energ\u00eda solar producida en bater\u00edas para su posterior uso (por ejemplo durante la noche)<\/p>","protected":false},"featured_media":9389,"comment_status":"open","ping_status":"closed","template":"","meta":[],"pwb-brand":[83],"product_brand":[],"product_cat":[74],"product_tag":[],"class_list":{"0":"post-9251","1":"product","2":"type-product","3":"status-publish","4":"has-post-thumbnail","6":"pwb-brand-fox-ess","7":"product_cat-inversores","9":"first","10":"outofstock","11":"taxable","12":"shipping-taxable","13":"purchasable","14":"product-type-simple"},"aioseo_notices":[],"brands":[{"id":83,"name":"FOX-ESS","slug":"fox-ess"}],"_links":{"self":[{"href":"https:\/\/shop.ftemaximal.com\/pt\/wp-json\/wp\/v2\/product\/9251","targetHints":{"allow":["GET"]}}],"collection":[{"href":"https:\/\/shop.ftemaximal.com\/pt\/wp-json\/wp\/v2\/product"}],"about":[{"href":"https:\/\/shop.ftemaximal.com\/pt\/wp-json\/wp\/v2\/types\/product"}],"replies":[{"embeddable":true,"href":"https:\/\/shop.ftemaximal.com\/pt\/wp-json\/wp\/v2\/comments?post=9251"}],"wp:featuredmedia":[{"embeddable":true,"href":"https:\/\/shop.ftemaximal.com\/pt\/wp-json\/wp\/v2\/media\/9389"}],"wp:attachment":[{"href":"https:\/\/shop.ftemaximal.com\/pt\/wp-json\/wp\/v2\/media?parent=9251"}],"wp:term":[{"taxonomy":"pwb-brand","embeddable":true,"href":"https:\/\/shop.ftemaximal.com\/pt\/wp-json\/wp\/v2\/pwb-brand?post=9251"},{"taxonomy":"product_brand","embeddable":true,"href":"https:\/\/shop.ftemaximal.com\/pt\/wp-json\/wp\/v2\/product_brand?post=9251"},{"taxonomy":"product_cat","embeddable":true,"href":"https:\/\/shop.ftemaximal.com\/pt\/wp-json\/wp\/v2\/product_cat?post=9251"},{"taxonomy":"product_tag","embeddable":true,"href":"https:\/\/shop.ftemaximal.com\/pt\/wp-json\/wp\/v2\/product_tag?post=9251"}],"curies":[{"name":"wp","href":"https:\/\/api.w.org\/{rel}","templated":true}]}}