{"id":9250,"date":"2023-06-30T04:20:27","date_gmt":"2023-06-30T04:20:27","guid":{"rendered":"https:\/\/shop.ftemaximal.com\/?post_type=product&#038;p=9250"},"modified":"2025-02-03T13:33:26","modified_gmt":"2025-02-03T12:33:26","slug":"fox-ess-energy-cube-nur-eu-ecs2900-h2-h3-h4-h5-h6-h7","status":"publish","type":"product","link":"https:\/\/shop.ftemaximal.com\/pt\/product\/fox-ess-energy-cube-nur-eu-ecs2900-h2-h3-h4-h5-h6-h7\/","title":{"rendered":"FOX ESS ENERGY CUBE  ECS2900-H2\/H3\/H4\/H5\/H6\/H7"},"content":{"rendered":"<p>ECS2900 es un SISTEMA DE BATER\u00cdAS de alto voltaje potente y escalable.<\/p>\n\n\n\n<p>El dise\u00f1o modular permite la m\u00e1xima flexibilidad, lo que lo hace adecuado para una amplia gama de aplicaciones de almacenamiento.<\/p>\n\n\n\n<p>Se pueden conectar (apilar) hasta 7 m\u00f3dulos de bater\u00eda en serie, lo que permite alcanzar una capacidad de almacenamiento m\u00e1xima de 20,16 kWh.<\/p>\n\n\n\n<p>La instalaci\u00f3n es f\u00e1cil, con una soluci\u00f3n plug-and-play que puede ahorrar a los instaladores un tiempo valioso.<\/p>\n\n\n\n<ul class=\"wp-block-list\">\n<li>&nbsp;M\u00f3dulo de almacenamiento de 2,88 kWh<\/li>\n\n\n\n<li>Escalable a 20,16 kWh<\/li>\n\n\n\n<li>90 % de profundidad de descarga<\/li>\n\n\n\n<li>Alta tolerancia a la temperatura<\/li>\n\n\n\n<li>F\u00e1cil instalaci\u00f3n<\/li>\n\n\n\n<li>Comunicaci\u00f3n CAN\/RS485<\/li>\n\n\n\n<li>La qu\u00edmica de la bater\u00eda es el fosfato de hierro y litio (c\u00e9lula prism\u00e1tica LiFePO4).<\/li>\n\n\n\n<li>Alta tensi\u00f3n (HV)<\/li>\n<\/ul>\n\n\n\n<p>FoxESS Energy Cube ECS2900-H2<\/p>\n\n\n\n<p>La versi\u00f3n H2 del FoxESS Energy Cube ECS2900, ECS2900-H2, es un SISTEMA DE BATER\u00cdAS de alto voltaje que consta de un total de 2 m\u00f3dulos (m\u00f3dulo b\u00e1sico CM2900 con BCU integrado y 1 pieza de m\u00f3dulos de bater\u00eda CS2900).&nbsp;<\/p>\n\n\n\n<p><strong>FoxESS Energy Cube ECS2900-H3<\/strong><\/p>\n\n\n\n<p>La versi\u00f3n H3 del FoxESS Energy Cube ECS2900, ECS2900-H3, es un SISTEMA DE BATER\u00cdAS de alto voltaje que consta de un total de 3 m\u00f3dulos (m\u00f3dulo b\u00e1sico CM2900 con BCU integrado y 2 piezas de m\u00f3dulos de bater\u00eda CS2900).&nbsp;<\/p>\n\n\n\n<p><strong>FoxESS Energy Cube ECS2900-H4<\/strong><\/p>\n\n\n\n<p>La versi\u00f3n H4 del FoxESS Energy Cube ECS2900, ECS2900-H4, es un SISTEMA DE BATER\u00cdAS de alto voltaje que consta de un total de 4 m\u00f3dulos (m\u00f3dulo b\u00e1sico CM2900 con BCU integrado y 3 piezas de m\u00f3dulos de bater\u00eda CS2900).&nbsp;<\/p>\n\n\n\n<p><strong>FoxESS Energy Cube ECS2900-H5<\/strong><\/p>\n\n\n\n<p>La versi\u00f3n H5 del FoxESS Energy Cube ECS2900, ECS2900-H5, es un SISTEMA DE BATER\u00cdAS de alto voltaje que consta de un total de 5 m\u00f3dulos (m\u00f3dulo b\u00e1sico CM2900 con BCU integrado y 4 piezas de m\u00f3dulos de bater\u00eda CS2900).&nbsp;<\/p>\n\n\n\n<p><strong>FoxESS Energy Cube ECS2900-H6<\/strong><\/p>\n\n\n\n<p>La versi\u00f3n H6 del FoxESS Energy Cube ECS2900, ECS2900-H6, es un SISTEMA DE BATER\u00cdAS de alto voltaje que consta de un total de 6 m\u00f3dulos (m\u00f3dulo b\u00e1sico CM2900 con BCU integrado y 5 piezas de m\u00f3dulos de bater\u00eda CS2900).&nbsp;<\/p>\n\n\n\n<p><strong>FoxESS Energy Cube ECS2900-H7<\/strong><\/p>\n\n\n\n<p>La versi\u00f3n H7 del FoxESS Energy Cube ECS2900, ECS2900-H7, es un SISTEMA DE BATER\u00cdAS de alto voltaje que consta de un total de 7 m\u00f3dulos (m\u00f3dulo b\u00e1sico CM2900 con BCU integrado y 6 piezas de m\u00f3dulos de bater\u00eda CS2900).&nbsp;<\/p>\n\n\n\n<figure class=\"wp-block-image\"><a href=\"https:\/\/shop.ftemaximal.com\/wp-content\/uploads\/2023\/06\/ES-ECS2900-Datasheet-V3.3-7.7.pdf\" target=\"_blank\" rel=\"noopener\"><img data-recalc-dims=\"1\" decoding=\"async\" src=\"https:\/\/i0.wp.com\/cdn02.plentymarkets.com\/obyl17va86cf\/frontend\/content_ids\/0_general\/logos\/pdf.png?w=1170&#038;ssl=1\" alt=\"Anleitung\"\/><\/a><\/figure>\n\n\n\n<p><a href=\"https:\/\/shop.ftemaximal.com\/wp-content\/uploads\/2023\/06\/ES-ECS2900-Datasheet-V3.3-7.7.pdf\">ES &#8211; ECS2900 Datasheet-V3.3-7.7<\/a><\/p>\n\n\n\n<figure class=\"wp-block-image\"><a href=\"https:\/\/shop.ftemaximal.com\/wp-content\/uploads\/2023\/06\/BATTERY-WARRANTY-GLOBAL-v2.6-1.pdf\" target=\"_blank\" rel=\"noopener\"><img data-recalc-dims=\"1\" decoding=\"async\" src=\"https:\/\/i0.wp.com\/cdn02.plentymarkets.com\/obyl17va86cf\/frontend\/content_ids\/0_general\/logos\/pdf.png?w=1170&#038;ssl=1\" alt=\"\"\/><\/a><\/figure>\n\n\n\n<p><a href=\"https:\/\/shop.ftemaximal.com\/wp-content\/uploads\/2023\/06\/BATTERY-WARRANTY-GLOBAL-v2.6-1.pdf\">Garant\u00eda de Bater\u00eda (GLOBAL) -v2.6-1<\/a><\/p>","protected":false},"excerpt":{"rendered":"<p>SISTEMA DE BATER\u00cdAS de alto voltaje potente y escalable.<\/p>","protected":false},"featured_media":11528,"comment_status":"open","ping_status":"closed","template":"","meta":[],"pwb-brand":[83],"product_brand":[],"product_cat":[73],"product_tag":[],"class_list":{"0":"post-9250","1":"product","2":"type-product","3":"status-publish","4":"has-post-thumbnail","6":"pwb-brand-fox-ess","7":"product_cat-amacenamiento-de-energia","9":"first","10":"onbackorder","11":"taxable","12":"shipping-taxable","13":"purchasable","14":"product-type-variable","15":"has-default-attributes"},"aioseo_notices":[],"brands":[{"id":83,"name":"FOX-ESS","slug":"fox-ess"}],"_links":{"self":[{"href":"https:\/\/shop.ftemaximal.com\/pt\/wp-json\/wp\/v2\/product\/9250","targetHints":{"allow":["GET"]}}],"collection":[{"href":"https:\/\/shop.ftemaximal.com\/pt\/wp-json\/wp\/v2\/product"}],"about":[{"href":"https:\/\/shop.ftemaximal.com\/pt\/wp-json\/wp\/v2\/types\/product"}],"replies":[{"embeddable":true,"href":"https:\/\/shop.ftemaximal.com\/pt\/wp-json\/wp\/v2\/comments?post=9250"}],"wp:featuredmedia":[{"embeddable":true,"href":"https:\/\/shop.ftemaximal.com\/pt\/wp-json\/wp\/v2\/media\/11528"}],"wp:attachment":[{"href":"https:\/\/shop.ftemaximal.com\/pt\/wp-json\/wp\/v2\/media?parent=9250"}],"wp:term":[{"taxonomy":"pwb-brand","embeddable":true,"href":"https:\/\/shop.ftemaximal.com\/pt\/wp-json\/wp\/v2\/pwb-brand?post=9250"},{"taxonomy":"product_brand","embeddable":true,"href":"https:\/\/shop.ftemaximal.com\/pt\/wp-json\/wp\/v2\/product_brand?post=9250"},{"taxonomy":"product_cat","embeddable":true,"href":"https:\/\/shop.ftemaximal.com\/pt\/wp-json\/wp\/v2\/product_cat?post=9250"},{"taxonomy":"product_tag","embeddable":true,"href":"https:\/\/shop.ftemaximal.com\/pt\/wp-json\/wp\/v2\/product_tag?post=9250"}],"curies":[{"name":"wp","href":"https:\/\/api.w.org\/{rel}","templated":true}]}}