{"id":9141,"date":"2023-06-30T06:08:44","date_gmt":"2023-06-30T04:08:44","guid":{"rendered":"https:\/\/shop.ftemaximal.com\/?post_type=product&#038;p=9141"},"modified":"2024-03-06T11:44:31","modified_gmt":"2024-03-06T10:44:31","slug":"fox-ess-h3-5kw-hybrid-wechselrichter-mit-172kwh-solarspeicher","status":"publish","type":"product","link":"https:\/\/shop.ftemaximal.com\/pt\/product\/fox-ess-h3-5kw-hybrid-wechselrichter-mit-172kwh-solarspeicher\/","title":{"rendered":"FOX ESS H3 Inversor h\u00edbrido trif\u00e1sico de 5kW con almacenamiento solar de 17,2kWh"},"content":{"rendered":"<p><p>FOX ESS H3-5.0-E Inversor Solar H\u00edbrido 5kW.El producto se adapta a un sistema solar con un tama\u00f1o de hasta 7,5 kWp. La eficiencia m\u00e1xima del inversor es del \u00a097,2% .El H3-5.0-E es compatible con las bater\u00edas de alto voltaje de Fox. Ampl\u00ede f\u00e1cilmente su sistema simplemente agregando bater\u00edas adicionales, como Fox ESS Energy Cube ECS2900 o ECS4100. Esto permite una capacidad de almacenamiento de hasta 28,21 Kwh.En caso de un corte de energ\u00eda, este inversor h\u00edbrido con capacidad de energ\u00eda de emergencia incorporada continuar\u00e1 dando suministro a su casa con un tiempo de conmutaci\u00f3n de solo 20 ms, siempre que haya equipado su sistema con una bater\u00eda de alto voltaje. Cuenta con 2 MPPT.Incluye medidor inteligente DTSU666 y dongle WiFi USB.Interfaces compatibles:- USB- CAN- RS485<strong>FoxESS Energy Cube ECS2900<\/strong>El FoxESS Energy Cube ECS2900 es un SISTEMA DE BATER\u00cdA DE alto voltaje potente y escalable.El dise\u00f1o modular permite la m\u00e1xima flexibilidad, lo que lo hace adecuado para una amplia gama de aplicaciones de almacenamiento.Se pueden conectar (apilar) hasta 7 m\u00f3dulos de bater\u00eda en serie, lo que permite alcanzar una capacidad de almacenamiento m\u00e1xima de 20,16 kWh.La instalaci\u00f3n es f\u00e1cil, con una soluci\u00f3n plug-and-play que puede ahorrar a los instaladores un tiempo valioso.<li>M\u00f3dulo de almacenamiento de 2,88 kWhEscalable a 20,16 kWh90 % de profundidad de descargaAlta tolerancia a la temperaturaF\u00e1cil instalaci\u00f3nComunicaci\u00f3n CAN\/RS485La qu\u00edmica de la bater\u00eda es el fosfato de hierro y litio (c\u00e9lula prism\u00e1tica LiFePO4).Alta tensi\u00f3n (HV)FoxESS Energy Cube ECS2900-H<\/li>6Esta versi\u00f3n H4 del FoxESS Energy Cube ECS2900, designaci\u00f3n ECS2900-H6, es un SISTEMA DE BATER\u00cdAS DE alto voltaje, que consta de un total de 6 m\u00f3dulos (m\u00f3dulo b\u00e1sico CM2900 con BCU integrado y 5 piezas de m\u00f3dulos de bater\u00eda CS2900) con un total de 17,2kWh de capacidad de almacenamiento.<a href=\"https:\/\/shop.ftemaximal.com\/wp-content\/uploads\/2023\/06\/ES-H3AC3-Datasheet-3.10-1.pdf\" target=\"_blank\" rel=\"noreferrer noopener\"><img data-recalc-dims=\"1\" decoding=\"async\" src=\"https:\/\/i0.wp.com\/cdn02.plentymarkets.com\/obyl17va86cf\/frontend\/content_ids\/0_general\/logos\/pdf.png?w=1170&#038;ssl=1\" alt=\"\"><\/a><a href=\"https:\/\/shop.ftemaximal.com\/wp-content\/uploads\/2023\/06\/ES-H3AC3-Datasheet-3.10-1.pdf\" target=\"_blank\" rel=\"noopener\" title=\"\">Hoja de Datos<\/a><a href=\"https:\/\/shop.ftemaximal.com\/wp-content\/uploads\/2023\/06\/H3AC3-User-Manual-ES.pdf\" target=\"_blank\" rel=\"noreferrer noopener\"><img data-recalc-dims=\"1\" decoding=\"async\" src=\"https:\/\/i0.wp.com\/cdn02.plentymarkets.com\/obyl17va86cf\/frontend\/content_ids\/0_general\/logos\/pdf.png?w=1170&#038;ssl=1\" alt=\"\"><\/a><a href=\"https:\/\/shop.ftemaximal.com\/wp-content\/uploads\/2023\/06\/H3AC3-User-Manual-ES.pdf\" target=\"_blank\" rel=\"noopener\" title=\"\">Manual de usuario<\/a><a href=\"https:\/\/shop.ftemaximal.com\/wp-content\/uploads\/2023\/06\/ES-H3AC3-Datasheet-3.10-1.pdf\" target=\"_blank\" rel=\"noreferrer noopener\"><img data-recalc-dims=\"1\" decoding=\"async\" src=\"https:\/\/i0.wp.com\/cdn02.plentymarkets.com\/obyl17va86cf\/frontend\/content_ids\/0_general\/logos\/pdf.png?w=1170&#038;ssl=1\" alt=\"\"><\/a><a href=\"https:\/\/shop.ftemaximal.com\/wp-content\/uploads\/2023\/06\/ES-H3AC3-Datasheet-3.10-1.pdf\" target=\"_blank\" rel=\"noopener\" title=\"\">Gu\u00eda r\u00e1pida de instalaci\u00f3n<\/a><a href=\"https:\/\/shop.ftemaximal.com\/wp-content\/uploads\/2023\/06\/2222-0374-1-Foxess-AC3-H3_UNE-217002.pdf\" target=\"_blank\" rel=\"noreferrer noopener\"><img data-recalc-dims=\"1\" decoding=\"async\" src=\"https:\/\/i0.wp.com\/cdn02.plentymarkets.com\/obyl17va86cf\/frontend\/content_ids\/0_general\/logos\/pdf.png?w=1170&#038;ssl=1\" alt=\"\"><\/a><a href=\"https:\/\/shop.ftemaximal.com\/wp-content\/uploads\/2023\/06\/2222-0374-1-Foxess-AC3-H3_UNE-217002.pdf\" target=\"_blank\" rel=\"noopener\" title=\"\">Declaraci\u00f3n de conformidad<\/a><a href=\"https:\/\/shop.ftemaximal.com\/wp-content\/uploads\/2023\/06\/ES-ECS2900-Datasheet-V3.3-7.7.pdf\" target=\"_blank\" rel=\"noopener\"><img data-recalc-dims=\"1\" decoding=\"async\" width=\"80\" height=\"107\" class=\"image_resized alignnone\" style=\"height: 107px;width: 80px\" src=\"https:\/\/i0.wp.com\/cdn02.plentymarkets.com\/obyl17va86cf\/frontend\/content_ids\/0_general\/logos\/pdf.png?resize=80%2C107&#038;ssl=1\" alt=\"Anleitung\"><\/a><a href=\"https:\/\/shop.ftemaximal.com\/wp-content\/uploads\/2023\/06\/ES-ECS2900-Datasheet-V3.3-7.7.pdf\">ES &#8211; ECS2900 Datasheet-V3.3-7.7<\/a><\/p><p><\/p><\/p>","protected":false},"excerpt":{"rendered":"<p>Un inversor h\u00edbrido le permitir\u00e1 almacenar la energ\u00eda solar producida en bater\u00edas para su posterior uso.<\/p>","protected":false},"featured_media":9287,"comment_status":"open","ping_status":"closed","template":"","meta":[],"pwb-brand":[83],"product_brand":[],"product_cat":[190],"product_tag":[],"class_list":{"0":"post-9141","1":"product","2":"type-product","3":"status-publish","4":"has-post-thumbnail","6":"pwb-brand-fox-ess","7":"product_cat-conjuntos-de-almacenamiento","9":"first","10":"outofstock","11":"taxable","12":"shipping-taxable","13":"purchasable","14":"product-type-simple"},"aioseo_notices":[],"brands":[{"id":83,"name":"FOX-ESS","slug":"fox-ess"}],"_links":{"self":[{"href":"https:\/\/shop.ftemaximal.com\/pt\/wp-json\/wp\/v2\/product\/9141","targetHints":{"allow":["GET"]}}],"collection":[{"href":"https:\/\/shop.ftemaximal.com\/pt\/wp-json\/wp\/v2\/product"}],"about":[{"href":"https:\/\/shop.ftemaximal.com\/pt\/wp-json\/wp\/v2\/types\/product"}],"replies":[{"embeddable":true,"href":"https:\/\/shop.ftemaximal.com\/pt\/wp-json\/wp\/v2\/comments?post=9141"}],"wp:featuredmedia":[{"embeddable":true,"href":"https:\/\/shop.ftemaximal.com\/pt\/wp-json\/wp\/v2\/media\/9287"}],"wp:attachment":[{"href":"https:\/\/shop.ftemaximal.com\/pt\/wp-json\/wp\/v2\/media?parent=9141"}],"wp:term":[{"taxonomy":"pwb-brand","embeddable":true,"href":"https:\/\/shop.ftemaximal.com\/pt\/wp-json\/wp\/v2\/pwb-brand?post=9141"},{"taxonomy":"product_brand","embeddable":true,"href":"https:\/\/shop.ftemaximal.com\/pt\/wp-json\/wp\/v2\/product_brand?post=9141"},{"taxonomy":"product_cat","embeddable":true,"href":"https:\/\/shop.ftemaximal.com\/pt\/wp-json\/wp\/v2\/product_cat?post=9141"},{"taxonomy":"product_tag","embeddable":true,"href":"https:\/\/shop.ftemaximal.com\/pt\/wp-json\/wp\/v2\/product_tag?post=9141"}],"curies":[{"name":"wp","href":"https:\/\/api.w.org\/{rel}","templated":true}]}}