{"id":9136,"date":"2023-06-30T06:08:43","date_gmt":"2023-06-30T04:08:43","guid":{"rendered":"https:\/\/shop.ftemaximal.com\/?post_type=product&#038;p=9136"},"modified":"2024-03-06T11:48:52","modified_gmt":"2024-03-06T10:48:52","slug":"fox-ess-h3-10kw-hybrid-wechselrichter-mit-172kwh-solarspeicher","status":"publish","type":"product","link":"https:\/\/shop.ftemaximal.com\/pt\/product\/fox-ess-h3-10kw-hybrid-wechselrichter-mit-172kwh-solarspeicher\/","title":{"rendered":"FOX ESS H3 Inversor h\u00edbrido trif\u00e1sico de 10kW con almacenamiento solar de 17,2kWh"},"content":{"rendered":"<p>Un inversor h\u00edbrido le permitir\u00e1 almacenar la energ\u00eda solar producida en bater\u00edas (en caso de disponer de ellas) para su posterior uso (por ejemplo durante la noche). La potencia m\u00e1xima de salida del inversor es de 10000W. El producto se adapta a un sistema solar con un tama\u00f1o de hasta 13kWp. En Europa se tienen en cuenta las condiciones clim\u00e1ticas t\u00edpicas a la hora de calcular la eficiencia. En el caso del inversor H3 -10.0-E la eficiencia es de 97,2%.\u00a0<\/p>\n<p>El H3-10.0-E es compatible con las propias bater\u00edas de alto voltaje de Fox. Ampl\u00ede f\u00e1cilmente su sistema simplemente agregando bater\u00edas adicionales, como Fox ESS Energy Cube ECS2900 o ECS4100. Esto permite una capacidad de almacenamiento de hasta 28,21 Kwh.<\/p>\n<p>En caso de un corte de energ\u00eda, este inversor h\u00edbrido incorpora capacidad de suministro de emergencia con un tiempo de conmutaci\u00f3n de solo 20 ms, siempre que haya equipado su sistema con bater\u00edas de alto voltaje.<\/p>\n<p>Cuenta con 2 MPPT.\u00a0<\/p>\n<p>Incluye medidor inteligente DTSU666 y Wifi Dongle USB.<\/p>\n<p>Interfaces inteligentes para una alta compatibilidad:<\/p>\n<p>&#8211; USB<br \/>&#8211; CAN<br \/>&#8211; RS485<\/p>\n<p><strong>FoxESS Energy Cube ECS2900<\/strong><\/p>\n<p>El FoxESS Energy Cube ECS2900 es un SISTEMA DE BATER\u00cdA DE alto voltaje potente y escalable.<\/p>\n<p>El dise\u00f1o modular permite la m\u00e1xima flexibilidad, lo que lo hace adecuado para una amplia gama de aplicaciones de almacenamiento.<\/p>\n<p>Se pueden conectar (apilar) hasta 7 m\u00f3dulos de bater\u00eda en serie, lo que permite alcanzar una capacidad de almacenamiento m\u00e1xima de 20,16 kWh.<\/p>\n<p>La instalaci\u00f3n es f\u00e1cil, con una soluci\u00f3n plug-and-play que puede ahorrar a los instaladores un tiempo valioso.<\/p>\n<ul>\n<li>\u00a0M\u00f3dulo de almacenamiento de 2,88 kWh<\/li>\n<li>Escalable a 20,16 kWh<\/li>\n<li>90 % de profundidad de descarga<\/li>\n<li>Alta tolerancia a la temperatura<\/li>\n<li>F\u00e1cil instalaci\u00f3n<\/li>\n<li>Comunicaci\u00f3n CAN\/RS485<\/li>\n<li>La qu\u00edmica de la bater\u00eda es el fosfato de hierro y litio (c\u00e9lula prism\u00e1tica LiFePO4).<\/li>\n<li>Alta tensi\u00f3n (HV)<\/li>\n<\/ul>\n<p><b>FoxESS Energy Cube ECS2900-H6<\/b><\/p>\n<p>Esta versi\u00f3n H4 del FoxESS Energy Cube ECS2900, designaci\u00f3n ECS2900-H6, es un SISTEMA DE BATER\u00cdAS DE alto voltaje, que consta de un total de 6 m\u00f3dulos (m\u00f3dulo b\u00e1sico CM2900 con BCU integrado y 3 piezas de m\u00f3dulos de bater\u00eda CS2900) con un total de 17,2kWh de capacidad de almacenamiento.<\/p>\n<figure class=\"wp-block-image\"><a href=\"https:\/\/shop.ftemaximal.com\/wp-content\/uploads\/2023\/06\/ES-H3AC3-Datasheet-3.10-1.pdf\" target=\"_blank\" rel=\"noreferrer noopener\"><img data-recalc-dims=\"1\" decoding=\"async\" src=\"https:\/\/i0.wp.com\/cdn02.plentymarkets.com\/obyl17va86cf\/frontend\/content_ids\/0_general\/logos\/pdf.png?w=1170&#038;ssl=1\" alt=\"\" \/><\/a><\/figure>\n<p><a title=\"\" href=\"https:\/\/shop.ftemaximal.com\/wp-content\/uploads\/2023\/06\/ES-H3AC3-Datasheet-3.10-1.pdf\" target=\"_blank\" rel=\"noopener\">Hoja de Datos<\/a><\/p>\n<figure class=\"wp-block-image\"><a href=\"https:\/\/shop.ftemaximal.com\/wp-content\/uploads\/2023\/06\/H3AC3-User-Manual-ES.pdf\" target=\"_blank\" rel=\"noreferrer noopener\"><img data-recalc-dims=\"1\" decoding=\"async\" src=\"https:\/\/i0.wp.com\/cdn02.plentymarkets.com\/obyl17va86cf\/frontend\/content_ids\/0_general\/logos\/pdf.png?w=1170&#038;ssl=1\" alt=\"\" \/><\/a><\/figure>\n<p><a title=\"\" href=\"https:\/\/shop.ftemaximal.com\/wp-content\/uploads\/2023\/06\/H3AC3-User-Manual-ES.pdf\" target=\"_blank\" rel=\"noopener\">Manual de usuario<\/a><\/p>\n<figure class=\"wp-block-image\"><a href=\"https:\/\/shop.ftemaximal.com\/wp-content\/uploads\/2023\/06\/ES-H3AC3-Datasheet-3.10-1.pdf\" target=\"_blank\" rel=\"noreferrer noopener\"><img data-recalc-dims=\"1\" decoding=\"async\" src=\"https:\/\/i0.wp.com\/cdn02.plentymarkets.com\/obyl17va86cf\/frontend\/content_ids\/0_general\/logos\/pdf.png?w=1170&#038;ssl=1\" alt=\"\" \/><\/a><\/figure>\n<p><a title=\"\" href=\"https:\/\/shop.ftemaximal.com\/wp-content\/uploads\/2023\/06\/ES-H3AC3-Datasheet-3.10-1.pdf\" target=\"_blank\" rel=\"noopener\">Gu\u00eda r\u00e1pida de instalaci\u00f3n<\/a><\/p>\n<figure class=\"wp-block-image\"><a href=\"https:\/\/shop.ftemaximal.com\/wp-content\/uploads\/2023\/06\/2222-0374-1-Foxess-AC3-H3_UNE-217002.pdf\" target=\"_blank\" rel=\"noreferrer noopener\"><img data-recalc-dims=\"1\" decoding=\"async\" src=\"https:\/\/i0.wp.com\/cdn02.plentymarkets.com\/obyl17va86cf\/frontend\/content_ids\/0_general\/logos\/pdf.png?w=1170&#038;ssl=1\" alt=\"\" \/><\/a><\/figure>\n\n\n<p><a title=\"\" href=\"https:\/\/shop.ftemaximal.com\/wp-content\/uploads\/2023\/06\/2222-0374-1-Foxess-AC3-H3_UNE-217002.pdf\" target=\"_blank\" rel=\"noopener\">Declaraci\u00f3n de conformidad<\/a><\/p>\n\n\n<p><a href=\"https:\/\/shop.ftemaximal.com\/wp-content\/uploads\/2023\/06\/ES-ECS2900-Datasheet-V3.3-7.7.pdf\" target=\"_blank\" rel=\"noopener\"><img data-recalc-dims=\"1\" decoding=\"async\" class=\"image_resized alignnone\" style=\"height: 107px;width: 80px\" src=\"https:\/\/i0.wp.com\/cdn02.plentymarkets.com\/obyl17va86cf\/frontend\/content_ids\/0_general\/logos\/pdf.png?resize=80%2C107&#038;ssl=1\" alt=\"Anleitung\" width=\"80\" height=\"107\" \/><\/a><\/p>\n<p><a href=\"https:\/\/shop.ftemaximal.com\/wp-content\/uploads\/2023\/06\/ES-ECS2900-Datasheet-V3.3-7.7.pdf\">ES &#8211; ECS2900 Datasheet-V3.3-7.7<\/a><\/p>","protected":false},"excerpt":{"rendered":"<p>Un inversor h\u00edbrido le permitir\u00e1 almacenar la energ\u00eda solar producida en bater\u00edas para su posterior uso.<\/p>","protected":false},"featured_media":9268,"comment_status":"open","ping_status":"closed","template":"","meta":[],"pwb-brand":[83],"product_brand":[],"product_cat":[190],"product_tag":[],"class_list":{"0":"post-9136","1":"product","2":"type-product","3":"status-publish","4":"has-post-thumbnail","6":"pwb-brand-fox-ess","7":"product_cat-conjuntos-de-almacenamiento","9":"first","10":"outofstock","11":"taxable","12":"shipping-taxable","13":"purchasable","14":"product-type-simple"},"aioseo_notices":[],"brands":[{"id":83,"name":"FOX-ESS","slug":"fox-ess"}],"_links":{"self":[{"href":"https:\/\/shop.ftemaximal.com\/pt\/wp-json\/wp\/v2\/product\/9136","targetHints":{"allow":["GET"]}}],"collection":[{"href":"https:\/\/shop.ftemaximal.com\/pt\/wp-json\/wp\/v2\/product"}],"about":[{"href":"https:\/\/shop.ftemaximal.com\/pt\/wp-json\/wp\/v2\/types\/product"}],"replies":[{"embeddable":true,"href":"https:\/\/shop.ftemaximal.com\/pt\/wp-json\/wp\/v2\/comments?post=9136"}],"wp:featuredmedia":[{"embeddable":true,"href":"https:\/\/shop.ftemaximal.com\/pt\/wp-json\/wp\/v2\/media\/9268"}],"wp:attachment":[{"href":"https:\/\/shop.ftemaximal.com\/pt\/wp-json\/wp\/v2\/media?parent=9136"}],"wp:term":[{"taxonomy":"pwb-brand","embeddable":true,"href":"https:\/\/shop.ftemaximal.com\/pt\/wp-json\/wp\/v2\/pwb-brand?post=9136"},{"taxonomy":"product_brand","embeddable":true,"href":"https:\/\/shop.ftemaximal.com\/pt\/wp-json\/wp\/v2\/product_brand?post=9136"},{"taxonomy":"product_cat","embeddable":true,"href":"https:\/\/shop.ftemaximal.com\/pt\/wp-json\/wp\/v2\/product_cat?post=9136"},{"taxonomy":"product_tag","embeddable":true,"href":"https:\/\/shop.ftemaximal.com\/pt\/wp-json\/wp\/v2\/product_tag?post=9136"}],"curies":[{"name":"wp","href":"https:\/\/api.w.org\/{rel}","templated":true}]}}