{"id":9123,"date":"2023-06-30T06:08:38","date_gmt":"2023-06-30T04:08:38","guid":{"rendered":"https:\/\/shop.ftemaximal.com\/?post_type=product&#038;p=9123"},"modified":"2024-06-21T10:47:52","modified_gmt":"2024-06-21T08:47:52","slug":"fox-ess-h1-solar-einphasiger-hybrid-wechselrichter-37kw","status":"publish","type":"product","link":"https:\/\/shop.ftemaximal.com\/pt\/product\/fox-ess-h1-solar-einphasiger-hybrid-wechselrichter-37kw\/","title":{"rendered":"FOX ESS H1 Inversor h\u00edbrido monof\u00e1sico 3,7kW"},"content":{"rendered":"<b>Inversor h\u00edbrido monof\u00e1sico FOX ESS H1 3,7kW<\/b>\n\n\n\nUn inversor h\u00edbrido le permitir\u00e1 almacenar energ\u00eda en bater\u00edas. La potencia de salida m\u00e1xima del inversor es de 3680W.\n\n \n\nEl producto se adapta a un sistema solar con un tama\u00f1o de hasta 4,68kWp. Las condiciones clim\u00e1ticas t\u00edpicas en Europa se tienen en cuenta al calcular la eficiencia europea. Esto es del 97,8% para el H1-3.7-E.\n\n \n\nEl H1-3.7-E es compatible con las propias bater\u00edas de alto voltaje de Fox. Ampl\u00ede f\u00e1cilmente su sistema simplemente agregando bater\u00edas adicionales, como Fox ESS Energy Cube ECS2900 o ECS4100. Esto permite una capacidad de almacenamiento de hasta 28,21 Kwh.\n\n \n\nEn caso de un corte de energ\u00eda, este inversor h\u00edbrido con capacidad de alimentaci\u00f3n de emergencia incorporada suministra su casa con un tiempo de conmutaci\u00f3n de solo 20 ms, siempre que haya equipado su sistema con una bater\u00eda de alto voltaje. Sus 2 MPPT permiten extraer el m\u00e1ximo rendimiento posible.\n\n \n\nInterfaces inteligentes para una alta compatibilidad:\n\n \n\n\u2013 USB\n\n \n\n\u2013 CAN\n\n \n\n\u2013 RS485\n\n \n<figure class=\"wp-block-image\"><a href=\"https:\/\/shop.ftemaximal.com\/wp-content\/uploads\/2023\/06\/ES-H1AC1-Datasheet-3.3.pdf\" target=\"_blank\" rel=\"noopener\"><img data-recalc-dims=\"1\" decoding=\"async\" width=\"80\" height=\"107\" class=\"wp-image-10853\" src=\"https:\/\/i0.wp.com\/shop.ftemaximal.com\/wp-content\/uploads\/2023\/06\/pdf.png?resize=80%2C107&#038;ssl=1\" alt=\"\" srcset=\"https:\/\/i0.wp.com\/shop.ftemaximal.com\/wp-content\/uploads\/2023\/06\/pdf.png?w=80&amp;ssl=1 80w, https:\/\/i0.wp.com\/shop.ftemaximal.com\/wp-content\/uploads\/2023\/06\/pdf.png?resize=9%2C12&amp;ssl=1 9w\" sizes=\"(max-width: 80px) 100vw, 80px\" \/><\/a><\/figure>\n \n\n<a href=\"https:\/\/shop.ftemaximal.com\/wp-content\/uploads\/2023\/06\/ES-H1AC1-Datasheet-3.3.pdf\" target=\"_blank\" rel=\"noopener\">ES &#8211; H1&amp;AC1 Hoja de datos<\/a>\n\n \n<figure class=\"wp-block-image\"><a href=\"https:\/\/shop.ftemaximal.com\/wp-content\/uploads\/2023\/06\/H1AC1-User-Manual-ES.pdf\" target=\"_blank\" rel=\"noopener\"><img data-recalc-dims=\"1\" decoding=\"async\" width=\"80\" height=\"107\" class=\"wp-image-10853\" src=\"https:\/\/i0.wp.com\/shop.ftemaximal.com\/wp-content\/uploads\/2023\/06\/pdf.png?resize=80%2C107&#038;ssl=1\" alt=\"\" srcset=\"https:\/\/i0.wp.com\/shop.ftemaximal.com\/wp-content\/uploads\/2023\/06\/pdf.png?w=80&amp;ssl=1 80w, https:\/\/i0.wp.com\/shop.ftemaximal.com\/wp-content\/uploads\/2023\/06\/pdf.png?resize=9%2C12&amp;ssl=1 9w\" sizes=\"(max-width: 80px) 100vw, 80px\" \/><\/a><\/figure>\n \n\n<a href=\"https:\/\/shop.ftemaximal.com\/wp-content\/uploads\/2023\/06\/H1AC1-User-Manual-ES.pdf\" target=\"_blank\" rel=\"noopener\">H1AC1 Manual de usuario-ES<\/a>\n\n \n<figure class=\"wp-block-image\"><a href=\"https:\/\/shop.ftemaximal.com\/wp-content\/uploads\/2023\/06\/H1AC1-quick-guide-ES.pdf\" target=\"_blank\" rel=\"noopener\"><img data-recalc-dims=\"1\" decoding=\"async\" width=\"80\" height=\"107\" class=\"wp-image-10853\" src=\"https:\/\/i0.wp.com\/shop.ftemaximal.com\/wp-content\/uploads\/2023\/06\/pdf.png?resize=80%2C107&#038;ssl=1\" alt=\"\" srcset=\"https:\/\/i0.wp.com\/shop.ftemaximal.com\/wp-content\/uploads\/2023\/06\/pdf.png?w=80&amp;ssl=1 80w, https:\/\/i0.wp.com\/shop.ftemaximal.com\/wp-content\/uploads\/2023\/06\/pdf.png?resize=9%2C12&amp;ssl=1 9w\" sizes=\"(max-width: 80px) 100vw, 80px\" \/><\/a><\/figure>\n \n\n<a href=\"https:\/\/shop.ftemaximal.com\/wp-content\/uploads\/2023\/06\/H1AC1-quick-guide-ES.pdf\" target=\"_blank\" rel=\"noopener\">H1AC1 Gu\u00eda r\u00e1pida de instalaci\u00f3n-ES<\/a>\n\n \n<figure class=\"wp-block-image\"><a href=\"https:\/\/shop.ftemaximal.com\/wp-content\/uploads\/2023\/06\/2622_0261_CER-_NTS2.1.pdf\" target=\"_blank\" rel=\"noopener\"><img data-recalc-dims=\"1\" decoding=\"async\" width=\"80\" height=\"107\" class=\"wp-image-10853\" src=\"https:\/\/i0.wp.com\/shop.ftemaximal.com\/wp-content\/uploads\/2023\/06\/pdf.png?resize=80%2C107&#038;ssl=1\" alt=\"\" srcset=\"https:\/\/i0.wp.com\/shop.ftemaximal.com\/wp-content\/uploads\/2023\/06\/pdf.png?w=80&amp;ssl=1 80w, https:\/\/i0.wp.com\/shop.ftemaximal.com\/wp-content\/uploads\/2023\/06\/pdf.png?resize=9%2C12&amp;ssl=1 9w\" sizes=\"(max-width: 80px) 100vw, 80px\" \/><\/a><\/figure>\n \n\n<a href=\"https:\/\/shop.ftemaximal.com\/wp-content\/uploads\/2023\/06\/2622_0261_CER-_NTS2.1.pdf\" target=\"_blank\" rel=\"noopener\">Certificado de conformidad<\/a>","protected":false},"excerpt":{"rendered":"<p>Inversor h\u00edbrido monof\u00e1sico de 3,7 kW de la reputada marca FoxESS. Un inversor h\u00edbrido le permitir\u00e1 almacenar energ\u00eda en bater\u00edas (en caso de disponer de ellas)<\/p>","protected":false},"featured_media":9194,"comment_status":"open","ping_status":"closed","template":"","meta":[],"pwb-brand":[83],"product_brand":[],"product_cat":[247,74],"product_tag":[],"class_list":{"0":"post-9123","1":"product","2":"type-product","3":"status-publish","4":"has-post-thumbnail","6":"pwb-brand-fox-ess","7":"product_cat-hibridos","8":"product_cat-inversores","10":"first","11":"outofstock","12":"taxable","13":"shipping-taxable","14":"purchasable","15":"product-type-simple"},"aioseo_notices":[],"brands":[{"id":83,"name":"FOX-ESS","slug":"fox-ess"}],"_links":{"self":[{"href":"https:\/\/shop.ftemaximal.com\/pt\/wp-json\/wp\/v2\/product\/9123","targetHints":{"allow":["GET"]}}],"collection":[{"href":"https:\/\/shop.ftemaximal.com\/pt\/wp-json\/wp\/v2\/product"}],"about":[{"href":"https:\/\/shop.ftemaximal.com\/pt\/wp-json\/wp\/v2\/types\/product"}],"replies":[{"embeddable":true,"href":"https:\/\/shop.ftemaximal.com\/pt\/wp-json\/wp\/v2\/comments?post=9123"}],"wp:featuredmedia":[{"embeddable":true,"href":"https:\/\/shop.ftemaximal.com\/pt\/wp-json\/wp\/v2\/media\/9194"}],"wp:attachment":[{"href":"https:\/\/shop.ftemaximal.com\/pt\/wp-json\/wp\/v2\/media?parent=9123"}],"wp:term":[{"taxonomy":"pwb-brand","embeddable":true,"href":"https:\/\/shop.ftemaximal.com\/pt\/wp-json\/wp\/v2\/pwb-brand?post=9123"},{"taxonomy":"product_brand","embeddable":true,"href":"https:\/\/shop.ftemaximal.com\/pt\/wp-json\/wp\/v2\/product_brand?post=9123"},{"taxonomy":"product_cat","embeddable":true,"href":"https:\/\/shop.ftemaximal.com\/pt\/wp-json\/wp\/v2\/product_cat?post=9123"},{"taxonomy":"product_tag","embeddable":true,"href":"https:\/\/shop.ftemaximal.com\/pt\/wp-json\/wp\/v2\/product_tag?post=9123"}],"curies":[{"name":"wp","href":"https:\/\/api.w.org\/{rel}","templated":true}]}}