{"id":9121,"date":"2023-06-30T04:08:37","date_gmt":"2023-06-30T04:08:37","guid":{"rendered":"https:\/\/shop.ftemaximal.com\/?post_type=product&#038;p=9121"},"modified":"2025-04-01T11:24:54","modified_gmt":"2025-04-01T09:24:54","slug":"longi-solar-carport-lsc-w6-6-stellplatze-54-pv-module-25kw-inverter","status":"publish","type":"product","link":"https:\/\/shop.ftemaximal.com\/pt\/product\/longi-solar-carport-lsc-w6-6-stellplatze-54-pv-module-25kw-inverter\/","title":{"rendered":"SolPark LSC-W6, 6 plazas, 54 m\u00f3dulos fotovoltaicos, inversor de 25 kW"},"content":{"rendered":"<p>Uno de los m\u00e9todos prometedores para utilizar la energ\u00eda solar es la fotovoltaica.<\/p>\n\n\n\n<p>Nuestro aparcamiento solar SolPark no solo ofrece protecci\u00f3n contra el viento y la intemperie, sino que tambi\u00e9n genera m\u00e1s electricidad que los m\u00f3dulos convencionales a trav\u00e9s de los m\u00f3dulos solares bifaciales de 445 Wp.<\/p>\n\n\n\n<p>Con su tecnolog\u00eda PERC monocristalina bifacial, LONGi Solar es uno de los principales fabricantes de m\u00f3dulos fotovoltaicos en todo el mundo, es decir, los m\u00f3dulos tienen la propiedad especial de utilizar tanto la radiaci\u00f3n directa en la parte delantera como la luz indirecta en la parte posterior para la generaci\u00f3n de energ\u00eda. Adem\u00e1s, la llamada \u00abtecnolog\u00eda Half-Cut\u00bb proporciona un mayor rendimiento energ\u00e9tico a una temperatura de funcionamiento m\u00e1s baja.<\/p>\n\n\n\n<p>El sistema de perfiles de aluminio (aleaci\u00f3n especial 6005-T6) del aparcamiento\u00a0solar SolPark es de muy alta calidad, de paredes gruesas, resistente a la intemperie y a la corrosi\u00f3n, libre de mantenimiento y muy duradero.<\/p>\n\n\n\n<p>Mediante el uso de un sistema de perfiles uniforme, todos los elementos fabricados se adaptan entre s\u00ed, garantizan un cableado oculto y forman una unidad visualmente atractiva.<\/p>\n\n\n\n<p>Lo ideal es utilizar nuestras aparcamiento solar como extensi\u00f3n para un sistema solar existente o como alternativa si el techo de su casa no es adecuado para un sistema fotovoltaico.<\/p>\n\n\n\n<p>Adem\u00e1s del transporte p\u00fablico y el ciclismo, la electromovilidad es probablemente uno de los componentes m\u00e1s importantes para las soluciones de movilidad sostenible.<\/p>\n\n\n\n<p>Al generar electricidad, se hace m\u00e1s independiente de los precios de la electricidad en constante aumento.<\/p>\n\n\n\n<p>Si tiene alguna pregunta sobre el aparcamiento solar , no dude en contactarnos.<\/p>\n\n\n\n<figure class=\"wp-block-image\"><a href=\"https:\/\/ftemaximal.com\/images\/files\/producto\/Ftesolar_Ftemobility\/solpark\/FTSolPark_es.pdf\" target=\"_blank\" rel=\"noopener\"><img data-recalc-dims=\"1\" decoding=\"async\" src=\"https:\/\/i0.wp.com\/cdn02.plentymarkets.com\/obyl17va86cf\/frontend\/content_ids\/0_general\/logos\/pdf.png?w=1170&#038;ssl=1\" alt=\"\"\/><\/a><\/figure>\n\n\n\n<p><a href=\"https:\/\/ftemaximal.com\/images\/files\/producto\/Ftesolar_Ftemobility\/solpark\/FTSolPark_es.pdf\" target=\"_blank\" rel=\"noopener\">Especificaciones t\u00e9cnicas<\/a><\/p>\n\n\n\n<figure class=\"wp-block-image\"><a href=\"https:\/\/youtu.be\/qTE6GWw4Tog\" target=\"_blank\" rel=\"noopener\"><img data-recalc-dims=\"1\" decoding=\"async\" src=\"https:\/\/i0.wp.com\/cdn02.plentymarkets.com\/obyl17va86cf\/frontend\/content_ids\/0_general\/logos\/video-marketings.png?w=1170&#038;ssl=1\" alt=\"\"\/><\/a><\/figure>\n\n\n\n<p><a href=\"https:\/\/youtu.be\/qTE6GWw4Tog\" target=\"_blank\" rel=\"noopener\">Video de instalaci\u00f3n&nbsp;<\/a><\/p>\n\n\n\n<figure class=\"wp-block-image\"><a href=\"https:\/\/cdn02.plentymarkets.com\/obyl17va86cf\/frontend\/content_ids\/1_fte_maximal\/products\/Longi\/LONGi_-LR4-72HIBD-445M_High-efficiency_double-sided_half-cell_module__445W_.pdf\" target=\"_blank\" rel=\"noopener\"><img data-recalc-dims=\"1\" decoding=\"async\" src=\"https:\/\/i0.wp.com\/cdn02.plentymarkets.com\/obyl17va86cf\/frontend\/content_ids\/0_general\/logos\/pdf.png?w=1170&#038;ssl=1\" alt=\"\"\/><\/a><\/figure>\n\n\n\n<p><a href=\"https:\/\/cdn02.plentymarkets.com\/obyl17va86cf\/frontend\/content_ids\/1_fte_maximal\/products\/Longi\/LONGi_-LR4-72HIBD-445M_High-efficiency_double-sided_half-cell_module__445W_.pdf\" target=\"_blank\" rel=\"noopener\">LR4-72HIBD-445M High-efficiency double-sided half-cell module (445W\uff09<\/a><\/p>\n\n\n\n<figure class=\"wp-block-image\"><a href=\"https:\/\/shop.ftemaximal.com\/wp-content\/uploads\/2023\/12\/Solis_datasheet_Solis-25-50K-5G_ESP_V10_2021.pdf\" target=\"_blank\" rel=\"noopener\"><img data-recalc-dims=\"1\" decoding=\"async\" src=\"https:\/\/i0.wp.com\/cdn02.plentymarkets.com\/obyl17va86cf\/frontend\/content_ids\/0_general\/logos\/pdf.png?w=1170&#038;ssl=1\" alt=\"\"\/><\/a><\/figure>\n\n\n\n<p><a href=\"https:\/\/shop.ftemaximal.com\/wp-content\/uploads\/2023\/12\/Solis_datasheet_Solis-25-50K-5G_ESP_V10_2021.pdf\" target=\"_blank\" rel=\"noopener\" title=\"\"> Solis-(25-50)K-5G<\/a><\/p>\n\n\n\n<figure class=\"wp-block-image\"><a href=\"https:\/\/cdn02.plentymarkets.com\/obyl17va86cf\/frontend\/content_ids\/1_fte_maximal\/products\/Longi\/Installation_Manual_LSC_Series_Longi_Carport.pdf\" target=\"_blank\" rel=\"noopener\"><img data-recalc-dims=\"1\" decoding=\"async\" src=\"https:\/\/i0.wp.com\/cdn02.plentymarkets.com\/obyl17va86cf\/frontend\/content_ids\/0_general\/logos\/pdf.png?w=1170&#038;ssl=1\" alt=\"\"\/><\/a><\/figure>\n\n\n\n<p><a href=\"https:\/\/cdn02.plentymarkets.com\/obyl17va86cf\/frontend\/content_ids\/1_fte_maximal\/products\/Longi\/Installation_Manual_LSC_Series_Longi_Carport.pdf\" target=\"_blank\" rel=\"noopener\">Manual de instalaci\u00f3n (Ingl\u00e9s)<\/a><\/p>","protected":false},"excerpt":{"rendered":"<p>Uno de los m\u00e9todos prometedores para utilizar la energ\u00eda solar es la fotovoltaica. Nuestro aparcamiento solar SolPark no solo ofrece protecci\u00f3n contra el viento y la intemperie, sino que tambi\u00e9n genera m\u00e1s electricidad que los m\u00f3dulos convencionales a trav\u00e9s de los m\u00f3dulos solares bifaciales de 445 Wp. Con su tecnolog\u00eda PERC monocristalina bifacial, LONGi Solar [&hellip;]<\/p>\n","protected":false},"featured_media":9179,"comment_status":"open","ping_status":"closed","template":"","meta":[],"pwb-brand":[82],"product_brand":[],"product_cat":[78],"product_tag":[],"class_list":{"0":"post-9121","1":"product","2":"type-product","3":"status-publish","4":"has-post-thumbnail","6":"pwb-brand-fte-maximal","7":"product_cat-aparcamiento-solar","9":"first","10":"instock","11":"taxable","12":"shipping-taxable","13":"product-type-simple"},"aioseo_notices":[],"brands":[{"id":82,"name":"Fte Maximal","slug":"fte-maximal"}],"_links":{"self":[{"href":"https:\/\/shop.ftemaximal.com\/pt\/wp-json\/wp\/v2\/product\/9121","targetHints":{"allow":["GET"]}}],"collection":[{"href":"https:\/\/shop.ftemaximal.com\/pt\/wp-json\/wp\/v2\/product"}],"about":[{"href":"https:\/\/shop.ftemaximal.com\/pt\/wp-json\/wp\/v2\/types\/product"}],"replies":[{"embeddable":true,"href":"https:\/\/shop.ftemaximal.com\/pt\/wp-json\/wp\/v2\/comments?post=9121"}],"wp:featuredmedia":[{"embeddable":true,"href":"https:\/\/shop.ftemaximal.com\/pt\/wp-json\/wp\/v2\/media\/9179"}],"wp:attachment":[{"href":"https:\/\/shop.ftemaximal.com\/pt\/wp-json\/wp\/v2\/media?parent=9121"}],"wp:term":[{"taxonomy":"pwb-brand","embeddable":true,"href":"https:\/\/shop.ftemaximal.com\/pt\/wp-json\/wp\/v2\/pwb-brand?post=9121"},{"taxonomy":"product_brand","embeddable":true,"href":"https:\/\/shop.ftemaximal.com\/pt\/wp-json\/wp\/v2\/product_brand?post=9121"},{"taxonomy":"product_cat","embeddable":true,"href":"https:\/\/shop.ftemaximal.com\/pt\/wp-json\/wp\/v2\/product_cat?post=9121"},{"taxonomy":"product_tag","embeddable":true,"href":"https:\/\/shop.ftemaximal.com\/pt\/wp-json\/wp\/v2\/product_tag?post=9121"}],"curies":[{"name":"wp","href":"https:\/\/api.w.org\/{rel}","templated":true}]}}