{"id":9120,"date":"2023-06-30T06:08:37","date_gmt":"2023-06-30T04:08:37","guid":{"rendered":"https:\/\/shop.ftemaximal.com\/?post_type=product&#038;p=9120"},"modified":"2026-03-30T10:49:26","modified_gmt":"2026-03-30T08:49:26","slug":"fox-ess-h1-solar-einphasiger-hybrid-wechselrichter-46kw","status":"publish","type":"product","link":"https:\/\/shop.ftemaximal.com\/pt\/product\/fox-ess-h1-solar-einphasiger-hybrid-wechselrichter-46kw\/","title":{"rendered":"Inversor h\u00edbrido monof\u00e1sico 4.6 kW FOX ESS H1-4.6 con Salida EPS (backup)"},"content":{"rendered":"<p class=\"p1\">Aprovecha la energ\u00eda solar de d\u00eda y de noche con los innovadores inversores h\u00edbridos de FOX ESS. Con multitud de funciones avanzadas y compatibles con las bater\u00edas de alto voltaje de la misma marca.<\/p>\n<p class=\"p1\">Estamos ante un inversor de clase superior.<\/p>\n<p class=\"p1\">Ampl\u00eda tu sistema simplemente a\u00f1adiendo bater\u00edas adicionales. Hay 6 tama\u00f1os de bater\u00eda disponibles y se pueden agrupar hasta 7 bater\u00edas en serie, proporcionando hasta 33,24 kWh de capacidad de almacenamiento. Para m\u00e1s informaci\u00f3n sobre los productos de FoxESS, consulte la <a href=\"http:\/\/www.fox-ess.com\">WEB del fabricante\u00a0<\/a><\/p>\n<p>En caso de un corte de energ\u00eda, este inversor h\u00edbrido cuenta con capacidad de alimentaci\u00f3n de emergencia incorporada y suministrar\u00e1 electricidad a su casa con un tiempo de conmutaci\u00f3n de solo 20 ms, siempre que haya equipado su sistema con una bater\u00eda de alto voltaje. El m\u00e1ximo rendimiento del inversor FOX ESS es compatible con 2 rastreadores MPP.<\/p>\n<h3 class=\"p1\">Ventajas del sistema:<\/h3>\n<p><strong>&#8211; Salida EPS (Emergency Power System). Los inversores FOX H1 incorporan esta funci\u00f3n internamente y de serie. Se trata de un \u00abbackup\u00bb con funci\u00f3n de respaldo de emergencia. Gracias a ella, cuando la red el\u00e9ctrica no esta disponible, el usuario podr\u00e1 seguir alimentando su hogar con la energ\u00eda almacenada en las bater\u00edas conectadas al inversor. <\/strong><\/p>\n<p class=\"p1\">&#8211; Tecnolog\u00eda avanzada de control DSP .<\/p>\n<p class=\"p1\">&#8211; Utilice el \u00faltimo componente de energ\u00eda de alta eficiencia.<\/p>\n<p class=\"p1\">&#8211; Soluciones anti-aislamiento avanzadas.<\/p>\n<p class=\"p1\">&#8211; Nivel de protecci\u00f3n IP65.<\/p>\n<p class=\"p1\">&#8211; M\u00e1xima eficiencia de hasta el 97,8 %.Eficiencia de la UE de hasta el 97,0 %.THD&lt;3 %.<\/p>\n<p class=\"p1\">&#8211; Seguridad y confiabilidad: dise\u00f1o sin transformador con protecci\u00f3n de software y hardware.<\/p>\n<p class=\"p1\">&#8211; Limitaci\u00f3n de exportaci\u00f3n (CT\/Medidor\/DRM0\/ESTOP).<\/p>\n<p class=\"p1\">&#8211; Regulaci\u00f3n amigable del factor de potencia HMI.<\/p>\n<p class=\"p1\">&#8211; Indicaciones de estado de LED.<\/p>\n<p class=\"p1\">&#8211; Datos t\u00e9cnicos de la pantalla LCD, interacci\u00f3n hombre-m\u00e1quina a trav\u00e9s de cuatro teclas<\/p>\n<p class=\"p1\">t\u00e1ctiles.<\/p>\n<p class=\"p1\">&#8211; Control remoto para PC.<\/p>\n<p>Interfaces inteligentes para una alta compatibilidad:<\/p>\n\n\n<p>\u2013 USB<\/p>\n\n\n\n<p>\u2013 CAN<\/p>\n\n\n\n<p>\u2013 RS485<\/p>\n\n\n\n<figure class=\"wp-block-image\"><a href=\"https:\/\/shop.ftemaximal.com\/wp-content\/uploads\/2023\/06\/ES-H1AC1-Datasheet-3.3.pdf\" target=\"_blank\" rel=\"noopener\"><img data-recalc-dims=\"1\" decoding=\"async\" width=\"80\" height=\"107\" src=\"https:\/\/i0.wp.com\/shop.ftemaximal.com\/wp-content\/uploads\/2023\/06\/pdf.png?resize=80%2C107&#038;ssl=1\" alt=\"\" class=\"wp-image-10853\" srcset=\"https:\/\/i0.wp.com\/shop.ftemaximal.com\/wp-content\/uploads\/2023\/06\/pdf.png?w=80&amp;ssl=1 80w, https:\/\/i0.wp.com\/shop.ftemaximal.com\/wp-content\/uploads\/2023\/06\/pdf.png?resize=9%2C12&amp;ssl=1 9w\" sizes=\"(max-width: 80px) 100vw, 80px\" \/><\/a><\/figure>\n\n\n\n<p><a href=\"https:\/\/shop.ftemaximal.com\/wp-content\/uploads\/2023\/06\/ES-H1AC1-Datasheet-3.3.pdf\" target=\"_blank\" rel=\"noopener\">ES &#8211; H1&amp;AC1 Hoja de datos<\/a><\/p>\n\n\n\n<figure class=\"wp-block-image\"><a href=\"https:\/\/shop.ftemaximal.com\/wp-content\/uploads\/2023\/06\/H1AC1-User-Manual-ES.pdf\" target=\"_blank\" rel=\"noopener\"><img data-recalc-dims=\"1\" decoding=\"async\" width=\"80\" height=\"107\" src=\"https:\/\/i0.wp.com\/shop.ftemaximal.com\/wp-content\/uploads\/2023\/06\/pdf.png?resize=80%2C107&#038;ssl=1\" alt=\"\" class=\"wp-image-10853\" srcset=\"https:\/\/i0.wp.com\/shop.ftemaximal.com\/wp-content\/uploads\/2023\/06\/pdf.png?w=80&amp;ssl=1 80w, https:\/\/i0.wp.com\/shop.ftemaximal.com\/wp-content\/uploads\/2023\/06\/pdf.png?resize=9%2C12&amp;ssl=1 9w\" sizes=\"(max-width: 80px) 100vw, 80px\" \/><\/a><\/figure>\n\n\n\n<p><a href=\"https:\/\/shop.ftemaximal.com\/wp-content\/uploads\/2023\/06\/H1AC1-User-Manual-ES.pdf\" target=\"_blank\" rel=\"noopener\">H1AC1 Manual de usuario-ES<\/a><\/p>\n\n\n\n<figure class=\"wp-block-image\"><a href=\"https:\/\/shop.ftemaximal.com\/wp-content\/uploads\/2023\/06\/H1AC1-quick-guide-ES.pdf\" target=\"_blank\" rel=\"noopener\"><img data-recalc-dims=\"1\" decoding=\"async\" width=\"80\" height=\"107\" src=\"https:\/\/i0.wp.com\/shop.ftemaximal.com\/wp-content\/uploads\/2023\/06\/pdf.png?resize=80%2C107&#038;ssl=1\" alt=\"\" class=\"wp-image-10853\" srcset=\"https:\/\/i0.wp.com\/shop.ftemaximal.com\/wp-content\/uploads\/2023\/06\/pdf.png?w=80&amp;ssl=1 80w, https:\/\/i0.wp.com\/shop.ftemaximal.com\/wp-content\/uploads\/2023\/06\/pdf.png?resize=9%2C12&amp;ssl=1 9w\" sizes=\"(max-width: 80px) 100vw, 80px\" \/><\/a><\/figure>\n\n\n\n<p><a href=\"https:\/\/shop.ftemaximal.com\/wp-content\/uploads\/2023\/06\/H1AC1-quick-guide-ES.pdf\" target=\"_blank\" rel=\"noopener\">H1AC1 Gu\u00eda r\u00e1pida de instalaci\u00f3n-ES<\/a><\/p>\n\n\n\n<figure class=\"wp-block-image\"><a href=\"https:\/\/shop.ftemaximal.com\/wp-content\/uploads\/2023\/06\/2622_0261_CER-_NTS2.1.pdf\" target=\"_blank\" rel=\"noopener\"><img data-recalc-dims=\"1\" decoding=\"async\" width=\"80\" height=\"107\" src=\"https:\/\/i0.wp.com\/shop.ftemaximal.com\/wp-content\/uploads\/2023\/06\/pdf.png?resize=80%2C107&#038;ssl=1\" alt=\"\" class=\"wp-image-10853\" srcset=\"https:\/\/i0.wp.com\/shop.ftemaximal.com\/wp-content\/uploads\/2023\/06\/pdf.png?w=80&amp;ssl=1 80w, https:\/\/i0.wp.com\/shop.ftemaximal.com\/wp-content\/uploads\/2023\/06\/pdf.png?resize=9%2C12&amp;ssl=1 9w\" sizes=\"(max-width: 80px) 100vw, 80px\" \/><\/a><\/figure>\n\n\n\n<p><a href=\"https:\/\/shop.ftemaximal.com\/wp-content\/uploads\/2023\/06\/2622_0261_CER-_NTS2.1.pdf\" target=\"_blank\" rel=\"noopener\">Certificado de conformidad<\/a><\/p>","protected":false},"excerpt":{"rendered":"<p>El inversor h\u00edbrido monof\u00e1sico de 4.6kW te permitir\u00e1 aprovechar la energ\u00eda solar producida por tus paneles fotovoltaicos tanto de d\u00eda como de noche gracias al almacenamiento de los excedentes en las bater\u00edas de la instalaci\u00f3n. Su funci\u00f3n EPS (Emergency Power System), incluida de serie, te permitir\u00e1 seguir utilizando la energ\u00eda acumulada en tus bater\u00edas incluso en presencia de un apag\u00f3n.<\/p>","protected":false},"featured_media":10718,"comment_status":"open","ping_status":"closed","template":"","meta":[],"pwb-brand":[83],"product_brand":[],"product_cat":[298,247,297,74,250,249],"product_tag":[288,289,284,287,277],"class_list":{"0":"post-9120","1":"product","2":"type-product","3":"status-publish","4":"has-post-thumbnail","6":"pwb-brand-fox-ess","7":"product_cat-runout","8":"product_cat-hibridos","9":"product_cat-inversores-fox-ess-con-eps","10":"product_cat-inversores","11":"product_cat-ofertas-flash","12":"product_cat-rebajas-stock","13":"product_tag-4-6","14":"product_tag-h1-4-6","15":"product_tag-hibrido","16":"product_tag-inversor-solar","17":"product_tag-monofasico","19":"first","20":"instock","21":"sale","22":"taxable","23":"shipping-taxable","24":"purchasable","25":"product-type-simple"},"aioseo_notices":[],"brands":[{"id":83,"name":"FOX-ESS","slug":"fox-ess"}],"_links":{"self":[{"href":"https:\/\/shop.ftemaximal.com\/pt\/wp-json\/wp\/v2\/product\/9120","targetHints":{"allow":["GET"]}}],"collection":[{"href":"https:\/\/shop.ftemaximal.com\/pt\/wp-json\/wp\/v2\/product"}],"about":[{"href":"https:\/\/shop.ftemaximal.com\/pt\/wp-json\/wp\/v2\/types\/product"}],"replies":[{"embeddable":true,"href":"https:\/\/shop.ftemaximal.com\/pt\/wp-json\/wp\/v2\/comments?post=9120"}],"wp:featuredmedia":[{"embeddable":true,"href":"https:\/\/shop.ftemaximal.com\/pt\/wp-json\/wp\/v2\/media\/10718"}],"wp:attachment":[{"href":"https:\/\/shop.ftemaximal.com\/pt\/wp-json\/wp\/v2\/media?parent=9120"}],"wp:term":[{"taxonomy":"pwb-brand","embeddable":true,"href":"https:\/\/shop.ftemaximal.com\/pt\/wp-json\/wp\/v2\/pwb-brand?post=9120"},{"taxonomy":"product_brand","embeddable":true,"href":"https:\/\/shop.ftemaximal.com\/pt\/wp-json\/wp\/v2\/product_brand?post=9120"},{"taxonomy":"product_cat","embeddable":true,"href":"https:\/\/shop.ftemaximal.com\/pt\/wp-json\/wp\/v2\/product_cat?post=9120"},{"taxonomy":"product_tag","embeddable":true,"href":"https:\/\/shop.ftemaximal.com\/pt\/wp-json\/wp\/v2\/product_tag?post=9120"}],"curies":[{"name":"wp","href":"https:\/\/api.w.org\/{rel}","templated":true}]}}