{"id":12764,"date":"2025-02-13T15:30:26","date_gmt":"2025-02-13T14:30:26","guid":{"rendered":"https:\/\/shop.ftemaximal.com\/?post_type=product&#038;p=12764"},"modified":"2025-02-24T11:47:16","modified_gmt":"2025-02-24T10:47:16","slug":"steca-solaris-pli-1000-12","status":"publish","type":"product","link":"https:\/\/shop.ftemaximal.com\/pt\/product\/steca-solaris-pli-1000-12\/","title":{"rendered":"Inversor 3 en 1 aislada\/mixto PLI 1000-12 Steca Solarix"},"content":{"rendered":"<p>El Steca Solarix PLI es el primer producto de Steca Elektronik que ofrece un paquete completo. Permite alimentar a los consumidores con 230 V AC, cargar la bater\u00eda con un regulador de carga MPPT integrado y al mismo tiempo permite la conexi\u00f3n a un generador o a la red el\u00e9ctrica existente. Todo en un solo dispositivo.&nbsp;<\/p>\n\n\n\n<p>Por ejemplo, la energ\u00eda solar puede utilizarse con la m\u00e1xima prioridad. Si esta no es suficiente, se puede poner en marcha un generador o conectarlo a la red el\u00e9ctrica p\u00fablica. Al mismo tiempo, la bater\u00eda tambi\u00e9n se puede recargar desde el generador o la red el\u00e9ctrica. Gracias al r\u00e1pido tiempo de conmutaci\u00f3n de hasta 10 ms y a la flexible selecci\u00f3n de la prioridad de energ\u00eda, el Solarix PLI tambi\u00e9n funciona como fuente de alimentaci\u00f3n ininterrumpida.&nbsp;<\/p>\n\n\n\n<p>Con la doble capacidad de sobrecarga, incluso las cargas dif\u00edciles, como los grandes motores de CA, pueden arrancar de forma fiable. El seguidor del punto de m\u00e1xima potencia en el regulador de carga integrado, garantiza que se obtenga la m\u00e1xima potencia de los m\u00f3dulos fotovoltaicos, incluso en condiciones de iluminaci\u00f3n desfavorables, con el fin de cargar la bater\u00eda de forma \u00f3ptima y alimentar las cargas al mismo tiempo.<\/p>\n\n\n\n<figure class=\"wp-block-gallery has-nested-images columns-default is-cropped wp-block-gallery-1 is-layout-flex wp-block-gallery-is-layout-flex\">\n<figure class=\"wp-block-image size-large\"><img data-recalc-dims=\"1\" fetchpriority=\"high\" decoding=\"async\" width=\"908\" height=\"848\" data-id=\"12768\" src=\"https:\/\/i0.wp.com\/shop.ftemaximal.com\/wp-content\/uploads\/2025\/02\/Captura-de-pantalla-2025-02-13-a-las-15.50.08-1.png?resize=908%2C848&#038;ssl=1\" alt=\"\" class=\"wp-image-12768\" srcset=\"https:\/\/i0.wp.com\/shop.ftemaximal.com\/wp-content\/uploads\/2025\/02\/Captura-de-pantalla-2025-02-13-a-las-15.50.08-1.png?w=908&amp;ssl=1 908w, https:\/\/i0.wp.com\/shop.ftemaximal.com\/wp-content\/uploads\/2025\/02\/Captura-de-pantalla-2025-02-13-a-las-15.50.08-1.png?resize=300%2C280&amp;ssl=1 300w, https:\/\/i0.wp.com\/shop.ftemaximal.com\/wp-content\/uploads\/2025\/02\/Captura-de-pantalla-2025-02-13-a-las-15.50.08-1.png?resize=768%2C717&amp;ssl=1 768w, https:\/\/i0.wp.com\/shop.ftemaximal.com\/wp-content\/uploads\/2025\/02\/Captura-de-pantalla-2025-02-13-a-las-15.50.08-1.png?resize=13%2C12&amp;ssl=1 13w, https:\/\/i0.wp.com\/shop.ftemaximal.com\/wp-content\/uploads\/2025\/02\/Captura-de-pantalla-2025-02-13-a-las-15.50.08-1.png?resize=441%2C412&amp;ssl=1 441w, https:\/\/i0.wp.com\/shop.ftemaximal.com\/wp-content\/uploads\/2025\/02\/Captura-de-pantalla-2025-02-13-a-las-15.50.08-1.png?resize=800%2C747&amp;ssl=1 800w, https:\/\/i0.wp.com\/shop.ftemaximal.com\/wp-content\/uploads\/2025\/02\/Captura-de-pantalla-2025-02-13-a-las-15.50.08-1.png?resize=150%2C140&amp;ssl=1 150w\" sizes=\"(max-width: 908px) 100vw, 908px\" \/><\/figure>\n\n\n\n<figure class=\"wp-block-image size-large\"><img data-recalc-dims=\"1\" decoding=\"async\" width=\"896\" height=\"852\" data-id=\"12767\" src=\"https:\/\/i0.wp.com\/shop.ftemaximal.com\/wp-content\/uploads\/2025\/02\/Captura-de-pantalla-2025-02-13-a-las-15.49.58.png?resize=896%2C852&#038;ssl=1\" alt=\"\" class=\"wp-image-12767\" srcset=\"https:\/\/i0.wp.com\/shop.ftemaximal.com\/wp-content\/uploads\/2025\/02\/Captura-de-pantalla-2025-02-13-a-las-15.49.58.png?w=896&amp;ssl=1 896w, https:\/\/i0.wp.com\/shop.ftemaximal.com\/wp-content\/uploads\/2025\/02\/Captura-de-pantalla-2025-02-13-a-las-15.49.58.png?resize=300%2C285&amp;ssl=1 300w, https:\/\/i0.wp.com\/shop.ftemaximal.com\/wp-content\/uploads\/2025\/02\/Captura-de-pantalla-2025-02-13-a-las-15.49.58.png?resize=768%2C730&amp;ssl=1 768w, https:\/\/i0.wp.com\/shop.ftemaximal.com\/wp-content\/uploads\/2025\/02\/Captura-de-pantalla-2025-02-13-a-las-15.49.58.png?resize=13%2C12&amp;ssl=1 13w, https:\/\/i0.wp.com\/shop.ftemaximal.com\/wp-content\/uploads\/2025\/02\/Captura-de-pantalla-2025-02-13-a-las-15.49.58.png?resize=441%2C419&amp;ssl=1 441w, https:\/\/i0.wp.com\/shop.ftemaximal.com\/wp-content\/uploads\/2025\/02\/Captura-de-pantalla-2025-02-13-a-las-15.49.58.png?resize=800%2C761&amp;ssl=1 800w, https:\/\/i0.wp.com\/shop.ftemaximal.com\/wp-content\/uploads\/2025\/02\/Captura-de-pantalla-2025-02-13-a-las-15.49.58.png?resize=150%2C143&amp;ssl=1 150w\" sizes=\"(max-width: 896px) 100vw, 896px\" \/><\/figure>\n<\/figure>\n\n\n\n<h2 class=\"wp-block-heading\">Caracter\u00edsticas del producto<\/h2>\n\n\n\n<ul class=\"wp-block-list\">\n<li>Tensi\u00f3n sinusoidal pura.<\/li>\n\n\n\n<li>Alta resistencia a sobrecargas.<\/li>\n\n\n\n<li>Seguidor MPP integrado.<\/li>\n\n\n\n<li>Tecnolog\u00eda de carga escalonada.<\/li>\n\n\n\n<li>Carga de compensaci\u00f3n mensual.<\/li>\n\n\n\n<li>Contacto auxiliar para arranque del generador.<\/li>\n\n\n\n<li>Tensiones de carga ajustables<\/li>\n\n\n\n<li>Tipo de acumulador: bater\u00eda de plomo gel. L\u00edquido, iones de litio (sin comunicaci\u00f3n)<\/li>\n\n\n\n<li>Construcci\u00f3n ligera.<\/li>\n\n\n\n<li>Montaje f\u00e1cil.<\/li>\n<\/ul>\n\n\n\n<h2 class=\"wp-block-heading\">Funciones de protecci\u00f3n electr\u00f3nica.<\/h2>\n\n\n\n<ul class=\"wp-block-list\">\n<li>Protecci\u00f3n de sobrecarga.<\/li>\n\n\n\n<li>Protecci\u00f3n de polaridad inversa de los m\u00f3dulos solares, para bater\u00eda a trav\u00e9s de fusible.<\/li>\n\n\n\n<li>Protecci\u00f3n contra descarga profunda de bater\u00eda.<\/li>\n\n\n\n<li>Protecci\u00f3n contra cortocircuitos de la carga<\/li>\n\n\n\n<li>Proteccion contra corriente inversa por la noche<\/li>\n\n\n\n<li>Protecci\u00f3n contra sobretemperatura y sobrecarga<\/li>\n\n\n\n<li>Alarma ac\u00fastica<\/li>\n\n\n\n<li>Conexi\u00f3n PE.<\/li>\n<\/ul>\n\n\n\n<h2 class=\"wp-block-heading\">Displays<\/h2>\n\n\n\n<ul class=\"wp-block-list\">\n<li>Pantalla LCD gr\u00e1fica y 3 LEDs indican los estados de funcionamiento.<\/li>\n<\/ul>\n\n\n\n<h2 class=\"wp-block-heading\">Manejo<\/h2>\n\n\n\n<ul class=\"wp-block-list\">\n<li>F\u00e1cil manejo con men\u00fas.<\/li>\n\n\n\n<li>Ajustable por medio de botones.<\/li>\n<\/ul>\n\n\n\n<h2 class=\"wp-block-heading\">Interfaces<\/h2>\n\n\n\n<ul class=\"wp-block-list\">\n<li>Salida de datos actuales trav\u00e9s de RS-232.<\/li>\n<\/ul>\n\n\n\n<h2 class=\"wp-block-heading\">Opciones<\/h2>\n\n\n\n<ul class=\"wp-block-list\">\n<li>Conectadle en paralelo o de forma trif\u00e1sica (se requiere m\u00f3dulo de ampliaci\u00f3n).<\/li>\n<\/ul>\n\n\n\n<h2 class=\"wp-block-heading\">Certificaciones<\/h2>\n\n\n\n<ul class=\"wp-block-list\">\n<li>Conforme a los est\u00e1ndares europeos (CE).<\/li>\n\n\n\n<li>Conforme a RoHS.<\/li>\n\n\n\n<li>Fabricado conforme a ISO 9001 e ISO 14001.<\/li>\n<\/ul>\n\n\n\n<figure class=\"wp-block-image size-full\"><a href=\"https:\/\/shop.ftemaximal.com\/wp-content\/uploads\/2025\/02\/Datasheet-Solarix-PLI.pdf\" target=\"_blank\" rel=\" noreferrer noopener\"><img data-recalc-dims=\"1\" decoding=\"async\" width=\"80\" height=\"107\" src=\"https:\/\/i0.wp.com\/shop.ftemaximal.com\/wp-content\/uploads\/2023\/06\/pdf.png?resize=80%2C107&#038;ssl=1\" alt=\"\" class=\"wp-image-10853\" srcset=\"https:\/\/i0.wp.com\/shop.ftemaximal.com\/wp-content\/uploads\/2023\/06\/pdf.png?w=80&amp;ssl=1 80w, https:\/\/i0.wp.com\/shop.ftemaximal.com\/wp-content\/uploads\/2023\/06\/pdf.png?resize=9%2C12&amp;ssl=1 9w\" sizes=\"(max-width: 80px) 100vw, 80px\" \/><\/a><\/figure>\n\n\n\n<p><a href=\"https:\/\/shop.ftemaximal.com\/wp-content\/uploads\/2025\/02\/Datasheet-Solarix-PLI.pdf\" target=\"_blank\" rel=\"noopener\" title=\"\">Especificaciones<\/a><\/p>\n\n\n\n<figure class=\"wp-block-image size-full\"><a href=\"https:\/\/shop.ftemaximal.com\/wp-content\/uploads\/2025\/02\/MANUAL-STECA-SOLARIX-PLI_esp.pdf\" target=\"_blank\" rel=\" noreferrer noopener\"><img data-recalc-dims=\"1\" decoding=\"async\" width=\"80\" height=\"107\" src=\"https:\/\/i0.wp.com\/shop.ftemaximal.com\/wp-content\/uploads\/2023\/06\/pdf.png?resize=80%2C107&#038;ssl=1\" alt=\"\" class=\"wp-image-10853\" srcset=\"https:\/\/i0.wp.com\/shop.ftemaximal.com\/wp-content\/uploads\/2023\/06\/pdf.png?w=80&amp;ssl=1 80w, https:\/\/i0.wp.com\/shop.ftemaximal.com\/wp-content\/uploads\/2023\/06\/pdf.png?resize=9%2C12&amp;ssl=1 9w\" sizes=\"(max-width: 80px) 100vw, 80px\" \/><\/a><\/figure>\n\n\n\n<p><a href=\"https:\/\/shop.ftemaximal.com\/wp-content\/uploads\/2025\/02\/MANUAL-STECA-SOLARIX-PLI_esp.pdf\" target=\"_blank\" rel=\"noopener\" title=\"\">Manual de instalaci\u00f3n y configuraci\u00f3n<\/a><\/p>","protected":false},"excerpt":{"rendered":"<p>El inversor todo en uno de Steca. 1kW 12V<\/p>","protected":false},"featured_media":12772,"comment_status":"open","ping_status":"closed","template":"","meta":[],"pwb-brand":[271],"product_brand":[],"product_cat":[272],"product_tag":[],"class_list":{"0":"post-12764","1":"product","2":"type-product","3":"status-publish","4":"has-post-thumbnail","6":"pwb-brand-steca","7":"product_cat-aislada","9":"first","10":"onbackorder","11":"taxable","12":"shipping-taxable","13":"purchasable","14":"product-type-simple"},"aioseo_notices":[],"brands":[{"id":271,"name":"Steca","slug":"steca"}],"_links":{"self":[{"href":"https:\/\/shop.ftemaximal.com\/pt\/wp-json\/wp\/v2\/product\/12764","targetHints":{"allow":["GET"]}}],"collection":[{"href":"https:\/\/shop.ftemaximal.com\/pt\/wp-json\/wp\/v2\/product"}],"about":[{"href":"https:\/\/shop.ftemaximal.com\/pt\/wp-json\/wp\/v2\/types\/product"}],"replies":[{"embeddable":true,"href":"https:\/\/shop.ftemaximal.com\/pt\/wp-json\/wp\/v2\/comments?post=12764"}],"wp:featuredmedia":[{"embeddable":true,"href":"https:\/\/shop.ftemaximal.com\/pt\/wp-json\/wp\/v2\/media\/12772"}],"wp:attachment":[{"href":"https:\/\/shop.ftemaximal.com\/pt\/wp-json\/wp\/v2\/media?parent=12764"}],"wp:term":[{"taxonomy":"pwb-brand","embeddable":true,"href":"https:\/\/shop.ftemaximal.com\/pt\/wp-json\/wp\/v2\/pwb-brand?post=12764"},{"taxonomy":"product_brand","embeddable":true,"href":"https:\/\/shop.ftemaximal.com\/pt\/wp-json\/wp\/v2\/product_brand?post=12764"},{"taxonomy":"product_cat","embeddable":true,"href":"https:\/\/shop.ftemaximal.com\/pt\/wp-json\/wp\/v2\/product_cat?post=12764"},{"taxonomy":"product_tag","embeddable":true,"href":"https:\/\/shop.ftemaximal.com\/pt\/wp-json\/wp\/v2\/product_tag?post=12764"}],"curies":[{"name":"wp","href":"https:\/\/api.w.org\/{rel}","templated":true}]}}