{"id":12735,"date":"2025-02-13T10:57:09","date_gmt":"2025-02-13T09:57:09","guid":{"rendered":"https:\/\/shop.ftemaximal.com\/?post_type=product&#038;p=12735"},"modified":"2025-02-24T11:54:29","modified_gmt":"2025-02-24T10:54:29","slug":"steca-solarix-4040","status":"publish","type":"product","link":"https:\/\/shop.ftemaximal.com\/pt\/product\/steca-solarix-4040\/","title":{"rendered":"Regulador de carga Steca Solarix 4040"},"content":{"rendered":"<p><em>Los reguladores de carga solar Steca Solarix 2525 y 4040 son<\/em> <em>versiones mejoradas de la exitosa familia de reguladores Steca PR.<\/em> <em>Gracias a la mayor corriente de m\u00f3dulo y de carga, los reguladores<\/em> <em>son ahora tambi\u00e9n adecuados para instalaciones m\u00e1s grandes.<\/em><\/p>\n\n\n\n<p><em>Adem\u00e1s disponen los equipos de un conector de carga USB, en el<\/em> <em>cual se pueden cargar smartphones y tablets. Las tecnolog\u00edas de<\/em> <em>carga m\u00e1s modernas unidas a la determinaci\u00f3n del estado de carga<\/em> <em>forman la unidad perfecta para el cuidado y control de la bater\u00eda.<\/em><\/p>\n\n\n\n<p><em>Mediante de s\u00edmbolos, un gran display informa al usuario sobre los<\/em> <em>estados de funcionamiento. El estado de carga se representa de<\/em> <em>forma visual como si de indicadores de nivel se tratasen. datos como<\/em> <em>por ejemplo la tensi\u00f3n, el corriente y el estado de carga se pueden<\/em> <em>visualizar tambi\u00e9n en el display con n\u00fameros de forma digital.<\/em><\/p>\n\n\n\n<p><em>Adem\u00e1s, el regulador dispone de un contador de energ\u00eda que el<\/em> <em>usuario mismo puede resetear.<\/em><\/p>\n\n\n\n<h2 class=\"wp-block-heading\">Caracter\u00edsticas del producto<\/h2>\n\n\n\n<ul class=\"wp-block-list\">\n<li>Topolog\u00eda de shunt con MOSFETs.<\/li>\n\n\n\n<li>Determinaci\u00f3n del estado de carga con Steca AtonIC (SOC)<\/li>\n\n\n\n<li>Selecci\u00f3n automatica de tensi\u00f3n.<\/li>\n\n\n\n<li>Regulaci\u00f3n MAP.<\/li>\n\n\n\n<li>Tecnologia de carga escalonada.<\/li>\n\n\n\n<li>Desconexi\u00f3n de carga en funci\u00f3n de SOC.<\/li>\n\n\n\n<li>Reconexi\u00f3n automatica del consumidor.<\/li>\n\n\n\n<li>Compensaci\u00f3n de temperatura.<\/li>\n\n\n\n<li>Posible una puesta a tierra negativa de un borne o positiva de varios bornes.<\/li>\n\n\n\n<li>Registrador de datos integrado (contador de energ\u00eda)<\/li>\n\n\n\n<li>Funcionalistas de luz vespertina, nocturna y diurna.<\/li>\n\n\n\n<li>Funcionalistas de autotest<\/li>\n\n\n\n<li>Carga mensual de compensaci\u00f3n.<\/li>\n\n\n\n<li>Conector de carga USB para smartphones y tabletas.<\/li>\n<\/ul>\n\n\n\n<h2 class=\"wp-block-heading\">Funciones de protecci\u00f3n electr\u00f3nica.<\/h2>\n\n\n\n<ul class=\"wp-block-list\">\n<li>Protecci\u00f3n de sobrecarga.<\/li>\n\n\n\n<li>Proteccion de descarga profunda.<\/li>\n\n\n\n<li>Protecci\u00f3n de polaridad inversa del m\u00f3dulo, la carga y la bater\u00eda.<\/li>\n\n\n\n<li>Fusible electr\u00f3nico automatico.<\/li>\n\n\n\n<li>Protecci\u00f3n contra cortocircuitos de la carga y m\u00f3dulos solares.<\/li>\n\n\n\n<li>Protecci\u00f3n contra circuito abierto sin bater\u00eda.<\/li>\n\n\n\n<li>Protecci\u00f3n contra sobretensi\u00f3n en la entrada del m\u00f3dulo.<\/li>\n\n\n\n<li>Protecci\u00f3n de corriente inversa por la noche.<\/li>\n\n\n\n<li>Protecci\u00f3n contra sobrecalentamiento y sobrecarga.<\/li>\n\n\n\n<li>Desconexi\u00f3n de carga por sobretensi\u00f3n de la bater\u00eda.<\/li>\n<\/ul>\n\n\n\n<h2 class=\"wp-block-heading\">Displays<\/h2>\n\n\n\n<ul class=\"wp-block-list\">\n<li>Pantalla LCD gr\u00e1fica para par\u00e1metros de funcionamiento, avisos de fallo, autotest.<\/li>\n<\/ul>\n\n\n\n<h2 class=\"wp-block-heading\">Manejo<\/h2>\n\n\n\n<ul class=\"wp-block-list\">\n<li>Operaci\u00f3n simple asistida por men\u00fas.<\/li>\n\n\n\n<li>Programaci\u00f3n por medio de botones.<\/li>\n\n\n\n<li>Conmutaci\u00f3n manual de carga.<\/li>\n<\/ul>\n\n\n\n<h2 class=\"wp-block-heading\">Opciones<\/h2>\n\n\n\n<ul class=\"wp-block-list\">\n<li>Contacto de alarma.<\/li>\n<\/ul>\n\n\n\n<h2 class=\"wp-block-heading\">Certificaciones<\/h2>\n\n\n\n<ul class=\"wp-block-list\">\n<li>Conforme a los est\u00e1ndares europeos CE.<\/li>\n\n\n\n<li>Conforme a RoHS.<\/li>\n\n\n\n<li>Fabricado en EU.<\/li>\n\n\n\n<li>Desarrollado en Alemania.<\/li>\n\n\n\n<li>Fabricado conforme a ISO 9002 e ISO 14001<\/li>\n<\/ul>\n\n\n\n<h2 class=\"wp-block-heading\">Accesorios<\/h2>\n\n\n\n<ul class=\"wp-block-list\">\n<li>Sensor de temperatura externo Steca PA TS10<\/li>\n<\/ul>\n\n\n\n<figure class=\"wp-block-image size-full\"><a href=\"https:\/\/shop.ftemaximal.com\/wp-content\/uploads\/2025\/02\/Steca_Solarix_Manual_ES_Z01-1.pdf\" target=\"_blank\" rel=\" noreferrer noopener\"><img data-recalc-dims=\"1\" decoding=\"async\" width=\"80\" height=\"107\" src=\"https:\/\/i0.wp.com\/shop.ftemaximal.com\/wp-content\/uploads\/2023\/06\/pdf.png?resize=80%2C107&#038;ssl=1\" alt=\"\" class=\"wp-image-10853\" srcset=\"https:\/\/i0.wp.com\/shop.ftemaximal.com\/wp-content\/uploads\/2023\/06\/pdf.png?w=80&amp;ssl=1 80w, https:\/\/i0.wp.com\/shop.ftemaximal.com\/wp-content\/uploads\/2023\/06\/pdf.png?resize=9%2C12&amp;ssl=1 9w\" sizes=\"(max-width: 80px) 100vw, 80px\" \/><\/a><\/figure>\n\n\n\n<p><a href=\"https:\/\/shop.ftemaximal.com\/wp-content\/uploads\/2025\/02\/Steca_Solarix_Manual_ES_Z01-1.pdf\" target=\"_blank\" rel=\"noopener\" title=\"\">Instalaci\u00f3n y manejo<\/a><\/p>","protected":false},"excerpt":{"rendered":"<p>Versiones mejoradas de la exitosa familia de reguladores de carga solar Steca PR.<\/p>","protected":false},"featured_media":12736,"comment_status":"open","ping_status":"closed","template":"","meta":[],"pwb-brand":[271],"product_brand":[],"product_cat":[269],"product_tag":[],"class_list":{"0":"post-12735","1":"product","2":"type-product","3":"status-publish","4":"has-post-thumbnail","6":"pwb-brand-steca","7":"product_cat-reguladores-de-carga","9":"first","10":"onbackorder","11":"taxable","12":"shipping-taxable","13":"purchasable","14":"product-type-simple"},"aioseo_notices":[],"brands":[{"id":271,"name":"Steca","slug":"steca"}],"_links":{"self":[{"href":"https:\/\/shop.ftemaximal.com\/pt\/wp-json\/wp\/v2\/product\/12735","targetHints":{"allow":["GET"]}}],"collection":[{"href":"https:\/\/shop.ftemaximal.com\/pt\/wp-json\/wp\/v2\/product"}],"about":[{"href":"https:\/\/shop.ftemaximal.com\/pt\/wp-json\/wp\/v2\/types\/product"}],"replies":[{"embeddable":true,"href":"https:\/\/shop.ftemaximal.com\/pt\/wp-json\/wp\/v2\/comments?post=12735"}],"wp:featuredmedia":[{"embeddable":true,"href":"https:\/\/shop.ftemaximal.com\/pt\/wp-json\/wp\/v2\/media\/12736"}],"wp:attachment":[{"href":"https:\/\/shop.ftemaximal.com\/pt\/wp-json\/wp\/v2\/media?parent=12735"}],"wp:term":[{"taxonomy":"pwb-brand","embeddable":true,"href":"https:\/\/shop.ftemaximal.com\/pt\/wp-json\/wp\/v2\/pwb-brand?post=12735"},{"taxonomy":"product_brand","embeddable":true,"href":"https:\/\/shop.ftemaximal.com\/pt\/wp-json\/wp\/v2\/product_brand?post=12735"},{"taxonomy":"product_cat","embeddable":true,"href":"https:\/\/shop.ftemaximal.com\/pt\/wp-json\/wp\/v2\/product_cat?post=12735"},{"taxonomy":"product_tag","embeddable":true,"href":"https:\/\/shop.ftemaximal.com\/pt\/wp-json\/wp\/v2\/product_tag?post=12735"}],"curies":[{"name":"wp","href":"https:\/\/api.w.org\/{rel}","templated":true}]}}