{"id":12727,"date":"2025-02-13T09:46:29","date_gmt":"2025-02-13T08:46:29","guid":{"rendered":"https:\/\/shop.ftemaximal.com\/?post_type=product&#038;p=12727"},"modified":"2025-02-24T11:55:21","modified_gmt":"2025-02-24T10:55:21","slug":"steca-tarom-mppt-6000-m","status":"publish","type":"product","link":"https:\/\/shop.ftemaximal.com\/pt\/product\/steca-tarom-mppt-6000-m\/","title":{"rendered":"Regulador de carga Steca Tarom MPPT 6000 M"},"content":{"rendered":"<p><em>El nuevo regulador de carga solar Steca Tarom MPPT sienta nuevas<\/em> <em>bases en el \u00e1mbito de los grandes reguladores de carga con<\/em> <em>seguimiento de punto de m\u00e1xima potencia (Maximum Power Point).<\/em> <em>Su excelente coeficiente de rendimiento en combinaci\u00f3n con unas<\/em> <em>funciones de protecci\u00f3n \u00fanicas lo convierten en un regulador de<\/em> <em>carga universal de m\u00e1xima calidad.<\/em><\/p>\n\n\n\n<p><em>Se dispone de dos entradas que pueden conectarse en paralelo o<\/em> <em>ser utilizadas separadamente. Cada entrada dispone de un seguidor<\/em> <em>de MPP individual. As\u00ed se encuentran a disposici\u00f3n dos reguladores<\/em> <em>de carga en un equipo. Un regulador de carga permite combinar de<\/em> <em>un modo flexible distintos campos de m\u00f3dulos.<\/em><\/p>\n\n\n\n<p><em>Su rango de tensi\u00f3n de entrada de hasta 200 V permite emplear<\/em> <em>todo tipo de m\u00f3dulos solares en distintas conexiones. Por lo tanto,<\/em> <em>este regulador de carga combina la alta flexibilidad con el m\u00e1ximo rendimiento<\/em> <em>y cuidado profesional de la bater\u00eda, todo ello en un atractivo<\/em> <em>dise\u00f1o basado en la m\u00e1s moderna tecnolog\u00eda. Un Steca Tarom MPPT<\/em> <em>6000-M puede comunicarse con hasta 22 Steca Tarom MPPT 6000-S.<\/em><\/p>\n\n\n\n<figure class=\"wp-block-image size-full\"><img data-recalc-dims=\"1\" fetchpriority=\"high\" decoding=\"async\" width=\"909\" height=\"523\" src=\"https:\/\/i0.wp.com\/shop.ftemaximal.com\/wp-content\/uploads\/2025\/02\/todas-las-baterias.jpg?resize=909%2C523&#038;ssl=1\" alt=\"\" class=\"wp-image-12732\" srcset=\"https:\/\/i0.wp.com\/shop.ftemaximal.com\/wp-content\/uploads\/2025\/02\/todas-las-baterias.jpg?w=909&amp;ssl=1 909w, https:\/\/i0.wp.com\/shop.ftemaximal.com\/wp-content\/uploads\/2025\/02\/todas-las-baterias.jpg?resize=300%2C173&amp;ssl=1 300w, https:\/\/i0.wp.com\/shop.ftemaximal.com\/wp-content\/uploads\/2025\/02\/todas-las-baterias.jpg?resize=768%2C442&amp;ssl=1 768w, https:\/\/i0.wp.com\/shop.ftemaximal.com\/wp-content\/uploads\/2025\/02\/todas-las-baterias.jpg?resize=18%2C10&amp;ssl=1 18w, https:\/\/i0.wp.com\/shop.ftemaximal.com\/wp-content\/uploads\/2025\/02\/todas-las-baterias.jpg?resize=441%2C254&amp;ssl=1 441w, https:\/\/i0.wp.com\/shop.ftemaximal.com\/wp-content\/uploads\/2025\/02\/todas-las-baterias.jpg?resize=800%2C460&amp;ssl=1 800w, https:\/\/i0.wp.com\/shop.ftemaximal.com\/wp-content\/uploads\/2025\/02\/todas-las-baterias.jpg?resize=150%2C86&amp;ssl=1 150w\" sizes=\"(max-width: 909px) 100vw, 909px\" \/><figcaption class=\"wp-element-caption\">Screenshot<\/figcaption><\/figure>\n\n\n\n<h2 class=\"wp-block-heading\">Caracter\u00edsticas del producto<\/h2>\n\n\n\n<ul class=\"wp-block-list\">\n<li>Dos seguidores del punto de m\u00e1ximal potencia independientes.<\/li>\n\n\n\n<li>Dos entradas (puedenla conectarselos en paralelo o usarse por separado para dos campos de m\u00f3dulos independientes).<\/li>\n\n\n\n<li>Carcasa robusta de metal.<\/li>\n\n\n\n<li>Registrador de datos integrado de gran alcance para el registro de valores energ\u00e9ticos durante un m\u00e1ximo de 20 a\u00f1os.<\/li>\n\n\n\n<li>Ranura para tarjeta MicroSD para registradores de datos de todos los valores medidos por minuto.<\/li>\n\n\n\n<li>Regulaci\u00f3n de tensi\u00f3n y corriente.<\/li>\n\n\n\n<li>Compensaci\u00f3n de temperatura.<\/li>\n\n\n\n<li>Carga mensual de compensaci\u00f3n.<\/li>\n\n\n\n<li>Tres contactos auxiliares configurases.<\/li>\n\n\n\n<li>Tensiones de carga ajustables.<\/li>\n\n\n\n<li>Tipo de acumulador: bater\u00eda de plomo gel \/l\u00edquido y bater\u00edas de Litio y NiCd.<\/li>\n\n\n\n<li>Conmutador de m\u00f3dulo automatico integrado.<\/li>\n\n\n\n<li>Las bater\u00edas de 36V y 60V pueden cargarse con ajustes espec\u00edales en el nivel de men\u00fas de experto.<\/li>\n\n\n\n<li>Conectable en paralelo.<\/li>\n<\/ul>\n\n\n\n<h2 class=\"wp-block-heading\">Funciones de protecci\u00f3n electr\u00f3nica.<\/h2>\n\n\n\n<ul class=\"wp-block-list\">\n<li>Protecci\u00f3n de sobrecarga.<\/li>\n\n\n\n<li>Protecci\u00f3n de polaridad inversa de los m\u00f3dulos solares, la carga y la bater\u00eda.<\/li>\n\n\n\n<li>Fusible electr\u00f3nico automatico.<\/li>\n\n\n\n<li>Protecci\u00f3n contra circuito abierto sin bater\u00eda.<\/li>\n\n\n\n<li>Protecci\u00f3n contra cortocircuitos.<\/li>\n\n\n\n<li>Protecci\u00f3n contra sobretensi\u00f3n en la entrada del m\u00f3dulo.<\/li>\n\n\n\n<li>Protecci\u00f3n de corriente inversa por la noche.<\/li>\n\n\n\n<li>Protecci\u00f3n contra sobrecalentamiento y sobrecarga.<\/li>\n\n\n\n<li>Conexi\u00f3n PE.<\/li>\n<\/ul>\n\n\n\n<h2 class=\"wp-block-heading\">Displays<\/h2>\n\n\n\n<ul class=\"wp-block-list\">\n<li>Pantalla LCD gr\u00e1fica multifuncional con retroiluminaci\u00f3n.<\/li>\n<\/ul>\n\n\n\n<h2 class=\"wp-block-heading\">Opciones<\/h2>\n\n\n\n<ul class=\"wp-block-list\">\n<li>Conexion\u00e1ndoos para cable de sensor e tensi\u00f3n de bater\u00eda.<\/li>\n<\/ul>\n\n\n\n<h2 class=\"wp-block-heading\">Interfaces<\/h2>\n\n\n\n<ul class=\"wp-block-list\">\n<li>Interfaz Steca RS-232 abierta.<\/li>\n\n\n\n<li>StecaLInk Bus.<\/li>\n\n\n\n<li>Conexi\u00f3n para se\u00f1al de parada de emergencia de la bater\u00eda. (opcional).<\/li>\n<\/ul>\n\n\n\n<h2 class=\"wp-block-heading\">Accesorios Steca<\/h2>\n\n\n\n<ul class=\"wp-block-list\">\n<li>Sensor de temperatura Steca PA TS-S. (incluida en el volumen de suministro).<\/li>\n\n\n\n<li>Cable de datos Steca PA CAB3 Tarcom.<\/li>\n\n\n\n<li>Sensor de corriente Steca PA HS400.<\/li>\n<\/ul>\n\n\n\n<p><\/p>\n\n\n\n<figure class=\"wp-block-image size-full\"><a href=\"https:\/\/shop.ftemaximal.com\/wp-content\/uploads\/2025\/02\/Steca_Tarom_MPPT_6000-M_especifidad_ES.pdf\" target=\"_blank\" rel=\" noreferrer noopener\"><img data-recalc-dims=\"1\" decoding=\"async\" width=\"80\" height=\"107\" src=\"https:\/\/i0.wp.com\/shop.ftemaximal.com\/wp-content\/uploads\/2023\/06\/pdf.png?resize=80%2C107&#038;ssl=1\" alt=\"\" class=\"wp-image-10853\" srcset=\"https:\/\/i0.wp.com\/shop.ftemaximal.com\/wp-content\/uploads\/2023\/06\/pdf.png?w=80&amp;ssl=1 80w, https:\/\/i0.wp.com\/shop.ftemaximal.com\/wp-content\/uploads\/2023\/06\/pdf.png?resize=9%2C12&amp;ssl=1 9w\" sizes=\"(max-width: 80px) 100vw, 80px\" \/><\/a><\/figure>\n\n\n\n<p><a href=\"https:\/\/shop.ftemaximal.com\/wp-content\/uploads\/2025\/02\/Steca_Tarom_MPPT_6000-M_especifidad_ES.pdf\" target=\"_blank\" rel=\"noopener\" title=\"\">Especificaciones<\/a><\/p>\n\n\n\n<figure class=\"wp-block-image size-full\"><a href=\"https:\/\/shop.ftemaximal.com\/wp-content\/uploads\/2025\/02\/Steca_Tarom_MPPT_6000-M_especifidad_ES.pdf\" target=\"_blank\" rel=\" noreferrer noopener\"><img data-recalc-dims=\"1\" decoding=\"async\" width=\"80\" height=\"107\" src=\"https:\/\/i0.wp.com\/shop.ftemaximal.com\/wp-content\/uploads\/2023\/06\/pdf.png?resize=80%2C107&#038;ssl=1\" alt=\"\" class=\"wp-image-10853\" srcset=\"https:\/\/i0.wp.com\/shop.ftemaximal.com\/wp-content\/uploads\/2023\/06\/pdf.png?w=80&amp;ssl=1 80w, https:\/\/i0.wp.com\/shop.ftemaximal.com\/wp-content\/uploads\/2023\/06\/pdf.png?resize=9%2C12&amp;ssl=1 9w\" sizes=\"(max-width: 80px) 100vw, 80px\" \/><\/a><\/figure>\n\n\n\n<p><a href=\"https:\/\/shop.ftemaximal.com\/wp-content\/uploads\/2025\/02\/Tarom6000M-ES.pdf\" target=\"_blank\" rel=\"noopener\" title=\"\">Instrucciones de montaje y manejo<\/a><\/p>","protected":false},"excerpt":{"rendered":"<p>Regulador de carga puntero Dual MPPT Steca Tarom MPPT 6000-M.<\/p>","protected":false},"featured_media":12728,"comment_status":"open","ping_status":"closed","template":"","meta":[],"pwb-brand":[271],"product_brand":[],"product_cat":[269],"product_tag":[],"class_list":{"0":"post-12727","1":"product","2":"type-product","3":"status-publish","4":"has-post-thumbnail","6":"pwb-brand-steca","7":"product_cat-reguladores-de-carga","9":"first","10":"onbackorder","11":"taxable","12":"shipping-taxable","13":"purchasable","14":"product-type-simple"},"aioseo_notices":[],"brands":[{"id":271,"name":"Steca","slug":"steca"}],"_links":{"self":[{"href":"https:\/\/shop.ftemaximal.com\/pt\/wp-json\/wp\/v2\/product\/12727","targetHints":{"allow":["GET"]}}],"collection":[{"href":"https:\/\/shop.ftemaximal.com\/pt\/wp-json\/wp\/v2\/product"}],"about":[{"href":"https:\/\/shop.ftemaximal.com\/pt\/wp-json\/wp\/v2\/types\/product"}],"replies":[{"embeddable":true,"href":"https:\/\/shop.ftemaximal.com\/pt\/wp-json\/wp\/v2\/comments?post=12727"}],"wp:featuredmedia":[{"embeddable":true,"href":"https:\/\/shop.ftemaximal.com\/pt\/wp-json\/wp\/v2\/media\/12728"}],"wp:attachment":[{"href":"https:\/\/shop.ftemaximal.com\/pt\/wp-json\/wp\/v2\/media?parent=12727"}],"wp:term":[{"taxonomy":"pwb-brand","embeddable":true,"href":"https:\/\/shop.ftemaximal.com\/pt\/wp-json\/wp\/v2\/pwb-brand?post=12727"},{"taxonomy":"product_brand","embeddable":true,"href":"https:\/\/shop.ftemaximal.com\/pt\/wp-json\/wp\/v2\/product_brand?post=12727"},{"taxonomy":"product_cat","embeddable":true,"href":"https:\/\/shop.ftemaximal.com\/pt\/wp-json\/wp\/v2\/product_cat?post=12727"},{"taxonomy":"product_tag","embeddable":true,"href":"https:\/\/shop.ftemaximal.com\/pt\/wp-json\/wp\/v2\/product_tag?post=12727"}],"curies":[{"name":"wp","href":"https:\/\/api.w.org\/{rel}","templated":true}]}}