{"id":12705,"date":"2025-02-12T15:52:56","date_gmt":"2025-02-12T14:52:56","guid":{"rendered":"https:\/\/shop.ftemaximal.com\/?post_type=product&#038;p=12705"},"modified":"2025-02-24T11:56:23","modified_gmt":"2025-02-24T10:56:23","slug":"steca-solarix-mppt-5020","status":"publish","type":"product","link":"https:\/\/shop.ftemaximal.com\/pt\/product\/steca-solarix-mppt-5020\/","title":{"rendered":"Regulador de carga Steca Solarix MPPT 5020"},"content":{"rendered":"<p>Los Steca MPPT 3020 y 5020 son reguladores de carga de gama media altamente eficientes para varios tipos de bater\u00edas, incluidas las de iones de litio. Amplios rangos de tensi\u00f3n, r\u00e1pido seguimiento MPP y la mejor disipaci\u00f3nde calor hacen que la serie MPPT sea flexible y potente.<\/p>\n\n\n\n<p>La interfaz RS 232 permite la conexi\u00f3n directa a un ordenador port\u00e1til para una lectura r\u00e1pida y f\u00e1cil de datos como el estado de la bater\u00eda, la corriente de carga o la energ\u00eda fotovoltaica. El dise\u00f1o de la pantalla, as\u00ed como el funcionamiento y la supervisi\u00f3n sencillos, reciben las mejores calificaciones de los usuarios. El control electr\u00f3nico de la velocidad en funci\u00f3n de la temperatura contribuye significativamente a la reducci\u00f3n del ruido, al ahorro de energ\u00eda y a una mayor vida \u00fatil del ventilador del MPPT 5020. Una calidad sin compromiso, el dise\u00f1o sofisticado y las caracter\u00edsticas seleccionadas garantizan una instalaci\u00f3n sencilla y hacen que la operaci\u00f3n y el mantenimiento sean particularmente eficientes . Los controladores de carga Steca MPPT se utilizan principalmente en sistemas con dos o m\u00e1s m\u00f3dulos solares y cuando la tensi\u00f3n del m\u00f3dulo es superior a la tensi\u00f3n de la bater\u00eda. Con esta configuraci\u00f3n del sistema, la eficiencia es hasta un 30%m\u00e1s alta que con un controlador de carga PWM.<\/p>\n\n\n\n<p>El controlador MPPT (seguimiento del punto de m\u00e1xima potencia) ajusta su voltaje de entrada a la situaci\u00f3n para que el sistema solar entregue la m\u00e1xima potencia en todo momento. Esto significa que se pueden procesar rangos de voltaje de entrada m\u00e1s grandes, lo que permite una mayor flexibilidad en el dise\u00f1o del sistema.<\/p>\n\n\n\n<p>El uso del MPPT 5020 como regulador de carga trae tambi\u00e9n consigo ventajas en caso de situaciones de irradiaci\u00f3n cambiantes o sombreado parcial.<\/p>\n\n\n\n<h2 class=\"wp-block-heading\">Caracter\u00edsticas del producto<\/h2>\n\n\n\n<ul class=\"wp-block-list\">\n<li>Seguidor de punto de m\u00e1xima potencia.<\/li>\n\n\n\n<li>Regulaci\u00f3n de voltaje y corriente.<\/li>\n\n\n\n<li>Tecnologia de carga multietapa (tambi\u00e9n adecuada para bater\u00edas de litio).<\/li>\n\n\n\n<li>Reconexi\u00f3n autom\u00e1tica de consumos.<\/li>\n\n\n\n<li>Compensaci\u00f3n de temperatura.<\/li>\n\n\n\n<li>Posible puesta a tierra positiva de uno o puesta a tierra negativa de varios terminales.<\/li>\n\n\n\n<li>Carga de ecualizaci\u00f3n mensual.<\/li>\n<\/ul>\n\n\n\n<h2 class=\"wp-block-heading\">Funciones de protecci\u00f3n electr\u00f3nica.<\/h2>\n\n\n\n<ul class=\"wp-block-list\">\n<li>Protecci\u00f3n de sobrecarga.<\/li>\n\n\n\n<li>Proteccion de descarga profunda.<\/li>\n\n\n\n<li>Protecci\u00f3n de polaridad inversa del m\u00f3dulo, la carga y la bater\u00eda.<\/li>\n\n\n\n<li>Fusible electr\u00f3nico automatico.<\/li>\n\n\n\n<li>Protecci\u00f3n contra cortocircuitos.<\/li>\n\n\n\n<li>Protecci\u00f3n contra sobretensi\u00f3n en la entrada del m\u00f3dulo.<\/li>\n\n\n\n<li>Protecci\u00f3n de corriente inversa por la noche.<\/li>\n\n\n\n<li>Protecci\u00f3n contra sobrecalentamiento y sobrecarga.<\/li>\n\n\n\n<li>Desconexi\u00f3n de carga por sobretensi\u00f3n de la bater\u00eda.<\/li>\n<\/ul>\n\n\n\n<h2 class=\"wp-block-heading\">Displays<\/h2>\n\n\n\n<ul class=\"wp-block-list\">\n<li>Pantalla LCD gr\u00e1fica multifuncional con retroiluminaci\u00f3n.<\/li>\n<\/ul>\n\n\n\n<h2 class=\"wp-block-heading\">Manejo<\/h2>\n\n\n\n<ul class=\"wp-block-list\">\n<li>Operaci\u00f3n simple asistida por men\u00fas.<\/li>\n<\/ul>\n\n\n\n<h2 class=\"wp-block-heading\">Interfaces<\/h2>\n\n\n\n<ul class=\"wp-block-list\">\n<li>Interfaz Steca RS-232 abierta.<\/li>\n<\/ul>\n\n\n\n<figure class=\"wp-block-image size-large\"><img data-recalc-dims=\"1\" fetchpriority=\"high\" decoding=\"async\" width=\"1024\" height=\"405\" src=\"https:\/\/i0.wp.com\/shop.ftemaximal.com\/wp-content\/uploads\/2025\/02\/caso-de-uso-2-1.png?resize=1024%2C405&#038;ssl=1\" alt=\"\" class=\"wp-image-12711\" srcset=\"https:\/\/i0.wp.com\/shop.ftemaximal.com\/wp-content\/uploads\/2025\/02\/caso-de-uso-2-1.png?resize=1024%2C405&amp;ssl=1 1024w, https:\/\/i0.wp.com\/shop.ftemaximal.com\/wp-content\/uploads\/2025\/02\/caso-de-uso-2-1.png?resize=300%2C119&amp;ssl=1 300w, https:\/\/i0.wp.com\/shop.ftemaximal.com\/wp-content\/uploads\/2025\/02\/caso-de-uso-2-1.png?resize=768%2C304&amp;ssl=1 768w, https:\/\/i0.wp.com\/shop.ftemaximal.com\/wp-content\/uploads\/2025\/02\/caso-de-uso-2-1.png?resize=1536%2C608&amp;ssl=1 1536w, https:\/\/i0.wp.com\/shop.ftemaximal.com\/wp-content\/uploads\/2025\/02\/caso-de-uso-2-1.png?resize=18%2C7&amp;ssl=1 18w, https:\/\/i0.wp.com\/shop.ftemaximal.com\/wp-content\/uploads\/2025\/02\/caso-de-uso-2-1.png?resize=990%2C392&amp;ssl=1 990w, https:\/\/i0.wp.com\/shop.ftemaximal.com\/wp-content\/uploads\/2025\/02\/caso-de-uso-2-1.png?resize=441%2C174&amp;ssl=1 441w, https:\/\/i0.wp.com\/shop.ftemaximal.com\/wp-content\/uploads\/2025\/02\/caso-de-uso-2-1.png?resize=800%2C316&amp;ssl=1 800w, https:\/\/i0.wp.com\/shop.ftemaximal.com\/wp-content\/uploads\/2025\/02\/caso-de-uso-2-1.png?resize=150%2C59&amp;ssl=1 150w, https:\/\/i0.wp.com\/shop.ftemaximal.com\/wp-content\/uploads\/2025\/02\/caso-de-uso-2-1.png?w=1886&amp;ssl=1 1886w\" sizes=\"(max-width: 1024px) 100vw, 1024px\" \/><\/figure>\n\n\n\n<figure class=\"wp-block-image size-full\"><a href=\"https:\/\/shop.ftemaximal.com\/wp-content\/uploads\/2025\/02\/Solarix_MPPT_3020-5020-instalacion-y-manejo.pdf\" target=\"_blank\" rel=\" noreferrer noopener\"><img data-recalc-dims=\"1\" decoding=\"async\" width=\"80\" height=\"107\" src=\"https:\/\/i0.wp.com\/shop.ftemaximal.com\/wp-content\/uploads\/2023\/06\/pdf.png?resize=80%2C107&#038;ssl=1\" alt=\"\" class=\"wp-image-10853\" srcset=\"https:\/\/i0.wp.com\/shop.ftemaximal.com\/wp-content\/uploads\/2023\/06\/pdf.png?w=80&amp;ssl=1 80w, https:\/\/i0.wp.com\/shop.ftemaximal.com\/wp-content\/uploads\/2023\/06\/pdf.png?resize=9%2C12&amp;ssl=1 9w\" sizes=\"(max-width: 80px) 100vw, 80px\" \/><\/a><\/figure>\n\n\n\n<p><a href=\"https:\/\/shop.ftemaximal.com\/wp-content\/uploads\/2025\/02\/Solarix_MPPT_3020-5020-instalacion-y-manejo.pdf\" target=\"_blank\" rel=\"noopener\" title=\"\">Instalaci\u00f3n y manejo<\/a><\/p>\n\n\n\n<p><\/p>","protected":false},"excerpt":{"rendered":"<p>Regulador de carga de alta eficiencia.<\/p>","protected":false},"featured_media":12706,"comment_status":"open","ping_status":"closed","template":"","meta":[],"pwb-brand":[271],"product_brand":[],"product_cat":[269],"product_tag":[],"class_list":{"0":"post-12705","1":"product","2":"type-product","3":"status-publish","4":"has-post-thumbnail","6":"pwb-brand-steca","7":"product_cat-reguladores-de-carga","9":"first","10":"onbackorder","11":"taxable","12":"shipping-taxable","13":"purchasable","14":"product-type-simple"},"aioseo_notices":[],"brands":[{"id":271,"name":"Steca","slug":"steca"}],"_links":{"self":[{"href":"https:\/\/shop.ftemaximal.com\/pt\/wp-json\/wp\/v2\/product\/12705","targetHints":{"allow":["GET"]}}],"collection":[{"href":"https:\/\/shop.ftemaximal.com\/pt\/wp-json\/wp\/v2\/product"}],"about":[{"href":"https:\/\/shop.ftemaximal.com\/pt\/wp-json\/wp\/v2\/types\/product"}],"replies":[{"embeddable":true,"href":"https:\/\/shop.ftemaximal.com\/pt\/wp-json\/wp\/v2\/comments?post=12705"}],"wp:featuredmedia":[{"embeddable":true,"href":"https:\/\/shop.ftemaximal.com\/pt\/wp-json\/wp\/v2\/media\/12706"}],"wp:attachment":[{"href":"https:\/\/shop.ftemaximal.com\/pt\/wp-json\/wp\/v2\/media?parent=12705"}],"wp:term":[{"taxonomy":"pwb-brand","embeddable":true,"href":"https:\/\/shop.ftemaximal.com\/pt\/wp-json\/wp\/v2\/pwb-brand?post=12705"},{"taxonomy":"product_brand","embeddable":true,"href":"https:\/\/shop.ftemaximal.com\/pt\/wp-json\/wp\/v2\/product_brand?post=12705"},{"taxonomy":"product_cat","embeddable":true,"href":"https:\/\/shop.ftemaximal.com\/pt\/wp-json\/wp\/v2\/product_cat?post=12705"},{"taxonomy":"product_tag","embeddable":true,"href":"https:\/\/shop.ftemaximal.com\/pt\/wp-json\/wp\/v2\/product_tag?post=12705"}],"curies":[{"name":"wp","href":"https:\/\/api.w.org\/{rel}","templated":true}]}}