{"id":12671,"date":"2025-01-31T12:34:18","date_gmt":"2025-01-31T11:34:18","guid":{"rendered":"https:\/\/shop.ftemaximal.com\/?post_type=product&#038;p=12671"},"modified":"2025-02-04T15:49:34","modified_gmt":"2025-02-04T14:49:34","slug":"modulo-de-bateria-fox-ess-cs2900","status":"publish","type":"product","link":"https:\/\/shop.ftemaximal.com\/pt\/product\/modulo-de-bateria-fox-ess-cs2900\/","title":{"rendered":"M\u00f3dulo de bater\u00eda Fox ESS CS2900"},"content":{"rendered":"<p>\u00a1Independiza tu suministro el\u00e9ctrico!<\/p>\n\n\n\n<p>Con el m\u00f3dulo de \u00a0<strong>bater\u00eda Fox ESS HV CS2900\u00a0<\/strong>puede almacenar el exceso de energ\u00eda solar de manera eficiente y segura. Disfrute de m\u00e1s independencia, reduzca sus costos de energ\u00eda y contribuya a la protecci\u00f3n del medio ambiente.<\/p>\n\n\n\n<h3 class=\"wp-block-heading\">\u00bfPor qu\u00e9 el Fox ESS CS2900?<\/h3>\n\n\n\n<ul class=\"wp-block-list\">\n<li><strong>M\u00e1xima flexibilidad<\/strong>: Gracias al dise\u00f1o modular, puede adaptar y ampliar la capacidad de almacenamiento de acuerdo a sus necesidades individuales.<\/li>\n\n\n\n<li><strong>M\u00e1xima eficiencia<\/strong>: La tecnolog\u00eda de fosfato de hierro y litio (LFP) garantiza una larga vida \u00fatil y un alto rendimiento de carga y descarga.<\/li>\n\n\n\n<li><strong>F\u00e1cil instalaci\u00f3n<\/strong>: La bater\u00eda se puede integrar f\u00e1cilmente en los sistemas solares existentes y est\u00e1 lista para su uso gracias a la soluci\u00f3n plug-and-play.<\/li>\n\n\n\n<li><strong>Control inteligente<\/strong>: El sistema integrado de gesti\u00f3n de la bater\u00eda (BMS) monitoriza continuamente el estado de la bater\u00eda y optimiza los procesos de carga y descarga.<\/li>\n\n\n\n<li><strong>A prueba de futuro<\/strong>: El Fox ESS CS2900 es compatible con las \u00faltimas tecnolog\u00edas y se puede integrar f\u00e1cilmente en sistemas dom\u00e9sticos inteligentes.<\/li>\n<\/ul>\n\n\n\n<h3 class=\"wp-block-heading\">\u00bfC\u00f3mo funciona el Fox ESS CS2900?<\/h3>\n\n\n\n<ul class=\"wp-block-list\">\n<li><strong>Generaci\u00f3n de energ\u00eda<\/strong>: Su sistema solar produce electricidad.<\/li>\n\n\n\n<li><strong>Almacenamiento<\/strong>: El exceso de electricidad se almacena en el Fox ESS CS2900.<\/li>\n\n\n\n<li><strong>Consumo<\/strong>: Si es necesario, la electricidad almacenada se utiliza para su propio consumo.<\/li>\n\n\n\n<li><strong>Energ\u00eda de emergencia<\/strong>: En caso de un corte de energ\u00eda, la bater\u00eda suministra energ\u00eda a su hogar.<\/li>\n<\/ul>\n\n\n\n<h3 class=\"wp-block-heading\">Las ventajas para ti de un vistazo:<\/h3>\n\n\n\n<ul class=\"wp-block-list\">\n<li><strong>Ahorro de costos<\/strong>: Reduzca su factura de electricidad utilizando su propia energ\u00eda solar.<\/li>\n\n\n\n<li><strong>Independencia<\/strong>: Independ\u00edcese de la red el\u00e9ctrica y asegure su suministro de energ\u00eda.<\/li>\n\n\n\n<li><strong>Resestuoso con el medio ambiente<\/strong>: Proteja el medio ambiente utilizando energ\u00eda renovable.<\/li>\n\n\n\n<li><strong>Seguridad futura<\/strong>: Invierta en una tecnolog\u00eda orientada al futuro.<\/li>\n\n\n\n<li><strong>Retenci\u00f3n de valor<\/strong>: Aumente el valor de su propiedad.<\/li>\n<\/ul>\n\n\n\n<p>\u00a1Pida su Fox ESS CS2900 ahora y d\u00e9 el primer paso hacia la independencia energ\u00e9tica!<\/p>\n\n\n\n<p><strong>\u00a1IMPONTANTE!<\/strong><br>El Fox ESS CS2900 no es un sistema independiente,  requiere el uso de un m\u00f3dulo de control Fox ESS CM2900.<\/p>\n\n\n\n<p><\/p>","protected":false},"excerpt":{"rendered":"<p>M\u00f3dulo adicional para la serie de bater\u00edas de FOX ESS Energy Cube ECS2900<\/p>","protected":false},"featured_media":12672,"comment_status":"open","ping_status":"closed","template":"","meta":[],"pwb-brand":[83],"product_brand":[],"product_cat":[73],"product_tag":[],"class_list":{"0":"post-12671","1":"product","2":"type-product","3":"status-publish","4":"has-post-thumbnail","6":"pwb-brand-fox-ess","7":"product_cat-amacenamiento-de-energia","9":"first","10":"onbackorder","11":"taxable","12":"shipping-taxable","13":"purchasable","14":"product-type-simple"},"aioseo_notices":[],"brands":[{"id":83,"name":"FOX-ESS","slug":"fox-ess"}],"_links":{"self":[{"href":"https:\/\/shop.ftemaximal.com\/pt\/wp-json\/wp\/v2\/product\/12671","targetHints":{"allow":["GET"]}}],"collection":[{"href":"https:\/\/shop.ftemaximal.com\/pt\/wp-json\/wp\/v2\/product"}],"about":[{"href":"https:\/\/shop.ftemaximal.com\/pt\/wp-json\/wp\/v2\/types\/product"}],"replies":[{"embeddable":true,"href":"https:\/\/shop.ftemaximal.com\/pt\/wp-json\/wp\/v2\/comments?post=12671"}],"wp:featuredmedia":[{"embeddable":true,"href":"https:\/\/shop.ftemaximal.com\/pt\/wp-json\/wp\/v2\/media\/12672"}],"wp:attachment":[{"href":"https:\/\/shop.ftemaximal.com\/pt\/wp-json\/wp\/v2\/media?parent=12671"}],"wp:term":[{"taxonomy":"pwb-brand","embeddable":true,"href":"https:\/\/shop.ftemaximal.com\/pt\/wp-json\/wp\/v2\/pwb-brand?post=12671"},{"taxonomy":"product_brand","embeddable":true,"href":"https:\/\/shop.ftemaximal.com\/pt\/wp-json\/wp\/v2\/product_brand?post=12671"},{"taxonomy":"product_cat","embeddable":true,"href":"https:\/\/shop.ftemaximal.com\/pt\/wp-json\/wp\/v2\/product_cat?post=12671"},{"taxonomy":"product_tag","embeddable":true,"href":"https:\/\/shop.ftemaximal.com\/pt\/wp-json\/wp\/v2\/product_tag?post=12671"}],"curies":[{"name":"wp","href":"https:\/\/api.w.org\/{rel}","templated":true}]}}