{"id":12668,"date":"2025-02-03T13:02:46","date_gmt":"2025-02-03T12:02:46","guid":{"rendered":"https:\/\/shop.ftemaximal.com\/?post_type=product&#038;p=12668"},"modified":"2025-02-04T15:52:37","modified_gmt":"2025-02-04T14:52:37","slug":"modulo-de-control-de-bateria-fox-ess-cm2900","status":"publish","type":"product","link":"https:\/\/shop.ftemaximal.com\/pt\/product\/modulo-de-control-de-bateria-fox-ess-cm2900\/","title":{"rendered":"M\u00f3dulo de control de bater\u00eda Fox ESS CM2900"},"content":{"rendered":"<p>\u00a1Convierta su hogar en la planta de energ\u00eda del futuro!<\/p>\n\n\n\n<p>Con la\u00a0<strong>unidad de control de bater\u00eda Fox ESS HV CM2900<\/strong>, que incluye el istema de gesti\u00f3n de bater\u00edas (BMS), usted conf\u00eda en una tecnolog\u00eda pionera para su suministro de energ\u00eda. Este innovador dispositivo est\u00e1 especialmente dise\u00f1ado para maximizar el rendimiento de su sistema solar y hacerlo m\u00e1s independiente de la red el\u00e9ctrica.<\/p>\n\n\n\n<h3 class=\"wp-block-heading\">\u00bfQu\u00e9 hace que el Fox ESS CM2900 sea tan especial?<\/h3>\n\n\n\n<ul class=\"wp-block-list\">\n<li><strong>Gesti\u00f3n inteligente de la energ\u00eda<\/strong>: El CM2900 monitoriza continuamente su consumo de energ\u00eda y ajusta de forma inteligente la carga y descarga de su bater\u00eda. De esta manera, puede aprovechar al m\u00e1ximo su electricidad autogenerada y reducir sus costos de electricidad.<\/li>\n\n\n\n<li><strong>M\u00e1xima seguridad<\/strong>: El BMS integrado garantiza que la bater\u00eda funcione de forma segura y fiable. Monitoriza continuamente el estado de las celdas y las protege de sobrecargas, descargas profundas y cortocircuitos.<\/li>\n\n\n\n<li><strong>F\u00e1cil instalaci\u00f3n<\/strong>: El CM2900 tiene un dise\u00f1o modular y se puede integrar f\u00e1cilmente en los sistemas solares existentes. Gracias a la interfaz de usuario intuitiva, puede controlar c\u00f3modamente el sistema a trav\u00e9s de su tel\u00e9fono inteligente o tablet.<\/li>\n\n\n\n<li><strong>Escalabilidad<\/strong>: El sistema es flexible y se puede adaptar a sus necesidades individuales. <\/li>\n\n\n\n<li><strong>Tecnolog\u00eda pionera<\/strong>: Con el Fox ESS CM2900 est\u00e1 invirtiendo en tecnolog\u00eda pionera que le traer\u00e1 beneficios a largo plazo.<\/li>\n<\/ul>\n\n\n\n<h3 class=\"wp-block-heading\">\u00bfC\u00f3mo funciona el Fox ESS CM2900?<\/h3>\n\n\n\n<ol class=\"wp-block-list\">\n<li><strong>Generaci\u00f3n de energ\u00eda<\/strong>: Su sistema solar genera electricidad que inicialmente alimenta a su red dom\u00e9stica.<\/li>\n\n\n\n<li><strong>Electricidad excedente<\/strong>: La electricidad excedente se almacena en su bater\u00eda.<\/li>\n\n\n\n<li><strong>Control inteligente<\/strong>: El CM2900 optimiza la carga y descarga de la bater\u00eda para maximizar su propio consumo.<\/li>\n\n\n\n<li><strong>Fuente de alimentaci\u00f3n de emergencia<\/strong>: En caso de un corte de energ\u00eda, su bater\u00eda puede suministrar electricidad a su hogar.<\/li>\n<\/ol>\n\n\n\n<h3 class=\"wp-block-heading\">Por qu\u00e9 deber\u00edas elegir el Fox ESS CM2900:<\/h3>\n\n\n\n<p>Con el Fox ESS CM2900 est\u00e1s tomando una decisi\u00f3n sostenible y con visi\u00f3n de futuro. Est\u00e1s invirtiendo en una tecnolog\u00eda que no solo te beneficiar\u00e1 hoy, sino tambi\u00e9n en el futuro. Benef\u00edciese de la gesti\u00f3n inteligente de la energ\u00eda, la m\u00e1xima seguridad y la facilidad de funcionamiento.<\/p>\n\n\n\n<p><strong>\u00a1Pida su Fox ESS CM2900 ahora y convierta su hogar en la central el\u00e9ctrica del futuro!<\/strong><\/p>\n\n\n\n<p><\/p>","protected":false},"excerpt":{"rendered":"<p>M\u00f3dulo de control para la serie de bater\u00edas de FOX ESS Energy Cube ECS2900<\/p>","protected":false},"featured_media":12669,"comment_status":"open","ping_status":"closed","template":"","meta":[],"pwb-brand":[83],"product_brand":[],"product_cat":[73],"product_tag":[],"class_list":{"0":"post-12668","1":"product","2":"type-product","3":"status-publish","4":"has-post-thumbnail","6":"pwb-brand-fox-ess","7":"product_cat-amacenamiento-de-energia","9":"first","10":"onbackorder","11":"taxable","12":"shipping-taxable","13":"purchasable","14":"product-type-simple"},"aioseo_notices":[],"brands":[{"id":83,"name":"FOX-ESS","slug":"fox-ess"}],"_links":{"self":[{"href":"https:\/\/shop.ftemaximal.com\/pt\/wp-json\/wp\/v2\/product\/12668","targetHints":{"allow":["GET"]}}],"collection":[{"href":"https:\/\/shop.ftemaximal.com\/pt\/wp-json\/wp\/v2\/product"}],"about":[{"href":"https:\/\/shop.ftemaximal.com\/pt\/wp-json\/wp\/v2\/types\/product"}],"replies":[{"embeddable":true,"href":"https:\/\/shop.ftemaximal.com\/pt\/wp-json\/wp\/v2\/comments?post=12668"}],"wp:featuredmedia":[{"embeddable":true,"href":"https:\/\/shop.ftemaximal.com\/pt\/wp-json\/wp\/v2\/media\/12669"}],"wp:attachment":[{"href":"https:\/\/shop.ftemaximal.com\/pt\/wp-json\/wp\/v2\/media?parent=12668"}],"wp:term":[{"taxonomy":"pwb-brand","embeddable":true,"href":"https:\/\/shop.ftemaximal.com\/pt\/wp-json\/wp\/v2\/pwb-brand?post=12668"},{"taxonomy":"product_brand","embeddable":true,"href":"https:\/\/shop.ftemaximal.com\/pt\/wp-json\/wp\/v2\/product_brand?post=12668"},{"taxonomy":"product_cat","embeddable":true,"href":"https:\/\/shop.ftemaximal.com\/pt\/wp-json\/wp\/v2\/product_cat?post=12668"},{"taxonomy":"product_tag","embeddable":true,"href":"https:\/\/shop.ftemaximal.com\/pt\/wp-json\/wp\/v2\/product_tag?post=12668"}],"curies":[{"name":"wp","href":"https:\/\/api.w.org\/{rel}","templated":true}]}}