{"id":12574,"date":"2024-11-29T16:44:28","date_gmt":"2024-11-29T15:44:28","guid":{"rendered":"https:\/\/shop.ftemaximal.com\/?post_type=product&#038;p=12574"},"modified":"2024-11-29T16:57:59","modified_gmt":"2024-11-29T15:57:59","slug":"prolongador-coaxial-akss","status":"publish","type":"product","link":"https:\/\/shop.ftemaximal.com\/pt\/product\/prolongador-coaxial-akss\/","title":{"rendered":"Prolongador coaxial AKSS"},"content":{"rendered":"<p> Prolongador AKSS de 1,5 metros de longitud y conectores F macho \u2013 IEC macho.<\/p>\n\n\n\n<figure class=\"wp-block-table\"><table class=\"has-fixed-layout\"><tbody><tr><td><br>&nbsp;<\/td><th><a href=\"http:\/\/ftemaximal.com\/soporte-servicios\/documentacion-tecnica\/domestico\/accesorios-12\/prolongadores-1\/aks-150-l\">AKS 150 L&nbsp;<\/a>&nbsp;<img data-recalc-dims=\"1\" decoding=\"async\" alt=\"\" height=\"25\" src=\"https:\/\/i0.wp.com\/www.ftemaximal.com\/images\/files\/producto\/domestico\/accesorios\/Lte-claseA.jpg?resize=57%2C25\" width=\"57\"><\/th><th><a href=\"http:\/\/ftemaximal.com\/soporte-servicios\/documentacion-tecnica\/domestico\/accesorios-12\/prolongadores-1\/akss-150-l\">AKSS 150 L&nbsp;<\/a>&nbsp;<img data-recalc-dims=\"1\" decoding=\"async\" alt=\"\" height=\"25\" src=\"https:\/\/i0.wp.com\/www.ftemaximal.com\/images\/files\/producto\/domestico\/accesorios\/Lte-claseA.jpg?resize=57%2C25\" width=\"57\"><\/th><\/tr><tr><td><strong>C\u00f3digo<\/strong><\/td><td>0901069<\/td><td>0901072<\/td><\/tr><tr><td><strong>Conectores<\/strong><\/td><td>F macho \u2013 F macho<\/td><td>F macho \u2013 IEC macho<\/td><\/tr><tr><td><strong>Tipo<\/strong><\/td><td>Tri-shield<\/td><td>Tri-shield<\/td><\/tr><tr><td><strong>Longitud<\/strong><\/td><td>1.5 m<\/td><td>1.5 m<\/td><\/tr><tr><td><strong>Conductor interior (mm) \u00f8<\/strong><\/td><td>1.0 Cu<\/td><td>1.0 Cu<\/td><\/tr><tr><td><strong>Di\u00e1metro diel\u00e9ctrico (mm) \u00f8<\/strong><\/td><td>4.6 PE<\/td><td>4.6 PE<\/td><\/tr><tr><td><strong>Di\u00e1metro exterior (mm) \u00f8<\/strong><\/td><td>7.06<\/td><td>7.06<\/td><\/tr><tr><td><strong>Cubierta exterior<\/strong><\/td><td>PVC blanco<\/td><td>PVC blanco<\/td><\/tr><tr><td><strong>Impedancia<\/strong><\/td><td>75 Ohms<\/td><td>75 Ohms<\/td><\/tr><\/tbody><\/table><\/figure>\n\n\n\n<p><br><br><br>\u00a0<\/p>\n\n\n\n<p><br><br><br><br>\u00a0<\/p>","protected":false},"excerpt":{"rendered":"<p> Prolongador AKSS de 1,5 metros de longitud y conectores F macho \u2013 IEC macho.<\/p>","protected":false},"featured_media":12580,"comment_status":"open","ping_status":"closed","template":"","meta":[],"pwb-brand":[],"product_brand":[],"product_cat":[258],"product_tag":[],"class_list":{"0":"post-12574","1":"product","2":"type-product","3":"status-publish","4":"has-post-thumbnail","6":"product_cat-prolongadores","8":"first","9":"instock","10":"taxable","11":"shipping-taxable","12":"purchasable","13":"product-type-simple"},"aioseo_notices":[],"brands":[],"_links":{"self":[{"href":"https:\/\/shop.ftemaximal.com\/pt\/wp-json\/wp\/v2\/product\/12574","targetHints":{"allow":["GET"]}}],"collection":[{"href":"https:\/\/shop.ftemaximal.com\/pt\/wp-json\/wp\/v2\/product"}],"about":[{"href":"https:\/\/shop.ftemaximal.com\/pt\/wp-json\/wp\/v2\/types\/product"}],"replies":[{"embeddable":true,"href":"https:\/\/shop.ftemaximal.com\/pt\/wp-json\/wp\/v2\/comments?post=12574"}],"wp:featuredmedia":[{"embeddable":true,"href":"https:\/\/shop.ftemaximal.com\/pt\/wp-json\/wp\/v2\/media\/12580"}],"wp:attachment":[{"href":"https:\/\/shop.ftemaximal.com\/pt\/wp-json\/wp\/v2\/media?parent=12574"}],"wp:term":[{"taxonomy":"pwb-brand","embeddable":true,"href":"https:\/\/shop.ftemaximal.com\/pt\/wp-json\/wp\/v2\/pwb-brand?post=12574"},{"taxonomy":"product_brand","embeddable":true,"href":"https:\/\/shop.ftemaximal.com\/pt\/wp-json\/wp\/v2\/product_brand?post=12574"},{"taxonomy":"product_cat","embeddable":true,"href":"https:\/\/shop.ftemaximal.com\/pt\/wp-json\/wp\/v2\/product_cat?post=12574"},{"taxonomy":"product_tag","embeddable":true,"href":"https:\/\/shop.ftemaximal.com\/pt\/wp-json\/wp\/v2\/product_tag?post=12574"}],"curies":[{"name":"wp","href":"https:\/\/api.w.org\/{rel}","templated":true}]}}