{"id":12556,"date":"2024-12-03T15:41:02","date_gmt":"2024-12-03T14:41:02","guid":{"rendered":"https:\/\/shop.ftemaximal.com\/?post_type=product&#038;p=12556"},"modified":"2024-12-03T15:42:27","modified_gmt":"2024-12-03T14:42:27","slug":"prolongador-coaxial-akb-serie-l-con-conector-iec-9-5-mm","status":"publish","type":"product","link":"https:\/\/shop.ftemaximal.com\/pt\/product\/prolongador-coaxial-akb-serie-l-con-conector-iec-9-5-mm\/","title":{"rendered":"Prolongador coaxial AKB serie L con conector IEC 9.5 mm"},"content":{"rendered":"<p>La serie AKB son\u00a0<strong><a href=\"https:\/\/ftemaximal.com\/images\/files\/noticias_novedades\/2014\/pdf\/prolongadores.pdf\" target=\"_blank\" rel=\"noopener\" title=\"\">prolongadores coaxiales Lte\u00a0blindados<\/a><\/strong>\u00a0y con identidad propia.<\/p>\n\n\n\n<p>Varios formatos hasta 5 m de Longitud.<\/p>\n\n\n\n<h3 class=\"wp-block-heading\">Prolongadores con conector IEC 9,5 mm<\/h3>\n\n\n\n<figure class=\"wp-block-table is-style-stripes\"><table class=\"has-fixed-layout\"><tbody><tr><th>&nbsp;<\/th><th>AKB 150 &nbsp;<img data-recalc-dims=\"1\" decoding=\"async\" alt=\"\" height=\"25\" src=\"https:\/\/i0.wp.com\/www.ftemaximal.com\/images\/files\/producto\/domestico\/accesorios\/Lte-claseA.jpg?resize=57%2C25\" width=\"57\"><\/th><th><a href=\"http:\/\/ftemaximal.com\/soporte-servicios\/documentacion-tecnica\/domestico\/accesorios-12\/prolongadores-1\/akb-150-l\">AKB 150 L<\/a><strong>&nbsp;&nbsp;<\/strong><img data-recalc-dims=\"1\" decoding=\"async\" alt=\"\" height=\"25\" src=\"https:\/\/i0.wp.com\/www.ftemaximal.com\/images\/files\/producto\/domestico\/accesorios\/Lte-claseA.jpg?resize=57%2C25\" width=\"57\"><\/th><\/tr><tr><td><strong>C\u00f3digo<\/strong><\/td><td>0901005<\/td><td>0901066<\/td><\/tr><tr><td><strong>Conectores<\/strong><\/td><td>IEC macho<br>IEC hembra<\/td><td>180\u00ba IEC macho<br>180\u00ba IEC hembra<\/td><\/tr><tr><td><strong>Tipo<\/strong><\/td><td>&#8211;<\/td><td>Tri-shield<\/td><\/tr><tr><td><strong>Longitud<\/strong><\/td><td>1.5 m<\/td><td>1.5 m<\/td><\/tr><tr><td><strong>Conductor interior (mm) \u00f8<\/strong><\/td><td>0.7 CCA<\/td><td>1.0 Cu<\/td><\/tr><tr><td><strong>Di\u00e1metro diel\u00e9ctrico (mm) \u00f8<\/strong><\/td><td>3 PE<\/td><td>4.6 PE<\/td><\/tr><tr><td><strong>Di\u00e1metro exterior (mm) \u00f8<\/strong><\/td><td>5<\/td><td>7.06<\/td><\/tr><tr><td><strong>Cubierta exterior<\/strong><\/td><td>PVC blanco<\/td><td>PVC blanco<\/td><\/tr><tr><td><strong>Impedancia<\/strong><\/td><td>75 Ohms<\/td><td>75 Ohms<\/td><\/tr><\/tbody><\/table><\/figure>\n\n\n\n<p><br><br><img data-recalc-dims=\"1\" decoding=\"async\" alt=\"\" src=\"https:\/\/i0.wp.com\/www.ftemaximal.com\/images\/files\/producto\/domestico\/accesorios\/AKB_150L.jpg?w=1170\">AKB 150 L<br><br><br>&nbsp;<\/p>\n\n\n\n<figure class=\"wp-block-table is-style-stripes\"><table class=\"has-fixed-layout\"><tbody><tr><td>&nbsp;<\/td><th>AKB 250&nbsp;&nbsp;<img data-recalc-dims=\"1\" decoding=\"async\" alt=\"\" height=\"25\" src=\"https:\/\/i0.wp.com\/www.ftemaximal.com\/images\/files\/producto\/domestico\/accesorios\/Lte-claseA.jpg?resize=57%2C25\" width=\"57\"><\/th><th><strong>AKB 250 L<\/strong><a href=\"http:\/\/ftemaximal.com\/soporte-servicios\/documentacion-tecnica\/domestico\/accesorios-12\/prolongadores-1\/akss-150-l\">&nbsp;<\/a>&nbsp;<img data-recalc-dims=\"1\" decoding=\"async\" alt=\"\" height=\"25\" src=\"https:\/\/i0.wp.com\/www.ftemaximal.com\/images\/files\/producto\/domestico\/accesorios\/Lte-claseA.jpg?resize=57%2C25\" width=\"57\"><\/th><\/tr><tr><td><strong>C\u00f3digo<\/strong><\/td><td>0901010<\/td><td>0901070<\/td><\/tr><tr><td><strong>Conectores<\/strong><\/td><td>F macho \u2013 F hembra<\/td><td>F macho \u2013 F macho<\/td><\/tr><tr><td><strong>Tipo<\/strong><\/td><td>Tri-shield<\/td><td>Tri-shield<\/td><\/tr><tr><td><strong>Longitud<\/strong><\/td><td>1.5 m<\/td><td>1.5 m<\/td><\/tr><tr><td><strong>Conductor interior (mm) \u00f8<\/strong><\/td><td>1.0 Cu<\/td><td>1.0 Cu<\/td><\/tr><tr><td><strong>Di\u00e1metro diel\u00e9ctrico (mm) \u00f8<\/strong><\/td><td>4.6 PE<\/td><td>4.6 PE<\/td><\/tr><tr><td><strong>Di\u00e1metro exterior (mm) \u00f8<\/strong><\/td><td>7.06<\/td><td>7.06<\/td><\/tr><tr><td><strong>Cubierta exterior<\/strong><\/td><td>PVC blanco<\/td><td>PVC blanco<\/td><\/tr><tr><td><strong>Impedancia<\/strong><\/td><td>75 Ohms<\/td><td>75 Ohms<\/td><\/tr><\/tbody><\/table><\/figure>\n\n\n\n<p><br><img data-recalc-dims=\"1\" decoding=\"async\" alt=\"\" src=\"https:\/\/i0.wp.com\/ftemaximal.com\/images\/files\/producto\/domestico\/accesorios\/AKB_250L.jpg?w=1170&#038;ssl=1\">AKB 250 L<br><br>&nbsp;<\/p>\n\n\n\n<figure class=\"wp-block-table is-style-stripes\"><table class=\"has-fixed-layout\"><tbody><tr><th>&nbsp;<\/th><th>AKB 500&nbsp;&nbsp;<img data-recalc-dims=\"1\" decoding=\"async\" alt=\"\" height=\"25\" src=\"https:\/\/i0.wp.com\/www.ftemaximal.com\/images\/files\/producto\/domestico\/accesorios\/Lte-claseA.jpg?resize=57%2C25\" width=\"57\"><\/th><th>AKB 500 L<strong>&nbsp;&nbsp;<\/strong><img data-recalc-dims=\"1\" decoding=\"async\" alt=\"\" height=\"25\" src=\"https:\/\/i0.wp.com\/www.ftemaximal.com\/images\/files\/producto\/domestico\/accesorios\/Lte-claseA.jpg?resize=57%2C25\" width=\"57\"><\/th><\/tr><tr><td><strong>C\u00f3digo<\/strong><\/td><td>0901005<\/td><td>0901066<\/td><\/tr><tr><td><strong>Conectores<\/strong><\/td><td>IEC macho &#8211; IEC hembra<\/td><td>F macho \u2013 F macho<\/td><\/tr><tr><td><strong>Tipo<\/strong><\/td><td>&#8211;<\/td><td>Tri-shield<\/td><\/tr><tr><td><strong>Longitud<\/strong><\/td><td>5 m<\/td><td>5 m<\/td><\/tr><tr><td><strong>Conductor interior (mm) \u00f8<\/strong><\/td><td>0.7 CCA<\/td><td>1.0 Cu<\/td><\/tr><tr><td><strong>Di\u00e1metro diel\u00e9ctrico (mm) \u00f8<\/strong><\/td><td>3 PE<\/td><td>4.6 PE<\/td><\/tr><tr><td><strong>Di\u00e1metro exterior (mm) \u00f8<\/strong><\/td><td>5<\/td><td>7.06<\/td><\/tr><tr><td><strong>Cubierta exterior<\/strong><\/td><td>PVC blanco<\/td><td>PVC blanco<\/td><\/tr><tr><td><strong>Impedancia<\/strong><\/td><td>75 Ohms<\/td><td>75 Ohms<\/td><\/tr><\/tbody><\/table><\/figure>\n\n\n\n<p><br><br><img data-recalc-dims=\"1\" decoding=\"async\" alt=\"\" src=\"https:\/\/i0.wp.com\/ftemaximal.com\/images\/files\/producto\/domestico\/accesorios\/AKB_500L.jpg?w=1170&#038;ssl=1\">AKB 500 L<br><br>&nbsp;<\/p>","protected":false},"excerpt":{"rendered":"<p>La serie AKB son\u00a0prolongadores coaxiales Lte\u00a0blindados\u00a0y con identidad propia. Varios formatos hasta 5 m de Longitud. Prolongadores con conector IEC 9,5 mm &nbsp; AKB 150 &nbsp; AKB 150 L&nbsp;&nbsp; C\u00f3digo 0901005 0901066 Conectores IEC machoIEC hembra 180\u00ba IEC macho180\u00ba IEC hembra Tipo &#8211; Tri-shield Longitud 1.5 m 1.5 m Conductor interior (mm) \u00f8 0.7 CCA [&hellip;]<\/p>\n","protected":false},"featured_media":12585,"comment_status":"open","ping_status":"closed","template":"","meta":[],"pwb-brand":[],"product_brand":[],"product_cat":[258],"product_tag":[],"class_list":{"0":"post-12556","1":"product","2":"type-product","3":"status-publish","4":"has-post-thumbnail","6":"product_cat-prolongadores","8":"first","9":"instock","10":"taxable","11":"shipping-taxable","12":"purchasable","13":"product-type-variable","14":"has-default-attributes"},"aioseo_notices":[],"brands":[],"_links":{"self":[{"href":"https:\/\/shop.ftemaximal.com\/pt\/wp-json\/wp\/v2\/product\/12556","targetHints":{"allow":["GET"]}}],"collection":[{"href":"https:\/\/shop.ftemaximal.com\/pt\/wp-json\/wp\/v2\/product"}],"about":[{"href":"https:\/\/shop.ftemaximal.com\/pt\/wp-json\/wp\/v2\/types\/product"}],"replies":[{"embeddable":true,"href":"https:\/\/shop.ftemaximal.com\/pt\/wp-json\/wp\/v2\/comments?post=12556"}],"wp:featuredmedia":[{"embeddable":true,"href":"https:\/\/shop.ftemaximal.com\/pt\/wp-json\/wp\/v2\/media\/12585"}],"wp:attachment":[{"href":"https:\/\/shop.ftemaximal.com\/pt\/wp-json\/wp\/v2\/media?parent=12556"}],"wp:term":[{"taxonomy":"pwb-brand","embeddable":true,"href":"https:\/\/shop.ftemaximal.com\/pt\/wp-json\/wp\/v2\/pwb-brand?post=12556"},{"taxonomy":"product_brand","embeddable":true,"href":"https:\/\/shop.ftemaximal.com\/pt\/wp-json\/wp\/v2\/product_brand?post=12556"},{"taxonomy":"product_cat","embeddable":true,"href":"https:\/\/shop.ftemaximal.com\/pt\/wp-json\/wp\/v2\/product_cat?post=12556"},{"taxonomy":"product_tag","embeddable":true,"href":"https:\/\/shop.ftemaximal.com\/pt\/wp-json\/wp\/v2\/product_tag?post=12556"}],"curies":[{"name":"wp","href":"https:\/\/api.w.org\/{rel}","templated":true}]}}