{"id":12531,"date":"2024-11-26T16:45:36","date_gmt":"2024-11-26T15:45:36","guid":{"rendered":"https:\/\/shop.ftemaximal.com\/?post_type=product&#038;p=12531"},"modified":"2024-11-26T17:11:59","modified_gmt":"2024-11-26T16:11:59","slug":"cable-hdmi-certificado-hdmi2","status":"publish","type":"product","link":"https:\/\/shop.ftemaximal.com\/pt\/product\/cable-hdmi-certificado-hdmi2\/","title":{"rendered":"Cable HDMI certificado HDMI2"},"content":{"rendered":"<p>Nueva versi\u00f3n de<strong>\u00a0cables HDMI 2.0 en diferentes longitudes 1.5, 3, 5, 10, 15 y 20 metros\u00a0<\/strong>mediante la nueva familia\u00a0<strong>HDMI2<\/strong> que sacar\u00e1 el m\u00e1ximo partido de los equipos de imagen y sonido.<\/p>\n\n\n\n<div class=\"wp-block-media-text is-stacked-on-mobile\"><figure class=\"wp-block-media-text__media\"><img data-recalc-dims=\"1\" fetchpriority=\"high\" decoding=\"async\" width=\"400\" height=\"355\" src=\"https:\/\/i0.wp.com\/shop.ftemaximal.com\/wp-content\/uploads\/2024\/11\/base_hdmi2.jpg?resize=400%2C355&#038;ssl=1\" alt=\"\" class=\"wp-image-12546 size-full\" srcset=\"https:\/\/i0.wp.com\/shop.ftemaximal.com\/wp-content\/uploads\/2024\/11\/base_hdmi2.jpg?w=400&amp;ssl=1 400w, https:\/\/i0.wp.com\/shop.ftemaximal.com\/wp-content\/uploads\/2024\/11\/base_hdmi2.jpg?resize=300%2C266&amp;ssl=1 300w, https:\/\/i0.wp.com\/shop.ftemaximal.com\/wp-content\/uploads\/2024\/11\/base_hdmi2.jpg?resize=14%2C12&amp;ssl=1 14w, https:\/\/i0.wp.com\/shop.ftemaximal.com\/wp-content\/uploads\/2024\/11\/base_hdmi2.jpg?resize=150%2C133&amp;ssl=1 150w\" sizes=\"(max-width: 400px) 100vw, 400px\" \/><\/figure><div class=\"wp-block-media-text__content\">\n<p>Para extraer todo el potencial de los televisores que ya est\u00e1n inundando el mercado en 4K o UHD, la \u00faltima versi\u00f3n de cable HDMI que ofrec\u00eda Fte hasta el momento, la 1.4, era capaz de soportar resoluciones Full HD con 60fps y 4K a 30fps, suficientes para las pel\u00edculas y emisiones actuales pero no para las<strong>\u00a0im\u00e1genes 4k a 60fps\u00a0<\/strong>que tendremos en un futuro muy cercano, y que pueden transmitirse en su total capacidad con la nueva familia de cables HDMI2 en versi\u00f3n HDMI 2.0 gracias a su\u00a0<strong>mayor ancho de banda de 18 Gbps\u00a0<\/strong>frente a los 10,2 Gbps de HDMI 1.4.<\/p>\n<\/div><\/div>\n\n\n\n<p>Este\u00a0<strong>aumento en la velocidad m\u00e1xima de datos\u00a0<\/strong>que es capaz de transmitir el HDMI 2.0 lo convierten en el mejor candidato para grabaciones en tiempo real de hasta 50 o 60 im\u00e1genes por segundo frente a las 30 de la versi\u00f3n 1.4 para la resoluci\u00f3n de 4K. Gracias a ello se podr\u00e1n tener pel\u00edculas, conciertos y juegos que se mostrar\u00e1n mucho m\u00e1s fluidos y reales.<\/p>\n\n\n\n<p>Adem\u00e1s de aumentar el ancho de banda, con la nueva familia\u00a0<strong>HDMI2 tambi\u00e9n se mejora el sonido,<\/strong>\u00a0pues soporta hasta 32 canales de audio al mismo tiempo.<\/p>\n\n\n\n<p>Otro de los saltos cualitativos que ofrece HDMI 2.0:<strong>\u00a0es\u00a0compatible con la tecnolog\u00eda HDR\u00a0<\/strong>lo que permite aumentar la calidad tanto de los blancos como de los negros de una imagen. El resultado mejora el realismo, al ajustarse de forma m\u00e1s natural a lo que el ojo humano distingue a simple vista.<\/p>\n\n\n\n<h2 class=\"wp-block-heading\">Caracter\u00edsticas t\u00e9cnicas<\/h2>\n\n\n\n<figure class=\"wp-block-image size-large\"><img data-recalc-dims=\"1\" decoding=\"async\" width=\"1024\" height=\"456\" src=\"https:\/\/i0.wp.com\/shop.ftemaximal.com\/wp-content\/uploads\/2024\/11\/Captura-de-pantalla-2024-11-26-a-las-16.50.49.png?resize=1024%2C456&#038;ssl=1\" alt=\"\" class=\"wp-image-12537\" srcset=\"https:\/\/i0.wp.com\/shop.ftemaximal.com\/wp-content\/uploads\/2024\/11\/Captura-de-pantalla-2024-11-26-a-las-16.50.49.png?resize=1024%2C456&amp;ssl=1 1024w, https:\/\/i0.wp.com\/shop.ftemaximal.com\/wp-content\/uploads\/2024\/11\/Captura-de-pantalla-2024-11-26-a-las-16.50.49.png?resize=300%2C134&amp;ssl=1 300w, https:\/\/i0.wp.com\/shop.ftemaximal.com\/wp-content\/uploads\/2024\/11\/Captura-de-pantalla-2024-11-26-a-las-16.50.49.png?resize=768%2C342&amp;ssl=1 768w, https:\/\/i0.wp.com\/shop.ftemaximal.com\/wp-content\/uploads\/2024\/11\/Captura-de-pantalla-2024-11-26-a-las-16.50.49.png?resize=1536%2C685&amp;ssl=1 1536w, https:\/\/i0.wp.com\/shop.ftemaximal.com\/wp-content\/uploads\/2024\/11\/Captura-de-pantalla-2024-11-26-a-las-16.50.49.png?resize=2048%2C913&amp;ssl=1 2048w, https:\/\/i0.wp.com\/shop.ftemaximal.com\/wp-content\/uploads\/2024\/11\/Captura-de-pantalla-2024-11-26-a-las-16.50.49.png?resize=18%2C8&amp;ssl=1 18w, https:\/\/i0.wp.com\/shop.ftemaximal.com\/wp-content\/uploads\/2024\/11\/Captura-de-pantalla-2024-11-26-a-las-16.50.49.png?resize=990%2C441&amp;ssl=1 990w, https:\/\/i0.wp.com\/shop.ftemaximal.com\/wp-content\/uploads\/2024\/11\/Captura-de-pantalla-2024-11-26-a-las-16.50.49.png?resize=441%2C197&amp;ssl=1 441w, https:\/\/i0.wp.com\/shop.ftemaximal.com\/wp-content\/uploads\/2024\/11\/Captura-de-pantalla-2024-11-26-a-las-16.50.49.png?resize=800%2C357&amp;ssl=1 800w, https:\/\/i0.wp.com\/shop.ftemaximal.com\/wp-content\/uploads\/2024\/11\/Captura-de-pantalla-2024-11-26-a-las-16.50.49.png?resize=150%2C67&amp;ssl=1 150w, https:\/\/i0.wp.com\/shop.ftemaximal.com\/wp-content\/uploads\/2024\/11\/Captura-de-pantalla-2024-11-26-a-las-16.50.49.png?w=2340&amp;ssl=1 2340w\" sizes=\"(max-width: 1024px) 100vw, 1024px\" \/><\/figure>\n\n\n\n<figure class=\"wp-block-image size-large\"><img data-recalc-dims=\"1\" decoding=\"async\" width=\"1024\" height=\"429\" src=\"https:\/\/i0.wp.com\/shop.ftemaximal.com\/wp-content\/uploads\/2024\/11\/Captura-de-pantalla-2024-11-26-a-las-16.50.59.png?resize=1024%2C429&#038;ssl=1\" alt=\"\" class=\"wp-image-12538\" srcset=\"https:\/\/i0.wp.com\/shop.ftemaximal.com\/wp-content\/uploads\/2024\/11\/Captura-de-pantalla-2024-11-26-a-las-16.50.59.png?resize=1024%2C429&amp;ssl=1 1024w, https:\/\/i0.wp.com\/shop.ftemaximal.com\/wp-content\/uploads\/2024\/11\/Captura-de-pantalla-2024-11-26-a-las-16.50.59.png?resize=300%2C126&amp;ssl=1 300w, https:\/\/i0.wp.com\/shop.ftemaximal.com\/wp-content\/uploads\/2024\/11\/Captura-de-pantalla-2024-11-26-a-las-16.50.59.png?resize=768%2C321&amp;ssl=1 768w, https:\/\/i0.wp.com\/shop.ftemaximal.com\/wp-content\/uploads\/2024\/11\/Captura-de-pantalla-2024-11-26-a-las-16.50.59.png?resize=1536%2C643&amp;ssl=1 1536w, https:\/\/i0.wp.com\/shop.ftemaximal.com\/wp-content\/uploads\/2024\/11\/Captura-de-pantalla-2024-11-26-a-las-16.50.59.png?resize=2048%2C857&amp;ssl=1 2048w, https:\/\/i0.wp.com\/shop.ftemaximal.com\/wp-content\/uploads\/2024\/11\/Captura-de-pantalla-2024-11-26-a-las-16.50.59.png?resize=18%2C8&amp;ssl=1 18w, https:\/\/i0.wp.com\/shop.ftemaximal.com\/wp-content\/uploads\/2024\/11\/Captura-de-pantalla-2024-11-26-a-las-16.50.59.png?resize=990%2C414&amp;ssl=1 990w, https:\/\/i0.wp.com\/shop.ftemaximal.com\/wp-content\/uploads\/2024\/11\/Captura-de-pantalla-2024-11-26-a-las-16.50.59.png?resize=441%2C185&amp;ssl=1 441w, https:\/\/i0.wp.com\/shop.ftemaximal.com\/wp-content\/uploads\/2024\/11\/Captura-de-pantalla-2024-11-26-a-las-16.50.59.png?resize=800%2C335&amp;ssl=1 800w, https:\/\/i0.wp.com\/shop.ftemaximal.com\/wp-content\/uploads\/2024\/11\/Captura-de-pantalla-2024-11-26-a-las-16.50.59.png?resize=150%2C63&amp;ssl=1 150w, https:\/\/i0.wp.com\/shop.ftemaximal.com\/wp-content\/uploads\/2024\/11\/Captura-de-pantalla-2024-11-26-a-las-16.50.59.png?w=2340&amp;ssl=1 2340w\" sizes=\"(max-width: 1024px) 100vw, 1024px\" \/><\/figure>","protected":false},"excerpt":{"rendered":"<p>Nueva versi\u00f3n de\u00a0cables HDMI 2.0 en diferentes longitudes 1.5, 3, 5, 10, 15 y 20 metros\u00a0mediante la nueva familia\u00a0HDMI2 que sacar\u00e1 el m\u00e1ximo partido de los equipos de imagen y sonido.<\/p>","protected":false},"featured_media":12544,"comment_status":"open","ping_status":"closed","template":"","meta":[],"pwb-brand":[82],"product_brand":[],"product_cat":[266],"product_tag":[],"class_list":{"0":"post-12531","1":"product","2":"type-product","3":"status-publish","4":"has-post-thumbnail","6":"pwb-brand-fte-maximal","7":"product_cat-cablesaudiovideo","9":"first","10":"instock","11":"taxable","12":"shipping-taxable","13":"purchasable","14":"product-type-variable"},"aioseo_notices":[],"brands":[{"id":82,"name":"Fte Maximal","slug":"fte-maximal"}],"_links":{"self":[{"href":"https:\/\/shop.ftemaximal.com\/pt\/wp-json\/wp\/v2\/product\/12531","targetHints":{"allow":["GET"]}}],"collection":[{"href":"https:\/\/shop.ftemaximal.com\/pt\/wp-json\/wp\/v2\/product"}],"about":[{"href":"https:\/\/shop.ftemaximal.com\/pt\/wp-json\/wp\/v2\/types\/product"}],"replies":[{"embeddable":true,"href":"https:\/\/shop.ftemaximal.com\/pt\/wp-json\/wp\/v2\/comments?post=12531"}],"wp:featuredmedia":[{"embeddable":true,"href":"https:\/\/shop.ftemaximal.com\/pt\/wp-json\/wp\/v2\/media\/12544"}],"wp:attachment":[{"href":"https:\/\/shop.ftemaximal.com\/pt\/wp-json\/wp\/v2\/media?parent=12531"}],"wp:term":[{"taxonomy":"pwb-brand","embeddable":true,"href":"https:\/\/shop.ftemaximal.com\/pt\/wp-json\/wp\/v2\/pwb-brand?post=12531"},{"taxonomy":"product_brand","embeddable":true,"href":"https:\/\/shop.ftemaximal.com\/pt\/wp-json\/wp\/v2\/product_brand?post=12531"},{"taxonomy":"product_cat","embeddable":true,"href":"https:\/\/shop.ftemaximal.com\/pt\/wp-json\/wp\/v2\/product_cat?post=12531"},{"taxonomy":"product_tag","embeddable":true,"href":"https:\/\/shop.ftemaximal.com\/pt\/wp-json\/wp\/v2\/product_tag?post=12531"}],"curies":[{"name":"wp","href":"https:\/\/api.w.org\/{rel}","templated":true}]}}