{"id":12518,"date":"2024-11-26T16:01:05","date_gmt":"2024-11-26T15:01:05","guid":{"rendered":"https:\/\/shop.ftemaximal.com\/?post_type=product&#038;p=12518"},"modified":"2024-11-26T16:19:31","modified_gmt":"2024-11-26T15:19:31","slug":"latiguillo-de-red-cat-6-f-utp","status":"publish","type":"product","link":"https:\/\/shop.ftemaximal.com\/pt\/product\/latiguillo-de-red-cat-6-f-utp\/","title":{"rendered":"Latiguillo de red Cat 6 F\/UTP"},"content":{"rendered":"<p>Latiguillo de red PC-6-F-MT-xxY (xx es la longitud).La categor\u00eda del cable es Cat 6 libre de hal\u00f3genos , retardante de llama. El apuntalamiento global consta de una l\u00e1mina de aluminio. Se encuentra disponible en diferentes longitudes que van desde los 0.5 metros a los 10 metros de longitud.<\/p>\n\n\n\n<h2 class=\"wp-block-heading\">Caracter\u00edsticas t\u00e9cnicas<\/h2>\n\n\n\n<figure class=\"wp-block-image size-large\"><img data-recalc-dims=\"1\" fetchpriority=\"high\" decoding=\"async\" width=\"1024\" height=\"793\" src=\"https:\/\/i0.wp.com\/shop.ftemaximal.com\/wp-content\/uploads\/2024\/11\/Captura-de-pantalla-2024-11-26-a-las-16.04.06.png?resize=1024%2C793&#038;ssl=1\" alt=\"\" class=\"wp-image-12528\" srcset=\"https:\/\/i0.wp.com\/shop.ftemaximal.com\/wp-content\/uploads\/2024\/11\/Captura-de-pantalla-2024-11-26-a-las-16.04.06.png?resize=1024%2C793&amp;ssl=1 1024w, https:\/\/i0.wp.com\/shop.ftemaximal.com\/wp-content\/uploads\/2024\/11\/Captura-de-pantalla-2024-11-26-a-las-16.04.06.png?resize=300%2C232&amp;ssl=1 300w, https:\/\/i0.wp.com\/shop.ftemaximal.com\/wp-content\/uploads\/2024\/11\/Captura-de-pantalla-2024-11-26-a-las-16.04.06.png?resize=768%2C595&amp;ssl=1 768w, https:\/\/i0.wp.com\/shop.ftemaximal.com\/wp-content\/uploads\/2024\/11\/Captura-de-pantalla-2024-11-26-a-las-16.04.06.png?resize=1536%2C1189&amp;ssl=1 1536w, https:\/\/i0.wp.com\/shop.ftemaximal.com\/wp-content\/uploads\/2024\/11\/Captura-de-pantalla-2024-11-26-a-las-16.04.06.png?resize=16%2C12&amp;ssl=1 16w, https:\/\/i0.wp.com\/shop.ftemaximal.com\/wp-content\/uploads\/2024\/11\/Captura-de-pantalla-2024-11-26-a-las-16.04.06.png?resize=990%2C766&amp;ssl=1 990w, https:\/\/i0.wp.com\/shop.ftemaximal.com\/wp-content\/uploads\/2024\/11\/Captura-de-pantalla-2024-11-26-a-las-16.04.06.png?resize=441%2C341&amp;ssl=1 441w, https:\/\/i0.wp.com\/shop.ftemaximal.com\/wp-content\/uploads\/2024\/11\/Captura-de-pantalla-2024-11-26-a-las-16.04.06.png?resize=800%2C619&amp;ssl=1 800w, https:\/\/i0.wp.com\/shop.ftemaximal.com\/wp-content\/uploads\/2024\/11\/Captura-de-pantalla-2024-11-26-a-las-16.04.06.png?resize=150%2C116&amp;ssl=1 150w, https:\/\/i0.wp.com\/shop.ftemaximal.com\/wp-content\/uploads\/2024\/11\/Captura-de-pantalla-2024-11-26-a-las-16.04.06.png?w=1904&amp;ssl=1 1904w\" sizes=\"(max-width: 1024px) 100vw, 1024px\" \/><\/figure>\n\n\n\n<figure class=\"wp-block-image size-full\"><a href=\"http:\/\/www.ftemaximal.com\/images\/files\/soporte-servicios\/Documentacion-tecnica\/CEPC-6-F-MT-XGY.pdf\" target=\"_blank\" rel=\" noreferrer noopener\"><img data-recalc-dims=\"1\" decoding=\"async\" width=\"80\" height=\"107\" src=\"https:\/\/i0.wp.com\/shop.ftemaximal.com\/wp-content\/uploads\/2023\/06\/pdf.png?resize=80%2C107&#038;ssl=1\" alt=\"\" class=\"wp-image-10853\" srcset=\"https:\/\/i0.wp.com\/shop.ftemaximal.com\/wp-content\/uploads\/2023\/06\/pdf.png?w=80&amp;ssl=1 80w, https:\/\/i0.wp.com\/shop.ftemaximal.com\/wp-content\/uploads\/2023\/06\/pdf.png?resize=9%2C12&amp;ssl=1 9w\" sizes=\"(max-width: 80px) 100vw, 80px\" \/><\/a><\/figure>\n\n\n\n<p><a href=\"http:\/\/www.ftemaximal.com\/images\/files\/soporte-servicios\/Documentacion-tecnica\/CEPC-6-F-MT-XGY.pdf\" target=\"_blank\" rel=\"noopener\" title=\"\">Declaraci\u00f3n CE<\/a><\/p>","protected":false},"excerpt":{"rendered":"<p>La categor\u00eda del cable es Cat 6 libre de hal\u00f3genos, retardante de llama. Diferentes longitudes disponibles desde los 0.5 metros a los 10 metros.<\/p>","protected":false},"featured_media":12527,"comment_status":"open","ping_status":"closed","template":"","meta":[],"pwb-brand":[82],"product_brand":[],"product_cat":[257],"product_tag":[],"class_list":{"0":"post-12518","1":"product","2":"type-product","3":"status-publish","4":"has-post-thumbnail","6":"pwb-brand-fte-maximal","7":"product_cat-cablesredcat6","9":"first","10":"instock","11":"taxable","12":"shipping-taxable","13":"purchasable","14":"product-type-variable"},"aioseo_notices":[],"brands":[{"id":82,"name":"Fte Maximal","slug":"fte-maximal"}],"_links":{"self":[{"href":"https:\/\/shop.ftemaximal.com\/pt\/wp-json\/wp\/v2\/product\/12518","targetHints":{"allow":["GET"]}}],"collection":[{"href":"https:\/\/shop.ftemaximal.com\/pt\/wp-json\/wp\/v2\/product"}],"about":[{"href":"https:\/\/shop.ftemaximal.com\/pt\/wp-json\/wp\/v2\/types\/product"}],"replies":[{"embeddable":true,"href":"https:\/\/shop.ftemaximal.com\/pt\/wp-json\/wp\/v2\/comments?post=12518"}],"wp:featuredmedia":[{"embeddable":true,"href":"https:\/\/shop.ftemaximal.com\/pt\/wp-json\/wp\/v2\/media\/12527"}],"wp:attachment":[{"href":"https:\/\/shop.ftemaximal.com\/pt\/wp-json\/wp\/v2\/media?parent=12518"}],"wp:term":[{"taxonomy":"pwb-brand","embeddable":true,"href":"https:\/\/shop.ftemaximal.com\/pt\/wp-json\/wp\/v2\/pwb-brand?post=12518"},{"taxonomy":"product_brand","embeddable":true,"href":"https:\/\/shop.ftemaximal.com\/pt\/wp-json\/wp\/v2\/product_brand?post=12518"},{"taxonomy":"product_cat","embeddable":true,"href":"https:\/\/shop.ftemaximal.com\/pt\/wp-json\/wp\/v2\/product_cat?post=12518"},{"taxonomy":"product_tag","embeddable":true,"href":"https:\/\/shop.ftemaximal.com\/pt\/wp-json\/wp\/v2\/product_tag?post=12518"}],"curies":[{"name":"wp","href":"https:\/\/api.w.org\/{rel}","templated":true}]}}