{"id":12484,"date":"2024-11-25T13:19:31","date_gmt":"2024-11-25T12:19:31","guid":{"rendered":"https:\/\/shop.ftemaximal.com\/?post_type=product&#038;p=12484"},"modified":"2025-07-14T13:01:40","modified_gmt":"2025-07-14T11:01:40","slug":"extreme-hd-mini","status":"publish","type":"product","link":"https:\/\/shop.ftemaximal.com\/pt\/product\/extreme-hd-mini\/","title":{"rendered":"Receptor digital sat\u00e9lite eXtreme HD mini"},"content":{"rendered":"<h3 class=\"wp-block-heading\">Receptor Digital Sat\u00e9lite Alta definici\u00f3n.<\/h3>\n\n\n\n<p>  Su peque\u00f1o tama\u00f1o te permitir\u00e1 la visualizaci\u00f3n de emisiones sat\u00e9lites de alta definici\u00f3n en cualquier TV de casa de una manera totalmente discreta. Puede quedar oculto tras la pantalla de tu TV dejando solamente visible el extensor receptor de infrarrojos para el correcto funcionamiento del mando a distancia. <\/p>\n\n\n\n<h2 class=\"wp-block-heading\">CARACTER\u00cdSTICAS T\u00c9CNICAS<\/h2>\n\n\n\n<figure class=\"wp-block-table is-style-stripes\"><table class=\"has-fixed-layout\"><tbody><tr><td>Full HD: admite resoluci\u00f3n HD <br>hasta 1080 \/ p<\/td><td>Unicable y DiSEqC<br>1.0 \/ 1.1 \/ 1.2<\/td><td>1 x fuente de alimentaci\u00f3n 12 VDC<br>(a trav\u00e9s de una unidad de fuente de alimentaci\u00f3n externa)<\/td><\/tr><tr><td>32 listas de favoritos programables<\/td><td>Listas de programas de radio y<br>televisi\u00f3n preinstaladas<\/td><td>1 x HDMI (con HDCP)<\/td><\/tr><tr><td>Reproductor multimedia USB<\/td><td>Gu\u00eda electr\u00f3nica de programas (EPG)<\/td><td>(EPG) 1 x USB 2.0 (max. 500 mA)<\/td><\/tr><tr><td>Soporte de 12 V CC para funcionamiento m\u00f3vil<\/td><td>Actualizaci\u00f3n de software a trav\u00e9s de USB<\/td><td>B 1 x entrada LNB IF (conector tipo F 200mA max.)<\/td><\/tr><tr><td>Soporta hasta 2000 canales<\/td><td>10 temporizadores programables<\/td><td>1x salida jack A\/V mediante cable adaptador<\/td><\/tr><tr><td>Bloqueo para ni\u00f1os, temporizador de apagado automatico<\/td><td>11 idiomas de men\u00fa<\/td><td>1 x pantalla LED externa con receptores<br>de infrarrojos<\/td><\/tr><\/tbody><\/table><\/figure>\n\n\n\n<figure class=\"wp-block-image size-large\"><img data-recalc-dims=\"1\" fetchpriority=\"high\" decoding=\"async\" width=\"1024\" height=\"201\" src=\"https:\/\/i0.wp.com\/shop.ftemaximal.com\/wp-content\/uploads\/2024\/11\/Captura-de-pantalla-2024-11-25-a-las-13.56.10.png?resize=1024%2C201&#038;ssl=1\" alt=\"\" class=\"wp-image-12488\" srcset=\"https:\/\/i0.wp.com\/shop.ftemaximal.com\/wp-content\/uploads\/2024\/11\/Captura-de-pantalla-2024-11-25-a-las-13.56.10.png?resize=1024%2C201&amp;ssl=1 1024w, https:\/\/i0.wp.com\/shop.ftemaximal.com\/wp-content\/uploads\/2024\/11\/Captura-de-pantalla-2024-11-25-a-las-13.56.10.png?resize=300%2C59&amp;ssl=1 300w, https:\/\/i0.wp.com\/shop.ftemaximal.com\/wp-content\/uploads\/2024\/11\/Captura-de-pantalla-2024-11-25-a-las-13.56.10.png?resize=768%2C150&amp;ssl=1 768w, https:\/\/i0.wp.com\/shop.ftemaximal.com\/wp-content\/uploads\/2024\/11\/Captura-de-pantalla-2024-11-25-a-las-13.56.10.png?resize=1536%2C301&amp;ssl=1 1536w, https:\/\/i0.wp.com\/shop.ftemaximal.com\/wp-content\/uploads\/2024\/11\/Captura-de-pantalla-2024-11-25-a-las-13.56.10.png?resize=2048%2C401&amp;ssl=1 2048w, https:\/\/i0.wp.com\/shop.ftemaximal.com\/wp-content\/uploads\/2024\/11\/Captura-de-pantalla-2024-11-25-a-las-13.56.10.png?resize=18%2C4&amp;ssl=1 18w, https:\/\/i0.wp.com\/shop.ftemaximal.com\/wp-content\/uploads\/2024\/11\/Captura-de-pantalla-2024-11-25-a-las-13.56.10.png?resize=990%2C194&amp;ssl=1 990w, https:\/\/i0.wp.com\/shop.ftemaximal.com\/wp-content\/uploads\/2024\/11\/Captura-de-pantalla-2024-11-25-a-las-13.56.10.png?resize=441%2C86&amp;ssl=1 441w, https:\/\/i0.wp.com\/shop.ftemaximal.com\/wp-content\/uploads\/2024\/11\/Captura-de-pantalla-2024-11-25-a-las-13.56.10.png?resize=800%2C157&amp;ssl=1 800w, https:\/\/i0.wp.com\/shop.ftemaximal.com\/wp-content\/uploads\/2024\/11\/Captura-de-pantalla-2024-11-25-a-las-13.56.10.png?resize=150%2C29&amp;ssl=1 150w, https:\/\/i0.wp.com\/shop.ftemaximal.com\/wp-content\/uploads\/2024\/11\/Captura-de-pantalla-2024-11-25-a-las-13.56.10.png?w=2340&amp;ssl=1 2340w\" sizes=\"(max-width: 1024px) 100vw, 1024px\" \/><\/figure>\n\n\n\n<figure class=\"wp-block-image\"><a href=\"http:\/\/ftemaximal.com\/images\/files\/soporte-servicios\/Documentacion-tecnica\/FTEXTREMEHDMINI_ES.pdf\"><img data-recalc-dims=\"1\" decoding=\"async\" src=\"https:\/\/i0.wp.com\/cdn02.plentymarkets.com\/obyl17va86cf\/frontend\/content_ids\/0_general\/logos\/pdf.png?w=1170&#038;ssl=1\" alt=\"Anleitung\"\/><\/a><\/figure>\n\n\n\n<p><a href=\"http:\/\/ftemaximal.com\/images\/files\/soporte-servicios\/Documentacion-tecnica\/FTEXTREMEHDMINI_ES.pdf\" target=\"_blank\" rel=\"noopener\" title=\"\">Ficha t\u00e9cnica<\/a><\/p>\n\n\n\n<p><\/p>","protected":false},"excerpt":{"rendered":"<p>Receptor Digital Sat\u00e9lite Alta definici\u00f3n. Su peque\u00f1o tama\u00f1o te permitir\u00e1 la visualizaci\u00f3n de emisiones sat\u00e9lites de alta definici\u00f3n en cualquier TV de casa de una manera totalmente discreta. Puede quedar oculto tras la pantalla de tu TV dejando solamente visible el extensor receptor de infrarrojos para el correcto funcionamiento del mando a distancia. CARACTER\u00cdSTICAS T\u00c9CNICAS [&hellip;]<\/p>\n","protected":false},"featured_media":12485,"comment_status":"open","ping_status":"closed","template":"","meta":[],"pwb-brand":[82],"product_brand":[],"product_cat":[252],"product_tag":[],"class_list":{"0":"post-12484","1":"product","2":"type-product","3":"status-publish","4":"has-post-thumbnail","6":"pwb-brand-fte-maximal","7":"product_cat-dvbs","9":"first","10":"instock","11":"featured","12":"taxable","13":"shipping-taxable","14":"purchasable","15":"product-type-simple"},"aioseo_notices":[],"brands":[{"id":82,"name":"Fte Maximal","slug":"fte-maximal"}],"_links":{"self":[{"href":"https:\/\/shop.ftemaximal.com\/pt\/wp-json\/wp\/v2\/product\/12484","targetHints":{"allow":["GET"]}}],"collection":[{"href":"https:\/\/shop.ftemaximal.com\/pt\/wp-json\/wp\/v2\/product"}],"about":[{"href":"https:\/\/shop.ftemaximal.com\/pt\/wp-json\/wp\/v2\/types\/product"}],"replies":[{"embeddable":true,"href":"https:\/\/shop.ftemaximal.com\/pt\/wp-json\/wp\/v2\/comments?post=12484"}],"wp:featuredmedia":[{"embeddable":true,"href":"https:\/\/shop.ftemaximal.com\/pt\/wp-json\/wp\/v2\/media\/12485"}],"wp:attachment":[{"href":"https:\/\/shop.ftemaximal.com\/pt\/wp-json\/wp\/v2\/media?parent=12484"}],"wp:term":[{"taxonomy":"pwb-brand","embeddable":true,"href":"https:\/\/shop.ftemaximal.com\/pt\/wp-json\/wp\/v2\/pwb-brand?post=12484"},{"taxonomy":"product_brand","embeddable":true,"href":"https:\/\/shop.ftemaximal.com\/pt\/wp-json\/wp\/v2\/product_brand?post=12484"},{"taxonomy":"product_cat","embeddable":true,"href":"https:\/\/shop.ftemaximal.com\/pt\/wp-json\/wp\/v2\/product_cat?post=12484"},{"taxonomy":"product_tag","embeddable":true,"href":"https:\/\/shop.ftemaximal.com\/pt\/wp-json\/wp\/v2\/product_tag?post=12484"}],"curies":[{"name":"wp","href":"https:\/\/api.w.org\/{rel}","templated":true}]}}