{"id":12452,"date":"2024-11-07T14:03:17","date_gmt":"2024-11-07T13:03:17","guid":{"rendered":"https:\/\/shop.ftemaximal.com\/?post_type=product&#038;p=12452"},"modified":"2025-11-04T10:48:43","modified_gmt":"2025-11-04T09:48:43","slug":"extreme-hd-compact","status":"publish","type":"product","link":"https:\/\/shop.ftemaximal.com\/pt\/product\/extreme-hd-compact\/","title":{"rendered":"receptor digital sat\u00e9lite eXtreme HD Compact"},"content":{"rendered":"<h3 class=\"wp-block-heading\">Receptor Digital Sat\u00e9lite Alta definici\u00f3n.<\/h3>\n\n\n\n<h2 class=\"wp-block-heading\">Caracter\u00edsticas t\u00e9cnicas<\/h2>\n\n\n\n<figure class=\"wp-block-table is-style-stripes\"><table class=\"has-fixed-layout\"><tbody><tr><td>Temporizador<\/td><td>TV-Radio<\/td><td>Salida HDMI<\/td><\/tr><tr><td>Canales libres FTA<\/td><td>Gu\u00eda electr\u00f3nica de programas (EPG)<\/td><td>Unicable1 y Unicable 2<\/td><\/tr><tr><td>Actualizaci\u00f3n por USB<\/td><td>1 euroconector<\/td><td>Reproductor de im\u00e1genes<\/td><\/tr><tr><td>OSD multi-lenguaje<\/td><td>DiSEqC 1.0, 1.1, 1.2 &#8211; GoToX<\/td><td>Reproductor m\u00fasica<\/td><\/tr><tr><td>Teletexto<\/td><td>3500 canales<\/td><td>Reproductor v\u00eddeo<\/td><\/tr><\/tbody><\/table><\/figure>\n\n\n\n<figure class=\"wp-block-image size-large\"><img data-recalc-dims=\"1\" fetchpriority=\"high\" decoding=\"async\" width=\"1024\" height=\"292\" src=\"https:\/\/i0.wp.com\/shop.ftemaximal.com\/wp-content\/uploads\/2024\/11\/Captura-de-pantalla-2024-11-28-a-las-10.44.45.png?resize=1024%2C292&#038;ssl=1\" alt=\"\" class=\"wp-image-12552\" srcset=\"https:\/\/i0.wp.com\/shop.ftemaximal.com\/wp-content\/uploads\/2024\/11\/Captura-de-pantalla-2024-11-28-a-las-10.44.45.png?resize=1024%2C292&amp;ssl=1 1024w, https:\/\/i0.wp.com\/shop.ftemaximal.com\/wp-content\/uploads\/2024\/11\/Captura-de-pantalla-2024-11-28-a-las-10.44.45.png?resize=300%2C85&amp;ssl=1 300w, https:\/\/i0.wp.com\/shop.ftemaximal.com\/wp-content\/uploads\/2024\/11\/Captura-de-pantalla-2024-11-28-a-las-10.44.45.png?resize=768%2C219&amp;ssl=1 768w, https:\/\/i0.wp.com\/shop.ftemaximal.com\/wp-content\/uploads\/2024\/11\/Captura-de-pantalla-2024-11-28-a-las-10.44.45.png?resize=1536%2C437&amp;ssl=1 1536w, https:\/\/i0.wp.com\/shop.ftemaximal.com\/wp-content\/uploads\/2024\/11\/Captura-de-pantalla-2024-11-28-a-las-10.44.45.png?resize=2048%2C583&amp;ssl=1 2048w, https:\/\/i0.wp.com\/shop.ftemaximal.com\/wp-content\/uploads\/2024\/11\/Captura-de-pantalla-2024-11-28-a-las-10.44.45.png?resize=18%2C5&amp;ssl=1 18w, https:\/\/i0.wp.com\/shop.ftemaximal.com\/wp-content\/uploads\/2024\/11\/Captura-de-pantalla-2024-11-28-a-las-10.44.45.png?resize=990%2C282&amp;ssl=1 990w, https:\/\/i0.wp.com\/shop.ftemaximal.com\/wp-content\/uploads\/2024\/11\/Captura-de-pantalla-2024-11-28-a-las-10.44.45.png?resize=441%2C126&amp;ssl=1 441w, https:\/\/i0.wp.com\/shop.ftemaximal.com\/wp-content\/uploads\/2024\/11\/Captura-de-pantalla-2024-11-28-a-las-10.44.45.png?resize=800%2C228&amp;ssl=1 800w, https:\/\/i0.wp.com\/shop.ftemaximal.com\/wp-content\/uploads\/2024\/11\/Captura-de-pantalla-2024-11-28-a-las-10.44.45.png?resize=150%2C43&amp;ssl=1 150w, https:\/\/i0.wp.com\/shop.ftemaximal.com\/wp-content\/uploads\/2024\/11\/Captura-de-pantalla-2024-11-28-a-las-10.44.45.png?w=2340&amp;ssl=1 2340w\" sizes=\"(max-width: 1024px) 100vw, 1024px\" \/><\/figure>\n\n\n\n<figure class=\"wp-block-image\"><a href=\"https:\/\/ftemaximal.com\/images\/files\/soporte-servicios\/Documentacion-tecnica\/FTEXTREMEHDCOMPACT_ES.pdf\"><img data-recalc-dims=\"1\" decoding=\"async\" src=\"https:\/\/i0.wp.com\/cdn02.plentymarkets.com\/obyl17va86cf\/frontend\/content_ids\/0_general\/logos\/pdf.png?w=1170&#038;ssl=1\" alt=\"Anleitung\"\/><\/a><\/figure>\n\n\n\n<p><a href=\"https:\/\/ftemaximal.com\/images\/files\/soporte-servicios\/Documentacion-tecnica\/FTEXTREMEHDCOMPACT_ES.pdf\" target=\"_blank\" rel=\"noopener\" title=\"\">eXtreme HD Compact Ficha<\/a><\/p>\n\n\n\n<figure class=\"wp-block-image\"><a href=\"http:\/\/ftemaximal.com\/images\/files\/soporte-servicios\/Documentacion-tecnica\/MAExtremeHDCompact.pdf\"><img data-recalc-dims=\"1\" decoding=\"async\" src=\"https:\/\/i0.wp.com\/cdn02.plentymarkets.com\/obyl17va86cf\/frontend\/content_ids\/0_general\/logos\/pdf.png?w=1170&#038;ssl=1\" alt=\"Anleitung\"\/><\/a><\/figure>\n\n\n\n<p><a href=\"http:\/\/ftemaximal.com\/images\/files\/soporte-servicios\/Documentacion-tecnica\/MAExtremeHDCompact.pdf\" target=\"_blank\" rel=\"noopener\" title=\"\">eXtreme HD Compact Manual de usuario<\/a><\/p>\n\n\n\n<figure class=\"wp-block-image\"><a href=\"http:\/\/ftemaximal.com\/images\/files\/soporte-servicios\/Documentacion-tecnica\/CEExtremeHDCompact.pdf\"><img data-recalc-dims=\"1\" decoding=\"async\" src=\"https:\/\/i0.wp.com\/cdn02.plentymarkets.com\/obyl17va86cf\/frontend\/content_ids\/0_general\/logos\/pdf.png?w=1170&#038;ssl=1\" alt=\"Anleitung\"\/><\/a><\/figure>\n\n\n\n<p><a href=\"https:\/\/ftemaximal.com\/images\/files\/soporte-servicios\/Documentacion-tecnica\/FTEXTREMEHDCOMPACT_ES.pdf\" target=\"_blank\" rel=\"noopener\" title=\"\">eXtreme HD Compact Declaraci\u00f3n CE<\/a><\/p>\n\n\n\n<p><\/p>","protected":false},"excerpt":{"rendered":"<p>Receptor Digital Sat\u00e9lite Alta definici\u00f3n. Caracter\u00edsticas t\u00e9cnicas Temporizador TV-Radio Salida HDMI Canales libres FTA Gu\u00eda electr\u00f3nica de programas (EPG) Unicable1 y Unicable 2 Actualizaci\u00f3n por USB 1 euroconector Reproductor de im\u00e1genes OSD multi-lenguaje DiSEqC 1.0, 1.1, 1.2 &#8211; GoToX Reproductor m\u00fasica Teletexto 3500 canales Reproductor v\u00eddeo eXtreme HD Compact Ficha eXtreme HD Compact Manual de [&hellip;]<\/p>\n","protected":false},"featured_media":12458,"comment_status":"open","ping_status":"closed","template":"","meta":[],"pwb-brand":[82],"product_brand":[],"product_cat":[252],"product_tag":[],"class_list":{"0":"post-12452","1":"product","2":"type-product","3":"status-publish","4":"has-post-thumbnail","6":"pwb-brand-fte-maximal","7":"product_cat-dvbs","9":"first","10":"outofstock","11":"featured","12":"taxable","13":"shipping-taxable","14":"purchasable","15":"product-type-simple"},"aioseo_notices":[],"brands":[{"id":82,"name":"Fte Maximal","slug":"fte-maximal"}],"_links":{"self":[{"href":"https:\/\/shop.ftemaximal.com\/pt\/wp-json\/wp\/v2\/product\/12452","targetHints":{"allow":["GET"]}}],"collection":[{"href":"https:\/\/shop.ftemaximal.com\/pt\/wp-json\/wp\/v2\/product"}],"about":[{"href":"https:\/\/shop.ftemaximal.com\/pt\/wp-json\/wp\/v2\/types\/product"}],"replies":[{"embeddable":true,"href":"https:\/\/shop.ftemaximal.com\/pt\/wp-json\/wp\/v2\/comments?post=12452"}],"wp:featuredmedia":[{"embeddable":true,"href":"https:\/\/shop.ftemaximal.com\/pt\/wp-json\/wp\/v2\/media\/12458"}],"wp:attachment":[{"href":"https:\/\/shop.ftemaximal.com\/pt\/wp-json\/wp\/v2\/media?parent=12452"}],"wp:term":[{"taxonomy":"pwb-brand","embeddable":true,"href":"https:\/\/shop.ftemaximal.com\/pt\/wp-json\/wp\/v2\/pwb-brand?post=12452"},{"taxonomy":"product_brand","embeddable":true,"href":"https:\/\/shop.ftemaximal.com\/pt\/wp-json\/wp\/v2\/product_brand?post=12452"},{"taxonomy":"product_cat","embeddable":true,"href":"https:\/\/shop.ftemaximal.com\/pt\/wp-json\/wp\/v2\/product_cat?post=12452"},{"taxonomy":"product_tag","embeddable":true,"href":"https:\/\/shop.ftemaximal.com\/pt\/wp-json\/wp\/v2\/product_tag?post=12452"}],"curies":[{"name":"wp","href":"https:\/\/api.w.org\/{rel}","templated":true}]}}