{"id":12434,"date":"2024-10-03T16:27:53","date_gmt":"2024-10-03T14:27:53","guid":{"rendered":"https:\/\/shop.ftemaximal.com\/?post_type=product&#038;p=12434"},"modified":"2025-05-12T16:06:09","modified_gmt":"2025-05-12T14:06:09","slug":"fte-smartbuddy","status":"publish","type":"product","link":"https:\/\/shop.ftemaximal.com\/pt\/product\/fte-smartbuddy\/","title":{"rendered":"Concentrador multiprotocolo SMARTBUDDY"},"content":{"rendered":"<h3 class=\"wp-block-heading\">Nuevo concentrador inteligente multiprotolo<\/h3>\n\n\n\n<p>Con <a href=\"https:\/\/fte-smarthome.com\" target=\"_blank\" rel=\"noopener\" title=\"\">SmartBuddy<\/a> te ofrecemos el centro de control\u00a0que todo hogar inteligente necesita.\u00a0Es un concentrador multi-protocolo de dispositivos\u00a0con un potente software subyacente que ofrece\u00a0gran variedad de funcionalidades y opciones\u00a0distintas. Todo ello disponible a trav\u00e9s de una cuidada\u00a0interfaz accesible desde tu equipo de escritorio, tablet o\u00a0tel\u00e9fono inteligente (Android o iOS).<\/p>\n\n\n\n<figure class=\"wp-block-embed aligncenter is-type-video is-provider-youtube wp-block-embed-youtube wp-embed-aspect-16-9 wp-has-aspect-ratio\" style=\"margin-right:0;margin-left:0\"><div class=\"wp-block-embed__wrapper\">\n<div class=\"video-container\"><iframe title=\"Smartbuddy: centro de hogar inteligente\" width=\"1170\" height=\"658\" src=\"https:\/\/www.youtube.com\/embed\/fo9KWpMFKAA?feature=oembed\" frameborder=\"0\" allow=\"accelerometer; autoplay; clipboard-write; encrypted-media; gyroscope; picture-in-picture; web-share\" referrerpolicy=\"strict-origin-when-cross-origin\" allowfullscreen><\/iframe><\/div>\n<\/div><\/figure>\n\n\n\n<h3 class=\"wp-block-heading\">CONTROL Y MONITORIZACI\u00d3N CENTRALIZADO.<\/h3>\n\n\n\n<p>Todos sus dispositivos integrados y controlados de forma centralizada desde una sola aplicaci\u00f3n, la cual le permitir\u00e1 controlar y monitorizar tu hogar inteligente desde tu equipo de escritorio, su tel\u00e9fono inteligente o tu tablet (Android o iOS). <\/p>\n\n\n\n<figure class=\"wp-block-image size-full is-resized\"><img data-recalc-dims=\"1\" fetchpriority=\"high\" decoding=\"async\" width=\"848\" height=\"864\" src=\"https:\/\/i0.wp.com\/shop.ftemaximal.com\/wp-content\/uploads\/2024\/10\/image.png?resize=848%2C864&#038;ssl=1\" alt=\"\" class=\"wp-image-12782\" style=\"width:215px;height:auto\" srcset=\"https:\/\/i0.wp.com\/shop.ftemaximal.com\/wp-content\/uploads\/2024\/10\/image.png?w=848&amp;ssl=1 848w, https:\/\/i0.wp.com\/shop.ftemaximal.com\/wp-content\/uploads\/2024\/10\/image.png?resize=294%2C300&amp;ssl=1 294w, https:\/\/i0.wp.com\/shop.ftemaximal.com\/wp-content\/uploads\/2024\/10\/image.png?resize=768%2C782&amp;ssl=1 768w, https:\/\/i0.wp.com\/shop.ftemaximal.com\/wp-content\/uploads\/2024\/10\/image.png?resize=12%2C12&amp;ssl=1 12w, https:\/\/i0.wp.com\/shop.ftemaximal.com\/wp-content\/uploads\/2024\/10\/image.png?resize=441%2C449&amp;ssl=1 441w, https:\/\/i0.wp.com\/shop.ftemaximal.com\/wp-content\/uploads\/2024\/10\/image.png?resize=300%2C306&amp;ssl=1 300w, https:\/\/i0.wp.com\/shop.ftemaximal.com\/wp-content\/uploads\/2024\/10\/image.png?resize=800%2C815&amp;ssl=1 800w, https:\/\/i0.wp.com\/shop.ftemaximal.com\/wp-content\/uploads\/2024\/10\/image.png?resize=150%2C153&amp;ssl=1 150w\" sizes=\"(max-width: 848px) 100vw, 848px\" \/><\/figure>\n\n\n\n<h2 class=\"wp-block-heading\">AMPLIA COMPATIBILIDAD<\/h2>\n\n\n\n<div class=\"wp-block-media-text is-stacked-on-mobile\" style=\"grid-template-columns:40% auto\"><figure class=\"wp-block-media-text__media\"><img data-recalc-dims=\"1\" decoding=\"async\" width=\"300\" height=\"180\" src=\"https:\/\/i0.wp.com\/shop.ftemaximal.com\/wp-content\/uploads\/2024\/06\/image-2.png?resize=300%2C180&#038;ssl=1\" alt=\"\" class=\"wp-image-12292 size-medium\" srcset=\"https:\/\/i0.wp.com\/shop.ftemaximal.com\/wp-content\/uploads\/2024\/06\/image-2.png?resize=300%2C180&amp;ssl=1 300w, https:\/\/i0.wp.com\/shop.ftemaximal.com\/wp-content\/uploads\/2024\/06\/image-2.png?resize=1024%2C614&amp;ssl=1 1024w, https:\/\/i0.wp.com\/shop.ftemaximal.com\/wp-content\/uploads\/2024\/06\/image-2.png?resize=768%2C461&amp;ssl=1 768w, https:\/\/i0.wp.com\/shop.ftemaximal.com\/wp-content\/uploads\/2024\/06\/image-2.png?resize=18%2C12&amp;ssl=1 18w, https:\/\/i0.wp.com\/shop.ftemaximal.com\/wp-content\/uploads\/2024\/06\/image-2.png?resize=990%2C594&amp;ssl=1 990w, https:\/\/i0.wp.com\/shop.ftemaximal.com\/wp-content\/uploads\/2024\/06\/image-2.png?resize=441%2C265&amp;ssl=1 441w, https:\/\/i0.wp.com\/shop.ftemaximal.com\/wp-content\/uploads\/2024\/06\/image-2.png?resize=800%2C480&amp;ssl=1 800w, https:\/\/i0.wp.com\/shop.ftemaximal.com\/wp-content\/uploads\/2024\/06\/image-2.png?resize=150%2C90&amp;ssl=1 150w, https:\/\/i0.wp.com\/shop.ftemaximal.com\/wp-content\/uploads\/2024\/06\/image-2.png?w=1182&amp;ssl=1 1182w\" sizes=\"(max-width: 300px) 100vw, 300px\" \/><\/figure><div class=\"wp-block-media-text__content\">\n<p> Smartbuddy intercomunica y relaciona tus dispositivos aunque sean de distinta marca o est\u00e9n basados en protocolos de comunicaci\u00f3n diferentes. Esto aporta gran flexibilidad, una mejora importante en la eficiencia operativa y una simplificaci\u00f3n de las tareas inteligentes del hogar.<\/p>\n<\/div><\/div>\n\n\n\n<p class=\"has-text-align-left\"><\/p>\n\n\n\n<h3 class=\"wp-block-heading\">PANEL DE CONTROL PRECONFIGURADO MODERNO Y VISTOSO<\/h3>\n\n\n\n<p>Todo ordenado y siempre bajo control a trav\u00e9s de su panel moderno y totalmente configurable.<\/p>\n\n\n\n<figure class=\"wp-block-image aligncenter size-large\"><img data-recalc-dims=\"1\" decoding=\"async\" width=\"1024\" height=\"241\" src=\"https:\/\/i0.wp.com\/shop.ftemaximal.com\/wp-content\/uploads\/2024\/06\/image.png?resize=1024%2C241&#038;ssl=1\" alt=\"\" class=\"wp-image-12287\" srcset=\"https:\/\/i0.wp.com\/shop.ftemaximal.com\/wp-content\/uploads\/2024\/06\/image.png?resize=1024%2C241&amp;ssl=1 1024w, https:\/\/i0.wp.com\/shop.ftemaximal.com\/wp-content\/uploads\/2024\/06\/image.png?resize=300%2C71&amp;ssl=1 300w, https:\/\/i0.wp.com\/shop.ftemaximal.com\/wp-content\/uploads\/2024\/06\/image.png?resize=768%2C181&amp;ssl=1 768w, https:\/\/i0.wp.com\/shop.ftemaximal.com\/wp-content\/uploads\/2024\/06\/image.png?resize=1536%2C361&amp;ssl=1 1536w, https:\/\/i0.wp.com\/shop.ftemaximal.com\/wp-content\/uploads\/2024\/06\/image.png?resize=2048%2C482&amp;ssl=1 2048w, https:\/\/i0.wp.com\/shop.ftemaximal.com\/wp-content\/uploads\/2024\/06\/image.png?resize=18%2C4&amp;ssl=1 18w, https:\/\/i0.wp.com\/shop.ftemaximal.com\/wp-content\/uploads\/2024\/06\/image.png?resize=990%2C233&amp;ssl=1 990w, https:\/\/i0.wp.com\/shop.ftemaximal.com\/wp-content\/uploads\/2024\/06\/image.png?resize=441%2C104&amp;ssl=1 441w, https:\/\/i0.wp.com\/shop.ftemaximal.com\/wp-content\/uploads\/2024\/06\/image.png?resize=800%2C188&amp;ssl=1 800w, https:\/\/i0.wp.com\/shop.ftemaximal.com\/wp-content\/uploads\/2024\/06\/image.png?resize=150%2C35&amp;ssl=1 150w\" sizes=\"(max-width: 1024px) 100vw, 1024px\" \/><\/figure>\n\n\n\n<h3 class=\"wp-block-heading\">POSIBILIDAD DE USO SOLAMENTE LOCAL<\/h3>\n\n\n\n<p>SmartBuddy hace posible que la comunicaci\u00f3n entre tus dispositivos se realize de forma local*. Esto agiliza las tareas, brinda mayor privacidad, aporta independencia ante posibles fallos en servidores externos (servicios en la nube), y mayor protecci\u00f3n ante un posible acceso no autorizado a tus dispositivos inteligentes.&nbsp;<\/p>\n\n\n\n<p>* Dependiendo de los servicios a utilizar elegidos por el usuario.&nbsp;<\/p>\n\n\n\n<h3 class=\"wp-block-heading\">MONITORIZA VISUALMENTE LA ENERG\u00cdA DE TU HOGAR<\/h3>\n\n\n\n<div class=\"wp-block-media-text is-stacked-on-mobile\" style=\"grid-template-columns:24% auto\"><figure class=\"wp-block-media-text__media\"><img data-recalc-dims=\"1\" loading=\"lazy\" decoding=\"async\" width=\"248\" height=\"267\" src=\"https:\/\/i0.wp.com\/shop.ftemaximal.com\/wp-content\/uploads\/2024\/06\/image-3.png?resize=248%2C267&#038;ssl=1\" alt=\"\" class=\"wp-image-12298 size-full\" srcset=\"https:\/\/i0.wp.com\/shop.ftemaximal.com\/wp-content\/uploads\/2024\/06\/image-3.png?w=248&amp;ssl=1 248w, https:\/\/i0.wp.com\/shop.ftemaximal.com\/wp-content\/uploads\/2024\/06\/image-3.png?resize=11%2C12&amp;ssl=1 11w, https:\/\/i0.wp.com\/shop.ftemaximal.com\/wp-content\/uploads\/2024\/06\/image-3.png?resize=150%2C161&amp;ssl=1 150w\" sizes=\"(max-width: 248px) 100vw, 248px\" \/><\/figure><div class=\"wp-block-media-text__content\">\n<p>SmartBuddy puede integrar y mostrar en su panel de energ\u00eda medidores deproducci\u00f3n y consumo de energ\u00eda (Ej. serie EM de Shelly), m\u00f3dulos para inversores, almacenamiento de bater\u00edas\u2026 Haz un seguimiento de la energ\u00eda producida yconsumida en tu hogar para intentar buscar posibles puntos de ahorro a trav\u00e9s de las estad\u00edsticas disponibles.<\/p>\n\n\n\n<p><\/p>\n\n\n\n<p><\/p>\n\n\n\n<p><strong>El flujo de energ\u00eda de tu hogar de un solo vistazo!&nbsp;<\/strong><\/p>\n<\/div><\/div>\n\n\n\n<h3 class=\"wp-block-heading\">CARGA DE COCHE EL\u00c9CTRICO<\/h3>\n\n\n\n<div class=\"wp-block-media-text is-stacked-on-mobile is-vertically-aligned-center\" style=\"grid-template-columns:19% auto\"><figure class=\"wp-block-media-text__media\"><img data-recalc-dims=\"1\" loading=\"lazy\" decoding=\"async\" width=\"202\" height=\"300\" src=\"https:\/\/i0.wp.com\/shop.ftemaximal.com\/wp-content\/uploads\/2024\/06\/image-6.png?resize=202%2C300&#038;ssl=1\" alt=\"\" class=\"wp-image-12304 size-medium\" srcset=\"https:\/\/i0.wp.com\/shop.ftemaximal.com\/wp-content\/uploads\/2024\/06\/image-6.png?resize=202%2C300&amp;ssl=1 202w, https:\/\/i0.wp.com\/shop.ftemaximal.com\/wp-content\/uploads\/2024\/06\/image-6.png?resize=8%2C12&amp;ssl=1 8w, https:\/\/i0.wp.com\/shop.ftemaximal.com\/wp-content\/uploads\/2024\/06\/image-6.png?resize=150%2C223&amp;ssl=1 150w, https:\/\/i0.wp.com\/shop.ftemaximal.com\/wp-content\/uploads\/2024\/06\/image-6.png?w=210&amp;ssl=1 210w\" sizes=\"(max-width: 202px) 100vw, 202px\" \/><\/figure><div class=\"wp-block-media-text__content\">\n<p>Reconocimiento autom\u00e1tico de su cargador de coche-e*. El proceso de carga puede ser iniciado y paradof\u00e1cil y r\u00e1pidamente haciendo uso de la conexi\u00f3n a su coche-e.&nbsp;<\/p>\n\n\n\n<p><\/p>\n\n\n\n<p><\/p>\n\n\n\n<p><\/p>\n\n\n\n<p>*<a href=\"https:\/\/shop.ftemaximal.com\/pt\/product\/ec-311-s6-wallbox-6m-ladekabel-typ2-11-kw-kfw-forderfahig-smart\/\" target=\"_blank\" rel=\"noopener\" title=\"\">Fte-WB3-11-LK<\/a>, los datos se visualizar\u00e1n en una p\u00e1gina de su panel de control.<\/p>\n<\/div><\/div>\n\n\n\n<h3 class=\"wp-block-heading\">EVOLUCI\u00d3N CONT\u00cdNUA<\/h3>\n\n\n\n<p>Gran soporte por parte de su amplia comunidad de desarrollo y continuas actualizaciones que traen nuevas funcionalidades, compatibilidades, marcas y protocolos.<\/p>\n\n\n\n<h3 class=\"wp-block-heading\">CONTROLA TU CASA ON THE GO !!<\/h3>\n\n\n\n<div class=\"wp-block-media-text is-stacked-on-mobile\" style=\"grid-template-columns:46% auto\"><figure class=\"wp-block-media-text__media\"><img data-recalc-dims=\"1\" loading=\"lazy\" decoding=\"async\" width=\"1024\" height=\"402\" src=\"https:\/\/i0.wp.com\/shop.ftemaximal.com\/wp-content\/uploads\/2024\/06\/image-7.png?resize=1024%2C402&#038;ssl=1\" alt=\"\" class=\"wp-image-12306 size-large\" srcset=\"https:\/\/i0.wp.com\/shop.ftemaximal.com\/wp-content\/uploads\/2024\/06\/image-7.png?resize=1024%2C402&amp;ssl=1 1024w, https:\/\/i0.wp.com\/shop.ftemaximal.com\/wp-content\/uploads\/2024\/06\/image-7.png?resize=300%2C118&amp;ssl=1 300w, https:\/\/i0.wp.com\/shop.ftemaximal.com\/wp-content\/uploads\/2024\/06\/image-7.png?resize=768%2C301&amp;ssl=1 768w, https:\/\/i0.wp.com\/shop.ftemaximal.com\/wp-content\/uploads\/2024\/06\/image-7.png?resize=1536%2C603&amp;ssl=1 1536w, https:\/\/i0.wp.com\/shop.ftemaximal.com\/wp-content\/uploads\/2024\/06\/image-7.png?resize=18%2C7&amp;ssl=1 18w, https:\/\/i0.wp.com\/shop.ftemaximal.com\/wp-content\/uploads\/2024\/06\/image-7.png?resize=990%2C388&amp;ssl=1 990w, https:\/\/i0.wp.com\/shop.ftemaximal.com\/wp-content\/uploads\/2024\/06\/image-7.png?resize=441%2C173&amp;ssl=1 441w, https:\/\/i0.wp.com\/shop.ftemaximal.com\/wp-content\/uploads\/2024\/06\/image-7.png?resize=800%2C314&amp;ssl=1 800w, https:\/\/i0.wp.com\/shop.ftemaximal.com\/wp-content\/uploads\/2024\/06\/image-7.png?resize=150%2C59&amp;ssl=1 150w, https:\/\/i0.wp.com\/shop.ftemaximal.com\/wp-content\/uploads\/2024\/06\/image-7.png?w=1784&amp;ssl=1 1784w\" sizes=\"(max-width: 1024px) 100vw, 1024px\" \/><\/figure><div class=\"wp-block-media-text__content\">\n<p>Puedes controlar tu casa desde tu propio tel\u00e9fono cuando te encuentras fuera de ella comunic\u00e1ndote directamente con tu SmartBuddy*!.<\/p>\n\n\n\n<p>* Mediante una comunicaci\u00f3n directa a trav\u00e9s de tu propio router.<\/p>\n<\/div><\/div>\n\n\n\n<h3 class=\"wp-block-heading\">TODO BAJO CONTROL<\/h3>\n\n\n\n<figure class=\"wp-block-image aligncenter size-large\"><img data-recalc-dims=\"1\" loading=\"lazy\" decoding=\"async\" width=\"1024\" height=\"276\" src=\"https:\/\/i0.wp.com\/shop.ftemaximal.com\/wp-content\/uploads\/2024\/06\/image-8.png?resize=1024%2C276&#038;ssl=1\" alt=\"\" class=\"wp-image-12307\" srcset=\"https:\/\/i0.wp.com\/shop.ftemaximal.com\/wp-content\/uploads\/2024\/06\/image-8.png?resize=1024%2C276&amp;ssl=1 1024w, https:\/\/i0.wp.com\/shop.ftemaximal.com\/wp-content\/uploads\/2024\/06\/image-8.png?resize=300%2C81&amp;ssl=1 300w, https:\/\/i0.wp.com\/shop.ftemaximal.com\/wp-content\/uploads\/2024\/06\/image-8.png?resize=768%2C207&amp;ssl=1 768w, https:\/\/i0.wp.com\/shop.ftemaximal.com\/wp-content\/uploads\/2024\/06\/image-8.png?resize=1536%2C413&amp;ssl=1 1536w, https:\/\/i0.wp.com\/shop.ftemaximal.com\/wp-content\/uploads\/2024\/06\/image-8.png?resize=18%2C5&amp;ssl=1 18w, https:\/\/i0.wp.com\/shop.ftemaximal.com\/wp-content\/uploads\/2024\/06\/image-8.png?resize=990%2C266&amp;ssl=1 990w, https:\/\/i0.wp.com\/shop.ftemaximal.com\/wp-content\/uploads\/2024\/06\/image-8.png?resize=441%2C119&amp;ssl=1 441w, https:\/\/i0.wp.com\/shop.ftemaximal.com\/wp-content\/uploads\/2024\/06\/image-8.png?resize=800%2C215&amp;ssl=1 800w, https:\/\/i0.wp.com\/shop.ftemaximal.com\/wp-content\/uploads\/2024\/06\/image-8.png?resize=150%2C40&amp;ssl=1 150w, https:\/\/i0.wp.com\/shop.ftemaximal.com\/wp-content\/uploads\/2024\/06\/image-8.png?w=1639&amp;ssl=1 1639w\" sizes=\"(max-width: 1024px) 100vw, 1024px\" \/><\/figure>\n\n\n\n<p>Simplifica tareas comunes en casa mediante el uso de automatizaciones, escenas, scripts y s\u00e9 informado en tiempo real mediante notificaciones push en tu tel\u00e9fono, tablet, reloj inteligente.<\/p>\n\n\n\n<p>Su software de base <strong>\u201cHome Assistant\u201d <\/strong>es una de las soluciones de automatizaci\u00f3n del hogar m\u00e1s populares extendidas. La gran comunidad de desarrollo con la que cuenta hace posible el gran n\u00famero de dispositivos soportados y garantiza que ese n\u00famero siga creciendo d\u00eda tras d\u00eda.&nbsp;<\/p>\n\n\n\n<p>Su gran modularidad y los desarrollos propios permiten que SmartBuddy est\u00e9 dotado de una gran flexibilidad y que existan m\u00f3dulos f\u00e1ciles de instalar para casi cualquier tipo de  aplicaci\u00f3n relacionada con la dom\u00f3tica.<\/p>\n\n\n\n<p>\u00bfTe gustar\u00eda iniciar, detener y monitorizar f\u00e1cilmente la carga de tu autom\u00f3vil desde el panel de control de Smartbuddy? Guarda tu precio de la luz y sabr\u00e1s lo que has gastado en el proceso de recarga.&nbsp;<\/p>\n\n\n\n<p>\u00bfTe gustar\u00eda visualizar la producci\u00f3n de energ\u00eda de tu sistema fotovoltaico con cifras y gr\u00e1ficos? Haz evaluaciones durante un per\u00edodo de tiempo m\u00e1s largo.&nbsp;<\/p>\n\n\n\n<p>\u00bfQuieres apagar y encender tus enchufes inteligentes? \u00bfEncender tus bombillas a una hora en particular? O \u00bfsimplemente deseas mostrar la temperatura medida por tus sensores?&nbsp;<\/p>\n\n\n\n<p>\u00bfTe gustar\u00eda tener el estado de carga y la autonom\u00eda actual de tu coche el\u00e9ctrico siempre visible en tu panel de control? Compatibilidad con un gran n\u00famero de coches el\u00e9ctricos.&nbsp;<\/p>\n\n\n\n<p>\u00bfTe gustar\u00eda mostrar todo el consumo de tu hogar, ya sea electricidad, gas o agua, en el panel de control de Smartbuddy? Existen numerosos m\u00f3dulos para una amplia variedad de dispositivos de medici\u00f3n.&nbsp;<\/p>\n\n\n\n<p>\u00bfQuieres controlar todos tus dispositivos dom\u00f3ticos creados para mejorar la seguridad de tu hogar de una manera c\u00f3moda y funcional desde tu m\u00f3vil?<\/p>\n\n\n\n<p>Comienza a implementar tus primeros proyectos de hogar inteligente. <\/p>\n\n\n\n<p>Tienes m\u00e1s informaci\u00f3n a tu disposici\u00f3n en la <a href=\"https:\/\/fte-smarthome.com\" target=\"_blank\" rel=\"noopener\" title=\"\">p\u00e1gina dedicada \u00edntegramente a SmartBuddy.<\/a><\/p>\n\n\n\n<p><em>(Para poder conectar\/usar plataformas como zWave, Zigbee, se requiere una llave USB opcional).<\/em><\/p>\n\n\n\n<figure class=\"wp-block-image\"><a href=\"https:\/\/shop.ftemaximal.com\/wp-content\/uploads\/2024\/06\/Smartbuddy_es-1.pdf\" target=\"_blank\" rel=\"noopener\"><img data-recalc-dims=\"1\" decoding=\"async\" src=\"https:\/\/i0.wp.com\/cdn02.plentymarkets.com\/obyl17va86cf\/frontend\/content_ids\/0_general\/logos\/pdf.png?w=1170&#038;ssl=1\" alt=\"Anleitung\"\/><\/a><\/figure>\n\n\n\n<p><a href=\"https:\/\/shop.ftemaximal.com\/wp-content\/uploads\/2024\/06\/Smartbuddy_es-1.pdf\" target=\"_blank\" rel=\"noopener\" title=\"\">SmartBuddy Ficha<\/a> <\/p>","protected":false},"excerpt":{"rendered":"<p>Deja que Smartbuddy se convierta en el centro de comunicaci\u00f3n de tu casa inteligente y controla todos tus dispositivos desde una sola aplicaci\u00f3n. Visita la <a href=\"https:\/\/fte-smarthome.com\" title=\"P\u00e1gina online de SmartBuddy\">p\u00e1gina dedicada al producto<\/a> para una informaci\u00f3n m\u00e1s extensa.<\/p>","protected":false},"featured_media":12443,"comment_status":"open","ping_status":"closed","template":"","meta":[],"pwb-brand":[82],"product_brand":[],"product_cat":[215],"product_tag":[],"class_list":{"0":"post-12434","1":"product","2":"type-product","3":"status-publish","4":"has-post-thumbnail","6":"pwb-brand-fte-maximal","7":"product_cat-hogar-inteligente","9":"first","10":"instock","11":"taxable","12":"shipping-taxable","13":"purchasable","14":"product-type-simple"},"aioseo_notices":[],"brands":[{"id":82,"name":"Fte Maximal","slug":"fte-maximal"}],"_links":{"self":[{"href":"https:\/\/shop.ftemaximal.com\/pt\/wp-json\/wp\/v2\/product\/12434","targetHints":{"allow":["GET"]}}],"collection":[{"href":"https:\/\/shop.ftemaximal.com\/pt\/wp-json\/wp\/v2\/product"}],"about":[{"href":"https:\/\/shop.ftemaximal.com\/pt\/wp-json\/wp\/v2\/types\/product"}],"replies":[{"embeddable":true,"href":"https:\/\/shop.ftemaximal.com\/pt\/wp-json\/wp\/v2\/comments?post=12434"}],"wp:featuredmedia":[{"embeddable":true,"href":"https:\/\/shop.ftemaximal.com\/pt\/wp-json\/wp\/v2\/media\/12443"}],"wp:attachment":[{"href":"https:\/\/shop.ftemaximal.com\/pt\/wp-json\/wp\/v2\/media?parent=12434"}],"wp:term":[{"taxonomy":"pwb-brand","embeddable":true,"href":"https:\/\/shop.ftemaximal.com\/pt\/wp-json\/wp\/v2\/pwb-brand?post=12434"},{"taxonomy":"product_brand","embeddable":true,"href":"https:\/\/shop.ftemaximal.com\/pt\/wp-json\/wp\/v2\/product_brand?post=12434"},{"taxonomy":"product_cat","embeddable":true,"href":"https:\/\/shop.ftemaximal.com\/pt\/wp-json\/wp\/v2\/product_cat?post=12434"},{"taxonomy":"product_tag","embeddable":true,"href":"https:\/\/shop.ftemaximal.com\/pt\/wp-json\/wp\/v2\/product_tag?post=12434"}],"curies":[{"name":"wp","href":"https:\/\/api.w.org\/{rel}","templated":true}]}}