{"id":12241,"date":"2024-04-29T10:45:49","date_gmt":"2024-04-29T08:45:49","guid":{"rendered":"https:\/\/shop.ftemaximal.com\/?post_type=product&#038;p=12241"},"modified":"2024-06-21T10:31:05","modified_gmt":"2024-06-21T08:31:05","slug":"campus-huawei","status":"publish","type":"product","link":"https:\/\/shop.ftemaximal.com\/pt\/product\/campus-huawei\/","title":{"rendered":"Red de Campus Empresarial"},"content":{"rendered":"<p>En la era de la nube, la digitalizaci\u00f3n se extiende de la oficina de campus a todos los aspectos de producci\u00f3n y operaciones. Esto da lugar a una multitud de nuevas formas de negocios como campus inteligente, manufactura flexible, finanzas m\u00f3viles y gobierno electr\u00f3nico. En este contexto, podemos construir sitios de trabajo sin contacto para contar con operaciones de producci\u00f3n seguras y eficientes, mejorar la eficiencia en las oficinas para generar una mayor innovaci\u00f3n mediante la colaboraci\u00f3n basada en videos y audio y acelerar la nubificaci\u00f3n de los servicios para que se adapten a los entornos de negocios que siempre est\u00e1n cambiando.<\/p>\n\n\n\n<h2 class=\"wp-block-heading\">CloudCampus 10 Gbps de alta calidad<\/h2>\n\n\n\n<p>La transformaci\u00f3n digital es la tendencia de desarrollo de todas las empresas. La transformaci\u00f3n digital conlleva cuatro grandes cambios en las aplicaciones y terminales de los campus empresariales: inal\u00e1mbrico, IoT, nube y video. Las redes de campus empresariales convencionales a\u00fan se encuentran en la era de los datos simples. Principalmente sirven como acceso de Internet y de correos electr\u00f3nicos. Distan de satisfacer las necesidades del desarrollo digital a profundidad de las empresas. La digitalizaci\u00f3n empresarial conlleva nuevos desaf\u00edos para las redes de campus, las redes de campus tradicionales no pueden resolver de manera eficaz estos problemas.&nbsp;<\/p>\n\n\n\n<p>Huawei propone un concepto de construcci\u00f3n de redes de campus de nueva generaci\u00f3n: la red de campus 10 Gbps de alta calidad. Una aut\u00e9ntica soluci\u00f3n de redes de alta calidad que ofrece m\u00e1s que s\u00f3lo conexiones r\u00e1pidas, tambi\u00e9n requiere de un sistema de m\u00e9tricas m\u00e1s complejo. De este modo, los usuarios obtienen ganancias tangibles en el despliegue, los servicios, la experiencia y las O&amp;M durante la optimizaci\u00f3n de la arquitectura de redes de campus. El concepto \u201cred de campus 10 Gbps de alta calidad\u201d se construye seg\u00fan cuatro criterios: acceso de velocidad ultrarr\u00e1pida, arquitectura simplificada, sucursal simplificada y experiencia definitiva. Todo lo anterior se alinea con el dise\u00f1o de las redes de campus de cara al futuro y allana el camino para la construcci\u00f3n de las redes de campus inteligentes necesarias para acelerar la mejora digital de los servicios empresariales.<\/p>\n\n\n\n<figure class=\"wp-block-image alignwide size-full\"><img data-recalc-dims=\"1\" fetchpriority=\"high\" decoding=\"async\" width=\"1170\" height=\"658\" src=\"https:\/\/i0.wp.com\/shop.ftemaximal.com\/wp-content\/uploads\/2024\/06\/Huawei-13June2023-1-2.jpg?resize=1170%2C658&#038;ssl=1\" alt=\"\" class=\"wp-image-12272\" srcset=\"https:\/\/i0.wp.com\/shop.ftemaximal.com\/wp-content\/uploads\/2024\/06\/Huawei-13June2023-1-2.jpg?w=1200&amp;ssl=1 1200w, https:\/\/i0.wp.com\/shop.ftemaximal.com\/wp-content\/uploads\/2024\/06\/Huawei-13June2023-1-2.jpg?resize=300%2C169&amp;ssl=1 300w, https:\/\/i0.wp.com\/shop.ftemaximal.com\/wp-content\/uploads\/2024\/06\/Huawei-13June2023-1-2.jpg?resize=1024%2C576&amp;ssl=1 1024w, https:\/\/i0.wp.com\/shop.ftemaximal.com\/wp-content\/uploads\/2024\/06\/Huawei-13June2023-1-2.jpg?resize=768%2C432&amp;ssl=1 768w, https:\/\/i0.wp.com\/shop.ftemaximal.com\/wp-content\/uploads\/2024\/06\/Huawei-13June2023-1-2.jpg?resize=18%2C10&amp;ssl=1 18w, https:\/\/i0.wp.com\/shop.ftemaximal.com\/wp-content\/uploads\/2024\/06\/Huawei-13June2023-1-2.jpg?resize=990%2C557&amp;ssl=1 990w, https:\/\/i0.wp.com\/shop.ftemaximal.com\/wp-content\/uploads\/2024\/06\/Huawei-13June2023-1-2.jpg?resize=441%2C248&amp;ssl=1 441w, https:\/\/i0.wp.com\/shop.ftemaximal.com\/wp-content\/uploads\/2024\/06\/Huawei-13June2023-1-2.jpg?resize=800%2C450&amp;ssl=1 800w, https:\/\/i0.wp.com\/shop.ftemaximal.com\/wp-content\/uploads\/2024\/06\/Huawei-13June2023-1-2.jpg?resize=150%2C84&amp;ssl=1 150w\" sizes=\"(max-width: 1170px) 100vw, 1170px\" \/><\/figure>\n\n\n\n<h2 class=\"wp-block-heading\">Qu\u00e9 tipo de red de campus se ajusta mejor a la era digital<\/h2>\n\n\n\n<figure class=\"wp-block-image alignwide size-full\"><img data-recalc-dims=\"1\" decoding=\"async\" width=\"1024\" height=\"419\" src=\"https:\/\/i0.wp.com\/shop.ftemaximal.com\/wp-content\/uploads\/2024\/06\/campus-huawei-soluciones-1-1024x419-1.webp?resize=1024%2C419&#038;ssl=1\" alt=\"\" class=\"wp-image-12274\" srcset=\"https:\/\/i0.wp.com\/shop.ftemaximal.com\/wp-content\/uploads\/2024\/06\/campus-huawei-soluciones-1-1024x419-1.webp?w=1024&amp;ssl=1 1024w, https:\/\/i0.wp.com\/shop.ftemaximal.com\/wp-content\/uploads\/2024\/06\/campus-huawei-soluciones-1-1024x419-1.webp?resize=300%2C123&amp;ssl=1 300w, https:\/\/i0.wp.com\/shop.ftemaximal.com\/wp-content\/uploads\/2024\/06\/campus-huawei-soluciones-1-1024x419-1.webp?resize=768%2C314&amp;ssl=1 768w, https:\/\/i0.wp.com\/shop.ftemaximal.com\/wp-content\/uploads\/2024\/06\/campus-huawei-soluciones-1-1024x419-1.webp?resize=18%2C7&amp;ssl=1 18w, https:\/\/i0.wp.com\/shop.ftemaximal.com\/wp-content\/uploads\/2024\/06\/campus-huawei-soluciones-1-1024x419-1.webp?resize=990%2C405&amp;ssl=1 990w, https:\/\/i0.wp.com\/shop.ftemaximal.com\/wp-content\/uploads\/2024\/06\/campus-huawei-soluciones-1-1024x419-1.webp?resize=441%2C180&amp;ssl=1 441w, https:\/\/i0.wp.com\/shop.ftemaximal.com\/wp-content\/uploads\/2024\/06\/campus-huawei-soluciones-1-1024x419-1.webp?resize=800%2C327&amp;ssl=1 800w, https:\/\/i0.wp.com\/shop.ftemaximal.com\/wp-content\/uploads\/2024\/06\/campus-huawei-soluciones-1-1024x419-1.webp?resize=150%2C61&amp;ssl=1 150w\" sizes=\"(max-width: 1024px) 100vw, 1024px\" \/><\/figure>\n\n\n\n<h2 class=\"wp-block-heading\">Productos<\/h2>\n\n\n\n<figure class=\"wp-block-image alignwide size-full\"><img data-recalc-dims=\"1\" decoding=\"async\" width=\"1024\" height=\"465\" src=\"https:\/\/i0.wp.com\/shop.ftemaximal.com\/wp-content\/uploads\/2024\/06\/huawei-campus-productos2-1-1024x465-1.webp?resize=1024%2C465&#038;ssl=1\" alt=\"\" class=\"wp-image-12275\" srcset=\"https:\/\/i0.wp.com\/shop.ftemaximal.com\/wp-content\/uploads\/2024\/06\/huawei-campus-productos2-1-1024x465-1.webp?w=1024&amp;ssl=1 1024w, https:\/\/i0.wp.com\/shop.ftemaximal.com\/wp-content\/uploads\/2024\/06\/huawei-campus-productos2-1-1024x465-1.webp?resize=300%2C136&amp;ssl=1 300w, https:\/\/i0.wp.com\/shop.ftemaximal.com\/wp-content\/uploads\/2024\/06\/huawei-campus-productos2-1-1024x465-1.webp?resize=768%2C349&amp;ssl=1 768w, https:\/\/i0.wp.com\/shop.ftemaximal.com\/wp-content\/uploads\/2024\/06\/huawei-campus-productos2-1-1024x465-1.webp?resize=18%2C8&amp;ssl=1 18w, https:\/\/i0.wp.com\/shop.ftemaximal.com\/wp-content\/uploads\/2024\/06\/huawei-campus-productos2-1-1024x465-1.webp?resize=990%2C450&amp;ssl=1 990w, https:\/\/i0.wp.com\/shop.ftemaximal.com\/wp-content\/uploads\/2024\/06\/huawei-campus-productos2-1-1024x465-1.webp?resize=441%2C200&amp;ssl=1 441w, https:\/\/i0.wp.com\/shop.ftemaximal.com\/wp-content\/uploads\/2024\/06\/huawei-campus-productos2-1-1024x465-1.webp?resize=800%2C363&amp;ssl=1 800w, https:\/\/i0.wp.com\/shop.ftemaximal.com\/wp-content\/uploads\/2024\/06\/huawei-campus-productos2-1-1024x465-1.webp?resize=150%2C68&amp;ssl=1 150w\" sizes=\"(max-width: 1024px) 100vw, 1024px\" \/><\/figure>\n\n\n\n<figure class=\"wp-block-image alignwide size-full\"><img data-recalc-dims=\"1\" loading=\"lazy\" decoding=\"async\" width=\"1024\" height=\"463\" src=\"https:\/\/i0.wp.com\/shop.ftemaximal.com\/wp-content\/uploads\/2024\/06\/huawei-campus-productos-1-1024x463-1.webp?resize=1024%2C463&#038;ssl=1\" alt=\"\" class=\"wp-image-12277\" srcset=\"https:\/\/i0.wp.com\/shop.ftemaximal.com\/wp-content\/uploads\/2024\/06\/huawei-campus-productos-1-1024x463-1.webp?w=1024&amp;ssl=1 1024w, https:\/\/i0.wp.com\/shop.ftemaximal.com\/wp-content\/uploads\/2024\/06\/huawei-campus-productos-1-1024x463-1.webp?resize=300%2C136&amp;ssl=1 300w, https:\/\/i0.wp.com\/shop.ftemaximal.com\/wp-content\/uploads\/2024\/06\/huawei-campus-productos-1-1024x463-1.webp?resize=768%2C347&amp;ssl=1 768w, https:\/\/i0.wp.com\/shop.ftemaximal.com\/wp-content\/uploads\/2024\/06\/huawei-campus-productos-1-1024x463-1.webp?resize=18%2C8&amp;ssl=1 18w, https:\/\/i0.wp.com\/shop.ftemaximal.com\/wp-content\/uploads\/2024\/06\/huawei-campus-productos-1-1024x463-1.webp?resize=990%2C448&amp;ssl=1 990w, https:\/\/i0.wp.com\/shop.ftemaximal.com\/wp-content\/uploads\/2024\/06\/huawei-campus-productos-1-1024x463-1.webp?resize=441%2C199&amp;ssl=1 441w, https:\/\/i0.wp.com\/shop.ftemaximal.com\/wp-content\/uploads\/2024\/06\/huawei-campus-productos-1-1024x463-1.webp?resize=800%2C362&amp;ssl=1 800w, https:\/\/i0.wp.com\/shop.ftemaximal.com\/wp-content\/uploads\/2024\/06\/huawei-campus-productos-1-1024x463-1.webp?resize=150%2C68&amp;ssl=1 150w\" sizes=\"(max-width: 1024px) 100vw, 1024px\" \/><\/figure>","protected":false},"excerpt":{"rendered":"<p>  \u00bf Buscas dotar de gran cobertura y la m\u00e1xima velocidad inal\u00e1mbrica a un espacio abierto o cerrado ? \u00bf Quieres disponer de las \u00faltimas innovaciones de productos inal\u00e1mbricos, switches\/routers de campus, y herramientas de gesti\u00f3n ? Las soluciones de Huawei abarcan una gran cantidad de escenarios que se pueden amoldar a tus necesidades. No importa si necesitas cubrir y dar servicio a una \u00e1rea de extensi\u00f3n peque\u00f1a, mediana o grande, Huawei dispone de los medios para poder satisfacer tus necesidades. <\/p>\n<p> Cont\u00e1ctanos y preg\u00fantanos por la soluci\u00f3n que necesitas.<\/p>","protected":false},"featured_media":12249,"comment_status":"closed","ping_status":"closed","template":"","meta":[],"pwb-brand":[122],"product_brand":[],"product_cat":[217],"product_tag":[],"class_list":{"0":"post-12241","1":"product","2":"type-product","3":"status-publish","4":"has-post-thumbnail","6":"pwb-brand-huawei","7":"product_cat-redes","9":"first","10":"instock","11":"taxable","12":"shipping-taxable","13":"product-type-simple"},"aioseo_notices":[],"brands":[{"id":122,"name":"Huawei","slug":"huawei"}],"_links":{"self":[{"href":"https:\/\/shop.ftemaximal.com\/pt\/wp-json\/wp\/v2\/product\/12241","targetHints":{"allow":["GET"]}}],"collection":[{"href":"https:\/\/shop.ftemaximal.com\/pt\/wp-json\/wp\/v2\/product"}],"about":[{"href":"https:\/\/shop.ftemaximal.com\/pt\/wp-json\/wp\/v2\/types\/product"}],"replies":[{"embeddable":true,"href":"https:\/\/shop.ftemaximal.com\/pt\/wp-json\/wp\/v2\/comments?post=12241"}],"wp:featuredmedia":[{"embeddable":true,"href":"https:\/\/shop.ftemaximal.com\/pt\/wp-json\/wp\/v2\/media\/12249"}],"wp:attachment":[{"href":"https:\/\/shop.ftemaximal.com\/pt\/wp-json\/wp\/v2\/media?parent=12241"}],"wp:term":[{"taxonomy":"pwb-brand","embeddable":true,"href":"https:\/\/shop.ftemaximal.com\/pt\/wp-json\/wp\/v2\/pwb-brand?post=12241"},{"taxonomy":"product_brand","embeddable":true,"href":"https:\/\/shop.ftemaximal.com\/pt\/wp-json\/wp\/v2\/product_brand?post=12241"},{"taxonomy":"product_cat","embeddable":true,"href":"https:\/\/shop.ftemaximal.com\/pt\/wp-json\/wp\/v2\/product_cat?post=12241"},{"taxonomy":"product_tag","embeddable":true,"href":"https:\/\/shop.ftemaximal.com\/pt\/wp-json\/wp\/v2\/product_tag?post=12241"}],"curies":[{"name":"wp","href":"https:\/\/api.w.org\/{rel}","templated":true}]}}