{"id":11837,"date":"2024-03-04T13:02:29","date_gmt":"2024-03-04T12:02:29","guid":{"rendered":"https:\/\/shop.ftemaximal.com\/?post_type=product&#038;p=11837"},"modified":"2025-10-10T12:44:15","modified_gmt":"2025-10-10T10:44:15","slug":"uwb1-7-ocpp-lk7-72kw-32a-con-ocpp-4-m","status":"publish","type":"product","link":"https:\/\/shop.ftemaximal.com\/pt\/product\/uwb1-7-ocpp-lk7-72kw-32a-con-ocpp-4-m\/","title":{"rendered":"Cargador de Coche El\u00e9ctrico U+WB1-7 OCPP-LK4. 7,2 kW 32A\/fase"},"content":{"rendered":"<p><\/p>\n\n\n\n<p>Este Wallbox trif\u00e1sico de 11 kW \/ 16 A de Univers by FTE es adecuado para cargar un veh\u00edculo h\u00edbrido el\u00e9ctrico. El cargador de pared tiene un cable de carga tipo 2 con una longitud de 4 metros y es compatible con el protocolo de comunicaci\u00f3n estandarizado OCPP V1.6J. <\/p>\n\n\n\n<p>Simplemente desbloquee el cargador a trav\u00e9s de las tarjetas RFID suministradas. Adem\u00e1s, el usuario puede descargar una aplicaci\u00f3n gratuita a trav\u00e9s de la tienda Google Play en su tel\u00e9fono inteligente o tablet Android o en la tienda de Apple para un dispositivo m\u00f3vil iOS que admite una gran variedad de funciones. <\/p>\n\n\n\n<h3 class=\"wp-block-heading\">Destacados<\/h3>\n\n\n\n<p>\u2022 Trif\u00e1sico con una carga de hasta 11 kW<\/p>\n\n\n\n<p>\u2022 Cable de carga tipo 2 &#8211; 4 m (instalado de forma fija)<\/p>\n\n\n\n<p>\u2022 Dispositivo de protecci\u00f3n de corriente residual con detecci\u00f3n de corriente continua &#8211; DC<\/p>\n\n\n\n<p>\u2022 Wi-Fi \/ Bluetooth<\/p>\n\n\n\n<p>\u2022 Protocolo OCCP 1.6J<\/p>\n\n\n\n<p>\u2022 Android e iOS para descargar<\/p>\n\n\n\n<p>\u2022 Bloqueo de funciones a trav\u00e9s de la aplicaci\u00f3n (protecci\u00f3n contra el uso externo)<\/p>\n\n\n\n<p>\u2022 Amplios mecanismos de protecci\u00f3n<\/p>\n\n\n\n<p>\u2022 Lector de tarjetas RFID incl. 2 x tarjetas RFID (Mifare ISO\/IEC14443A)<\/p>\n\n\n\n<p>\u2022 Control inteligente de errores\u2022 Barra indicadora LED<\/p>\n\n\n\n<p>\u2022 Ajuste de rendimiento controlado por la aplicaci\u00f3n<\/p>\n\n\n\n<p>\u2022 Clase de protecci\u00f3n IP 65 contra la intemperie<\/p>\n\n\n\n<figure class=\"wp-block-image\"><a href=\"https:\/\/ftemaximal.com\/images\/files\/soporte-servicios\/Documentacion-tecnica\/FTU%2BWB1-7-OCPP-LK7_ES.pdf\" target=\"_blank\" rel=\"noopener\"><img data-recalc-dims=\"1\" decoding=\"async\" width=\"80\" height=\"107\" src=\"https:\/\/i0.wp.com\/shop.ftemaximal.com\/wp-content\/uploads\/2024\/03\/image-1.png?resize=80%2C107&#038;ssl=1\" alt=\"\" class=\"wp-image-11839\" srcset=\"https:\/\/i0.wp.com\/shop.ftemaximal.com\/wp-content\/uploads\/2024\/03\/image-1.png?w=80&amp;ssl=1 80w, https:\/\/i0.wp.com\/shop.ftemaximal.com\/wp-content\/uploads\/2024\/03\/image-1.png?resize=9%2C12&amp;ssl=1 9w\" sizes=\"(max-width: 80px) 100vw, 80px\" \/><\/a><\/figure>\n\n\n\n<p><a href=\"https:\/\/ftemaximal.com\/images\/files\/soporte-servicios\/Documentacion-tecnica\/FTU%2BWB1-7-OCPP-LK7_ES.pdf\" target=\"_blank\" rel=\"noopener\" title=\"\">Datos t\u00e9cnicos<\/a><\/p>\n\n\n\n<figure class=\"wp-block-image\"><a href=\"https:\/\/ftemaximal.com\/images\/files\/soporte-servicios\/Documentacion-tecnica\/MAU%2BWB1-7-OCPP-LK7.pdf\" target=\"_blank\" rel=\"noopener\"><img data-recalc-dims=\"1\" decoding=\"async\" width=\"80\" height=\"107\" src=\"https:\/\/i0.wp.com\/shop.ftemaximal.com\/wp-content\/uploads\/2024\/03\/image.png?resize=80%2C107&#038;ssl=1\" alt=\"\" class=\"wp-image-11838\" srcset=\"https:\/\/i0.wp.com\/shop.ftemaximal.com\/wp-content\/uploads\/2024\/03\/image.png?w=80&amp;ssl=1 80w, https:\/\/i0.wp.com\/shop.ftemaximal.com\/wp-content\/uploads\/2024\/03\/image.png?resize=9%2C12&amp;ssl=1 9w\" sizes=\"(max-width: 80px) 100vw, 80px\" \/><\/a><\/figure>\n\n\n\n<p><a href=\"https:\/\/ftemaximal.com\/images\/files\/soporte-servicios\/Documentacion-tecnica\/MAU%2BWB1-7-OCPP-LK7.pdf\" target=\"_blank\" rel=\"noopener\" title=\"\">Manual de usuario<\/a><\/p>","protected":false},"excerpt":{"rendered":"<p>Cargador con cable de carga de 4 m, dispositivo de protecci\u00f3n de corriente residual con detecci\u00f3n de corriente CC (6 mA CC), OCPP 1,6J, lector de tarjetas RFID, Wi-Fi, Bluetooth, Aplicaci\u00f3n para Android e iOS<\/p>","protected":false},"featured_media":11648,"comment_status":"open","ping_status":"closed","template":"","meta":[],"pwb-brand":[176],"product_brand":[],"product_cat":[202,249],"product_tag":[],"class_list":{"0":"post-11837","1":"product","2":"type-product","3":"status-publish","4":"has-post-thumbnail","6":"pwb-brand-univers","7":"product_cat-estaciones-de-carga","8":"product_cat-rebajas-stock","10":"first","11":"instock","12":"sale","13":"featured","14":"taxable","15":"shipping-taxable","16":"purchasable","17":"product-type-simple"},"aioseo_notices":[],"brands":[{"id":176,"name":"Univers","slug":"univers"}],"_links":{"self":[{"href":"https:\/\/shop.ftemaximal.com\/pt\/wp-json\/wp\/v2\/product\/11837","targetHints":{"allow":["GET"]}}],"collection":[{"href":"https:\/\/shop.ftemaximal.com\/pt\/wp-json\/wp\/v2\/product"}],"about":[{"href":"https:\/\/shop.ftemaximal.com\/pt\/wp-json\/wp\/v2\/types\/product"}],"replies":[{"embeddable":true,"href":"https:\/\/shop.ftemaximal.com\/pt\/wp-json\/wp\/v2\/comments?post=11837"}],"wp:featuredmedia":[{"embeddable":true,"href":"https:\/\/shop.ftemaximal.com\/pt\/wp-json\/wp\/v2\/media\/11648"}],"wp:attachment":[{"href":"https:\/\/shop.ftemaximal.com\/pt\/wp-json\/wp\/v2\/media?parent=11837"}],"wp:term":[{"taxonomy":"pwb-brand","embeddable":true,"href":"https:\/\/shop.ftemaximal.com\/pt\/wp-json\/wp\/v2\/pwb-brand?post=11837"},{"taxonomy":"product_brand","embeddable":true,"href":"https:\/\/shop.ftemaximal.com\/pt\/wp-json\/wp\/v2\/product_brand?post=11837"},{"taxonomy":"product_cat","embeddable":true,"href":"https:\/\/shop.ftemaximal.com\/pt\/wp-json\/wp\/v2\/product_cat?post=11837"},{"taxonomy":"product_tag","embeddable":true,"href":"https:\/\/shop.ftemaximal.com\/pt\/wp-json\/wp\/v2\/product_tag?post=11837"}],"curies":[{"name":"wp","href":"https:\/\/api.w.org\/{rel}","templated":true}]}}