{"id":11662,"date":"2024-02-21T17:43:13","date_gmt":"2024-02-21T16:43:13","guid":{"rendered":"https:\/\/shop.ftemaximal.com\/?post_type=product&#038;p=11662"},"modified":"2024-07-29T16:27:15","modified_gmt":"2024-07-29T14:27:15","slug":"kit-completo-enerlution-hysh-hhs-6000-groundhv-12-5-kw-modulos-fotovoltaicos","status":"publish","type":"product","link":"https:\/\/shop.ftemaximal.com\/pt\/product\/kit-completo-enerlution-hysh-hhs-6000-groundhv-12-5-kw-modulos-fotovoltaicos\/","title":{"rendered":"Kit completo Enerlution HYSH HHS-6000 + GroundHV-12.5 kW + m\u00f3dulos fotovoltaicos"},"content":{"rendered":"<p>Sistema de almacenamiento de instalaci\u00f3n f\u00e1cil,flexible y asequible. (Inversor monof\u00e1sico + bater\u00edas)<\/p>\n\n\n\n<p><strong>CARACTER\u00cdSTICAS PRINCIPALE<\/strong>S<\/p>\n\n\n\n<ul class=\"wp-block-list\">\n<li>Sistema monof\u00e1sico compuesto de inversor y bater\u00edas.<\/li>\n\n\n\n<li>Flexibilidad de expansi\u00f3n. Dise\u00f1o modular de 2.5kW, escalable de 7,5kW a 20kW. <\/li>\n\n\n\n<li>F\u00e1cil instalaci\u00f3n incluso para una sola persona. M\u00f3dulos de bater\u00eda de 25KG. Sin conexi\u00f3n por cable.<\/li>\n\n\n\n<li>Seguridad y fiabilidad. C\u00e9lula de fosfato de hierro y litio (LFP). BMS incorporado y protecci\u00f3n pasiva mediante fusible y aerosol.<\/li>\n\n\n\n<li>Adaptabilidad al medio ambiente. Amplia gama de temperaturas soportadas en su rango de funcionamiento: -10\u00baC a 55\u00baC. Protecci\u00f3n agua-polvo IP65.<\/li>\n\n\n\n<li>Amplia compatibilidad con inversores<\/li>\n\n\n\n<li>M\u00e1s energ\u00eda utilizable. 90% de profundidad de descarga. Optimizaci\u00f3n de energ\u00eda a nivel de m\u00f3dulo.<\/li>\n<\/ul>\n\n\n\n<p><strong>CONTENIDO<\/strong><\/p>\n\n\n\n<ul class=\"wp-block-list\">\n<li>1 x Inversor HYSH HHS-6000 1MPPT <\/li>\n\n\n\n<li>1 x Unidad de distribuci\u00f3n de carga.<\/li>\n\n\n\n<li>5 x M\u00f3dulos de bater\u00eda 2.5KW cada uno.<\/li>\n\n\n\n<li>1 x Base de la estructura.<\/li>\n\n\n\n<li>15 x M\u00f3dulos fotovoltaicos 425W AE425CMD-108BDS o similar.<\/li>\n<\/ul>\n\n\n\n<div class=\"wp-block-group has-global-padding is-layout-constrained wp-block-group-is-layout-constrained\">\n<figure class=\"wp-block-gallery has-nested-images columns-2 wp-block-gallery-1 is-layout-flex wp-block-gallery-is-layout-flex\">\n<figure class=\"wp-block-image size-full\"><img data-recalc-dims=\"1\" fetchpriority=\"high\" decoding=\"async\" width=\"1000\" height=\"1000\" data-id=\"11539\" src=\"https:\/\/i0.wp.com\/shop.ftemaximal.com\/wp-content\/uploads\/2024\/02\/bat-enerlution-controlador.jpg?resize=1000%2C1000&#038;ssl=1\" alt=\"\" class=\"wp-image-11539\" srcset=\"https:\/\/i0.wp.com\/shop.ftemaximal.com\/wp-content\/uploads\/2024\/02\/bat-enerlution-controlador.jpg?w=1000&amp;ssl=1 1000w, https:\/\/i0.wp.com\/shop.ftemaximal.com\/wp-content\/uploads\/2024\/02\/bat-enerlution-controlador.jpg?resize=300%2C300&amp;ssl=1 300w, https:\/\/i0.wp.com\/shop.ftemaximal.com\/wp-content\/uploads\/2024\/02\/bat-enerlution-controlador.jpg?resize=150%2C150&amp;ssl=1 150w, https:\/\/i0.wp.com\/shop.ftemaximal.com\/wp-content\/uploads\/2024\/02\/bat-enerlution-controlador.jpg?resize=768%2C768&amp;ssl=1 768w, https:\/\/i0.wp.com\/shop.ftemaximal.com\/wp-content\/uploads\/2024\/02\/bat-enerlution-controlador.jpg?resize=12%2C12&amp;ssl=1 12w, https:\/\/i0.wp.com\/shop.ftemaximal.com\/wp-content\/uploads\/2024\/02\/bat-enerlution-controlador.jpg?resize=990%2C990&amp;ssl=1 990w, https:\/\/i0.wp.com\/shop.ftemaximal.com\/wp-content\/uploads\/2024\/02\/bat-enerlution-controlador.jpg?resize=441%2C441&amp;ssl=1 441w, https:\/\/i0.wp.com\/shop.ftemaximal.com\/wp-content\/uploads\/2024\/02\/bat-enerlution-controlador.jpg?resize=100%2C100&amp;ssl=1 100w, https:\/\/i0.wp.com\/shop.ftemaximal.com\/wp-content\/uploads\/2024\/02\/bat-enerlution-controlador.jpg?resize=800%2C800&amp;ssl=1 800w\" sizes=\"(max-width: 1000px) 100vw, 1000px\" \/><\/figure>\n\n\n\n<figure class=\"wp-block-image size-full\"><img data-recalc-dims=\"1\" decoding=\"async\" width=\"726\" height=\"726\" data-id=\"11564\" src=\"https:\/\/i0.wp.com\/shop.ftemaximal.com\/wp-content\/uploads\/2024\/02\/despiecepequenoenerlution.png?resize=726%2C726&#038;ssl=1\" alt=\"\" class=\"wp-image-11564\" srcset=\"https:\/\/i0.wp.com\/shop.ftemaximal.com\/wp-content\/uploads\/2024\/02\/despiecepequenoenerlution.png?w=726&amp;ssl=1 726w, https:\/\/i0.wp.com\/shop.ftemaximal.com\/wp-content\/uploads\/2024\/02\/despiecepequenoenerlution.png?resize=300%2C300&amp;ssl=1 300w, https:\/\/i0.wp.com\/shop.ftemaximal.com\/wp-content\/uploads\/2024\/02\/despiecepequenoenerlution.png?resize=150%2C150&amp;ssl=1 150w, https:\/\/i0.wp.com\/shop.ftemaximal.com\/wp-content\/uploads\/2024\/02\/despiecepequenoenerlution.png?resize=12%2C12&amp;ssl=1 12w, https:\/\/i0.wp.com\/shop.ftemaximal.com\/wp-content\/uploads\/2024\/02\/despiecepequenoenerlution.png?resize=441%2C441&amp;ssl=1 441w, https:\/\/i0.wp.com\/shop.ftemaximal.com\/wp-content\/uploads\/2024\/02\/despiecepequenoenerlution.png?resize=100%2C100&amp;ssl=1 100w\" sizes=\"(max-width: 726px) 100vw, 726px\" \/><\/figure>\n<\/figure>\n<\/div>\n\n\n\n<p><strong>COMPONENTES DE PRIMER NIVEL<\/strong><\/p>\n\n\n\n<figure class=\"wp-block-image size-large is-resized\"><img data-recalc-dims=\"1\" decoding=\"async\" width=\"1024\" height=\"606\" src=\"https:\/\/i0.wp.com\/shop.ftemaximal.com\/wp-content\/uploads\/2024\/02\/despiece-inversor-hypontech-1.png?resize=1024%2C606&#038;ssl=1\" alt=\"\" class=\"wp-image-11591\" style=\"width:899px;height:auto\" srcset=\"https:\/\/i0.wp.com\/shop.ftemaximal.com\/wp-content\/uploads\/2024\/02\/despiece-inversor-hypontech-1.png?resize=1024%2C606&amp;ssl=1 1024w, https:\/\/i0.wp.com\/shop.ftemaximal.com\/wp-content\/uploads\/2024\/02\/despiece-inversor-hypontech-1.png?resize=300%2C177&amp;ssl=1 300w, https:\/\/i0.wp.com\/shop.ftemaximal.com\/wp-content\/uploads\/2024\/02\/despiece-inversor-hypontech-1.png?resize=768%2C454&amp;ssl=1 768w, https:\/\/i0.wp.com\/shop.ftemaximal.com\/wp-content\/uploads\/2024\/02\/despiece-inversor-hypontech-1.png?resize=1536%2C909&amp;ssl=1 1536w, https:\/\/i0.wp.com\/shop.ftemaximal.com\/wp-content\/uploads\/2024\/02\/despiece-inversor-hypontech-1.png?resize=2048%2C1211&amp;ssl=1 2048w, https:\/\/i0.wp.com\/shop.ftemaximal.com\/wp-content\/uploads\/2024\/02\/despiece-inversor-hypontech-1.png?resize=18%2C12&amp;ssl=1 18w, https:\/\/i0.wp.com\/shop.ftemaximal.com\/wp-content\/uploads\/2024\/02\/despiece-inversor-hypontech-1.png?resize=990%2C586&amp;ssl=1 990w, https:\/\/i0.wp.com\/shop.ftemaximal.com\/wp-content\/uploads\/2024\/02\/despiece-inversor-hypontech-1.png?resize=441%2C261&amp;ssl=1 441w, https:\/\/i0.wp.com\/shop.ftemaximal.com\/wp-content\/uploads\/2024\/02\/despiece-inversor-hypontech-1.png?resize=800%2C473&amp;ssl=1 800w, https:\/\/i0.wp.com\/shop.ftemaximal.com\/wp-content\/uploads\/2024\/02\/despiece-inversor-hypontech-1.png?resize=150%2C89&amp;ssl=1 150w\" sizes=\"(max-width: 1024px) 100vw, 1024px\" \/><\/figure>\n\n\n\n<figure class=\"wp-block-image size-full\"><a href=\"https:\/\/shop.ftemaximal.com\/wp-content\/uploads\/2024\/02\/AE-CMD-108BDS-410W-430W-black-frame.pdf\"><img data-recalc-dims=\"1\" loading=\"lazy\" decoding=\"async\" width=\"80\" height=\"107\" src=\"https:\/\/i0.wp.com\/shop.ftemaximal.com\/wp-content\/uploads\/2023\/06\/pdf.png?resize=80%2C107&#038;ssl=1\" alt=\"\" class=\"wp-image-10853\" srcset=\"https:\/\/i0.wp.com\/shop.ftemaximal.com\/wp-content\/uploads\/2023\/06\/pdf.png?w=80&amp;ssl=1 80w, https:\/\/i0.wp.com\/shop.ftemaximal.com\/wp-content\/uploads\/2023\/06\/pdf.png?resize=9%2C12&amp;ssl=1 9w\" sizes=\"(max-width: 80px) 100vw, 80px\" \/><\/a><\/figure>\n\n\n\n<p><a href=\"https:\/\/shop.ftemaximal.com\/wp-content\/uploads\/2024\/02\/AE-CMD-108BDS-410W-430W-black-frame.pdf\" title=\"\">AE425CMD-108BDS<\/a><\/p>","protected":false},"excerpt":{"rendered":"<p>Kit solar completo compuesto de inversor de 6000W, almacenamiento de 12.5wK y 15 m\u00f3dulos fotovoltaicos.<\/p>","protected":false},"featured_media":11611,"comment_status":"open","ping_status":"closed","template":"","meta":[],"pwb-brand":[225],"product_brand":[],"product_cat":[214],"product_tag":[],"class_list":{"0":"post-11662","1":"product","2":"type-product","3":"status-publish","4":"has-post-thumbnail","6":"pwb-brand-enerlution","7":"product_cat-conjuntos-completos-fv","9":"first","10":"onbackorder","11":"taxable","12":"shipping-taxable","13":"purchasable","14":"product-type-simple"},"aioseo_notices":[],"brands":[{"id":225,"name":"Enerlution","slug":"enerlution"}],"_links":{"self":[{"href":"https:\/\/shop.ftemaximal.com\/pt\/wp-json\/wp\/v2\/product\/11662","targetHints":{"allow":["GET"]}}],"collection":[{"href":"https:\/\/shop.ftemaximal.com\/pt\/wp-json\/wp\/v2\/product"}],"about":[{"href":"https:\/\/shop.ftemaximal.com\/pt\/wp-json\/wp\/v2\/types\/product"}],"replies":[{"embeddable":true,"href":"https:\/\/shop.ftemaximal.com\/pt\/wp-json\/wp\/v2\/comments?post=11662"}],"wp:featuredmedia":[{"embeddable":true,"href":"https:\/\/shop.ftemaximal.com\/pt\/wp-json\/wp\/v2\/media\/11611"}],"wp:attachment":[{"href":"https:\/\/shop.ftemaximal.com\/pt\/wp-json\/wp\/v2\/media?parent=11662"}],"wp:term":[{"taxonomy":"pwb-brand","embeddable":true,"href":"https:\/\/shop.ftemaximal.com\/pt\/wp-json\/wp\/v2\/pwb-brand?post=11662"},{"taxonomy":"product_brand","embeddable":true,"href":"https:\/\/shop.ftemaximal.com\/pt\/wp-json\/wp\/v2\/product_brand?post=11662"},{"taxonomy":"product_cat","embeddable":true,"href":"https:\/\/shop.ftemaximal.com\/pt\/wp-json\/wp\/v2\/product_cat?post=11662"},{"taxonomy":"product_tag","embeddable":true,"href":"https:\/\/shop.ftemaximal.com\/pt\/wp-json\/wp\/v2\/product_tag?post=11662"}],"curies":[{"name":"wp","href":"https:\/\/api.w.org\/{rel}","templated":true}]}}