{"id":11425,"date":"2024-01-30T16:38:03","date_gmt":"2024-01-30T15:38:03","guid":{"rendered":"https:\/\/shop.ftemaximal.com\/?post_type=product&#038;p=11425"},"modified":"2024-09-25T16:00:12","modified_gmt":"2024-09-25T14:00:12","slug":"extreme-hd-4k-android-tv","status":"publish","type":"product","link":"https:\/\/shop.ftemaximal.com\/pt\/product\/extreme-hd-4k-android-tv\/","title":{"rendered":"Extreme HD 4K Android-TV"},"content":{"rendered":"<h3 class=\"wp-block-heading\">Android TV Box multi certificada<\/h3>\n\n\n\n<p>El Android TV STB, certificado por Google, Netflix y Amazon, es un box de \u00faltima generaci\u00f3n que deja poco que desear en cuanto a funciones adicionales. <\/p>\n\n\n\n<p>Como diferencia de muchos STB de Android disponibles en el mercado, esta caja admite oficialmente las aplicaciones  Netflix, Amazon Prime Video, Google Video, Zattoo, Maxdome, YouTube y Amazon Prime, as\u00ed como varias bibliotecas de TV y todas las dem\u00e1s que se descargan a trav\u00e9s de Google Play. <\/p>\n\n\n\n<p>Admite el control por voz del Asistente de Google y, por lo tanto, ofrece un funcionamiento sencillo para el usuario. <\/p>\n\n\n\n<p>Brillante carcasa de ABS en negro satinado. <\/p>\n\n\n\n<p>En cualquier momento es posible ampliar las aplicaciones existentes de Google App Store, as\u00ed como las pr\u00f3ximas aplicaciones. <\/p>\n\n\n\n<p>El sistema inteligente aprende las preferencias de los usuarios y presenta recomendaciones personalizadas para Google Play y YouTube directamente en la p\u00e1gina de inicio. El control por voz hace que la operaci\u00f3n sea muy c\u00f3moda y mucho m\u00e1s sencilla que mediante el uso de las teclas. <\/p>\n\n\n\n<p>La sencilla transferencia de contenidos desde otros dispositivos permite verlos en una gran pantalla de TV. Con Android TV no s\u00f3lo experimentar\u00e1s un extenso mundo de streaming en resoluci\u00f3n 4K, sino tambi\u00e9n disfrutar\u00e1s de juegos en gran formato. No te preocupes por el futuro, con esta caja certificada tambi\u00e9n recibir\u00e1s actualizaciones en el futuro, para que esta caja Android TV est\u00e9 siempre actualizada.<\/p>\n\n\n\n<p>Dispone adem\u00e1s de Wi-Fi 2.4 GHz y 5 GHz, Bluetooth 4.2, Wlan, LAN, salida de audio \u00f3ptico, salida de audio y v\u00eddeo, lector de tarjetas mini SD,  HDMI 2.1 y 3 USB (2 x Type A version 2.0 and 3.0 and 1 x de tipo C).<\/p>\n\n\n\n<p>El soporte Chromecast, Dolby Digital plus, AAC completa este estupendo receptor.<\/p>\n\n\n\n<p>Por si fuera poco no tendr\u00e1s que dirigir el mando a distancia en la direcci\u00f3n correcta para que el receptor obedezca tus \u00f3rdenes, el mando es Bluetooth y dispone de botones dedicados de acceso r\u00e1pido para Netflix, YouTube, Amazon video y Google Play!!<\/p>\n\n\n\n<figure class=\"wp-block-table is-style-stripes\"><table><tbody><tr><td><br>&#8211; Sistema operativo Android 10 \/ Android TV.<br>&#8211; 4K y Full-HD, soporta resoluci\u00f3n HD hasta 1080p<br>&#8211; Conexi\u00f3n Wi-Fi integrada de 2.4 y 5 GHz.<br>&#8211; Bluetooth 4.2, Wlan, LAN, solids de audio \u00f3ptica, salida A\/V, lector de tarjetas mini SD, HDMI 2.1 and 3 conexiones USB (2 x tipo A version 2.0 y 3.0 and 1 x tipo C)<br>&#8211; Acceso a servicios como Netflix, Amazon Prime Video, Google Video, Zattoo, Maxdome, YouTube y Amazon Prime Music, TuneIn, Youtube, Google Play Store para Android TV y mucho m\u00e1s.<br>&#8211; Dolby Digital plus y AAC. <br>&#8211; Elegantey compacto.<br>&#8211; DVB-S2 Dongle incluido.<br>&#8211; Mando a distancia Bluetooth que incluye asistente de voz \u00abGoogle Assistant\u201c <br>&#8211; Mantente siempre actualizado: actualizaci\u00f3n de softare garantizado a trav\u00e9s del servidor de Google (GOTA).<\/td><\/tr><\/tbody><\/table><\/figure>\n\n\n\n<p>Con\u00e9ctate, simplemente con\u00e9ctate a Internet ya sea v\u00eda LAN o WLAN y d\u00e9jate entretener.<\/p>\n\n\n\n\n\n<p><\/p>\n\n\n\n<figure class=\"wp-block-image\"><a href=\"https:\/\/shop.ftemaximal.com\/wp-content\/uploads\/2024\/01\/eXtreme-HD-4K-Android-TV_es.pdf\" target=\"_blank\" rel=\"noopener\"><img data-recalc-dims=\"1\" decoding=\"async\" width=\"80\" height=\"107\" src=\"https:\/\/i0.wp.com\/shop.ftemaximal.com\/wp-content\/uploads\/2024\/01\/image.png?resize=80%2C107&#038;ssl=1\" alt=\"Anleitung\" class=\"wp-image-11406\" srcset=\"https:\/\/i0.wp.com\/shop.ftemaximal.com\/wp-content\/uploads\/2024\/01\/image.png?w=80&amp;ssl=1 80w, https:\/\/i0.wp.com\/shop.ftemaximal.com\/wp-content\/uploads\/2024\/01\/image.png?resize=9%2C12&amp;ssl=1 9w\" sizes=\"(max-width: 80px) 100vw, 80px\" \/><\/a><\/figure>\n\n\n\n<p><a href=\"https:\/\/shop.ftemaximal.com\/wp-content\/uploads\/2024\/01\/eXtreme-HD-4K-Android-TV_es.pdf\" target=\"_blank\" rel=\"noopener\" title=\"\">Hoja de datos<\/a><\/p>","protected":false},"excerpt":{"rendered":"<p>Android TV STB, certificado por Google, Netflix y Amazon,<\/p>","protected":false},"featured_media":11816,"comment_status":"open","ping_status":"closed","template":"","meta":[],"pwb-brand":[82],"product_brand":[],"product_cat":[215],"product_tag":[],"class_list":{"0":"post-11425","1":"product","2":"type-product","3":"status-publish","4":"has-post-thumbnail","6":"pwb-brand-fte-maximal","7":"product_cat-hogar-inteligente","9":"first","10":"outofstock","11":"taxable","12":"shipping-taxable","13":"purchasable","14":"product-type-simple"},"aioseo_notices":[],"brands":[{"id":82,"name":"Fte Maximal","slug":"fte-maximal"}],"_links":{"self":[{"href":"https:\/\/shop.ftemaximal.com\/pt\/wp-json\/wp\/v2\/product\/11425","targetHints":{"allow":["GET"]}}],"collection":[{"href":"https:\/\/shop.ftemaximal.com\/pt\/wp-json\/wp\/v2\/product"}],"about":[{"href":"https:\/\/shop.ftemaximal.com\/pt\/wp-json\/wp\/v2\/types\/product"}],"replies":[{"embeddable":true,"href":"https:\/\/shop.ftemaximal.com\/pt\/wp-json\/wp\/v2\/comments?post=11425"}],"wp:featuredmedia":[{"embeddable":true,"href":"https:\/\/shop.ftemaximal.com\/pt\/wp-json\/wp\/v2\/media\/11816"}],"wp:attachment":[{"href":"https:\/\/shop.ftemaximal.com\/pt\/wp-json\/wp\/v2\/media?parent=11425"}],"wp:term":[{"taxonomy":"pwb-brand","embeddable":true,"href":"https:\/\/shop.ftemaximal.com\/pt\/wp-json\/wp\/v2\/pwb-brand?post=11425"},{"taxonomy":"product_brand","embeddable":true,"href":"https:\/\/shop.ftemaximal.com\/pt\/wp-json\/wp\/v2\/product_brand?post=11425"},{"taxonomy":"product_cat","embeddable":true,"href":"https:\/\/shop.ftemaximal.com\/pt\/wp-json\/wp\/v2\/product_cat?post=11425"},{"taxonomy":"product_tag","embeddable":true,"href":"https:\/\/shop.ftemaximal.com\/pt\/wp-json\/wp\/v2\/product_tag?post=11425"}],"curies":[{"name":"wp","href":"https:\/\/api.w.org\/{rel}","templated":true}]}}