{"id":11376,"date":"2024-01-25T14:02:25","date_gmt":"2024-01-25T13:02:25","guid":{"rendered":"https:\/\/shop.ftemaximal.com\/?post_type=product&#038;p=11376"},"modified":"2025-12-10T10:01:11","modified_gmt":"2025-12-10T09:01:11","slug":"microinversor-deye-sun800g3-eu-230","status":"publish","type":"product","link":"https:\/\/shop.ftemaximal.com\/pt\/product\/microinversor-deye-sun800g3-eu-230\/","title":{"rendered":"Microinversor Solar Deye SUN800G3-EU-230 para Balc\u00f3n"},"content":{"rendered":"<p>El SUN 600\/800\/1000G3 es un microinversor conectado a la red de nueva generaci\u00f3n con redes inteligentes y sistemas de monitoreo para garantizar la m\u00e1xima eficiencia. El SUN 600\/800\/1000G3 est\u00e1 optimizado para adaptarse a los m\u00f3dulos fotovoltaicos de alto rendimiento de hoy en d\u00eda con una salida de hasta 500 W y MPPT dual. Adem\u00e1s, admite aplicaciones de apagado r\u00e1pido, lo que garantiza que su inversi\u00f3n est\u00e9 segura.<\/p>\n\n\n\n<h3 class=\"wp-block-heading\">Funci\u00f3n de apagado remoto<\/h3>\n\n\n\n<p>Plataforma de monitoreo inteligente<br>Gracias a la plataforma de monitoreo inteligente, los productos de inversor de la serie completa de Deye admiten el apagado remoto inmediatamente cuando ocurre el accidente. Configuraci\u00f3n de par\u00e1metros y actualizaci\u00f3n de FW de forma remota, lo que facilita la operaci\u00f3n y mantenimiento de la planta fotovoltaica.<\/p>\n\n\n\n<ul class=\"wp-block-list\">\n<li>Monitoreo a nivel de m\u00f3dulo, m\u00e1s seguro e inteligente<\/li>\n\n\n\n<li>m\u00e1x. Corriente de entrada de CC 12,5 A, adaptable a m\u00f3dulo fotovoltaico de 500 W<\/li>\n\n\n\n<li>Funci\u00f3n de apagado r\u00e1pido<\/li>\n\n\n\n<li>Grado de protecci\u00f3n IP67, 10 a\u00f1os de garant\u00eda<\/li>\n\n\n\n<li>Comunicaci\u00f3n PLC, Zigbee o WIFI<\/li>\n\n\n\n<li>2 rastreadores MPP, monitoreo de nivel de m\u00f3dulo<\/li>\n<\/ul>\n\n\n\n<figure class=\"wp-block-image\"><a href=\"https:\/\/shop.ftemaximal.com\/wp-content\/uploads\/2024\/01\/Deye-sun800g3-eu-230.pdf\"><img data-recalc-dims=\"1\" decoding=\"async\" src=\"https:\/\/i0.wp.com\/cdn02.plentymarkets.com\/obyl17va86cf\/frontend\/content_ids\/0_general\/logos\/pdf.png?w=1170&#038;ssl=1\" alt=\"\"\/><\/a><\/figure>\n\n\n\n<p><a href=\"https:\/\/shop.ftemaximal.com\/wp-content\/uploads\/2024\/01\/Deye-sun800g3-eu-230.pdf\" target=\"_blank\" rel=\"noopener\" title=\"\">Hoja de datos<\/a><\/p>\n\n\n\n<figure class=\"wp-block-image\"><a href=\"https:\/\/shop.ftemaximal.com\/wp-content\/uploads\/2024\/01\/Micro-inverter-manual-SUN600\uff5e1000G3-US-230-Ver1.2.pdf\" target=\"_blank\" rel=\"noreferrer noopener\"><img data-recalc-dims=\"1\" decoding=\"async\" src=\"https:\/\/i0.wp.com\/cdn02.plentymarkets.com\/obyl17va86cf\/frontend\/content_ids\/0_general\/logos\/pdf.png?w=1170&#038;ssl=1\" alt=\"\"\/><\/a><\/figure>\n\n\n\n<p><a href=\"https:\/\/shop.ftemaximal.com\/wp-content\/uploads\/2024\/01\/Micro-inverter-manual-SUN600\uff5e1000G3-US-230-Ver1.2.pdf\" target=\"_blank\" rel=\"noopener\" title=\"\">Manual de usuario<\/a><\/p>\n\n\n\n<figure class=\"wp-block-image\"><a href=\"https:\/\/shop.ftemaximal.com\/wp-content\/uploads\/2024\/01\/CN-PV-200144_Security.pdf\" target=\"_blank\" rel=\"noreferrer noopener\"><img data-recalc-dims=\"1\" decoding=\"async\" src=\"https:\/\/i0.wp.com\/cdn02.plentymarkets.com\/obyl17va86cf\/frontend\/content_ids\/0_general\/logos\/pdf.png?w=1170&#038;ssl=1\" alt=\"\"\/><\/a><\/figure>\n\n\n\n<p><a href=\"https:\/\/shop.ftemaximal.com\/wp-content\/uploads\/2024\/01\/CN-PV-200144_Security.pdf\" title=\"\">Certificado de conformidad<\/a><\/p>\n\n\n\n<p><\/p>","protected":false},"excerpt":{"rendered":"<p>El SUN 600\/800\/1000G3 es un microinversor conectado a la red de nueva generaci\u00f3n con redes inteligentes y sistemas de monitoreo para garantizar la m\u00e1xima eficiencia. El SUN 600\/800\/1000G3 est\u00e1 optimizado para adaptarse a los m\u00f3dulos fotovoltaicos de alto rendimiento de hoy en d\u00eda con una salida de hasta 500 W y MPPT dual. Adem\u00e1s, admite [&hellip;]<\/p>\n","protected":false},"featured_media":11520,"comment_status":"open","ping_status":"closed","template":"","meta":[],"pwb-brand":[222],"product_brand":[],"product_cat":[77,223,250,249],"product_tag":[],"class_list":{"0":"post-11376","1":"product","2":"type-product","3":"status-publish","4":"has-post-thumbnail","6":"pwb-brand-deye-brand","7":"product_cat-kits-de-balcon","8":"product_cat-microinversores","9":"product_cat-ofertas-flash","10":"product_cat-rebajas-stock","12":"first","13":"instock","14":"sale","15":"taxable","16":"shipping-taxable","17":"purchasable","18":"product-type-simple"},"aioseo_notices":[],"brands":[{"id":222,"name":"Deye","slug":"deye-brand"}],"_links":{"self":[{"href":"https:\/\/shop.ftemaximal.com\/pt\/wp-json\/wp\/v2\/product\/11376","targetHints":{"allow":["GET"]}}],"collection":[{"href":"https:\/\/shop.ftemaximal.com\/pt\/wp-json\/wp\/v2\/product"}],"about":[{"href":"https:\/\/shop.ftemaximal.com\/pt\/wp-json\/wp\/v2\/types\/product"}],"replies":[{"embeddable":true,"href":"https:\/\/shop.ftemaximal.com\/pt\/wp-json\/wp\/v2\/comments?post=11376"}],"wp:featuredmedia":[{"embeddable":true,"href":"https:\/\/shop.ftemaximal.com\/pt\/wp-json\/wp\/v2\/media\/11520"}],"wp:attachment":[{"href":"https:\/\/shop.ftemaximal.com\/pt\/wp-json\/wp\/v2\/media?parent=11376"}],"wp:term":[{"taxonomy":"pwb-brand","embeddable":true,"href":"https:\/\/shop.ftemaximal.com\/pt\/wp-json\/wp\/v2\/pwb-brand?post=11376"},{"taxonomy":"product_brand","embeddable":true,"href":"https:\/\/shop.ftemaximal.com\/pt\/wp-json\/wp\/v2\/product_brand?post=11376"},{"taxonomy":"product_cat","embeddable":true,"href":"https:\/\/shop.ftemaximal.com\/pt\/wp-json\/wp\/v2\/product_cat?post=11376"},{"taxonomy":"product_tag","embeddable":true,"href":"https:\/\/shop.ftemaximal.com\/pt\/wp-json\/wp\/v2\/product_tag?post=11376"}],"curies":[{"name":"wp","href":"https:\/\/api.w.org\/{rel}","templated":true}]}}