{"id":11324,"date":"2024-01-25T11:28:14","date_gmt":"2024-01-25T10:28:14","guid":{"rendered":"https:\/\/shop.ftemaximal.com\/?post_type=product&#038;p=11324"},"modified":"2026-03-30T10:51:06","modified_gmt":"2026-03-30T08:51:06","slug":"fox-ess-t20-inversor-trifasico-de-20-kw","status":"publish","type":"product","link":"https:\/\/shop.ftemaximal.com\/pt\/product\/fox-ess-t20-inversor-trifasico-de-20-kw\/","title":{"rendered":"Inversor de Conexi\u00f3n a Red Trif\u00e1sico 20kW FOX ESS T20"},"content":{"rendered":"<p>El rango de inversores de la serie T es apropiado para instalaciones trif\u00e1sicas dom\u00e9sticas y comerciales de peque\u00f1a escala, ofreciendo un rendimiento incomparable y versatilidad para maximizar la producci\u00f3n y ampliar los tiempos de generaci\u00f3n. El rango de estos inversores va desde los 3kW hasta los 25 kW.<\/p>\n\n\n\n<p><em><strong>Ventajas del sistema:<\/strong><\/em><\/p>\n\n\n\n<p><em>&#8211; Tecnolog\u00eda avanzada de control DSP.<\/em><\/p>\n\n\n\n<p><em>&#8211; Utilice el \u00faltimo componente de energ\u00eda de alta eficiencia.<\/em><\/p>\n\n\n\n<p><em>&#8211; Tecnolog\u00eda \u00f3ptima MPPT.<\/em><\/p>\n\n\n\n<p><em>&#8211; Dos rastreadores MPP independientes.<\/em><\/p>\n\n\n\n<p><em>&#8211; Rango amplio de voltaje MPPT.<\/em><\/p>\n\n\n\n<p><em>&#8211; Soluciones anti-aislamiento avanzadas.<\/em><\/p>\n\n\n\n<p><em>&#8211; Nivel de protecci\u00f3n IP65.<\/em><\/p>\n\n\n\n<p><em>&#8211; M\u00e1xima eficiencia de hasta el 98,6 %. Eficiencia de la UE de hasta el 97,8 %.THD&lt;3 %.<\/em><\/p>\n\n\n\n<p><em>&#8211; Seguridad y confiabilidad: Dise\u00f1o sin transformador con protecci\u00f3n de software y hardware.<\/em><\/p>\n\n\n\n<p><em>&#8211; Limitaci\u00f3n externa (Medidor\/DRM0\/ESTOP).<\/em><\/p>\n\n\n\n<p><em>&#8211; Regulaci\u00f3n del factor de potencia.<\/em><\/p>\n\n\n\n<p><em>&#8211; Amigable de HMI.<\/em><\/p>\n\n\n\n<p><em>&#8211; Indicaciones de estado de LED.<\/em><\/p>\n\n\n\n<p><em>&#8211; Datos t\u00e9cnicos de la pantalla LCD, interacci\u00f3n hombre-m\u00e1quina a trav\u00e9s de cuatro teclas t\u00e1ctiles.<\/em><\/p>\n\n\n\n<p><em>&#8211; Monitoreo remoto a trav\u00e9s de PC o APP.<\/em><\/p>\n\n\n\n<p><em>&#8211; Actualizaci\u00f3n a trav\u00e9s de la interfaz USB.<\/em><\/p>\n\n\n\n<figure class=\"wp-block-image\"><a href=\"https:\/\/shop.ftemaximal.com\/wp-content\/uploads\/2024\/01\/ES-TG3-datasheet-3.3.pdf\" target=\"_blank\" rel=\"noopener\"><img data-recalc-dims=\"1\" decoding=\"async\" width=\"80\" height=\"107\" src=\"https:\/\/i0.wp.com\/shop.ftemaximal.com\/wp-content\/uploads\/2023\/06\/pdf.png?resize=80%2C107&#038;ssl=1\" alt=\"\" class=\"wp-image-10853\" srcset=\"https:\/\/i0.wp.com\/shop.ftemaximal.com\/wp-content\/uploads\/2023\/06\/pdf.png?w=80&amp;ssl=1 80w, https:\/\/i0.wp.com\/shop.ftemaximal.com\/wp-content\/uploads\/2023\/06\/pdf.png?resize=9%2C12&amp;ssl=1 9w\" sizes=\"(max-width: 80px) 100vw, 80px\" \/><\/a><\/figure>\n\n\n\n<p><a href=\"https:\/\/shop.ftemaximal.com\/wp-content\/uploads\/2024\/01\/ES-TG3-datasheet-3.3.pdf\" target=\"_blank\" rel=\"noopener\" title=\"\">Hoja de datos<\/a><\/p>\n\n\n\n<figure class=\"wp-block-image\"><a href=\"https:\/\/shop.ftemaximal.com\/wp-content\/uploads\/2024\/01\/TG3-quick-guide-ES.pdf\" target=\"_blank\" rel=\"noopener\"><img data-recalc-dims=\"1\" decoding=\"async\" width=\"80\" height=\"107\" src=\"https:\/\/i0.wp.com\/shop.ftemaximal.com\/wp-content\/uploads\/2023\/06\/pdf.png?resize=80%2C107&#038;ssl=1\" alt=\"\" class=\"wp-image-10853\" srcset=\"https:\/\/i0.wp.com\/shop.ftemaximal.com\/wp-content\/uploads\/2023\/06\/pdf.png?w=80&amp;ssl=1 80w, https:\/\/i0.wp.com\/shop.ftemaximal.com\/wp-content\/uploads\/2023\/06\/pdf.png?resize=9%2C12&amp;ssl=1 9w\" sizes=\"(max-width: 80px) 100vw, 80px\" \/><\/a><\/figure>\n\n\n\n<p><a href=\"https:\/\/shop.ftemaximal.com\/wp-content\/uploads\/2024\/01\/TG3-quick-guide-ES.pdf\" target=\"_blank\" rel=\"noopener\" title=\"\">Gu\u00eda r\u00e1pida<\/a><\/p>\n\n\n\n<figure class=\"wp-block-image\"><a href=\"https:\/\/shop.ftemaximal.com\/wp-content\/uploads\/2024\/01\/F-User-Manual-ES.pdf\" target=\"_blank\" rel=\"noopener\"><img data-recalc-dims=\"1\" decoding=\"async\" width=\"80\" height=\"107\" src=\"https:\/\/i0.wp.com\/shop.ftemaximal.com\/wp-content\/uploads\/2023\/06\/pdf.png?resize=80%2C107&#038;ssl=1\" alt=\"\" class=\"wp-image-10853\" srcset=\"https:\/\/i0.wp.com\/shop.ftemaximal.com\/wp-content\/uploads\/2023\/06\/pdf.png?w=80&amp;ssl=1 80w, https:\/\/i0.wp.com\/shop.ftemaximal.com\/wp-content\/uploads\/2023\/06\/pdf.png?resize=9%2C12&amp;ssl=1 9w\" sizes=\"(max-width: 80px) 100vw, 80px\" \/><\/a><\/figure>\n\n\n\n<p><a href=\"https:\/\/shop.ftemaximal.com\/wp-content\/uploads\/2024\/01\/F-User-Manual-ES.pdf\" target=\"_blank\" rel=\"noopener\" title=\"\">Manual de<\/a><a href=\"https:\/\/shop.ftemaximal.com\/wp-content\/uploads\/2024\/01\/TG3-User-manual-ES.pdf\" target=\"_blank\" rel=\"noopener\" title=\"\"> <\/a><a href=\"https:\/\/shop.ftemaximal.com\/wp-content\/uploads\/2024\/01\/F-User-Manual-ES.pdf\" target=\"_blank\" rel=\"noopener\" title=\"\">usuario<\/a><\/p>\n\n\n\n<figure class=\"wp-block-image\"><a href=\"https:\/\/shop.ftemaximal.com\/wp-content\/uploads\/2024\/01\/2622_0288-1_CER-Type-A.pdf\" target=\"_blank\" rel=\"noopener\"><img data-recalc-dims=\"1\" decoding=\"async\" width=\"80\" height=\"107\" src=\"https:\/\/i0.wp.com\/shop.ftemaximal.com\/wp-content\/uploads\/2023\/06\/pdf.png?resize=80%2C107&#038;ssl=1\" alt=\"\" class=\"wp-image-10853\" srcset=\"https:\/\/i0.wp.com\/shop.ftemaximal.com\/wp-content\/uploads\/2023\/06\/pdf.png?w=80&amp;ssl=1 80w, https:\/\/i0.wp.com\/shop.ftemaximal.com\/wp-content\/uploads\/2023\/06\/pdf.png?resize=9%2C12&amp;ssl=1 9w\" sizes=\"(max-width: 80px) 100vw, 80px\" \/><\/a><\/figure>\n\n\n\n<p><a href=\"https:\/\/shop.ftemaximal.com\/wp-content\/uploads\/2024\/01\/Mait_Fxx00_UNBED_UNE217001_U20-1059.pdf\" target=\"_blank\" rel=\"noopener\" title=\"\">Certificado <\/a><a href=\"https:\/\/shop.ftemaximal.com\/wp-content\/uploads\/2024\/01\/2622_0288-1_CER-Type-A.pdf\" target=\"_blank\" rel=\"noopener\" title=\"\">Conformidad<\/a><\/p>\n\n\n\n<figure class=\"wp-block-image\"><a href=\"https:\/\/shop.ftemaximal.com\/wp-content\/uploads\/2024\/01\/2622_0288-2_CER_UNE217001.pdf\" target=\"_blank\" rel=\"noopener\"><img data-recalc-dims=\"1\" decoding=\"async\" width=\"80\" height=\"107\" src=\"https:\/\/i0.wp.com\/shop.ftemaximal.com\/wp-content\/uploads\/2023\/06\/pdf.png?resize=80%2C107&#038;ssl=1\" alt=\"\" class=\"wp-image-10853\" srcset=\"https:\/\/i0.wp.com\/shop.ftemaximal.com\/wp-content\/uploads\/2023\/06\/pdf.png?w=80&amp;ssl=1 80w, https:\/\/i0.wp.com\/shop.ftemaximal.com\/wp-content\/uploads\/2023\/06\/pdf.png?resize=9%2C12&amp;ssl=1 9w\" sizes=\"(max-width: 80px) 100vw, 80px\" \/><\/a><\/figure>\n\n\n\n<p><a href=\"https:\/\/shop.ftemaximal.com\/wp-content\/uploads\/2024\/01\/Mait_Fxx00_UNBED_UNE206007_UNE206006_U20-1057.pdf\" target=\"_blank\" rel=\"noopener\" title=\"\">Certificado <\/a><a href=\"https:\/\/shop.ftemaximal.com\/wp-content\/uploads\/2024\/01\/2622_0288-2_CER_UNE217001.pdf\" target=\"_blank\" rel=\"noopener\" title=\"\">Conformidad<\/a><a href=\"https:\/\/shop.ftemaximal.com\/wp-content\/uploads\/2024\/01\/Mait_Fxx00_UNBED_UNE206007_UNE206006_U20-1057.pdf\" target=\"_blank\" rel=\"noopener\" title=\"\"> II<\/a><\/p>\n\n\n\n<figure class=\"wp-block-image\"><a href=\"https:\/\/shop.ftemaximal.com\/wp-content\/uploads\/2024\/01\/2622_0288-A-CER-UNE217002.pdf\" target=\"_blank\" rel=\"noopener\"><img data-recalc-dims=\"1\" decoding=\"async\" width=\"80\" height=\"107\" src=\"https:\/\/i0.wp.com\/shop.ftemaximal.com\/wp-content\/uploads\/2023\/06\/pdf.png?resize=80%2C107&#038;ssl=1\" alt=\"\" class=\"wp-image-10853\" srcset=\"https:\/\/i0.wp.com\/shop.ftemaximal.com\/wp-content\/uploads\/2023\/06\/pdf.png?w=80&amp;ssl=1 80w, https:\/\/i0.wp.com\/shop.ftemaximal.com\/wp-content\/uploads\/2023\/06\/pdf.png?resize=9%2C12&amp;ssl=1 9w\" sizes=\"(max-width: 80px) 100vw, 80px\" \/><\/a><\/figure>\n\n\n\n<p><a href=\"https:\/\/shop.ftemaximal.com\/wp-content\/uploads\/2024\/01\/2622_0288-A-CER-UNE217002.pdf\" target=\"_blank\" rel=\"noopener\" title=\"Certificado Conformidad III\">Certificado Conformidad III<\/a><\/p>\n\n\n\n<figure class=\"wp-block-image\"><a href=\"https:\/\/shop.ftemaximal.com\/wp-content\/uploads\/2024\/01\/2622_0288-B-CER-RD647.pdf\" target=\"_blank\" rel=\"noopener\"><img data-recalc-dims=\"1\" decoding=\"async\" width=\"80\" height=\"107\" src=\"https:\/\/i0.wp.com\/shop.ftemaximal.com\/wp-content\/uploads\/2023\/06\/pdf.png?resize=80%2C107&#038;ssl=1\" alt=\"\" class=\"wp-image-10853\" srcset=\"https:\/\/i0.wp.com\/shop.ftemaximal.com\/wp-content\/uploads\/2023\/06\/pdf.png?w=80&amp;ssl=1 80w, https:\/\/i0.wp.com\/shop.ftemaximal.com\/wp-content\/uploads\/2023\/06\/pdf.png?resize=9%2C12&amp;ssl=1 9w\" sizes=\"(max-width: 80px) 100vw, 80px\" \/><\/a><\/figure>\n\n\n\n<p><a href=\"https:\/\/shop.ftemaximal.com\/wp-content\/uploads\/2024\/01\/2622_0288-B-CER-RD647.pdf\" target=\"_blank\" rel=\"noopener\" title=\"\">Certificado Conformidad IV<\/a><\/p>","protected":false},"excerpt":{"rendered":"<p>Inversor trif\u00e1sico de alto rendimiento de 20kW. El inversor est\u00e1 integrado con dos rastreadores MPP de alta eficiencia y fiabilidad.<\/p>","protected":false},"featured_media":11706,"comment_status":"open","ping_status":"closed","template":"","meta":[],"pwb-brand":[83],"product_brand":[],"product_cat":[298,246,74,250,249],"product_tag":[276,278,273,274],"class_list":{"0":"post-11324","1":"product","2":"type-product","3":"status-publish","4":"has-post-thumbnail","6":"pwb-brand-fox-ess","7":"product_cat-runout","8":"product_cat-de-conexion-a-red","9":"product_cat-inversores","10":"product_cat-ofertas-flash","11":"product_cat-rebajas-stock","12":"product_tag-20kw","13":"product_tag-conexion-a-red","14":"product_tag-inversor","15":"product_tag-trifasico","17":"first","18":"instock","19":"sale","20":"taxable","21":"shipping-taxable","22":"purchasable","23":"product-type-simple"},"aioseo_notices":[],"brands":[{"id":83,"name":"FOX-ESS","slug":"fox-ess"}],"_links":{"self":[{"href":"https:\/\/shop.ftemaximal.com\/pt\/wp-json\/wp\/v2\/product\/11324","targetHints":{"allow":["GET"]}}],"collection":[{"href":"https:\/\/shop.ftemaximal.com\/pt\/wp-json\/wp\/v2\/product"}],"about":[{"href":"https:\/\/shop.ftemaximal.com\/pt\/wp-json\/wp\/v2\/types\/product"}],"replies":[{"embeddable":true,"href":"https:\/\/shop.ftemaximal.com\/pt\/wp-json\/wp\/v2\/comments?post=11324"}],"wp:featuredmedia":[{"embeddable":true,"href":"https:\/\/shop.ftemaximal.com\/pt\/wp-json\/wp\/v2\/media\/11706"}],"wp:attachment":[{"href":"https:\/\/shop.ftemaximal.com\/pt\/wp-json\/wp\/v2\/media?parent=11324"}],"wp:term":[{"taxonomy":"pwb-brand","embeddable":true,"href":"https:\/\/shop.ftemaximal.com\/pt\/wp-json\/wp\/v2\/pwb-brand?post=11324"},{"taxonomy":"product_brand","embeddable":true,"href":"https:\/\/shop.ftemaximal.com\/pt\/wp-json\/wp\/v2\/product_brand?post=11324"},{"taxonomy":"product_cat","embeddable":true,"href":"https:\/\/shop.ftemaximal.com\/pt\/wp-json\/wp\/v2\/product_cat?post=11324"},{"taxonomy":"product_tag","embeddable":true,"href":"https:\/\/shop.ftemaximal.com\/pt\/wp-json\/wp\/v2\/product_tag?post=11324"}],"curies":[{"name":"wp","href":"https:\/\/api.w.org\/{rel}","templated":true}]}}