{"id":11320,"date":"2024-01-25T10:47:05","date_gmt":"2024-01-25T09:47:05","guid":{"rendered":"https:\/\/shop.ftemaximal.com\/?post_type=product&#038;p=11320"},"modified":"2025-02-24T10:00:52","modified_gmt":"2025-02-24T09:00:52","slug":"fox-ess-f5000-inversor-monofasico-de-5-kw","status":"publish","type":"product","link":"https:\/\/shop.ftemaximal.com\/pt\/product\/fox-ess-f5000-inversor-monofasico-de-5-kw\/","title":{"rendered":"Inversor monof\u00e1sico de conexionarme a red 5 kW FOX ESS F5000"},"content":{"rendered":"<p>Inversor con doble MPPT de alta eficiencia y durabilidad. Su nivel de protecci\u00f3n es IP65.<\/p>\n\n\n\n<p><strong>CARACTER\u00cdSTICAS B\u00c1SICAS:<\/strong><\/p>\n\n\n\n<ul class=\"wp-block-list\">\n<li><em>Tecnolog\u00eda avanzada de control DSP.<\/em><\/li>\n<\/ul>\n\n\n\n<ul class=\"wp-block-list\">\n<li><em>Utilice el \u00faltimo componente de energ\u00eda de alta eficiencia.<\/em><\/li>\n<\/ul>\n\n\n\n<ul class=\"wp-block-list\">\n<li><em>Tecnolog\u00eda \u00f3ptima MPPT.<\/em><\/li>\n<\/ul>\n\n\n\n<ul class=\"wp-block-list\">\n<li><em>Dos rastreadores MPP independientes.<\/em><\/li>\n<\/ul>\n\n\n\n<ul class=\"wp-block-list\">\n<li><em>Gama amplia de entrada de MPPT.<\/em><\/li>\n<\/ul>\n\n\n\n<ul class=\"wp-block-list\">\n<li><em>Soluciones anti-aislamiento avanzadas.<\/em><\/li>\n<\/ul>\n\n\n\n<ul class=\"wp-block-list\">\n<li><em>Nivel de protecci\u00f3n IP65.<\/em><\/li>\n<\/ul>\n\n\n\n<ul class=\"wp-block-list\">\n<li><em>M\u00e1xima eficiencia de hasta el 97,4 %.Eficiencia de la UE de hasta el 96,8 %.THD&lt;3 %.<\/em><\/li>\n<\/ul>\n\n\n\n<ul class=\"wp-block-list\">\n<li><em>Seguridad y confiabilidad: dise\u00f1o sin transformador con protecci\u00f3n de software y hardware.<\/em><\/li>\n<\/ul>\n\n\n\n<ul class=\"wp-block-list\">\n<li><em>Limitaci\u00f3n de exportaci\u00f3n (CT\/Medidor\/DRM0\/ESTOP).<\/em><\/li>\n<\/ul>\n\n\n\n<ul class=\"wp-block-list\">\n<li><em>Regulaci\u00f3n amigable del factor de potencia HMI.<\/em><\/li>\n<\/ul>\n\n\n\n<ul class=\"wp-block-list\">\n<li><em>Indicaciones de estado de LED.<\/em><\/li>\n<\/ul>\n\n\n\n<ul class=\"wp-block-list\">\n<li><em>Datos t\u00e9cnicos de la pantalla LCD, interacci\u00f3n hombre-m\u00e1quina a trav\u00e9s de cuatro teclas t\u00e1ctiles.<\/em><\/li>\n<\/ul>\n\n\n\n<ul class=\"wp-block-list\">\n<li><em>Control remoto para PC.<\/em><\/li>\n<\/ul>\n\n\n\n<ul class=\"wp-block-list\">\n<li><em>Actualizaci\u00f3n a trav\u00e9s de la interfaz USB.<\/em><\/li>\n<\/ul>\n\n\n\n<figure class=\"wp-block-image\"><a href=\"https:\/\/shop.ftemaximal.com\/wp-content\/uploads\/2024\/01\/ES-F-Series-Datasheet-3.3.pdf\" target=\"_blank\" rel=\"noopener\"><img data-recalc-dims=\"1\" decoding=\"async\" width=\"80\" height=\"107\" src=\"https:\/\/i0.wp.com\/shop.ftemaximal.com\/wp-content\/uploads\/2023\/06\/pdf.png?resize=80%2C107&#038;ssl=1\" alt=\"\" class=\"wp-image-10853\" srcset=\"https:\/\/i0.wp.com\/shop.ftemaximal.com\/wp-content\/uploads\/2023\/06\/pdf.png?w=80&amp;ssl=1 80w, https:\/\/i0.wp.com\/shop.ftemaximal.com\/wp-content\/uploads\/2023\/06\/pdf.png?resize=9%2C12&amp;ssl=1 9w\" sizes=\"(max-width: 80px) 100vw, 80px\" \/><\/a><\/figure>\n\n\n\n<p><a href=\"https:\/\/shop.ftemaximal.com\/wp-content\/uploads\/2024\/01\/ES-F-Series-Datasheet-3.3.pdf\" target=\"_blank\" rel=\"noopener\" title=\"\">Hoja de datos<\/a><\/p>\n\n\n\n<figure class=\"wp-block-image\"><a href=\"https:\/\/shop.ftemaximal.com\/wp-content\/uploads\/2024\/01\/F-installation-guide-ES.pdf\" target=\"_blank\" rel=\"noopener\"><img data-recalc-dims=\"1\" decoding=\"async\" width=\"80\" height=\"107\" src=\"https:\/\/i0.wp.com\/shop.ftemaximal.com\/wp-content\/uploads\/2023\/06\/pdf.png?resize=80%2C107&#038;ssl=1\" alt=\"\" class=\"wp-image-10853\" srcset=\"https:\/\/i0.wp.com\/shop.ftemaximal.com\/wp-content\/uploads\/2023\/06\/pdf.png?w=80&amp;ssl=1 80w, https:\/\/i0.wp.com\/shop.ftemaximal.com\/wp-content\/uploads\/2023\/06\/pdf.png?resize=9%2C12&amp;ssl=1 9w\" sizes=\"(max-width: 80px) 100vw, 80px\" \/><\/a><\/figure>\n\n\n\n<p><a href=\"https:\/\/shop.ftemaximal.com\/wp-content\/uploads\/2024\/01\/F-installation-guide-ES.pdf\" target=\"_blank\" rel=\"noopener\" title=\"\">Instalaci\u00f3n<\/a><\/p>\n\n\n\n<figure class=\"wp-block-image\"><a href=\"https:\/\/shop.ftemaximal.com\/wp-content\/uploads\/2024\/01\/F-User-Manual-ES.pdf\" target=\"_blank\" rel=\"noopener\"><img data-recalc-dims=\"1\" decoding=\"async\" width=\"80\" height=\"107\" src=\"https:\/\/i0.wp.com\/shop.ftemaximal.com\/wp-content\/uploads\/2023\/06\/pdf.png?resize=80%2C107&#038;ssl=1\" alt=\"\" class=\"wp-image-10853\" srcset=\"https:\/\/i0.wp.com\/shop.ftemaximal.com\/wp-content\/uploads\/2023\/06\/pdf.png?w=80&amp;ssl=1 80w, https:\/\/i0.wp.com\/shop.ftemaximal.com\/wp-content\/uploads\/2023\/06\/pdf.png?resize=9%2C12&amp;ssl=1 9w\" sizes=\"(max-width: 80px) 100vw, 80px\" \/><\/a><\/figure>\n\n\n\n<p><a href=\"https:\/\/shop.ftemaximal.com\/wp-content\/uploads\/2024\/01\/F-User-Manual-ES.pdf\" target=\"_blank\" rel=\"noopener\" title=\"\">Manual de usuario<\/a><\/p>\n\n\n\n<figure class=\"wp-block-image\"><a href=\"https:\/\/shop.ftemaximal.com\/wp-content\/uploads\/2024\/01\/Mait_Fxx00_UNBED_UNE217001_U20-1059.pdf\" target=\"_blank\" rel=\"noopener\"><img data-recalc-dims=\"1\" decoding=\"async\" width=\"80\" height=\"107\" src=\"https:\/\/i0.wp.com\/shop.ftemaximal.com\/wp-content\/uploads\/2023\/06\/pdf.png?resize=80%2C107&#038;ssl=1\" alt=\"\" class=\"wp-image-10853\" srcset=\"https:\/\/i0.wp.com\/shop.ftemaximal.com\/wp-content\/uploads\/2023\/06\/pdf.png?w=80&amp;ssl=1 80w, https:\/\/i0.wp.com\/shop.ftemaximal.com\/wp-content\/uploads\/2023\/06\/pdf.png?resize=9%2C12&amp;ssl=1 9w\" sizes=\"(max-width: 80px) 100vw, 80px\" \/><\/a><\/figure>\n\n\n\n<p><a href=\"https:\/\/shop.ftemaximal.com\/wp-content\/uploads\/2024\/01\/Mait_Fxx00_UNBED_UNE217001_U20-1059.pdf\" target=\"_blank\" rel=\"noopener\" title=\"\">Certificado Conformidad<\/a><\/p>\n\n\n\n<figure class=\"wp-block-image\"><a href=\"https:\/\/shop.ftemaximal.com\/wp-content\/uploads\/2024\/01\/Mait_Fxx00_UNBED_UNE206007_UNE206006_U20-1057.pdf\" target=\"_blank\" rel=\"noopener\"><img data-recalc-dims=\"1\" decoding=\"async\" width=\"80\" height=\"107\" src=\"https:\/\/i0.wp.com\/shop.ftemaximal.com\/wp-content\/uploads\/2023\/06\/pdf.png?resize=80%2C107&#038;ssl=1\" alt=\"\" class=\"wp-image-10853\" srcset=\"https:\/\/i0.wp.com\/shop.ftemaximal.com\/wp-content\/uploads\/2023\/06\/pdf.png?w=80&amp;ssl=1 80w, https:\/\/i0.wp.com\/shop.ftemaximal.com\/wp-content\/uploads\/2023\/06\/pdf.png?resize=9%2C12&amp;ssl=1 9w\" sizes=\"(max-width: 80px) 100vw, 80px\" \/><\/a><\/figure>\n\n\n\n<p><a href=\"https:\/\/shop.ftemaximal.com\/wp-content\/uploads\/2024\/01\/Mait_Fxx00_UNBED_UNE206007_UNE206006_U20-1057.pdf\" target=\"_blank\" rel=\"noopener\" title=\"\">Certificado Conformidad II<\/a><\/p>\n\n\n\n<figure class=\"wp-block-image\"><a href=\"https:\/\/shop.ftemaximal.com\/wp-content\/uploads\/2024\/01\/Mait_Fxx00_UNBED_RD1699_U20-0969.pdf\" target=\"_blank\" rel=\"noopener\"><img data-recalc-dims=\"1\" decoding=\"async\" width=\"80\" height=\"107\" src=\"https:\/\/i0.wp.com\/shop.ftemaximal.com\/wp-content\/uploads\/2023\/06\/pdf.png?resize=80%2C107&#038;ssl=1\" alt=\"\" class=\"wp-image-10853\" srcset=\"https:\/\/i0.wp.com\/shop.ftemaximal.com\/wp-content\/uploads\/2023\/06\/pdf.png?w=80&amp;ssl=1 80w, https:\/\/i0.wp.com\/shop.ftemaximal.com\/wp-content\/uploads\/2023\/06\/pdf.png?resize=9%2C12&amp;ssl=1 9w\" sizes=\"(max-width: 80px) 100vw, 80px\" \/><\/a><\/figure>\n\n\n\n<p><a href=\"https:\/\/shop.ftemaximal.com\/wp-content\/uploads\/2024\/01\/Mait_Fxx00_UNBED_RD1699_U20-0969.pdf\" target=\"_blank\" rel=\"noopener\" title=\"\">Certificado Conformidad III<\/a><\/p>","protected":false},"excerpt":{"rendered":"<p>Inversor monof\u00e1sico con 2 MPPT y protecci\u00f3n IP65<\/p>","protected":false},"featured_media":11303,"comment_status":"open","ping_status":"closed","template":"","meta":[],"pwb-brand":[83],"product_brand":[],"product_cat":[246,74],"product_tag":[281,278,282,273,277],"class_list":{"0":"post-11320","1":"product","2":"type-product","3":"status-publish","4":"has-post-thumbnail","6":"pwb-brand-fox-ess","7":"product_cat-de-conexion-a-red","8":"product_cat-inversores","9":"product_tag-5kw","10":"product_tag-conexion-a-red","11":"product_tag-f5000","12":"product_tag-inversor","13":"product_tag-monofasico","15":"first","16":"onbackorder","17":"taxable","18":"shipping-taxable","19":"purchasable","20":"product-type-simple"},"aioseo_notices":[],"brands":[{"id":83,"name":"FOX-ESS","slug":"fox-ess"}],"_links":{"self":[{"href":"https:\/\/shop.ftemaximal.com\/pt\/wp-json\/wp\/v2\/product\/11320","targetHints":{"allow":["GET"]}}],"collection":[{"href":"https:\/\/shop.ftemaximal.com\/pt\/wp-json\/wp\/v2\/product"}],"about":[{"href":"https:\/\/shop.ftemaximal.com\/pt\/wp-json\/wp\/v2\/types\/product"}],"replies":[{"embeddable":true,"href":"https:\/\/shop.ftemaximal.com\/pt\/wp-json\/wp\/v2\/comments?post=11320"}],"wp:featuredmedia":[{"embeddable":true,"href":"https:\/\/shop.ftemaximal.com\/pt\/wp-json\/wp\/v2\/media\/11303"}],"wp:attachment":[{"href":"https:\/\/shop.ftemaximal.com\/pt\/wp-json\/wp\/v2\/media?parent=11320"}],"wp:term":[{"taxonomy":"pwb-brand","embeddable":true,"href":"https:\/\/shop.ftemaximal.com\/pt\/wp-json\/wp\/v2\/pwb-brand?post=11320"},{"taxonomy":"product_brand","embeddable":true,"href":"https:\/\/shop.ftemaximal.com\/pt\/wp-json\/wp\/v2\/product_brand?post=11320"},{"taxonomy":"product_cat","embeddable":true,"href":"https:\/\/shop.ftemaximal.com\/pt\/wp-json\/wp\/v2\/product_cat?post=11320"},{"taxonomy":"product_tag","embeddable":true,"href":"https:\/\/shop.ftemaximal.com\/pt\/wp-json\/wp\/v2\/product_tag?post=11320"}],"curies":[{"name":"wp","href":"https:\/\/api.w.org\/{rel}","templated":true}]}}