{"id":11257,"date":"2023-12-22T11:20:46","date_gmt":"2023-12-22T10:20:46","guid":{"rendered":"https:\/\/shop.ftemaximal.com\/?post_type=product&#038;p=11257"},"modified":"2024-11-25T13:17:16","modified_gmt":"2024-11-25T12:17:16","slug":"kit-solar-completo-fox-ess-monofasico-baterias-de-114kwh","status":"publish","type":"product","link":"https:\/\/shop.ftemaximal.com\/pt\/product\/kit-solar-completo-fox-ess-monofasico-baterias-de-114kwh\/","title":{"rendered":"Kit solar completo FOX ESS monof\u00e1sico, bater\u00edas de 11,4kWh"},"content":{"rendered":"<p>Kit completo solar monof\u00e1sico de la marca FOX ESS (inversor monof\u00e1sico, modulos fotovoltaicos y bater\u00edas).<\/p>\n\n\n\n<p><strong>Contenido:<\/strong><\/p>\n\n\n\n<ul class=\"wp-block-list\">\n<li>1 pieza Inversor h\u00edbrido monof\u00e1sico solar FOX ESS H1-(3.0-6kW)-E. Elija su opci\u00f3n con 3kW a 6kW de potencia de salida<\/li>\n\n\n\n<li>3pcs. Bater\u00eda FOX ESS Energy Cube CS2900 2,88kWh<\/li>\n\n\n\n<li>1 pieza FOX ESS CM 2900 Energy Cube Controller BMS<\/li>\n\n\n\n<li>13-25 .paneles solares de vidrio monofacial de 415 vatios \u00ab<em>AE415BMC-60F<\/em>\u00bb (Dependiendo de la disponibilidad podr\u00eda variar el modelo sustituy\u00e9ndolo por uno de similares caracter\u00edsticas)<p>\u00a0<\/p><\/li>\n<\/ul>\n\n\n\n<p><strong>FOX ESS H1-(3.0-6kW)-E <\/strong><\/p>\n\n\n\n<p>Gracias a sus dimensiones compactas y un peso de solo 23 kg, es posible una instalaci\u00f3n f\u00e1cil y r\u00e1pida. El H1 tiene una funci\u00f3n de energ\u00eda de emergencia con un tiempo de conmutaci\u00f3n de 20 ms para suministrar energ\u00eda temporalmente a su casa durante un corte de energ\u00eda. Adem\u00e1s, tiene 2 MPPT que permiten un rendimiento \u00f3ptimo. Un medidor inteligente ya est\u00e1 incluido.Otras ventajas son<\/p>\n\n\n\n<ul class=\"wp-block-list\">\n<li>Tecnolog\u00eda avanzada de control DSP<\/li>\n\n\n\n<li>Soluciones anti-islas avanzadas<\/li>\n\n\n\n<li>Grado de protecci\u00f3n IP65<\/li>\n\n\n\n<li>2 MPPT independientes<\/li>\n\n\n\n<li>Eficiencia m\u00e1xima de hasta el 98%. Eficiencia de la UE hasta el 97,3%. THD&lt;3%<\/li>\n\n\n\n<li>Seguridad y fiabilidad: Dise\u00f1o sin transformador con protecci\u00f3n de software y hardware<\/li>\n\n\n\n<li>L\u00edmite de exportaci\u00f3n (dispositivo de medici\u00f3n\/DRM0\/ESTOP)<\/li>\n\n\n\n<li>Regulaci\u00f3n del factor de potencia. HMI f\u00e1cil de usar<\/li>\n\n\n\n<li>Indicadores de estado LED<\/li>\n\n\n\n<li>Pantalla LCD de datos t\u00e9cnicos, interacci\u00f3n hombre-m\u00e1quina a trav\u00e9s de cuatro botones t\u00e1ctiles<\/li>\n<\/ul>\n\n\n\n<p><strong>FoxESS Energy Cube CS2900 2,88kWh Bater\u00eda:<\/strong><\/p>\n\n\n\n<p>El m\u00f3dulo de bater\u00eda FoxESS Energy Cube CS2900 solo funciona en combinaci\u00f3n con el sistema de gesti\u00f3n de bater\u00edas (BMS) FoxESS CM2900. Es un almacenamiento de bater\u00eda potente y escalable y tiene una capacidad de almacenamiento de 2,88kWh por m\u00f3dulo. El dise\u00f1o modular permite la m\u00e1xima flexibilidad y es adecuado para una variedad de aplicaciones de almacenamiento. Se pueden instalar bater\u00edas adicionales en serie, lo que permite una capacidad de almacenamiento m\u00e1xima de 20,16 kWh. La instalaci\u00f3n es f\u00e1cil, con una soluci\u00f3n plug-and-play que puede ahorrar a los instaladores un tiempo valioso.<\/p>\n\n\n\n<p><strong>FOX ESS CM 2900 Energy Cube Controller BMS:<\/strong><\/p>\n\n\n\n<p>El sistema de gesti\u00f3n de bater\u00edas es la parte central del sistema de almacenamiento solar. Supervisa y controla los m\u00f3dulos de almacenamiento de bater\u00edas Energy Cube CS2900. Supervisa par\u00e1metros como el estado de carga, el voltaje y la temperatura de la bater\u00eda y garantiza que el sistema de almacenamiento solar Energy Cube CS2900 funcione dentro de los par\u00e1metros de funcionamiento \u00f3ptimos. Sirve como soporte para m\u00f3dulos de bater\u00eda de hasta 6 CM2900, lo que permite una capacidad de almacenamiento m\u00e1xima de 20,16kWh.<\/p>\n\n\n\n<p><strong>Paneles solares M\u00f3dulos de vidrio monofacial de 415 vatios AE415MD-108-415W:<\/strong><\/p>\n\n\n\n<p>Los m\u00f3dulos solares AE se caracterizan por su incre\u00edble durabilidad. Una mayor eficiencia garantiza una alta eficiencia del sistema y una ganancia estable de energ\u00eda t\u00e9rmica. Los m\u00f3dulos solares AE se prueban y certifican de acuerdo con los est\u00e1ndares internacionales<span data-mce-fragment=\"1\">.<\/span><\/p>\n\n\n\n<ul class=\"wp-block-list\">\n<li>Dimensiones: 1724 x 1133 x 35 mm \/ 23 kg<\/li>\n\n\n\n<li>Versi\u00f3n: Marco negro<\/li>\n\n\n\n<li>Eficiencia del panel: 20,22-21,25%<\/li>\n\n\n\n<li>N\u00famero de celdas: 108<\/li>\n<\/ul>\n\n\n\n<p>El paquete no contiene material de fijaci\u00f3n ni cable solar<strong>.<\/strong><\/p>\n\n\n\n<div data-wp-interactive=\"core\/file\" class=\"wp-block-file\"><object data-wp-bind--hidden=\"!state.hasPdfPreview\" hidden class=\"wp-block-file__embed\" data=\"https:\/\/shop.ftemaximal.com\/wp-content\/uploads\/2023\/06\/H1AC1-User-Manual-ES.pdf\" type=\"application\/pdf\" style=\"width:100%;height:600px\" aria-label=\"Incorpora\u00e7\u00e3o de H1AC1\u00a0User\u00a0Manual-ES.\"><\/object><a id=\"wp-block-file--media-23816642-7346-4e8f-a874-c2deb502f4ee\" href=\"https:\/\/shop.ftemaximal.com\/wp-content\/uploads\/2023\/06\/H1AC1-User-Manual-ES.pdf\">H1AC1&nbsp;User&nbsp;Manual-ES<\/a><a href=\"https:\/\/shop.ftemaximal.com\/wp-content\/uploads\/2023\/06\/H1AC1-User-Manual-ES.pdf\" class=\"wp-block-file__button wp-element-button\" download aria-describedby=\"wp-block-file--media-23816642-7346-4e8f-a874-c2deb502f4ee\">Descarga<\/a><\/div>\n\n\n\n<div data-wp-interactive=\"core\/file\" class=\"wp-block-file\"><object data-wp-bind--hidden=\"!state.hasPdfPreview\" hidden class=\"wp-block-file__embed\" data=\"https:\/\/shop.ftemaximal.com\/wp-content\/uploads\/2023\/06\/ES-ECS2900-Datasheet-V3.3-7.7.pdf\" type=\"application\/pdf\" style=\"width:100%;height:600px\" aria-label=\"Incorpora\u00e7\u00e3o de ES - ECS2900 Datasheet-V3.3-7.7.\"><\/object><a id=\"wp-block-file--media-5502eb16-e994-4a16-8ed6-1e75d325584d\" href=\"https:\/\/shop.ftemaximal.com\/wp-content\/uploads\/2023\/06\/ES-ECS2900-Datasheet-V3.3-7.7.pdf\">ES &#8211; ECS2900 Datasheet-V3.3-7.7<\/a><a href=\"https:\/\/shop.ftemaximal.com\/wp-content\/uploads\/2023\/06\/ES-ECS2900-Datasheet-V3.3-7.7.pdf\" class=\"wp-block-file__button wp-element-button\" download aria-describedby=\"wp-block-file--media-5502eb16-e994-4a16-8ed6-1e75d325584d\">Descarga<\/a><\/div>","protected":false},"excerpt":{"rendered":"<p>Kit completo solar monof\u00e1sico de la marca FOX ESS (inversor monof\u00e1sico, modulos fotovoltaicos y bater\u00edas).<\/p>","protected":false},"featured_media":11267,"comment_status":"open","ping_status":"closed","template":"","meta":[],"pwb-brand":[83],"product_brand":[],"product_cat":[214,67],"product_tag":[],"class_list":{"0":"post-11257","1":"product","2":"type-product","3":"status-publish","4":"has-post-thumbnail","6":"pwb-brand-fox-ess","7":"product_cat-conjuntos-completos-fv","8":"product_cat-fotovoltaica","10":"first","11":"outofstock","12":"taxable","13":"shipping-taxable","14":"purchasable","15":"product-type-variable"},"aioseo_notices":[],"brands":[{"id":83,"name":"FOX-ESS","slug":"fox-ess"}],"_links":{"self":[{"href":"https:\/\/shop.ftemaximal.com\/pt\/wp-json\/wp\/v2\/product\/11257","targetHints":{"allow":["GET"]}}],"collection":[{"href":"https:\/\/shop.ftemaximal.com\/pt\/wp-json\/wp\/v2\/product"}],"about":[{"href":"https:\/\/shop.ftemaximal.com\/pt\/wp-json\/wp\/v2\/types\/product"}],"replies":[{"embeddable":true,"href":"https:\/\/shop.ftemaximal.com\/pt\/wp-json\/wp\/v2\/comments?post=11257"}],"wp:featuredmedia":[{"embeddable":true,"href":"https:\/\/shop.ftemaximal.com\/pt\/wp-json\/wp\/v2\/media\/11267"}],"wp:attachment":[{"href":"https:\/\/shop.ftemaximal.com\/pt\/wp-json\/wp\/v2\/media?parent=11257"}],"wp:term":[{"taxonomy":"pwb-brand","embeddable":true,"href":"https:\/\/shop.ftemaximal.com\/pt\/wp-json\/wp\/v2\/pwb-brand?post=11257"},{"taxonomy":"product_brand","embeddable":true,"href":"https:\/\/shop.ftemaximal.com\/pt\/wp-json\/wp\/v2\/product_brand?post=11257"},{"taxonomy":"product_cat","embeddable":true,"href":"https:\/\/shop.ftemaximal.com\/pt\/wp-json\/wp\/v2\/product_cat?post=11257"},{"taxonomy":"product_tag","embeddable":true,"href":"https:\/\/shop.ftemaximal.com\/pt\/wp-json\/wp\/v2\/product_tag?post=11257"}],"curies":[{"name":"wp","href":"https:\/\/api.w.org\/{rel}","templated":true}]}}