{"id":11032,"date":"2023-12-15T12:28:20","date_gmt":"2023-12-15T11:28:20","guid":{"rendered":"https:\/\/shop.ftemaximal.com\/?post_type=product&#038;p=11032"},"modified":"2025-05-12T10:38:48","modified_gmt":"2025-05-12T08:38:48","slug":"soltyb-ampliacion-1-solo-panel","status":"publish","type":"product","link":"https:\/\/shop.ftemaximal.com\/pt\/product\/soltyb-ampliacion-1-solo-panel\/","title":{"rendered":"SolTyB ampliaci\u00f3n  (1 s\u00f3lo panel)"},"content":{"rendered":"<p>El kit de ampliaci\u00f3n va destinado a aquellos usuarios que se hicieron con un kit SolTyB de 1 s\u00f3lo panel y finalmente quieren extenderlo con uno m\u00e1s para completar su instalaci\u00f3n.  Este kit de ampliaci\u00f3n se compone de:<\/p>\n\n\n\n<ul class=\"wp-block-list\">\n<li>1 m\u00f3dulo solar x 425 vatios AE425CMD-108BDS.<\/li>\n\n\n\n<li>1 set soporte KSS-M<\/li>\n\n\n\n<li>1 cable de interconexi\u00f3n de paneles de 2m.<\/li>\n<\/ul>\n\n\n\n<p><\/p>\n\n\n\n<figure class=\"wp-block-image size-large is-resized\"><img data-recalc-dims=\"1\" fetchpriority=\"high\" decoding=\"async\" width=\"1024\" height=\"220\" src=\"https:\/\/i0.wp.com\/shop.ftemaximal.com\/wp-content\/uploads\/2023\/06\/Captura-de-pantalla-2023-12-15-a-las-11.12.10.png?resize=1024%2C220&#038;ssl=1\" alt=\"\" class=\"wp-image-11014\" style=\"width:551px;height:auto\" srcset=\"https:\/\/i0.wp.com\/shop.ftemaximal.com\/wp-content\/uploads\/2023\/06\/Captura-de-pantalla-2023-12-15-a-las-11.12.10.png?resize=1024%2C220&amp;ssl=1 1024w, https:\/\/i0.wp.com\/shop.ftemaximal.com\/wp-content\/uploads\/2023\/06\/Captura-de-pantalla-2023-12-15-a-las-11.12.10.png?resize=300%2C64&amp;ssl=1 300w, https:\/\/i0.wp.com\/shop.ftemaximal.com\/wp-content\/uploads\/2023\/06\/Captura-de-pantalla-2023-12-15-a-las-11.12.10.png?resize=768%2C165&amp;ssl=1 768w, https:\/\/i0.wp.com\/shop.ftemaximal.com\/wp-content\/uploads\/2023\/06\/Captura-de-pantalla-2023-12-15-a-las-11.12.10.png?resize=18%2C4&amp;ssl=1 18w, https:\/\/i0.wp.com\/shop.ftemaximal.com\/wp-content\/uploads\/2023\/06\/Captura-de-pantalla-2023-12-15-a-las-11.12.10.png?resize=990%2C212&amp;ssl=1 990w, https:\/\/i0.wp.com\/shop.ftemaximal.com\/wp-content\/uploads\/2023\/06\/Captura-de-pantalla-2023-12-15-a-las-11.12.10.png?resize=441%2C95&amp;ssl=1 441w, https:\/\/i0.wp.com\/shop.ftemaximal.com\/wp-content\/uploads\/2023\/06\/Captura-de-pantalla-2023-12-15-a-las-11.12.10.png?resize=800%2C172&amp;ssl=1 800w, https:\/\/i0.wp.com\/shop.ftemaximal.com\/wp-content\/uploads\/2023\/06\/Captura-de-pantalla-2023-12-15-a-las-11.12.10.png?resize=150%2C32&amp;ssl=1 150w, https:\/\/i0.wp.com\/shop.ftemaximal.com\/wp-content\/uploads\/2023\/06\/Captura-de-pantalla-2023-12-15-a-las-11.12.10.png?w=1138&amp;ssl=1 1138w\" sizes=\"(max-width: 1024px) 100vw, 1024px\" \/><\/figure>\n\n\n\n<figure class=\"wp-block-image\"><a href=\"https:\/\/ftemaximal.com\/images\/files\/producto\/Ftesolar_Ftemobility\/Kits_SolTyB%20\/pdf\/FT2SolTyB_es.pdf\" target=\"_blank\" rel=\"noopener\"><img data-recalc-dims=\"1\" decoding=\"async\" width=\"80\" height=\"107\" src=\"https:\/\/i0.wp.com\/shop.ftemaximal.com\/wp-content\/uploads\/2023\/12\/image.png?resize=80%2C107&#038;ssl=1\" alt=\"Anleitung\" class=\"wp-image-11033\" srcset=\"https:\/\/i0.wp.com\/shop.ftemaximal.com\/wp-content\/uploads\/2023\/12\/image.png?w=80&amp;ssl=1 80w, https:\/\/i0.wp.com\/shop.ftemaximal.com\/wp-content\/uploads\/2023\/12\/image.png?resize=9%2C12&amp;ssl=1 9w\" sizes=\"(max-width: 80px) 100vw, 80px\" \/><\/a><\/figure>\n\n\n\n<p><a href=\"https:\/\/ftemaximal.com\/images\/files\/producto\/Ftesolar_Ftemobility\/Kits_SolTyB%20\/pdf\/FT2SolTyB_es.pdf\" target=\"_blank\" rel=\"noopener\" title=\"\">Datos SoLTyB<\/a><\/p>\n\n\n\n<figure class=\"wp-block-image\"><a href=\"https:\/\/ftemaximal.com\/images\/files\/producto\/Ftesolar_Ftemobility\/Kits_SolTyB%20\/pdf\/Micro-inverter%20manual_ES.pdf\" target=\"_blank\" rel=\"noopener\"><img data-recalc-dims=\"1\" decoding=\"async\" width=\"80\" height=\"107\" src=\"https:\/\/i0.wp.com\/shop.ftemaximal.com\/wp-content\/uploads\/2023\/12\/image-1.png?resize=80%2C107&#038;ssl=1\" alt=\"Anleitung\" class=\"wp-image-11034\" srcset=\"https:\/\/i0.wp.com\/shop.ftemaximal.com\/wp-content\/uploads\/2023\/12\/image-1.png?w=80&amp;ssl=1 80w, https:\/\/i0.wp.com\/shop.ftemaximal.com\/wp-content\/uploads\/2023\/12\/image-1.png?resize=9%2C12&amp;ssl=1 9w\" sizes=\"(max-width: 80px) 100vw, 80px\" \/><\/a><\/figure>\n\n\n\n<p><a href=\"https:\/\/ftemaximal.com\/images\/files\/producto\/Ftesolar_Ftemobility\/Kits_SolTyB%20\/pdf\/Micro-inverter%20manual_ES.pdf\" target=\"_blank\" rel=\"noopener\" title=\"\">Instalaci\u00f3n \/ Gu\u00eda r\u00e1pida<\/a><\/p>\n\n\n\n<figure class=\"wp-block-image\"><a href=\"https:\/\/shop.ftemaximal.com\/wp-content\/uploads\/2023\/12\/AE-CMD-108BDS-410W-430W-black-frame.pdf\" target=\"_blank\" rel=\"noopener\"><img data-recalc-dims=\"1\" loading=\"lazy\" decoding=\"async\" width=\"80\" height=\"107\" src=\"https:\/\/i0.wp.com\/shop.ftemaximal.com\/wp-content\/uploads\/2023\/12\/image-2.png?resize=80%2C107&#038;ssl=1\" alt=\"Anleitung\" class=\"wp-image-11035\" srcset=\"https:\/\/i0.wp.com\/shop.ftemaximal.com\/wp-content\/uploads\/2023\/12\/image-2.png?w=80&amp;ssl=1 80w, https:\/\/i0.wp.com\/shop.ftemaximal.com\/wp-content\/uploads\/2023\/12\/image-2.png?resize=9%2C12&amp;ssl=1 9w\" sizes=\"(max-width: 80px) 100vw, 80px\" \/><\/a><\/figure>\n\n\n\n<p><a href=\"https:\/\/shop.ftemaximal.com\/wp-content\/uploads\/2023\/12\/AE-CMD-108BDS-410W-430W-black-frame.pdf\" target=\"_blank\" rel=\"noopener\" title=\"\">AE SOLAR 425W<\/a><\/p>","protected":false},"excerpt":{"rendered":"<p>El kit de ampliaci\u00f3n va destinado a aquellos usuarios que se hicieron con un kit SolTyB de 1 s\u00f3lo panel y finalmente quieren extenderlo con uno m\u00e1s para completar su instalaci\u00f3n. Este kit de ampliaci\u00f3n se compone de:<\/p>","protected":false},"featured_media":11615,"comment_status":"open","ping_status":"closed","template":"","meta":[],"pwb-brand":[82],"product_brand":[],"product_cat":[77],"product_tag":[],"class_list":{"0":"post-11032","1":"product","2":"type-product","3":"status-publish","4":"has-post-thumbnail","6":"pwb-brand-fte-maximal","7":"product_cat-kits-de-balcon","9":"first","10":"outofstock","11":"taxable","12":"shipping-taxable","13":"purchasable","14":"product-type-simple"},"aioseo_notices":[],"brands":[{"id":82,"name":"Fte Maximal","slug":"fte-maximal"}],"_links":{"self":[{"href":"https:\/\/shop.ftemaximal.com\/pt\/wp-json\/wp\/v2\/product\/11032","targetHints":{"allow":["GET"]}}],"collection":[{"href":"https:\/\/shop.ftemaximal.com\/pt\/wp-json\/wp\/v2\/product"}],"about":[{"href":"https:\/\/shop.ftemaximal.com\/pt\/wp-json\/wp\/v2\/types\/product"}],"replies":[{"embeddable":true,"href":"https:\/\/shop.ftemaximal.com\/pt\/wp-json\/wp\/v2\/comments?post=11032"}],"wp:featuredmedia":[{"embeddable":true,"href":"https:\/\/shop.ftemaximal.com\/pt\/wp-json\/wp\/v2\/media\/11615"}],"wp:attachment":[{"href":"https:\/\/shop.ftemaximal.com\/pt\/wp-json\/wp\/v2\/media?parent=11032"}],"wp:term":[{"taxonomy":"pwb-brand","embeddable":true,"href":"https:\/\/shop.ftemaximal.com\/pt\/wp-json\/wp\/v2\/pwb-brand?post=11032"},{"taxonomy":"product_brand","embeddable":true,"href":"https:\/\/shop.ftemaximal.com\/pt\/wp-json\/wp\/v2\/product_brand?post=11032"},{"taxonomy":"product_cat","embeddable":true,"href":"https:\/\/shop.ftemaximal.com\/pt\/wp-json\/wp\/v2\/product_cat?post=11032"},{"taxonomy":"product_tag","embeddable":true,"href":"https:\/\/shop.ftemaximal.com\/pt\/wp-json\/wp\/v2\/product_tag?post=11032"}],"curies":[{"name":"wp","href":"https:\/\/api.w.org\/{rel}","templated":true}]}}