{"id":10234,"date":"2023-08-02T08:57:51","date_gmt":"2023-08-02T08:57:51","guid":{"rendered":"https:\/\/shop.ftemaximal.com\/?post_type=product&#038;p=10234"},"modified":"2025-02-24T12:48:06","modified_gmt":"2025-02-24T11:48:06","slug":"fte-maximal-maxwifi3-wi-fi-mesh-set-1-x-basisstation-2-x-mesh-stationen","status":"publish","type":"product","link":"https:\/\/shop.ftemaximal.com\/pt\/product\/fte-maximal-maxwifi3-wi-fi-mesh-set-1-x-basisstation-2-x-mesh-stationen\/","title":{"rendered":"SISTEMA WIFI MESH FTE MAXWIFI3"},"content":{"rendered":"<h3 class=\"wp-block-heading\">Fte maximal &#8211; MAXWIFI3 &#8211; Wi-Fi Mesh Set 1 x estaci\u00f3n base + 2 x estaciones de malla<\/h3>\n\n\n\n<p>Cuando tratamos de una red dom\u00e9stica WiFi perfecta, ya no se puede evitar hablar de una red en malla o MESH. <\/p>\n\n\n\n<p>Con la ayuda de varios dispositivos WiFi en malla, todos conectados en red y comunicados entre s\u00ed, se puede configurar una red WiFi potente y completa en toda la casa\/oficina hasta la terraza o el jard\u00edn.<\/p>\n\n\n\n<p> El sistema MAXWIFI crea una perfecta red de datos inal\u00e1mbrica (Wi-Fi) con recepci\u00f3n integral a una velocidad de transmisi\u00f3n constante, eliminando as\u00ed posibles zonas con huecos en la transmisi\u00f3n de datos de tu hogar. <\/p>\n\n\n\n<p>A diferencia de la soluci\u00f3n de repetidor WLAN, solo hay un SSID (nombre de red) en toda la red dom\u00e9stica en malla MAXWIFI. Esto tambi\u00e9n significa que no es necesario que los dispositivos m\u00f3viles (por ejemplo, un tel\u00e9fono inteligente, una tableta o una computadora port\u00e1til) se conecten a redes nuevas y \u00abm\u00e1s fuertes\u00bb al cambiar de ubicaci\u00f3n. <\/p>\n\n\n\n<p>El kit de inicio consta de una estaci\u00f3n base (controlador) que se conecta al router y a trav\u00e9s de la cual se gestiona la red y un sistema satelital (estaci\u00f3n de malla) que permiten ampliar el alcance de la se\u00f1al de datos (Wi-Fi). <\/p>\n\n\n\n<p>Con Mesh puedes disfrutar f\u00e1cilmente de la m\u00e1xima velocidad al navegar, ver v\u00eddeos o jugar, sin problemas hasta el \u00faltimo rinc\u00f3n de cada habitaci\u00f3n. El resultado es una cobertura de datos de Internet del 100% y, por tanto, la mejor eficiencia.<\/p>\n\n\n\n<h3 class=\"wp-block-heading\">CARACTER\u00cdSTICAS<\/h3>\n\n\n\n<ul class=\"wp-block-list\">\n<li>Estaciones conectadas entre s\u00ed, lo que da como resultado una gesti\u00f3n de red ampliada y una carga reducida en la estaci\u00f3n base.<\/li>\n\n\n\n<li>Se pueden conectar hasta 4 estaciones de malla a un controlador.<\/li>\n\n\n\n<li>Instalaci\u00f3n muy f\u00e1cil, PLUG&amp;PLAY<\/li>\n\n\n\n<li>Establezca configuraciones avanzadas a trav\u00e9s de un navegador web.<\/li>\n\n\n\n<li>Conexi\u00f3n a trav\u00e9s de WPS.<\/li>\n\n\n\n<li>Un solo SSID en toda la red mesh.<\/li>\n\n\n\n<li>Red de invitados.<\/li>\n\n\n\n<li>Posibilidad de fijar temporizador.<\/li>\n\n\n\n<li>Dise\u00f1o compacto y elegante.<\/li>\n<\/ul>\n\n\n\n<figure class=\"wp-block-image\"><a href=\"https:\/\/ftemaximal.com\/images\/files\/soporte-servicios\/Documentacion-tecnica\/MAMAXWIFI_ES.pdf\" target=\"_blank\" rel=\"noopener\"><img data-recalc-dims=\"1\" decoding=\"async\" src=\"https:\/\/i0.wp.com\/cdn02.plentymarkets.com\/obyl17va86cf\/frontend\/content_ids\/0_general\/logos\/pdf.png?w=1170&#038;ssl=1\" alt=\"\"\/><\/a><\/figure>\n\n\n\n<p><a href=\"https:\/\/ftemaximal.com\/images\/files\/soporte-servicios\/Documentacion-tecnica\/MAMAXWIFI_ES.pdf\" target=\"_blank\" rel=\"noopener\" title=\"\">Manual de usuario<\/a><\/p>\n\n\n\n<figure class=\"wp-block-image\"><a href=\"https:\/\/ftemaximal.com\/images\/files\/soporte-servicios\/Documentacion-tecnica\/FTMAXWIFI_ES.pdf\" target=\"_blank\" rel=\"noopener\"><img data-recalc-dims=\"1\" decoding=\"async\" src=\"https:\/\/i0.wp.com\/cdn02.plentymarkets.com\/obyl17va86cf\/frontend\/content_ids\/0_general\/logos\/pdf.png?w=1170&#038;ssl=1\" alt=\"\"\/><\/a><\/figure>\n\n\n\n<p><a href=\"https:\/\/ftemaximal.com\/images\/files\/soporte-servicios\/Documentacion-tecnica\/FTMAXWIFI_ES.pdf\" target=\"_blank\" rel=\"noopener\" title=\"\">Ficha t\u00e9cnica<\/a><\/p>\n\n\n\n<figure class=\"wp-block-image\"><a href=\"https:\/\/ftemaximal.com\/images\/files\/soporte-servicios\/Documentacion-tecnica\/CEMAXWIFI.pdf\" target=\"_blank\" rel=\"noopener\"><img data-recalc-dims=\"1\" decoding=\"async\" src=\"https:\/\/i0.wp.com\/cdn02.plentymarkets.com\/obyl17va86cf\/frontend\/content_ids\/0_general\/logos\/pdf.png?w=1170&#038;ssl=1\" alt=\"\"\/><\/a><\/figure>\n\n\n\n<p><a href=\"https:\/\/ftemaximal.com\/images\/files\/soporte-servicios\/Documentacion-tecnica\/CEMAXWIFI.pdf\" target=\"_blank\" rel=\"noopener\" title=\"\">Declaraci\u00f3n CE<\/a><\/p>","protected":false},"excerpt":{"rendered":"<p>SISTEMA WIFI MESH. 1 NODO CENTRAL + 2 NODOS SAT\u00c9LITE<\/p>","protected":false},"featured_media":11619,"comment_status":"open","ping_status":"closed","template":"","meta":[],"pwb-brand":[82],"product_brand":[],"product_cat":[249,217,234],"product_tag":[294,293,292],"class_list":{"0":"post-10234","1":"product","2":"type-product","3":"status-publish","4":"has-post-thumbnail","6":"pwb-brand-fte-maximal","7":"product_cat-rebajas-stock","8":"product_cat-redes","9":"product_cat-redes-mesh","10":"product_tag-3-nodos","11":"product_tag-mesh","12":"product_tag-wifi","14":"first","15":"instock","16":"sale","17":"featured","18":"taxable","19":"shipping-taxable","20":"purchasable","21":"product-type-simple"},"aioseo_notices":[],"brands":[{"id":82,"name":"Fte Maximal","slug":"fte-maximal"}],"_links":{"self":[{"href":"https:\/\/shop.ftemaximal.com\/pt\/wp-json\/wp\/v2\/product\/10234","targetHints":{"allow":["GET"]}}],"collection":[{"href":"https:\/\/shop.ftemaximal.com\/pt\/wp-json\/wp\/v2\/product"}],"about":[{"href":"https:\/\/shop.ftemaximal.com\/pt\/wp-json\/wp\/v2\/types\/product"}],"replies":[{"embeddable":true,"href":"https:\/\/shop.ftemaximal.com\/pt\/wp-json\/wp\/v2\/comments?post=10234"}],"wp:featuredmedia":[{"embeddable":true,"href":"https:\/\/shop.ftemaximal.com\/pt\/wp-json\/wp\/v2\/media\/11619"}],"wp:attachment":[{"href":"https:\/\/shop.ftemaximal.com\/pt\/wp-json\/wp\/v2\/media?parent=10234"}],"wp:term":[{"taxonomy":"pwb-brand","embeddable":true,"href":"https:\/\/shop.ftemaximal.com\/pt\/wp-json\/wp\/v2\/pwb-brand?post=10234"},{"taxonomy":"product_brand","embeddable":true,"href":"https:\/\/shop.ftemaximal.com\/pt\/wp-json\/wp\/v2\/product_brand?post=10234"},{"taxonomy":"product_cat","embeddable":true,"href":"https:\/\/shop.ftemaximal.com\/pt\/wp-json\/wp\/v2\/product_cat?post=10234"},{"taxonomy":"product_tag","embeddable":true,"href":"https:\/\/shop.ftemaximal.com\/pt\/wp-json\/wp\/v2\/product_tag?post=10234"}],"curies":[{"name":"wp","href":"https:\/\/api.w.org\/{rel}","templated":true}]}}