{"id":7636,"date":"2023-06-12T11:30:19","date_gmt":"2023-06-12T11:30:19","guid":{"rendered":"https:\/\/shop.ftemaximal.com\/?page_id=7636"},"modified":"2023-07-12T08:12:08","modified_gmt":"2023-07-12T08:12:08","slug":"politica-de-calidad","status":"publish","type":"page","link":"https:\/\/shop.ftemaximal.com\/pt\/politica-de-calidad\/","title":{"rendered":"Pol\u00edtica de qualidade"},"content":{"rendered":"<div data-elementor-type=\"wp-page\" data-elementor-id=\"7636\" class=\"elementor elementor-7636\">\n\t\t\t\t\t\t<section class=\"elementor-section elementor-top-section elementor-element elementor-element-2844aa4 elementor-section-boxed elementor-section-height-default elementor-section-height-default\" data-id=\"2844aa4\" data-element_type=\"section\" data-e-type=\"section\">\n\t\t\t\t\t\t<div class=\"elementor-container elementor-column-gap-default\">\n\t\t\t\t\t<div class=\"elementor-column elementor-col-100 elementor-top-column elementor-element elementor-element-db2181e\" data-id=\"db2181e\" data-element_type=\"column\" data-e-type=\"column\">\n\t\t\t<div class=\"elementor-widget-wrap elementor-element-populated\">\n\t\t\t\t\t\t<div class=\"elementor-element elementor-element-33af112 elementor-widget elementor-widget-text-editor\" data-id=\"33af112\" data-element_type=\"widget\" data-e-type=\"widget\" data-widget_type=\"text-editor.default\">\n\t\t\t\t<div class=\"elementor-widget-container\">\n\t\t\t\t\t\t\t\t\t<p>A BCN Distribuciones SAU pretende alcan\u00e7ar a qualidade total na gest\u00e3o e funcionamento da empresa, com o objetivo de assegurar o melhor servi\u00e7o aos clientes, de forma a garantir a sua fideliza\u00e7\u00e3o e plena satisfa\u00e7\u00e3o atrav\u00e9s do cumprimento dos requisitos legais e regulamentares.<\/p><p>Para que tudo isto seja poss\u00edvel, consider\u00e1mos como pilares os seguintes elementos:<\/p><p>Certificar a BCN Distribuciones SAU segundo a Norma ISO 9001:2015 com o objetivo de obter o reconhecimento dos nossos clientes e como garantia de melhoria.<\/p><p>* Aumentar o desempenho e a efic\u00e1cia da nossa empresa, tendo em conta as necessidades e as expectativas dos nossos clientes.<br \/>* Fornecer solu\u00e7\u00f5es tecnol\u00f3gicas de forma cont\u00ednua, oferecendo produtos que proporcionem valor acrescentado aos nossos clientes a custos adequados.<br \/>* Dispor de um stock est\u00e1vel e constante dos produtos propostos, a fim de os fornecer aos clientes dentro de prazos e de formas espec\u00edficas.<br \/>* Divulgar e desenvolver a todos os n\u00edveis da nossa estrutura os objectivos e crit\u00e9rios de qualidade estabelecidos, envolvendo o pessoal e as partes interessadas.<br \/>parceiros do projeto.<br \/>* Estabelecer, rever e renovar anualmente os objectivos de qualidade para garantir uma melhoria cont\u00ednua.<br \/>* Dispor de um sistema de controlo de riscos e de desenvolvimento de oportunidades.<br \/>* Incentivar e conseguir um ambiente estimulante e motivador para todos os membros da empresa.<br \/>* Disponer de los medios humanos, t\u00e9cnicos y econ\u00f3micos para que lo anteriormente citado sea una realidad.<br \/>* Estabelecer um sistema eficaz de comunica\u00e7\u00e3o com os intervenientes internos e externos, sensibilizando-os para a nossa pol\u00edtica de qualidade.<\/p>\t\t\t\t\t\t\t\t<\/div>\n\t\t\t\t<\/div>\n\t\t\t\t\t<\/div>\n\t\t<\/div>\n\t\t\t\t\t<\/div>\n\t\t<\/section>\n\t\t\t\t<\/div>","protected":false},"excerpt":{"rendered":"<p>BCN Distribuciones SAU tiene como finalidad alcanzar la calidad total en la gesti\u00f3n y el funcionamiento de la empresa, con el objetivo de asegurar a los clientes el mejor servicio para as\u00ed poder fidelizarlos y asegurar su plena satisfacci\u00f3n mediante el cumplimiento de sus requisitos legales y reglamentarios. Para poder hacer todo ello posible, hemos [&hellip;]<\/p>\n","protected":false},"author":2,"featured_media":0,"parent":0,"menu_order":0,"comment_status":"closed","ping_status":"closed","template":"template-fullwidth.php","meta":{"footnotes":""},"class_list":["post-7636","page","type-page","status-publish","hentry"],"aioseo_notices":[],"_links":{"self":[{"href":"https:\/\/shop.ftemaximal.com\/pt\/wp-json\/wp\/v2\/pages\/7636","targetHints":{"allow":["GET"]}}],"collection":[{"href":"https:\/\/shop.ftemaximal.com\/pt\/wp-json\/wp\/v2\/pages"}],"about":[{"href":"https:\/\/shop.ftemaximal.com\/pt\/wp-json\/wp\/v2\/types\/page"}],"author":[{"embeddable":true,"href":"https:\/\/shop.ftemaximal.com\/pt\/wp-json\/wp\/v2\/users\/2"}],"replies":[{"embeddable":true,"href":"https:\/\/shop.ftemaximal.com\/pt\/wp-json\/wp\/v2\/comments?post=7636"}],"version-history":[{"count":0,"href":"https:\/\/shop.ftemaximal.com\/pt\/wp-json\/wp\/v2\/pages\/7636\/revisions"}],"wp:attachment":[{"href":"https:\/\/shop.ftemaximal.com\/pt\/wp-json\/wp\/v2\/media?parent=7636"}],"curies":[{"name":"wp","href":"https:\/\/api.w.org\/{rel}","templated":true}]}}