{"id":7631,"date":"2023-06-12T11:27:59","date_gmt":"2023-06-12T11:27:59","guid":{"rendered":"https:\/\/shop.ftemaximal.com\/?page_id=7631"},"modified":"2026-02-23T17:10:08","modified_gmt":"2026-02-23T16:10:08","slug":"politica-de-privacidad","status":"publish","type":"page","link":"https:\/\/shop.ftemaximal.com\/pt\/politica-de-privacidad\/","title":{"rendered":"Pol\u00edtica de privacidade"},"content":{"rendered":"<div data-elementor-type=\"wp-page\" data-elementor-id=\"7631\" class=\"elementor elementor-7631\">\n\t\t\t\t\t\t<section class=\"elementor-section elementor-top-section elementor-element elementor-element-2deda24 elementor-section-boxed elementor-section-height-default elementor-section-height-default\" data-id=\"2deda24\" data-element_type=\"section\" data-e-type=\"section\">\n\t\t\t\t\t\t<div class=\"elementor-container elementor-column-gap-default\">\n\t\t\t\t\t<div class=\"elementor-column elementor-col-100 elementor-top-column elementor-element elementor-element-76aa110\" data-id=\"76aa110\" data-element_type=\"column\" data-e-type=\"column\">\n\t\t\t<div class=\"elementor-widget-wrap elementor-element-populated\">\n\t\t\t\t\t\t<div class=\"elementor-element elementor-element-b6ca072 elementor-widget elementor-widget-heading\" data-id=\"b6ca072\" data-element_type=\"widget\" data-e-type=\"widget\" data-widget_type=\"heading.default\">\n\t\t\t\t<div class=\"elementor-widget-container\">\n\t\t\t\t\t<h2 class=\"elementor-heading-title elementor-size-default\">Datos del propietario de la web<\/h2>\t\t\t\t<\/div>\n\t\t\t\t<\/div>\n\t\t\t\t<div class=\"elementor-element elementor-element-4ed5613 elementor-widget__width-initial elementor-widget elementor-widget-text-editor\" data-id=\"4ed5613\" data-element_type=\"widget\" data-e-type=\"widget\" data-widget_type=\"text-editor.default\">\n\t\t\t\t<div class=\"elementor-widget-container\">\n\t\t\t\t\t\t\t\t\t<table cellspacing=\"0\" cellpadding=\"0\"><tbody><tr><td valign=\"top\"><p><b>RAZ\u00d3N SOCIAL<span class=\"Apple-converted-space\">\u00a0<\/span><\/b><b><\/b><\/p><\/td><td valign=\"top\"><p>BCN DISTRIBUCIONES SAU<span class=\"Apple-converted-space\">\u00a0<\/span><\/p><\/td><\/tr><tr><td valign=\"top\"><p><b>NIF<span class=\"Apple-converted-space\">\u00a0<\/span><\/b><b><\/b><\/p><\/td><td valign=\"top\"><p>A58752320<span class=\"Apple-converted-space\">\u00a0<\/span><\/p><\/td><\/tr><tr><td valign=\"top\"><p><b>DOMINIO<span class=\"Apple-converted-space\">\u00a0<\/span><\/b><b><\/b><\/p><\/td><td valign=\"top\"><p>www.ftemaximal.com<span class=\"Apple-converted-space\">\u00a0<\/span><\/p><\/td><\/tr><tr><td valign=\"top\"><p><b>DIRECCI\u00d3N POSTAL<span class=\"Apple-converted-space\">\u00a0<\/span><\/b><b><\/b><\/p><\/td><td valign=\"top\"><p>MIL\u00c0 I FONTANALS 118 &#8211; 120,08205 SABADELL(BARCELONA)<span class=\"Apple-converted-space\">\u00a0<\/span><\/p><\/td><\/tr><tr><td valign=\"top\"><p><b>DIRECCI\u00d3N ELECTR\u00d3NICA<span class=\"Apple-converted-space\">\u00a0<\/span><\/b><b><\/b><\/p><\/td><td valign=\"top\"><p>jordi.garcia@ftemaximal.com<span class=\"Apple-converted-space\">\u00a0<\/span><\/p><\/td><\/tr><tr><td valign=\"top\"><p><b>TEL\u00c9FONOS<span class=\"Apple-converted-space\">\u00a0<\/span><\/b><b><\/b><\/p><\/td><td valign=\"top\"><p>937292700<span class=\"Apple-converted-space\">\u00a0<\/span><\/p><\/td><\/tr><tr><td valign=\"top\"><p><b>N\u00ba REGISTRO\/ DATOS ADICIONALES<span class=\"Apple-converted-space\">\u00a0<\/span><\/b><\/p><\/td><\/tr><\/tbody><\/table><hr \/><h3 style=\"letter-spacing: normal; caret-color: #000000; color: #000000;\">1. Protecci\u00f3n de datos.<\/h3><p>De conformidad con la normativa vigente y aplicable en protecci\u00f3n de datos de car\u00e1cter personal, le informamos que sus datos ser\u00e1n incorporados al sistema de tratamiento titularidad de BCN DISTRIBUCIONES SAU con NIF A58752320 y domicilio social sito en MIL\u00c0 I FONTANALS 118 &#8211; 120,08205 SABADELL(BARCELONA). A continuaci\u00f3n, se facilita la informaci\u00f3n de los tratamientos realizados:<span class=\"Apple-converted-space\">\u00a0<\/span><\/p><p style=\"text-align: center;\"><strong>TRATAMIENTOS REALIZADOS<\/strong><\/p><table cellspacing=\"0\" cellpadding=\"0\"><tbody><tr><td valign=\"top\">\u00a0<\/td><\/tr><tr><td valign=\"top\"><p>Registro de los usuarios<span class=\"Apple-converted-space\">\u00a0<\/span><\/p><\/td><td valign=\"top\"><p><b>Finalidad: <\/b>Captaci\u00f3n, registro y tratamiento de datos para poder registrarse como usuario.<\/p><p><b>Plazo de conservaci\u00f3n: <\/b>mientras se mantenga el consentimiento prestado, salvo obligaci\u00f3n legal.<\/p><p><b>Base leg\u00edtima: <\/b>El consentimiento del interesado.<\/p><p><b>Tipolog\u00eda de Datos: <\/b><\/p><p><b>Datos b\u00e1sicos: <\/b>Nombre y apellidos, Tel\u00e9fono, NIF, Direcci\u00f3n postal, Direcci\u00f3n electr\u00f3nica<span class=\"Apple-converted-space\">\u00a0<\/span><\/p><\/td><\/tr><tr><td valign=\"top\"><p>Gesti\u00f3n de compra de productos online<span class=\"Apple-converted-space\">\u00a0<\/span><\/p><\/td><td valign=\"top\"><p><b>Finalidad: <\/b>Captaci\u00f3n, registro y tratamiento de datos para poder gestionar el pago y env\u00edo de los productos.<\/p><p><b>Plazo de conservaci\u00f3n: <\/b>5 a\u00f1os en cumplimiento de la ley tributaria y 10 a\u00f1os la documentaci\u00f3n fiscal en cumplimiento de la L.O. 7\/2012.<\/p><p><b>Base leg\u00edtima: <\/b>El cumplimiento de una ley. <b>Tipolog\u00eda de Datos:<\/b><\/p><p><b> Datos b\u00e1sicos: <\/b>Nombre y apellidos, Direcci\u00f3n postal, Direcci\u00f3n electr\u00f3nica, Firma, Datos econ\u00f3micos o de seguros<\/p><p><b>Cesiones: <\/b>sus datos ser\u00e1n comunicados en caso de ser necesario a Agencia Tributaria, Bancos, Cajas y Organismos y\/o administraci\u00f3n p\u00fablica con competencia en la materia con la finalidad de cumplir con las obligaciones tributarias y fiscales establecidas en la normativa aplicable. Adem\u00e1s, se informa que la base legitimadora de la cesi\u00f3n es el cumplimiento de una ley.<span class=\"Apple-converted-space\">\u00a0<\/span><\/p><\/td><\/tr><tr><td valign=\"top\"><p>Acciones comerciales formulario web<span class=\"Apple-converted-space\">\u00a0<\/span><\/p><\/td><td valign=\"top\"><p><b>Finalidad: <\/b>Captaci\u00f3n, registro y tratamiento de datos con finalidades de atender sus consultas y\/o solicitudes, as\u00ed como de publicidad y prospecci\u00f3n comercial.<\/p><p><b>Plazo de conservaci\u00f3n: <\/b>mientras se mantenga el consentimiento prestado, salvo obligaci\u00f3n legal.<\/p><p><b>Base leg\u00edtima: <\/b>El consentimiento del interesado.<span class=\"Apple-converted-space\">\u00a0<\/span><\/p><p><b>Tipolog\u00eda de Datos: Datos b\u00e1sicos: <\/b>Nombre y apellidos, Direcci\u00f3n electr\u00f3nica<\/p><\/td><\/tr><\/tbody><\/table><hr \/><table cellspacing=\"0\" cellpadding=\"0\"><tbody><tr><td valign=\"top\">\u00a0<\/td><\/tr><tr><td valign=\"top\"><p>Newsletter<span class=\"Apple-converted-space\">\u00a0<\/span><\/p><\/td><td valign=\"top\"><p><b>Finalidad: <\/b>Gesti\u00f3n de la suscripci\u00f3n a la newsletter, para realizar los env\u00edos correspondientes.<\/p><p><b>Plazo de conservaci\u00f3n: <\/b>mientras se mantenga el consentimiento prestado.<\/p><p><b>Base leg\u00edtima: <\/b>El consentimiento del interesado.<\/p><p><b>Tipolog\u00eda de Datos: <\/b><\/p><p><b>Datos b\u00e1sicos: <\/b>Nombre y apellidos, Direcci\u00f3n electr\u00f3nica<span class=\"Apple-converted-space\">\u00a0<\/span><\/p><\/td><\/tr><tr><td valign=\"top\"><p>Gesti\u00f3n usuarios web<span class=\"Apple-converted-space\">\u00a0<\/span><\/p><\/td><td valign=\"top\"><p><b>Finalidad: <\/b>Captaci\u00f3n, registro y tratamiento de datos del usuario.<\/p><p><b>Plazo de conservaci\u00f3n: <\/b>mientras se mantenga el consentimiento prestado, salvo obligaci\u00f3n legal.<\/p><p><b>Base leg\u00edtima: <\/b>El consentimiento del interesado.<\/p><p><b>Tipolog\u00eda de Datos: <\/b><\/p><p><b>Datos b\u00e1sicos: <\/b>Nombre y apellidos, Direcci\u00f3n electr\u00f3nica<span class=\"Apple-converted-space\">\u00a0<\/span><\/p><\/td><\/tr><tr><td valign=\"top\"><p>Instalaci\u00f3n de cookies<span class=\"Apple-converted-space\">\u00a0<\/span><\/p><\/td><td valign=\"top\"><p><b>Finalidad: <\/b>Gesti\u00f3n e instalaci\u00f3n de las cookies.<\/p><p><b>Plazo de conservaci\u00f3n: <\/b>mientras se mantenga el consentimiento prestado.<\/p><p><b>Base leg\u00edtima: <\/b>El consentimiento del interesado. <b>Tipolog\u00eda de Datos: <\/b><\/p><p><b>Datos b\u00e1sicos: <\/b>Direcci\u00f3n electr\u00f3nica, Direcci\u00f3n IP<span class=\"Apple-converted-space\">\u00a0<\/span><\/p><\/td><\/tr><tr><td valign=\"top\"><p>Gesti\u00f3n Formulario web<span class=\"Apple-converted-space\">\u00a0<\/span><\/p><\/td><td valign=\"top\"><p><b>Finalidad: <\/b>Atender sus consultas y\/o solicitudes.<\/p><p><b>Plazo de conservaci\u00f3n: <\/b>mientras se mantenga el consentimiento prestado.<\/p><p><b>Base leg\u00edtima: <\/b>El consentimiento del interesado.<\/p><p><b>Tipolog\u00eda de Datos: <\/b><\/p><p><b>Datos b\u00e1sicos: <\/b>Nombre y apellidos, Direcci\u00f3n electr\u00f3nica, Direcci\u00f3n IP<span class=\"Apple-converted-space\">\u00a0<\/span><\/p><\/td><\/tr><\/tbody><\/table><h3 style=\"letter-spacing: normal; caret-color: #000000; color: #000000;\">2. Derechos de los interesados<\/h3><p>BCN DISTRIBUCIONES SAU informa a los Usuarios que, podr\u00e1 ejercer los derechos de acceso, rectificaci\u00f3n, limitaci\u00f3n, supresi\u00f3n, portabilidad, oposici\u00f3n al tratamiento de sus datos de car\u00e1cter personal y el derecho a no ser objeto de decisiones automatizadas, incluida la elaboraci\u00f3n de perfiles, ante el Responsable del Tratamiento, as\u00ed como a la retirada del consentimiento prestado.<span class=\"Apple-converted-space\">\u00a0<\/span><\/p><ul><li><b>Derecho de Acceso: <\/b>Es el derecho del usuario a obtener confirmaci\u00f3n sobre si se est\u00e1n tratando sus datos y, en tal caso, los concretos datos personales tratados y la informaci\u00f3n legal del tratamiento (finalidades, base legitimadora, plazos de conservaci\u00f3n, cesiones, origen de los datos, etc.).<span class=\"Apple-converted-space\">\u00a0<\/span><\/li><li><b>Derecho de Rectificaci\u00f3n: <\/b>Es el derecho del afectado a que se modifiquen los datos que resulten ser inexactos o incompletos. En relaci\u00f3n a la p\u00e1gina web, s\u00f3lo podr\u00e1 satisfacerse en relaci\u00f3n a aquella informaci\u00f3n que se encuentre bajo el control del sitio web, por ejemplo, eliminar comentarios publicados en la propia p\u00e1gina, im\u00e1genes o contenidos web donde consten datos de car\u00e1cter personal del usuario.<span class=\"Apple-converted-space\">\u00a0<\/span><\/li><li><b>Derecho a la Limitaci\u00f3n de tratamiento: <\/b>Es el derecho a que se limiten los fines del tratamiento previstos de forma original por el responsable del tratamiento en determinados supuestos.<span class=\"Apple-converted-space\">\u00a0<\/span><\/li><li><b>Derecho de Supresi\u00f3n: <\/b>Es el derecho a suprimir los datos de car\u00e1cter personal del usuario, a excepci\u00f3n de lo previsto en el propio RGPD (libertad de expresi\u00f3n e informaci\u00f3n, obligaciones de conservaci\u00f3n, formulaci\u00f3n, ejercicio o defensa de reclamaciones, etc.).<span class=\"Apple-converted-space\">\u00a0<\/span><\/li><li><b>Derecho a la Portabilidad: <\/b>El derecho a recibir los datos personales que el usuario haya facilitado, en un formato estructurado, de uso com\u00fan y lectura mec\u00e1nica, y a transmitirlos a otro responsable cuando el tratamiento est\u00e1 basado en el consentimiento o en la ejecuci\u00f3n de un contrato y se efect\u00fae por medios automatizados.<\/li><li><b>Derecho de Oposici\u00f3n: <\/b>Es el derecho del usuario a que no se lleve a cabo el tratamiento de sus datos de car\u00e1cter personal o se cese el tratamiento de los mismos por parte del sitio web cuando el tratamiento est\u00e9 basado en el inter\u00e9s leg\u00edtimo o el inter\u00e9s p\u00fablico o cuando se trate de tratamientos de mercadotecnia directa.<\/li><li><b>Derecho a no ser objeto de decisiones automatizadas, incluida la elaboraci\u00f3n de perfiles: <\/b>Cuando el tratamiento no es necesario para la celebraci\u00f3n o ejecuci\u00f3n de un contrato, ni est\u00e1 autorizada por el Derecho de la Uni\u00f3n Europea o de los Estados miembros ni se basa en el consentimiento, tiene derecho a no ser objeto de una decisi\u00f3n basada \u00fanicamente en el tratamiento automatizado, incluida la elaboraci\u00f3n de perfiles, que produzca efectos jur\u00eddicos o le afecte significativamente de modo similar.<span class=\"Apple-converted-space\">\u00a0<\/span><\/li><li><b>Derecho a retirar el consentimiento: <\/b>Para cualquier tratamiento basado en su consentimiento, tiene derecho a retirarlo, en cualquier momento y de manera gratuita.<span class=\"Apple-converted-space\">\u00a0<\/span><\/li><\/ul><p>Para ejercer cualquiera de los derechos en materia de protecci\u00f3n de datos descritos anteriormente deber\u00e1 seguir las siguientes indicaciones:<span class=\"Apple-converted-space\">\u00a0<\/span><\/p><ul><li>Presentaci\u00f3n de un escrito a la direcci\u00f3n MIL\u00c0 I FONTANALS 118 &#8211; 120,08205 SABADELL(BARCELONA) (a la atenci\u00f3n de BCN DISTRIBUCIONES SAU) o bien a trav\u00e9s de correo electr\u00f3nico a por correo electr\u00f3nico a jordi.garcia@ftemaximal.com .<span class=\"Apple-converted-space\">\u00a0<\/span><\/li><li>El escrito remitido por el titular de los datos personales (interesado\/a) que solicite el ejercicio de derechos deber\u00e1 tener en cuenta lo siguiente:<span class=\"Apple-converted-space\">\u00a0<\/span><\/li><\/ul><p style=\"padding-left: 40px;\">o Deber\u00e1 identificarse fehacientemente y, en el caso de que concurran dudas sobre la identidad del solicitante, se le solicitar\u00e1 que subsane la petici\u00f3n (p. ej. solicitando m\u00e1s informaci\u00f3n, como el n\u00famero de DNI, el documento del DNI, el correo electr\u00f3nico que aport\u00f3, etc.)<span class=\"Apple-converted-space\">\u00a0<\/span><\/p><p style=\"padding-left: 40px;\">o La solicitud puede realizarla el representante, legal o voluntario, cuando \u00e9ste est\u00e9 debidamente identificado y autorizado por el titular de los datos (mediante una autorizaci\u00f3n expresa del titular para ejercer los derechos personal\u00edsimos regulados en la normativa en materia de protecci\u00f3n de datos personales).<span class=\"Apple-converted-space\">\u00a0<\/span><\/p><p style=\"padding-left: 40px;\">o Petici\u00f3n en que se concreta la solicitud (Derecho\/s que se pretende\/n ejercer). Si no hace referencia a un tratamiento concreto se le facilitar\u00e1 respuesta en relaci\u00f3n a todos los tratamientos que afectan a sus datos de car\u00e1cter personal. Si solicita informaci\u00f3n de un tratamiento en concreto, s\u00f3lo la informaci\u00f3n de \u00e9ste. Si lo solicita por tel\u00e9fono se le indicar\u00e1 que lo haga por escrito y se le informar\u00e1 de c\u00f3mo lo puede hacer y la direcci\u00f3n a la que tiene que enviarlo. Nunca se le dar\u00e1 informaci\u00f3n por tel\u00e9fono.<span class=\"Apple-converted-space\">\u00a0<\/span><\/p><p style=\"padding-left: 40px;\">o Direcci\u00f3n postal o electr\u00f3nica a efectos de notificaciones.<span class=\"Apple-converted-space\">\u00a0<\/span><\/p><p style=\"padding-left: 40px;\">o Documentos acreditativos de la petici\u00f3n que formula, en caso de que sean necesarios.<span class=\"Apple-converted-space\">\u00a0<\/span><\/p><p style=\"padding-left: 40px;\">o La persona solicitante debe utilizar cualquier medio que permita acreditar el env\u00edo y la recepci\u00f3n de la solicitud.<span class=\"Apple-converted-space\">\u00a0<\/span><\/p><p>Por \u00faltimo, le informamos que tiene derecho a presentar una reclamaci\u00f3n ante la Agencia Espa\u00f1ola de Protecci\u00f3n de Datos en caso de que tenga conocimiento o considere que un hecho pueda suponer un incumplimiento de la normativa aplicable en materia de protecci\u00f3n de datos.<\/p><p>BCN DISTRIBUCIONES SAU se compromete a adoptar las medidas t\u00e9cnicas y organizativas necesarias, acorde al nivel de riesgos que acompa\u00f1an los tratamientos realizados por \u00e9stas e indicados en este mismo apartado, de forma que garanticen su integridad, confidencialidad y disponibilidad.<\/p><p><b>\u00daltima actualizaci\u00f3n: <\/b>11 de junio de 2025<span class=\"Apple-converted-space\">\u00a0<\/span><\/p><p>\u00a0<\/p>\t\t\t\t\t\t\t\t<\/div>\n\t\t\t\t<\/div>\n\t\t\t\t<div class=\"elementor-element elementor-element-28bc9c2 elementor-widget elementor-widget-heading\" data-id=\"28bc9c2\" data-element_type=\"widget\" data-e-type=\"widget\" data-widget_type=\"heading.default\">\n\t\t\t\t<div class=\"elementor-widget-container\">\n\t\t\t\t\t<h2 class=\"elementor-heading-title elementor-size-default\">Pol\u00edtica de privacidad Redes Sociales<\/h2>\t\t\t\t<\/div>\n\t\t\t\t<\/div>\n\t\t\t\t<div class=\"elementor-element elementor-element-8f352d2 elementor-widget__width-initial elementor-widget elementor-widget-text-editor\" data-id=\"8f352d2\" data-element_type=\"widget\" data-e-type=\"widget\" data-widget_type=\"text-editor.default\">\n\t\t\t\t<div class=\"elementor-widget-container\">\n\t\t\t\t\t\t\t\t\t<p>De conformidad con lo establecido en la normativa vigente y aplicable de protecci\u00f3n de datos de car\u00e1cter personal y la Ley 34\/2002, de 11 de julio, de Servicios de la Sociedad de la Informaci\u00f3n y de Comercio Electr\u00f3nico (LSSI-CE), BCN DISTRIBUCIONES SAU informa a los usuarios, que ha procedido a crear un perfil en la\/s Red\/es Social\/es Facebook, X, Youtube, con la finalidad principal de publicitar sus productos y servicios.\u00a0<\/p><p>Datos de BCN DISTRIBUCIONES SAU:\u00a0<\/p><p>NIF: A58752320\u00a0<\/p><p>DIRECCI\u00d3N: MIL\u00c0 I FONTANALS 118 &#8211; 120,08205 SABADELL(BARCELONA)\u00a0<\/p><p>CORREO ELECTR\u00d3NICO: jordi.garcia@ftemaximal.com\u00a0<\/p><p>El usuario dispone de un perfil en la misma Red Social y ha decidido unirse a la p\u00e1gina creada por BCN DISTRIBUCIONES SAU, mostrando as\u00ed inter\u00e9s en la informaci\u00f3n que se publicite en la Red. Al unirse a nuestra p\u00e1gina, nos facilita su consentimiento para el tratamiento de aquellos datos personales publicados en su perfil. El usuario puede acceder en todo momento a las pol\u00edticas de privacidad de la propia Red Social, as\u00ed como configurar su perfil para garantizar su privacidad. BCN DISTRIBUCIONES SAU tiene acceso y trata aquella informaci\u00f3n p\u00fablica del usuario, en especial, su nombre de contacto. Estos datos, s\u00f3lo son utilizados dentro de la propia Red Social. No son incorporados a ning\u00fan sistema de tratamiento.\u00a0<\/p><p><b>Derechos de los interesados\u00a0<\/b><\/p><p>En relaci\u00f3n a los derechos de acceso, rectificaci\u00f3n, limitaci\u00f3n de tratamiento, supresi\u00f3n, portabilidad y oposici\u00f3n al tratamiento de sus datos de car\u00e1cter personal, de los que usted dispone y que pueden ser ejercitados ante BCN DISTRIBUCIONES SAU, de acuerdo con la RGPD, debe tener en cuenta los siguientes matices:\u00a0<\/p><ul><li>Derecho de Acceso: Es el derecho del usuario a obtener informaci\u00f3n sobre sus datos concretos de car\u00e1cter personal y del tratamiento que se haya realizado o realice, as\u00ed como de la informaci\u00f3n disponible sobre el origen de dichos datos y las comunicaciones realizadas o previstas de los mismos.\u00a0<\/li><li>Derecho de Rectificaci\u00f3n: Es el derecho del afectado a que se modifiquen los datos que resulten ser inexactos o incompletos. S\u00f3lo podr\u00e1 satisfacerse en relaci\u00f3n a aquella informaci\u00f3n que se encuentre bajo el control de BCN DISTRIBUCIONES SAU, por ejemplo, eliminar comentarios publicados en la propia p\u00e1gina, im\u00e1genes o contenidos web donde consten datos de car\u00e1cter personal del usuario.<\/li><li>Derecho de portabilidad: El derecho a recibir los datos personales que el usuario, haya facilitado, en un formato estructurado, de uso com\u00fan y lectura mec\u00e1nica, y a transmitirlos a otro responsable.\u00a0<\/li><li style=\"text-align: left;\">Derecho de Oposici\u00f3n: Es el derecho del usuario a que no se lleve a cabo el tratamiento de sus datos de car\u00e1cter personal o se cese el tratamiento de los mismos por parte de BCN DISTRIBUCIONES SAU.\u00a0<\/li><li>Derecho a la Limitaci\u00f3n de tratamiento: Es el derecho a que se limiten los fines del tratamiento previstos de forma original por el responsable del tratamiento.\u00a0<\/li><li>Derecho de Supresi\u00f3n: Es el derecho a suprimir los datos de car\u00e1cter personal del usuario, a excepci\u00f3n de lo previsto en el propio RGPD o en otras normativas aplicables que determinen la obligatoriedad de la conservaci\u00f3n de los mismos, en tiempo y forma.\u00a0<\/li><\/ul><p>BCN DISTRIBUCIONES SAU realizar\u00e1 las siguientes actuaciones:\u00a0<\/p><p>Acceso a la informaci\u00f3n p\u00fablica del perfil.\u00a0<\/p><ul><li>Publicaci\u00f3n en el perfil del usuario de toda aquella informaci\u00f3n ya publicada en la p\u00e1gina de BCN DISTRIBUCIONES SAU.\u00a0<\/li><li>Enviar mensajes personales e individuales a trav\u00e9s de los canales de la Red Social.\u00a0<\/li><li>Actualizaciones del estado de la p\u00e1gina que se publicar\u00e1n en el perfil del usuario.\u00a0<\/li><\/ul><p>El usuario siempre puede controlar sus conexiones, eliminar los contenidos que dejen de interesarle y restringir con qui\u00e9n comparte sus conexiones, para ello deber\u00e1 acceder a su configuraci\u00f3n de privacidad<\/p><p><strong>Publicaciones<\/strong><\/p><p>El usuario, una vez unido a la p\u00e1gina de BCN DISTRIBUCIONES SAU, podr\u00e1 publicar en \u00e9sta \u00faltima comentarios, enlaces, im\u00e1genes o fotograf\u00edas o cualquier otro tipo de contenido multimedia soportado por la Red Social. El usuario, en todos los casos, debe ser el titular de los mismos, gozar de los derechos de autor y de propiedad intelectual o contar con el consentimiento de los terceros afectados. Se proh\u00edbe expresamente cualquier publicaci\u00f3n en la p\u00e1gina, ya sean textos, gr\u00e1ficos, fotograf\u00edas, v\u00eddeos, etc. que atenten o sean susceptibles de atentar contra la moral, la \u00e9tica, el buen gusto o el decoro, y\/o que infrinjan, violen o quebranten los derechos de propiedad intelectual o industrial, el derecho a la imagen o la Ley. En estos casos, BCN DISTRIBUCIONES SAU se reserva el derecho a retirar de inmediato el contenido, pudiendo solicitar el bloqueo permanente del usuario.\u00a0<\/p><p>BCN DISTRIBUCIONES SAU no se har\u00e1 responsable de los contenidos que libremente ha publicado un usuario.<\/p><p>El usuario debe tener presente que sus publicaciones ser\u00e1n conocidas por los otros usuarios, por lo que \u00e9l mismo es el principal responsable de su privacidad.<\/p><p>Las im\u00e1genes que puedan publicarse en la p\u00e1gina no ser\u00e1n almacenadas en ning\u00fan sistema de tratamiento por parte de BCN DISTRIBUCIONES SAU, pero s\u00ed que permanecer\u00e1n en la Red Social.<span class=\"Apple-converted-space\">\u00a0<\/span><\/p><p><b>Concursos y promociones<span class=\"Apple-converted-space\">\u00a0<\/span><\/b><\/p><p>BCN DISTRIBUCIONES SAU se reserva el derecho a realizar concursos y promociones, en los que podr\u00e1 participar el usuario unido a su p\u00e1gina. Las bases de cada uno de ellos, cuando se utilice para ello la plataforma de la Red Social, ser\u00e1n publicadas en la misma. Cumpliendo siempre con la LSSI-CE y con cualquier otra norma que le sea de aplicaci\u00f3n.<\/p><p>La Red Social no patrocina, avala ni administra, de modo alguno, ninguna de nuestras promociones, ni est\u00e1 asociada a ninguna de ellas. <b>Publicidad<span class=\"Apple-converted-space\">\u00a0<\/span><\/b><b><\/b><\/p><p>BCN DISTRIBUCIONES SAU utilizar\u00e1 la Red Social para publicitar sus productos y servicios, en todo caso, si decide tratar sus datos de contacto para realizar acciones directas de prospecci\u00f3n comercial, ser\u00e1 siempre, cumpliendo con las exigencias legales de la normativa en materia de protecci\u00f3n de datos y de la LSSI-CE.<\/p><p>No se considerar\u00e1 publicidad el hecho de recomendar a otros usuarios la p\u00e1gina de BCN DISTRIBUCIONES SAU para que tambi\u00e9n ellos puedan disfrutar de las promociones o estar informados de su actividad.<\/p><p>A continuaci\u00f3n, detallamos el enlace a la pol\u00edtica de privacidad de la Red Social:<span class=\"Apple-converted-space\">\u00a0<\/span><\/p><p>Facebook: <a href=\"https:\/\/es-es.facebook.com\/privacy\/explanation\">https:\/\/es-es.facebook.com\/privacy\/explanation<span class=\"Apple-converted-space\">\u00a0<\/span><\/a><\/p><p>X:<a href=\"https:\/\/x.com\/es\/privacy\"> https:\/\/x.com\/es\/privacy<\/a><\/p><p>Youtube: <a href=\"https:\/\/www.youtube.com\/intl\/es\/about\/policies\">https:\/\/www.youtube.com\/intl\/es\/about\/policies<\/a><\/p><p><b>\u00daltima actualizaci\u00f3n: <\/b>11 de junio de 2025<span class=\"Apple-converted-space\">\u00a0<\/span><\/p><p><span class=\"Apple-converted-space\">\u00a0<\/span><\/p><p><b>\u00a0<\/b><\/p><p>\u00a0<\/p>\t\t\t\t\t\t\t\t<\/div>\n\t\t\t\t<\/div>\n\t\t\t\t\t<\/div>\n\t\t<\/div>\n\t\t\t\t\t<\/div>\n\t\t<\/section>\n\t\t\t\t<\/div>","protected":false},"excerpt":{"rendered":"<p>Datos del propietario de la web RAZ\u00d3N SOCIAL\u00a0 BCN DISTRIBUCIONES SAU\u00a0 NIF\u00a0 A58752320\u00a0 DOMINIO\u00a0 www.ftemaximal.com\u00a0 DIRECCI\u00d3N POSTAL\u00a0 MIL\u00c0 I FONTANALS 118 &#8211; 120,08205 SABADELL(BARCELONA)\u00a0 DIRECCI\u00d3N ELECTR\u00d3NICA\u00a0 jordi.garcia@ftemaximal.com\u00a0 TEL\u00c9FONOS\u00a0 937292700\u00a0 N\u00ba REGISTRO\/ DATOS ADICIONALES\u00a0 1. Protecci\u00f3n de datos. De conformidad con la normativa vigente y aplicable en protecci\u00f3n de datos de car\u00e1cter personal, le informamos que [&hellip;]<\/p>\n","protected":false},"author":2,"featured_media":0,"parent":0,"menu_order":0,"comment_status":"closed","ping_status":"closed","template":"template-fullwidth.php","meta":{"footnotes":""},"class_list":["post-7631","page","type-page","status-publish","hentry"],"aioseo_notices":[],"_links":{"self":[{"href":"https:\/\/shop.ftemaximal.com\/pt\/wp-json\/wp\/v2\/pages\/7631","targetHints":{"allow":["GET"]}}],"collection":[{"href":"https:\/\/shop.ftemaximal.com\/pt\/wp-json\/wp\/v2\/pages"}],"about":[{"href":"https:\/\/shop.ftemaximal.com\/pt\/wp-json\/wp\/v2\/types\/page"}],"author":[{"embeddable":true,"href":"https:\/\/shop.ftemaximal.com\/pt\/wp-json\/wp\/v2\/users\/2"}],"replies":[{"embeddable":true,"href":"https:\/\/shop.ftemaximal.com\/pt\/wp-json\/wp\/v2\/comments?post=7631"}],"version-history":[{"count":9,"href":"https:\/\/shop.ftemaximal.com\/pt\/wp-json\/wp\/v2\/pages\/7631\/revisions"}],"predecessor-version":[{"id":12998,"href":"https:\/\/shop.ftemaximal.com\/pt\/wp-json\/wp\/v2\/pages\/7631\/revisions\/12998"}],"wp:attachment":[{"href":"https:\/\/shop.ftemaximal.com\/pt\/wp-json\/wp\/v2\/media?parent=7631"}],"curies":[{"name":"wp","href":"https:\/\/api.w.org\/{rel}","templated":true}]}}