{"id":7626,"date":"2023-06-12T11:23:13","date_gmt":"2023-06-12T11:23:13","guid":{"rendered":"https:\/\/shop.ftemaximal.com\/?page_id=7626"},"modified":"2023-07-12T08:11:53","modified_gmt":"2023-07-12T08:11:53","slug":"rgpd-y-lssi-ce","status":"publish","type":"page","link":"https:\/\/shop.ftemaximal.com\/pt\/rgpd-y-lssi-ce\/","title":{"rendered":"RGPD e LSSI-CE"},"content":{"rendered":"<div data-elementor-type=\"wp-page\" data-elementor-id=\"7626\" class=\"elementor elementor-7626\">\n\t\t\t\t\t\t<section class=\"elementor-section elementor-top-section elementor-element elementor-element-60f6344 elementor-section-boxed elementor-section-height-default elementor-section-height-default\" data-id=\"60f6344\" data-element_type=\"section\" data-e-type=\"section\">\n\t\t\t\t\t\t<div class=\"elementor-container elementor-column-gap-default\">\n\t\t\t\t\t<div class=\"elementor-column elementor-col-100 elementor-top-column elementor-element elementor-element-4870ea8\" data-id=\"4870ea8\" data-element_type=\"column\" data-e-type=\"column\">\n\t\t\t<div class=\"elementor-widget-wrap elementor-element-populated\">\n\t\t\t\t\t\t<div class=\"elementor-element elementor-element-7d73a1e elementor-widget elementor-widget-text-editor\" data-id=\"7d73a1e\" data-element_type=\"widget\" data-e-type=\"widget\" data-widget_type=\"text-editor.default\">\n\t\t\t\t<div class=\"elementor-widget-container\">\n\t\t\t\t\t\t\t\t\t<h2>CL\u00c1USULA INFORMATIVA RGPD E LSSI-CE<\/h2>\t\t\t\t\t\t\t\t<\/div>\n\t\t\t\t<\/div>\n\t\t\t\t<div class=\"elementor-element elementor-element-a5984e8 elementor-widget elementor-widget-text-editor\" data-id=\"a5984e8\" data-element_type=\"widget\" data-e-type=\"widget\" data-widget_type=\"text-editor.default\">\n\t\t\t\t<div class=\"elementor-widget-container\">\n\t\t\t\t\t\t\t\t\t<p>Em conformidade com o disposto na legisla\u00e7\u00e3o vigente em mat\u00e9ria de Prote\u00e7\u00e3o de Dados de Car\u00e1cter Pessoal, informamos que os seus dados ser\u00e3o incorporados no sistema de tratamento de que \u00e9 titular a BCN DISTRIBUCIONES SAU com CIF A58752320 e sede social em Mil\u00e0 i Fontanals, 118-120 - 08205 Sabadell (BARCELONA), com a finalidade de poder cumprir os compromissos derivados da rela\u00e7\u00e3o que mantemos consigo. Em conformidade com a legisla\u00e7\u00e3o em vigor, a BCN DISTRIBUCIONES SAU informa-o de que os dados ser\u00e3o conservados durante o per\u00edodo de tempo estritamente necess\u00e1rio para cumprir os preceitos acima mencionados.<\/p><p>Informamo-lo de que o tratamento dos seus dados \u00e9 legitimado pelo seu consentimento.<\/p><p>A BCN DISTRIBUCIONES SAU informa que tratar\u00e1 os dados de forma l\u00edcita, leal, transparente, adequada, pertinente, limitada, exacta e actualizada. Por este motivo, a BCN DISTRIBUCIONES SAU compromete-se a adotar todas as medidas razo\u00e1veis para que estes dados sejam eliminados ou rectificados sem demora quando sejam inexactos.<\/p><p>Em conformidade com os direitos conferidos pela legisla\u00e7\u00e3o em vigor em mat\u00e9ria de prote\u00e7\u00e3o de dados, pode exercer os seus direitos de acesso, retifica\u00e7\u00e3o, limita\u00e7\u00e3o do tratamento, apagamento, portabilidade e oposi\u00e7\u00e3o ao tratamento dos seus dados pessoais, bem como o consentimento dado para o tratamento dos mesmos, enviando o seu pedido para o endere\u00e7o postal acima indicado ou por correio eletr\u00f3nico. <a href=\"mailto:info@ftemaximal.com.\">info@ftemaximal.com.<\/a><br \/>Do mesmo modo, e de acordo com o disposto na Lei 34\/2002, de 11 de julho, de Servi\u00e7os da Sociedade da Informa\u00e7\u00e3o e Com\u00e9rcio Eletr\u00f3nico, no seu artigo 21, solicitamos tamb\u00e9m o seu consentimento expresso para lhe enviar publicidade dos nossos produtos ou promo\u00e7\u00f5es que consideremos que possam ser do seu interesse, por correio eletr\u00f3nico ou por qualquer outro meio de comunica\u00e7\u00e3o eletr\u00f3nica equivalente.<\/p><p>\u25a1 Li e aceito receber informa\u00e7\u00e3o publicit\u00e1ria ou promocional da BCN DISTRIBUCIONES SAU.<\/p><p>\u25a1 Li e n\u00e3o concordo em receber informa\u00e7\u00e3o publicit\u00e1ria ou promocional da BCN DISTRIBUCIONES SAU.<\/p><p>Informamos que o utilizador pode revogar o seu consentimento para receber comunica\u00e7\u00f5es comerciais em qualquer altura, enviando uma mensagem de correio eletr\u00f3nico para o endere\u00e7o de correio eletr\u00f3nico:<br \/>\u00a0 <a href=\"mailto:info@ftemaximal.com.\">info@ftemaximal.com.<\/a>.<\/p><p>Nome e apelido ou nome da empresa:<\/p><p>DNI ou CIF<\/p><p>Assinatura da pessoa em causa.<\/p>\t\t\t\t\t\t\t\t<\/div>\n\t\t\t\t<\/div>\n\t\t\t\t\t<\/div>\n\t\t<\/div>\n\t\t\t\t\t<\/div>\n\t\t<\/section>\n\t\t\t\t<\/div>","protected":false},"excerpt":{"rendered":"<p>CL\u00c1USULA INFORMATIVA RGPD Y LSSI-CE De conformidad con lo establecido en la normativa vigente en Protecci\u00f3n de Datos de Car\u00e1cter Personal, le informamos que sus datos ser\u00e1n incorporados al sistema de tratamiento titularidad de BCN DISTRIBUCIONES SAU con CIF A58752320 y domicilio social sito en Mil\u00e0 i Fontanals, 118-120 &#8211; 08205 Sabadell (BARCELONA), con la [&hellip;]<\/p>\n","protected":false},"author":2,"featured_media":0,"parent":0,"menu_order":0,"comment_status":"closed","ping_status":"closed","template":"template-fullwidth.php","meta":{"footnotes":""},"class_list":["post-7626","page","type-page","status-publish","hentry"],"aioseo_notices":[],"_links":{"self":[{"href":"https:\/\/shop.ftemaximal.com\/pt\/wp-json\/wp\/v2\/pages\/7626","targetHints":{"allow":["GET"]}}],"collection":[{"href":"https:\/\/shop.ftemaximal.com\/pt\/wp-json\/wp\/v2\/pages"}],"about":[{"href":"https:\/\/shop.ftemaximal.com\/pt\/wp-json\/wp\/v2\/types\/page"}],"author":[{"embeddable":true,"href":"https:\/\/shop.ftemaximal.com\/pt\/wp-json\/wp\/v2\/users\/2"}],"replies":[{"embeddable":true,"href":"https:\/\/shop.ftemaximal.com\/pt\/wp-json\/wp\/v2\/comments?post=7626"}],"version-history":[{"count":0,"href":"https:\/\/shop.ftemaximal.com\/pt\/wp-json\/wp\/v2\/pages\/7626\/revisions"}],"wp:attachment":[{"href":"https:\/\/shop.ftemaximal.com\/pt\/wp-json\/wp\/v2\/media?parent=7626"}],"curies":[{"name":"wp","href":"https:\/\/api.w.org\/{rel}","templated":true}]}}