{"id":7621,"date":"2023-06-12T11:17:13","date_gmt":"2023-06-12T11:17:13","guid":{"rendered":"https:\/\/shop.ftemaximal.com\/?page_id=7621"},"modified":"2026-02-23T15:20:13","modified_gmt":"2026-02-23T14:20:13","slug":"politica-de-cookies","status":"publish","type":"page","link":"https:\/\/shop.ftemaximal.com\/pt\/politica-de-cookies\/","title":{"rendered":"Pol\u00edtica de cookies."},"content":{"rendered":"<div data-elementor-type=\"wp-page\" data-elementor-id=\"7621\" class=\"elementor elementor-7621\">\n\t\t\t\t\t\t<section class=\"elementor-section elementor-top-section elementor-element elementor-element-cb1f153 elementor-section-boxed elementor-section-height-default elementor-section-height-default\" data-id=\"cb1f153\" data-element_type=\"section\" data-e-type=\"section\">\n\t\t\t\t\t\t<div class=\"elementor-container elementor-column-gap-no\">\n\t\t\t\t\t<div class=\"elementor-column elementor-col-100 elementor-top-column elementor-element elementor-element-2bc664f\" data-id=\"2bc664f\" data-element_type=\"column\" data-e-type=\"column\">\n\t\t\t<div class=\"elementor-widget-wrap elementor-element-populated\">\n\t\t\t\t\t\t<div class=\"elementor-element elementor-element-dbad9e7 elementor-widget elementor-widget-text-editor\" data-id=\"dbad9e7\" data-element_type=\"widget\" data-e-type=\"widget\" data-widget_type=\"text-editor.default\">\n\t\t\t\t<div class=\"elementor-widget-container\">\n\t\t\t\t\t\t\t\t\t<p>Conforme a lo dispuesto en el art\u00edculo 22.2 de la Ley 34\/2002, de 11 de julio, de Servicios de la Sociedad de la Informaci\u00f3n y de Comercio Electr\u00f3nico (LSSI-CE) vigente, BCN DISTRIBUCIONES SAU debe cumplir con la obligaci\u00f3n de informar sobre las cookies que utiliza y sus finalidades. Este sitio web utiliza cookies y\/o tecnolog\u00edas similares que almacenan y recuperan informaci\u00f3n cuando navegas. Las cookies permiten a una p\u00e1gina web, entre otras cosas, almacenar y recuperar informaci\u00f3n sobre los h\u00e1bitos de navegaci\u00f3n de un Usuario o de su equipo y, dependiendo de la informaci\u00f3n que contenga y de la forma en que utilice su equipo, pueden utilizarse para reconocer al Usuario. Las cookies son esenciales para el funcionamiento de internet, aportando innumerables ventajas en la prestaci\u00f3n de servicios interactivos, facilit\u00e1ndole al Usuario la navegaci\u00f3n y usabilidad de nuestra web. El usuario puede modificar la configuraci\u00f3n personalizada <b>haciendo click en la imagen situada al efecto en la esquina inferior derecha (cookie)<\/b>. La informaci\u00f3n que le proporcionamos a continuaci\u00f3n le ayudar\u00e1 a comprender los diferentes tipos de cookies:<span class=\"Apple-converted-space\">\u00a0<\/span><\/p>\t\t\t\t\t\t\t\t<\/div>\n\t\t\t\t<\/div>\n\t\t\t\t<div class=\"elementor-element elementor-element-5e74635 elementor-widget elementor-widget-heading\" data-id=\"5e74635\" data-element_type=\"widget\" data-e-type=\"widget\" data-widget_type=\"heading.default\">\n\t\t\t\t<div class=\"elementor-widget-container\">\n\t\t\t\t\t<h3 class=\"elementor-heading-title elementor-size-default\">Tipos de cookies:<\/h3>\t\t\t\t<\/div>\n\t\t\t\t<\/div>\n\t\t\t\t<div class=\"elementor-element elementor-element-5c64576 elementor-widget elementor-widget-text-editor\" data-id=\"5c64576\" data-element_type=\"widget\" data-e-type=\"widget\" data-widget_type=\"text-editor.default\">\n\t\t\t\t<div class=\"elementor-widget-container\">\n\t\t\t\t\t\t\t\t\t<p>Em fun\u00e7\u00e3o da entidade que gere o dom\u00ednio a partir do qual os cookies s\u00e3o enviados e processa os dados obtidos, podem distinguir-se dois tipos de cookies: os cookies pr\u00f3prios e os cookies de terceiros.<\/p><ul><li>Cookies propias:<table cellspacing=\"0\" cellpadding=\"0\"><tbody><tr><td valign=\"top\"><p>Son aquellas que se env\u00edan al equipo terminal del usuario desde un equipo o dominio gestionado por el propio editor y desde el que se presta el servicio solicitado por el usuario.<\/p><\/td><\/tr><\/tbody><\/table>.<\/li><li>Cookies de tercero:<table cellspacing=\"0\" cellpadding=\"0\"><tbody><tr><td valign=\"top\"><p>Son aquellas que se env\u00edan al equipo terminal del usuario desde un equipo o dominio que no es gestionado por el editor, sino por otra entidad que trata los datos obtenidos a trav\u00e9s de las cookies<span class=\"Apple-converted-space\">\u00a0<\/span><\/p><\/td><\/tr><\/tbody><\/table><\/li><\/ul>\t\t\t\t\t\t\t\t<\/div>\n\t\t\t\t<\/div>\n\t\t\t\t<div class=\"elementor-element elementor-element-7b0a13a elementor-widget elementor-widget-heading\" data-id=\"7b0a13a\" data-element_type=\"widget\" data-e-type=\"widget\" data-widget_type=\"heading.default\">\n\t\t\t\t<div class=\"elementor-widget-container\">\n\t\t\t\t\t<h2 class=\"elementor-heading-title elementor-size-default\">EM FUN\u00c7\u00c3O DO TEMPO QUE PERMANECEM ACTIVOS<\/h2>\t\t\t\t<\/div>\n\t\t\t\t<\/div>\n\t\t\t\t<div class=\"elementor-element elementor-element-00fc03e elementor-widget elementor-widget-text-editor\" data-id=\"00fc03e\" data-element_type=\"widget\" data-e-type=\"widget\" data-widget_type=\"text-editor.default\">\n\t\t\t\t<div class=\"elementor-widget-container\">\n\t\t\t\t\t\t\t\t\t<ul><li>Cookies de sesi\u00f3n:<table cellspacing=\"0\" cellpadding=\"0\"><tbody><tr><td valign=\"top\"><p>Son aquellas dise\u00f1adas para recabar y almacenar datos mientras el usuario accede a una p\u00e1gina web. Se suelen emplear para almacenar informaci\u00f3n que solo interesa conservar para la prestaci\u00f3n del servicio solicitado por el usuario en una sola ocasi\u00f3n (por ejemplo, una lista de productos adquiridos) y desaparecen al terminar la sesi\u00f3n.<span class=\"Apple-converted-space\">\u00a0<\/span><\/p><\/td><\/tr><\/tbody><\/table><\/li><li>Cookies persistentes:<table cellspacing=\"0\" cellpadding=\"0\"><tbody><tr><td valign=\"top\"><p>Son aquellas en las que los datos siguen almacenados en el terminal y pueden ser accedidos y tratados durante un periodo definido por el responsable de la cookie, y que puede ir de unos minutos a varios a\u00f1os.<span class=\"Apple-converted-space\">\u00a0<\/span><\/p><\/td><\/tr><\/tbody><\/table><\/li><\/ul>\t\t\t\t\t\t\t\t<\/div>\n\t\t\t\t<\/div>\n\t\t\t\t<div class=\"elementor-element elementor-element-367c795 elementor-widget elementor-widget-heading\" data-id=\"367c795\" data-element_type=\"widget\" data-e-type=\"widget\" data-widget_type=\"heading.default\">\n\t\t\t\t<div class=\"elementor-widget-container\">\n\t\t\t\t\t<h2 class=\"elementor-heading-title elementor-size-default\">DE ACORDO COM O SEU OBJECTIVO<\/h2>\t\t\t\t<\/div>\n\t\t\t\t<\/div>\n\t\t\t\t<div class=\"elementor-element elementor-element-851413d elementor-widget__width-initial elementor-widget elementor-widget-text-editor\" data-id=\"851413d\" data-element_type=\"widget\" data-e-type=\"widget\" data-widget_type=\"text-editor.default\">\n\t\t\t\t<div class=\"elementor-widget-container\">\n\t\t\t\t\t\t\t\t\t<ul><li>Cookies t\u00e9cnicas\/esenciales:<br \/><table cellspacing=\"0\" cellpadding=\"0\"><tbody><tr><td valign=\"top\"><p>Son aquellas que permiten al usuario la navegaci\u00f3n a trav\u00e9s de una p\u00e1gina web, plataforma o aplicaci\u00f3n y la utilizaci\u00f3n de las diferentes opciones o servicios que en ella existan\u00a0<\/p><\/td><\/tr><\/tbody><\/table><\/li><li>Cookies de personalizaci\u00f3n:<br \/><table cellspacing=\"0\" cellpadding=\"0\"><tbody><tr><td valign=\"top\"><p>Permiten aplicar caracter\u00edsticas propias para la navegaci\u00f3n del usuario por el website (Ej. idioma).\u00a0<\/p><\/td><\/tr><\/tbody><\/table><\/li><li>Cookies de an\u00e1lisis\/estad\u00edsticas:<br \/><table cellspacing=\"0\" cellpadding=\"0\"><tbody><tr><td valign=\"top\"><p>Son aquellas que permiten al responsable de estas el seguimiento y an\u00e1lisis del comportamiento de los usuarios de los sitios web a los que est\u00e1n vinculadas, incluida la cuantificaci\u00f3n de los impactos de los anuncios. La informaci\u00f3n recogida mediante este tipo de cookies se utiliza en la medici\u00f3n de la actividad de los sitios web, aplicaci\u00f3n o plataforma, con el fin de introducir mejoras en funci\u00f3n del an\u00e1lisis de los datos de uso que hacen los usuarios del servicio.<\/p><\/td><\/tr><\/tbody><\/table><\/li><li>Cookies publicitarias:<br \/><table cellspacing=\"0\" cellpadding=\"0\"><tbody><tr><td valign=\"top\"><p>Permiten al editor incluir en la p\u00e1gina web espacios publicitarios, seg\u00fan el contenido de la propia web.\u00a0<\/p><\/td><\/tr><\/tbody><\/table><\/li><li>Cookies de publicidad comportamental:<br \/><table cellspacing=\"0\" cellpadding=\"0\"><tbody><tr><td valign=\"top\"><p>Son aquellas que almacenan informaci\u00f3n del comportamiento de los usuarios obtenida a trav\u00e9s de la observaci\u00f3n continuada de sus h\u00e1bitos de navegaci\u00f3n, lo que permite desarrollar un perfil espec\u00edfico para mostrar publicidad en funci\u00f3n del mismo.\u00a0<\/p><\/td><\/tr><\/tbody><\/table><\/li><\/ul><p>Adicionalmente, BCN DISTRIBUCIONES SAU informa de manera m\u00e1s detallada de las cookies que utiliza sus titulares, el uso o finalidad concreta, los plazos de conservaci\u00f3n, as\u00ed como de las posibles Transferencias Internacionales de datos de cada una de ellas utilizadas en nuestra p\u00e1gina web. Puede acceder a dicha informaci\u00f3n haciendo <strong>click en la imagen situada al efecto en la esquina inferior derecha (cookie).\u00a0<\/strong><\/p><p>T\u00e9ngase en cuenta que, si acepta las cookies de terceros, deber\u00e1 eliminarlas desde las opciones del navegador o desde el sistema ofrecido por el propio tercero.<span class=\"Apple-converted-space\">\u00a0<\/span><\/p><p>A continuaci\u00f3n, le proporcionamos los enlaces de diversos navegadores, a trav\u00e9s de los cuales podr\u00e1 modificar la configuraci\u00f3n de su navegador sobre el uso de cookies:<span class=\"Apple-converted-space\">\u00a0<\/span><\/p><ul><li>Firefox a partir daqui: <a href=\"https:\/\/support.mozilla.org\/es\/kb\/cookies-informacion-que-los-sitios-web-guardan-en-\">https:\/\/support.mozilla.org\/es\/kb\/cookies-informacion-que-los-sitios-web-guardan-en-<\/a><\/li><li>Chrome a partir daqui: <a href=\"http:\/\/support.google.com\/chrome\/bin\/answer.py?hl=es&amp;answer=95647\" target=\"_blank\" rel=\"noopener\">http:\/\/support.google.com\/chrome\/bin\/answer.py?hl=es&amp;answer=95647<\/a><\/li><li>Explorador a partir daqui: <a href=\"http:\/\/windows.microsoft.com\/es-es\/internet-explorer\/delete-manage-cookies#ie=ie-10\" target=\"_blank\" rel=\"noopener\">http:\/\/windows.microsoft.com\/es-es\/internet-explorer\/delete-manage-cookies#ie=ie-10<\/a><\/li><li><p><b>Microsoft Edge: <\/b><a href=\"https:\/\/support.microsoft.com\/es-es\/microsoft-edge\/eliminar-las-cookies-en-microsoft-edge-63947406-40ac-c3b8-57b9-2a946a29ae09\">https:\/\/support.microsoft.com\/es-es\/microsoft-edge\/eliminar-las-cookies-en-microsoft-edge-63947406-40ac-c3b8-57b9-2a946a29ae09<span class=\"Apple-converted-space\">\u00a0<\/span><\/a><\/p><\/li><li>Safari a partir daqui: <a href=\"https:\/\/support.apple.com\/kb\/ph17191?locale=es_ES\" target=\"_blank\" rel=\"noopener\">https:\/\/support.apple.com\/kb\/ph17191?locale=es_ES<\/a><\/li><li>Operar a partir daqui: <a href=\"https:\/\/help.opera.com\/en\/latest\/web-preferences\/#cookies\" target=\"_blank\" rel=\"noopener\">https:\/\/help.opera.com\/en\/latest\/web-preferences\/#cookies<\/a><\/li><\/ul><p>Para conocer m\u00e1s informaci\u00f3n sobre el tratamiento de datos personales, le recomendamos visitar nuestro apartado \u201c<i>Pol\u00edtica de Privacidad<\/i>\u201d.<\/p><p><b>\u00daltima actualizaci\u00f3n<\/b>: 11 de junio de 2025<span class=\"Apple-converted-space\">\u00a0<\/span><\/p>\t\t\t\t\t\t\t\t<\/div>\n\t\t\t\t<\/div>\n\t\t\t\t\t<\/div>\n\t\t<\/div>\n\t\t\t\t\t<\/div>\n\t\t<\/section>\n\t\t\t\t<\/div>","protected":false},"excerpt":{"rendered":"<p>Conforme a lo dispuesto en el art\u00edculo 22.2 de la Ley 34\/2002, de 11 de julio, de Servicios de la Sociedad de la Informaci\u00f3n y de Comercio Electr\u00f3nico (LSSI-CE) vigente, BCN DISTRIBUCIONES SAU debe cumplir con la obligaci\u00f3n de informar sobre las cookies que utiliza y sus finalidades. Este sitio web utiliza cookies y\/o tecnolog\u00edas [&hellip;]<\/p>\n","protected":false},"author":2,"featured_media":0,"parent":0,"menu_order":0,"comment_status":"closed","ping_status":"closed","template":"template-fullwidth.php","meta":{"footnotes":""},"class_list":["post-7621","page","type-page","status-publish","hentry"],"aioseo_notices":[],"_links":{"self":[{"href":"https:\/\/shop.ftemaximal.com\/pt\/wp-json\/wp\/v2\/pages\/7621","targetHints":{"allow":["GET"]}}],"collection":[{"href":"https:\/\/shop.ftemaximal.com\/pt\/wp-json\/wp\/v2\/pages"}],"about":[{"href":"https:\/\/shop.ftemaximal.com\/pt\/wp-json\/wp\/v2\/types\/page"}],"author":[{"embeddable":true,"href":"https:\/\/shop.ftemaximal.com\/pt\/wp-json\/wp\/v2\/users\/2"}],"replies":[{"embeddable":true,"href":"https:\/\/shop.ftemaximal.com\/pt\/wp-json\/wp\/v2\/comments?post=7621"}],"version-history":[{"count":3,"href":"https:\/\/shop.ftemaximal.com\/pt\/wp-json\/wp\/v2\/pages\/7621\/revisions"}],"predecessor-version":[{"id":12992,"href":"https:\/\/shop.ftemaximal.com\/pt\/wp-json\/wp\/v2\/pages\/7621\/revisions\/12992"}],"wp:attachment":[{"href":"https:\/\/shop.ftemaximal.com\/pt\/wp-json\/wp\/v2\/media?parent=7621"}],"curies":[{"name":"wp","href":"https:\/\/api.w.org\/{rel}","templated":true}]}}