{"id":7614,"date":"2023-06-12T11:10:22","date_gmt":"2023-06-12T11:10:22","guid":{"rendered":"https:\/\/shop.ftemaximal.com\/?page_id=7614"},"modified":"2026-02-23T12:53:24","modified_gmt":"2026-02-23T11:53:24","slug":"aviso-legal","status":"publish","type":"page","link":"https:\/\/shop.ftemaximal.com\/pt\/aviso-legal\/","title":{"rendered":"AVISO LEGAL"},"content":{"rendered":"<div data-elementor-type=\"wp-page\" data-elementor-id=\"7614\" class=\"elementor elementor-7614\">\n\t\t\t\t\t\t<section class=\"elementor-section elementor-top-section elementor-element elementor-element-7a82ba9 elementor-section-boxed elementor-section-height-default elementor-section-height-default\" data-id=\"7a82ba9\" data-element_type=\"section\" data-e-type=\"section\">\n\t\t\t\t\t\t<div class=\"elementor-container elementor-column-gap-default\">\n\t\t\t\t\t<div class=\"elementor-column elementor-col-100 elementor-top-column elementor-element elementor-element-917f69d\" data-id=\"917f69d\" data-element_type=\"column\" data-e-type=\"column\">\n\t\t\t<div class=\"elementor-widget-wrap elementor-element-populated\">\n\t\t\t\t\t\t<div class=\"elementor-element elementor-element-9dc34b6 elementor-widget elementor-widget-heading\" data-id=\"9dc34b6\" data-element_type=\"widget\" data-e-type=\"widget\" data-widget_type=\"heading.default\">\n\t\t\t\t<div class=\"elementor-widget-container\">\n\t\t\t\t\t<h2 class=\"elementor-heading-title elementor-size-default\">INTRODUCCI\u00d3N<\/h2>\t\t\t\t<\/div>\n\t\t\t\t<\/div>\n\t\t\t\t<div class=\"elementor-element elementor-element-b3f40f4 elementor-widget elementor-widget-text-editor\" data-id=\"b3f40f4\" data-element_type=\"widget\" data-e-type=\"widget\" data-widget_type=\"text-editor.default\">\n\t\t\t\t<div class=\"elementor-widget-container\">\n\t\t\t\t\t\t\t\t\t<p>En cumplimiento de la Ley 34\/2002, de 11 de julio, de Servicios de la Sociedad de la Informaci\u00f3n y de Comercio Electr\u00f3nico (LSSI-CE), BCN DISTRIBUCIONES SAU informa que es titular del sitio web. De acuerdo con la exigencia del art\u00edculo 10 de la citada Ley, BCN DISTRIBUCIONES SAU informa de los siguientes datos:<\/p><p>\u00a0 \u00a0 \u00a0&#8211; BCN DISTRIBUCIONES S.A.U. (en adelante, BCN DISTRIBUCIONES ) es una empresa dedicada a la venta de aparatos y material radioel\u00e9ctricos y electr\u00f3nicos; Comercializaci\u00f3n de equipos para instalaciones fotovoltaicas (solares) y cargadores de veh\u00edculos el\u00e9ctricos.<\/p><p>\u00a0 \u00a0 \u00a0&#8211; BCN DISTRIBUCIONES \u00a0 se encuentra inscrita en el registro mercantil de Barcelona tomo 47534 , folio 41, secci\u00f3n 8, hoja 14375.<\/p><p>\u00a0 \u00a0 \u00a0&#8211; BCN DISTRIBUCIONES S.A.U. con CIF A58752320, es una sociedad domiciliada a los efectos de la presente informaci\u00f3n en Mil\u00e0 i Fontanals, 118-120, 08205 Sabadell (Barcelona). Espa\u00f1a., y es en la actualidad la encargada de la explotaci\u00f3n, gesti\u00f3n y funcionamiento del sitio web shop.ftemaximal.com. Otros datos de contacto que ponemos a su disposici\u00f3n:\u00a0<\/p><ul style=\"box-sizing: inherit; margin-bottom: 1rem; margin-left: 0px; list-style-position: inside; list-style-type: disc; padding-left: 15px !important;\"><li style=\"caret-color: #333333; color: #333333; font-weight: 400; letter-spacing: normal; white-space: normal;\"><a style=\"font-family: 'Open Sans', open-sans, sans-serif; font-size: 14px; box-sizing: inherit; color: #333333; text-decoration: underline; text-decoration-style: solid; text-decoration-color: currentcolor; cursor: pointer;\" href=\"https:\/\/shop.ftemaximal.com\/pt\/contacto\/\">Solicitud de contacto<\/a><span style=\"font-family: Open Sans, open-sans, sans-serif;\"><span style=\"font-size: 14px;\">,\u00a0<\/span><\/span><a style=\"font-family: 'Open Sans', open-sans, sans-serif; font-size: 14px; box-sizing: inherit; color: #333333; text-decoration: underline; text-decoration-style: solid; text-decoration-color: currentcolor; cursor: pointer;\" href=\"https:\/\/shop.ftemaximal.com\/pt\/customer-help\/\">Preguntas y respuestas<\/a><span style=\"font-family: Open Sans, open-sans, sans-serif;\"><span style=\"font-size: 14px;\">.<\/span><\/span><\/li><li style=\"caret-color: #333333; color: #333333; font-weight: 400; letter-spacing: normal; white-space: normal; font-family: 'Open Sans', open-sans, sans-serif; font-size: 14px;\">Email de contacto:\u00a0<a style=\"box-sizing: inherit; color: #333333; text-decoration: underline; transition-timing-function: ease; text-decoration-style: solid; text-decoration-color: currentcolor; cursor: pointer;\" href=\"mailto:info@ftemaximal.com\" target=\"_blank\" rel=\"noopener\">info@ftemaximal.com<\/a><\/li><\/ul>\t\t\t\t\t\t\t\t<\/div>\n\t\t\t\t<\/div>\n\t\t\t\t<div class=\"elementor-element elementor-element-6242d3a elementor-widget elementor-widget-heading\" data-id=\"6242d3a\" data-element_type=\"widget\" data-e-type=\"widget\" data-widget_type=\"heading.default\">\n\t\t\t\t<div class=\"elementor-widget-container\">\n\t\t\t\t\t<h2 class=\"elementor-heading-title elementor-size-default\">USUARIO Y R\u00c9GIMEN DE RESPONSABILIDADES<\/h2>\t\t\t\t<\/div>\n\t\t\t\t<\/div>\n\t\t\t\t<div class=\"elementor-element elementor-element-dafff5b elementor-widget elementor-widget-text-editor\" data-id=\"dafff5b\" data-element_type=\"widget\" data-e-type=\"widget\" data-widget_type=\"text-editor.default\">\n\t\t\t\t<div class=\"elementor-widget-container\">\n\t\t\t\t\t\t\t\t\t<p>La navegaci\u00f3n, acceso y uso por el sitio web de BCN DISTRIBUCIONES SAU confiere la condici\u00f3n de usuario.<\/p><p>El sitio web de BCN DISTRIBUCIONES SAU proporciona gran diversidad de informaci\u00f3n, servicios y datos. El usuario asume su responsabilidad en el uso correcto del sitio web. Esta responsabilidad se extender\u00e1 a:<span class=\"Apple-converted-space\">\u00a0<\/span><\/p><ul><li>La veracidad y licitud de las informaciones aportadas por el usuario en los formularios extendidos por BCN DISTRIBUCIONES SAU para el acceso a ciertos contenidos o servicios ofrecidos por el web.<span class=\"Apple-converted-space\">\u00a0<\/span><\/li><li>El uso de la informaci\u00f3n, servicios y datos ofrecidos por BCN DISTRIBUCIONES SAU contrariamente a lo dispuesto por las presentes condiciones, la Ley, la moral, las buenas costumbres o el orden p\u00fablico, o que de cualquier otro modo<span class=\"Apple-converted-space\">\u00a0<\/span><\/li><\/ul>\t\t\t\t\t\t\t\t<\/div>\n\t\t\t\t<\/div>\n\t\t\t\t<div class=\"elementor-element elementor-element-f77d85c elementor-widget elementor-widget-heading\" data-id=\"f77d85c\" data-element_type=\"widget\" data-e-type=\"widget\" data-widget_type=\"heading.default\">\n\t\t\t\t<div class=\"elementor-widget-container\">\n\t\t\t\t\t<h2 class=\"elementor-heading-title elementor-size-default\">LEGISLAZI\u00d3N APLICABLE Y JURISDICCI\u00d3N POL\u00cdUTICA DE ENLACES Y EXENCIONES DE RESPONSABILIDAD<\/h2>\t\t\t\t<\/div>\n\t\t\t\t<\/div>\n\t\t\t\t<div class=\"elementor-element elementor-element-0ba0901 elementor-widget elementor-widget-text-editor\" data-id=\"0ba0901\" data-element_type=\"widget\" data-e-type=\"widget\" data-widget_type=\"text-editor.default\">\n\t\t\t\t<div class=\"elementor-widget-container\">\n\t\t\t\t\t\t\t\t\t<p>BCN DISTRIBUCIONES SAU no se hace responsable del contenido de los sitios web a los que el usuario pueda acceder a trav\u00e9s de los enlaces establecidos en su sitio web, siempre que no tenga conocimiento efectivo de que la actividad o la informaci\u00f3n a la que remite o recomienda es il\u00edcita o de que lesiona bienes o derechos de un tercero susceptibles de indemnizaci\u00f3n, o, en caso de tenerlo, act\u00fae con diligencia para suprimir o inutilizar el enlace correspondiente.<span class=\"Apple-converted-space\">\u00a0<\/span><\/p><p>Se entender\u00e1 que BCN DISTRIBUCIONES SAU tiene el conocimiento efectivo a que se refiere el p\u00e1rrafo anterior cuando un \u00f3rgano competente haya declarado la ilicitud de los datos, ordenado su retirada o que se imposibilite el acceso a los mismos, o se hubiera declarado la existencia de la lesi\u00f3n, y BCN DISTRIBUCIONES SAU conociera la correspondiente resoluci\u00f3n, sin perjuicio de los procedimientos de<span class=\"Apple-converted-space\">\u00a0<\/span>detecci\u00f3n y retirada de contenidos que BCN DISTRIBUCIONES SAU aplique en virtud de acuerdos voluntarios y de otros medios de conocimiento efectivo que pudieran establecerse.<\/p><p>BCN DISTRIBUCIONES SAU declara haber adoptado todas las medidas necesarias para evitar cualquier da\u00f1o a los usuarios de su sitio web, que pudieran derivarse de la navegaci\u00f3n por su sitio web. En consecuencia, BCN DISTRIBUCIONES SAU no se hace responsable, en ning\u00fan caso, de los eventuales da\u00f1os que por la navegaci\u00f3n por Internet pudiera sufrir el usuario. Asimismo, tampoco garantizar\u00e1 la disponibilidad t\u00e9cnica, exactitud, veracidad, validez o legalidad de sitios ajenos a su propiedad a los que se pueda acceder por medio de los enlaces.<span class=\"Apple-converted-space\">\u00a0<\/span><\/p>\t\t\t\t\t\t\t\t<\/div>\n\t\t\t\t<\/div>\n\t\t\t\t<div class=\"elementor-element elementor-element-d88a9b2 elementor-widget elementor-widget-heading\" data-id=\"d88a9b2\" data-element_type=\"widget\" data-e-type=\"widget\" data-widget_type=\"heading.default\">\n\t\t\t\t<div class=\"elementor-widget-container\">\n\t\t\t\t\t<h2 class=\"elementor-heading-title elementor-size-default\">MODIFICACIONES<\/h2>\t\t\t\t<\/div>\n\t\t\t\t<\/div>\n\t\t\t\t<div class=\"elementor-element elementor-element-2278ab2 elementor-widget elementor-widget-text-editor\" data-id=\"2278ab2\" data-element_type=\"widget\" data-e-type=\"widget\" data-widget_type=\"text-editor.default\">\n\t\t\t\t<div class=\"elementor-widget-container\">\n\t\t\t\t\t\t\t\t\t<p>BCN DISTRIBUCIONES SAU se reserva la facultad de efectuar, en cualquier momento y sin necesidad de previo aviso, modificaciones y actualizaciones de la informaci\u00f3n contenida en su sitio web o en la configuraci\u00f3n y presentaci\u00f3n de esta. Con objeto de mantener actualizada la informaci\u00f3n publicada, los contenidos del mismo podr\u00e1n ser modificados, corregidos, eliminados o a\u00f1adidos en cualquier momento, por cualquier forma admisible en derecho.<span class=\"Apple-converted-space\">\u00a0<\/span><\/p>\t\t\t\t\t\t\t\t<\/div>\n\t\t\t\t<\/div>\n\t\t\t\t<div class=\"elementor-element elementor-element-b1ded6d elementor-widget elementor-widget-heading\" data-id=\"b1ded6d\" data-element_type=\"widget\" data-e-type=\"widget\" data-widget_type=\"heading.default\">\n\t\t\t\t<div class=\"elementor-widget-container\">\n\t\t\t\t\t<h2 class=\"elementor-heading-title elementor-size-default\">INDICACI\u00d3N DE PRECIOS<\/h2>\t\t\t\t<\/div>\n\t\t\t\t<\/div>\n\t\t\t\t<div class=\"elementor-element elementor-element-7cb141d elementor-widget elementor-widget-text-editor\" data-id=\"7cb141d\" data-element_type=\"widget\" data-e-type=\"widget\" data-widget_type=\"text-editor.default\">\n\t\t\t\t<div class=\"elementor-widget-container\">\n\t\t\t\t\t\t\t\t\t<p>En caso de que se muestren precios de productos y\/o servicios, los indicados en pantalla ser\u00e1n los vigentes en cada momento. Los precios ser\u00e1n indicados en euros y tendr\u00e1n incorporado el Impuesto sobre el Valor A\u00f1adido (IVA). En caso de que no se incorpore el IVA en el precio, se indicar\u00e1 de manera expresa y se permitir\u00e1 al usuario visualizar el precio final completo. Asimismo, si fuera aplicable cualquier otro impuesto, as\u00ed se indicar\u00eda, incluyendo, en su caso, el importe de los incrementos o descuentos que sean de aplicaci\u00f3n a la oferta y los gastos adicionales que puedan repercutir al consumidor o usuario.<span class=\"Apple-converted-space\">\u00a0<\/span><\/p>\t\t\t\t\t\t\t\t<\/div>\n\t\t\t\t<\/div>\n\t\t\t\t<div class=\"elementor-element elementor-element-86e7843 elementor-widget elementor-widget-heading\" data-id=\"86e7843\" data-element_type=\"widget\" data-e-type=\"widget\" data-widget_type=\"heading.default\">\n\t\t\t\t<div class=\"elementor-widget-container\">\n\t\t\t\t\t<h2 class=\"elementor-heading-title elementor-size-default\">PROPIEDAD INTELECTUAL E INDUSTRIAL<\/h2>\t\t\t\t<\/div>\n\t\t\t\t<\/div>\n\t\t\t\t<div class=\"elementor-element elementor-element-63fe860 elementor-widget elementor-widget-text-editor\" data-id=\"63fe860\" data-element_type=\"widget\" data-e-type=\"widget\" data-widget_type=\"text-editor.default\">\n\t\t\t\t<div class=\"elementor-widget-container\">\n\t\t\t\t\t\t\t\t\t<p>BCN DISTRIBUCIONES SAU por s\u00ed misma o como cesionaria, es titular de todos los derechos de propiedad intelectual e industrial de su p\u00e1gina web, as\u00ed como de los elementos contenidos en la misma (a t\u00edtulo enunciativo, im\u00e1genes, sonido, audio, v\u00eddeo, software o textos; marcas o logotipos, combinaciones de colores, estructura y dise\u00f1o, selecci\u00f3n de materiales usados, programas de ordenador necesarios para su funcionamiento, acceso y uso, etc.), titularidad de BCN DISTRIBUCIONES SAU. Ser\u00e1n, por consiguiente, obras protegidas como propiedad intelectual por el ordenamiento jur\u00eddico espa\u00f1ol, si\u00e9ndoles aplicables tanto la normativa espa\u00f1ola y comunitaria en este campo, como los tratados internacionales relativos a la materia y suscritos por Espa\u00f1a. Todos los derechos reservados. En virtud de lo dispuesto en la Ley de Propiedad Intelectual, quedan expresamente prohibidas la reproducci\u00f3n, la distribuci\u00f3n y la comunicaci\u00f3n p\u00fablica, incluida su modalidad de puesta a disposici\u00f3n, de la totalidad o parte de los contenidos de esta p\u00e1gina web, con fines comerciales, en cualquier soporte y por cualquier medio t\u00e9cnico, sin la autorizaci\u00f3n de BCN DISTRIBUCIONES SAU. El usuario se compromete a respetar los derechos de Propiedad Intelectual e Industrial titularidad de BCN DISTRIBUCIONES SAU. Podr\u00e1 visualizar los elementos del portal e incluso imprimirlos, copiarlos y almacenarlos en el disco duro de su ordenador o en cualquier otro soporte f\u00edsico siempre y cuando sea, \u00fanica y exclusivamente, para su uso personal y privado. El usuario deber\u00e1 abstenerse de suprimir, alterar, eludir o manipular cualquier dispositivo de protecci\u00f3n o sistema de seguridad que estuviera instalado en las p\u00e1ginas de BCN DISTRIBUCIONES SAU.<span class=\"Apple-converted-space\">\u00a0<\/span><\/p>\t\t\t\t\t\t\t\t<\/div>\n\t\t\t\t<\/div>\n\t\t\t\t<div class=\"elementor-element elementor-element-7cc1f7e elementor-widget elementor-widget-heading\" data-id=\"7cc1f7e\" data-element_type=\"widget\" data-e-type=\"widget\" data-widget_type=\"heading.default\">\n\t\t\t\t<div class=\"elementor-widget-container\">\n\t\t\t\t\t<h2 class=\"elementor-heading-title elementor-size-default\">CERTIFICADO SSL (SECURE SOCKETS LAYER)<\/h2>\t\t\t\t<\/div>\n\t\t\t\t<\/div>\n\t\t\t\t<div class=\"elementor-element elementor-element-9ff0f7e elementor-widget elementor-widget-text-editor\" data-id=\"9ff0f7e\" data-element_type=\"widget\" data-e-type=\"widget\" data-widget_type=\"text-editor.default\">\n\t\t\t\t<div class=\"elementor-widget-container\">\n\t\t\t\t\t\t\t\t\t<p>El CERTIFICADO SSL proporciona autenticaci\u00f3n, privacidad y seguridad de la informaci\u00f3n entre BCN DISTRIBUCIONES SAU y el usuario.<span class=\"Apple-converted-space\">\u00a0<\/span><\/p><p>BCN DISTRIBUCIONES SAU dispone de un certificado de seguridad que se utiliza por CERTIFICADO SSL para realizar conexiones seguras. En este proceso se establecen varios par\u00e1metros para realizar la conexi\u00f3n de forma segura y se establece usando llaves preestablecidas, codificando y descodificando todos los datos enviados hasta que la conexi\u00f3n sea cerrada.<span class=\"Apple-converted-space\">\u00a0<\/span><\/p>\t\t\t\t\t\t\t\t<\/div>\n\t\t\t\t<\/div>\n\t\t\t\t<div class=\"elementor-element elementor-element-a216625 elementor-widget elementor-widget-heading\" data-id=\"a216625\" data-element_type=\"widget\" data-e-type=\"widget\" data-widget_type=\"heading.default\">\n\t\t\t\t<div class=\"elementor-widget-container\">\n\t\t\t\t\t<h2 class=\"elementor-heading-title elementor-size-default\">ACCIONES LEGALES, LEGISLACI\u00d3N APLICABLE Y JURISDICCI\u00d3N<\/h2>\t\t\t\t<\/div>\n\t\t\t\t<\/div>\n\t\t\t\t<div class=\"elementor-element elementor-element-3354fe3 elementor-widget elementor-widget-text-editor\" data-id=\"3354fe3\" data-element_type=\"widget\" data-e-type=\"widget\" data-widget_type=\"text-editor.default\">\n\t\t\t\t<div class=\"elementor-widget-container\">\n\t\t\t\t\t\t\t\t\t<p>Si el usuario desea presentar una reclamaci\u00f3n, deber\u00e1 contactar mediante el correo electr\u00f3nico jordi.garcia@ftemaximal.com. Asimismo, BCN DISTRIBUCIONES SAU dispone de hojas oficiales de reclamaci\u00f3n a disposici\u00f3n de los consumidores y usuarios. BCN DISTRIBUCIONES SAU se reserva la facultad de presentar las acciones civiles o penales que considere oportunas por la utilizaci\u00f3n indebida de su sitio web y contenidos, o por el incumplimiento de las presentes condiciones. La relaci\u00f3n entre el usuario y el prestador se regir\u00e1 por la normativa vigente y de aplicaci\u00f3n en el territorio espa\u00f1ol. De surgir cualquier controversia las partes podr\u00e1n someter sus conflictos a arbitraje o acudir a la jurisdicci\u00f3n ordinaria cumpliendo con las normas sobre jurisdicci\u00f3n y competencia al respecto. Los contratos celebrados por v\u00eda electr\u00f3nica en los que intervenga como parte un consumidor, se presumir\u00e1n celebrados en el lugar en que \u00e9ste tenga su residencia habitual. Los contratos electr\u00f3nicos entre empresarios o profesionales, en defecto de pacto entre las partes, se presumir\u00e1n celebrados en el lugar en que est\u00e9 establecido el prestador de servicios.<span class=\"Apple-converted-space\">\u00a0<\/span><\/p><p>De acuerdo con el Reglamento (UE) 524\/2013: La Comisi\u00f3n Europea, le informamos que usted tiene derecho a solicitar una resoluci\u00f3n extrajudicial de controversias en materia de consumo mediante una plataforma de resoluci\u00f3n de litigios en l\u00ednea, la cual se encuentra disponible en el siguiente enlace: <a href=\"https:\/\/eur-lex.europa.eu\/eli\/reg\/2024\/3228\/oj\">https:\/\/eur-lex.europa.eu\/eli\/reg\/2024\/3228\/oj<\/a><\/p>\t\t\t\t\t\t\t\t<\/div>\n\t\t\t\t<\/div>\n\t\t\t\t<div class=\"elementor-element elementor-element-f40fb7b elementor-widget elementor-widget-text-editor\" data-id=\"f40fb7b\" data-element_type=\"widget\" data-e-type=\"widget\" data-widget_type=\"text-editor.default\">\n\t\t\t\t<div class=\"elementor-widget-container\">\n\t\t\t\t\t\t\t\t\t<p><b>\u00daltima actualizaci\u00f3n: <\/b>11 de junio de 2025<span class=\"Apple-converted-space\">\u00a0<\/span><\/p>\t\t\t\t\t\t\t\t<\/div>\n\t\t\t\t<\/div>\n\t\t\t\t\t<\/div>\n\t\t<\/div>\n\t\t\t\t\t<\/div>\n\t\t<\/section>\n\t\t\t\t<section class=\"elementor-section elementor-top-section elementor-element elementor-element-621a739 elementor-section-boxed elementor-section-height-default elementor-section-height-default\" data-id=\"621a739\" data-element_type=\"section\" data-e-type=\"section\">\n\t\t\t\t\t\t<div class=\"elementor-container elementor-column-gap-default\">\n\t\t\t\t\t<div class=\"elementor-column elementor-col-100 elementor-top-column elementor-element elementor-element-0ab3622\" data-id=\"0ab3622\" data-element_type=\"column\" data-e-type=\"column\">\n\t\t\t<div class=\"elementor-widget-wrap\">\n\t\t\t\t\t\t\t<\/div>\n\t\t<\/div>\n\t\t\t\t\t<\/div>\n\t\t<\/section>\n\t\t\t\t<\/div>","protected":false},"excerpt":{"rendered":"<p>INTRODUCCI\u00d3N En cumplimiento de la Ley 34\/2002, de 11 de julio, de Servicios de la Sociedad de la Informaci\u00f3n y de Comercio Electr\u00f3nico (LSSI-CE), BCN DISTRIBUCIONES SAU informa que es titular del sitio web. De acuerdo con la exigencia del art\u00edculo 10 de la citada Ley, BCN DISTRIBUCIONES SAU informa de los siguientes datos: \u00a0 [&hellip;]<\/p>\n","protected":false},"author":2,"featured_media":0,"parent":0,"menu_order":0,"comment_status":"closed","ping_status":"closed","template":"template-fullwidth.php","meta":{"footnotes":""},"class_list":["post-7614","page","type-page","status-publish","hentry"],"aioseo_notices":[],"_links":{"self":[{"href":"https:\/\/shop.ftemaximal.com\/pt\/wp-json\/wp\/v2\/pages\/7614","targetHints":{"allow":["GET"]}}],"collection":[{"href":"https:\/\/shop.ftemaximal.com\/pt\/wp-json\/wp\/v2\/pages"}],"about":[{"href":"https:\/\/shop.ftemaximal.com\/pt\/wp-json\/wp\/v2\/types\/page"}],"author":[{"embeddable":true,"href":"https:\/\/shop.ftemaximal.com\/pt\/wp-json\/wp\/v2\/users\/2"}],"replies":[{"embeddable":true,"href":"https:\/\/shop.ftemaximal.com\/pt\/wp-json\/wp\/v2\/comments?post=7614"}],"version-history":[{"count":3,"href":"https:\/\/shop.ftemaximal.com\/pt\/wp-json\/wp\/v2\/pages\/7614\/revisions"}],"predecessor-version":[{"id":12983,"href":"https:\/\/shop.ftemaximal.com\/pt\/wp-json\/wp\/v2\/pages\/7614\/revisions\/12983"}],"wp:attachment":[{"href":"https:\/\/shop.ftemaximal.com\/pt\/wp-json\/wp\/v2\/media?parent=7614"}],"curies":[{"name":"wp","href":"https:\/\/api.w.org\/{rel}","templated":true}]}}