{"id":7607,"date":"2023-06-12T10:17:38","date_gmt":"2023-06-12T10:17:38","guid":{"rendered":"https:\/\/shop.ftemaximal.com\/?page_id=7607"},"modified":"2024-02-23T16:46:08","modified_gmt":"2024-02-23T15:46:08","slug":"envios","status":"publish","type":"page","link":"https:\/\/shop.ftemaximal.com\/pt\/envios\/","title":{"rendered":"Expedi\u00e7\u00e3o"},"content":{"rendered":"<div data-elementor-type=\"wp-page\" data-elementor-id=\"7607\" class=\"elementor elementor-7607\">\n\t\t\t\t\t\t<section class=\"elementor-section elementor-top-section elementor-element elementor-element-a1768e1 elementor-section-boxed elementor-section-height-default elementor-section-height-default\" data-id=\"a1768e1\" data-element_type=\"section\" data-e-type=\"section\">\n\t\t\t\t\t\t<div class=\"elementor-container elementor-column-gap-default\">\n\t\t\t\t\t<div class=\"elementor-column elementor-col-100 elementor-top-column elementor-element elementor-element-65c45d2\" data-id=\"65c45d2\" data-element_type=\"column\" data-e-type=\"column\">\n\t\t\t<div class=\"elementor-widget-wrap elementor-element-populated\">\n\t\t\t\t\t\t<div class=\"elementor-element elementor-element-3ee6a83 elementor-widget elementor-widget-text-editor\" data-id=\"3ee6a83\" data-element_type=\"widget\" data-e-type=\"widget\" data-widget_type=\"text-editor.default\">\n\t\t\t\t<div class=\"elementor-widget-container\">\n\t\t\t\t\t\t\t\t\t<p>Damos gran importancia al procesamiento r\u00e1pido de pedidos. Realizamos env\u00edos con nuestros socios log\u00edsticos por lo que el paquete se enviar\u00e1 a la direcci\u00f3n que especific\u00f3 dentro de los 2-5 d\u00edas h\u00e1biles posteriores a la confirmaci\u00f3n del pago del pedido en caso de tener existencias en nuestro almac\u00e9n local de Sabadell.<\/p>\t\t\t\t\t\t\t\t<\/div>\n\t\t\t\t<\/div>\n\t\t\t\t\t<\/div>\n\t\t<\/div>\n\t\t\t\t\t<\/div>\n\t\t<\/section>\n\t\t\t\t<section class=\"elementor-section elementor-top-section elementor-element elementor-element-271bb9c elementor-section-boxed elementor-section-height-default elementor-section-height-default\" data-id=\"271bb9c\" data-element_type=\"section\" data-e-type=\"section\">\n\t\t\t\t\t\t<div class=\"elementor-container elementor-column-gap-default\">\n\t\t\t\t\t<div class=\"elementor-column elementor-col-100 elementor-top-column elementor-element elementor-element-ce8c782\" data-id=\"ce8c782\" data-element_type=\"column\" data-e-type=\"column\">\n\t\t\t<div class=\"elementor-widget-wrap elementor-element-populated\">\n\t\t\t\t\t\t<div class=\"elementor-element elementor-element-9827a0e elementor-widget elementor-widget-heading\" data-id=\"9827a0e\" data-element_type=\"widget\" data-e-type=\"widget\" data-widget_type=\"heading.default\">\n\t\t\t\t<div class=\"elementor-widget-container\">\n\t\t\t\t\t<h3 class=\"elementor-heading-title elementor-size-default\">EM ESPANHA<\/h3>\t\t\t\t<\/div>\n\t\t\t\t<\/div>\n\t\t\t\t<div class=\"elementor-element elementor-element-df152f1 elementor-widget elementor-widget-text-editor\" data-id=\"df152f1\" data-element_type=\"widget\" data-e-type=\"widget\" data-widget_type=\"text-editor.default\">\n\t\t\t\t<div class=\"elementor-widget-container\">\n\t\t\t\t\t\t\t\t\t<p>Para env\u00edos dentro de Espa\u00f1a, BCN Distribuciones S.A.U. cobra una tarifa de env\u00edo que ser\u00e1 calculada conforme a la direcci\u00f3n de env\u00edo, contenido y peso del paquete.\u00a0<\/p>\t\t\t\t\t\t\t\t<\/div>\n\t\t\t\t<\/div>\n\t\t\t\t\t<\/div>\n\t\t<\/div>\n\t\t\t\t\t<\/div>\n\t\t<\/section>\n\t\t\t\t<section class=\"elementor-section elementor-top-section elementor-element elementor-element-8bd1c76 elementor-section-boxed elementor-section-height-default elementor-section-height-default\" data-id=\"8bd1c76\" data-element_type=\"section\" data-e-type=\"section\">\n\t\t\t\t\t\t<div class=\"elementor-container elementor-column-gap-default\">\n\t\t\t\t\t<div class=\"elementor-column elementor-col-100 elementor-top-column elementor-element elementor-element-858d73d\" data-id=\"858d73d\" data-element_type=\"column\" data-e-type=\"column\">\n\t\t\t<div class=\"elementor-widget-wrap elementor-element-populated\">\n\t\t\t\t\t\t<div class=\"elementor-element elementor-element-f406c5f elementor-widget elementor-widget-heading\" data-id=\"f406c5f\" data-element_type=\"widget\" data-e-type=\"widget\" data-widget_type=\"heading.default\">\n\t\t\t\t<div class=\"elementor-widget-container\">\n\t\t\t\t\t<h3 class=\"elementor-heading-title elementor-size-default\">EXPEDI\u00c7\u00c3O DE DISPOSITIVOS\/EMBALAGENS DE GRANDES DIMENS\u00d5ES<\/h3>\t\t\t\t<\/div>\n\t\t\t\t<\/div>\n\t\t\t\t<div class=\"elementor-element elementor-element-6030822 elementor-widget elementor-widget-text-editor\" data-id=\"6030822\" data-element_type=\"widget\" data-e-type=\"widget\" data-widget_type=\"text-editor.default\">\n\t\t\t\t<div class=\"elementor-widget-container\">\n\t\t\t\t\t\t\t\t\t<p>Los dispositivos voluminosos son entregados &nbsp;a trav\u00e9s de una empresa de transporte y mensajer\u00eda. Es muy importante que nos facilite su n\u00famero tel\u00e9fono en el pedido para que el proveedor del servicio de env\u00edo pueda contactarlo, en caso de ser necesario, para entregarle el paquete.<\/p>\t\t\t\t\t\t\t\t<\/div>\n\t\t\t\t<\/div>\n\t\t\t\t\t<\/div>\n\t\t<\/div>\n\t\t\t\t\t<\/div>\n\t\t<\/section>\n\t\t\t\t<section class=\"elementor-section elementor-top-section elementor-element elementor-element-da61564 elementor-section-boxed elementor-section-height-default elementor-section-height-default\" data-id=\"da61564\" data-element_type=\"section\" data-e-type=\"section\">\n\t\t\t\t\t\t<div class=\"elementor-container elementor-column-gap-default\">\n\t\t\t\t\t<div class=\"elementor-column elementor-col-100 elementor-top-column elementor-element elementor-element-3d468ef\" data-id=\"3d468ef\" data-element_type=\"column\" data-e-type=\"column\">\n\t\t\t<div class=\"elementor-widget-wrap elementor-element-populated\">\n\t\t\t\t\t\t<div class=\"elementor-element elementor-element-a7c5228 elementor-widget elementor-widget-heading\" data-id=\"a7c5228\" data-element_type=\"widget\" data-e-type=\"widget\" data-widget_type=\"heading.default\">\n\t\t\t\t<div class=\"elementor-widget-container\">\n\t\t\t\t\t<h3 class=\"elementor-heading-title elementor-size-default\">\nENCOMENDAS E ENTREGAS PARA PA\u00cdSES FORA DE ESPANHA.<\/h3>\t\t\t\t<\/div>\n\t\t\t\t<\/div>\n\t\t\t\t<div class=\"elementor-element elementor-element-c9b962a elementor-widget elementor-widget-text-editor\" data-id=\"c9b962a\" data-element_type=\"widget\" data-e-type=\"widget\" data-widget_type=\"text-editor.default\">\n\t\t\t\t<div class=\"elementor-widget-container\">\n\t\t\t\t\t\t\t\t\t<p>Compreendemos que nos reservamos o direito de verificar antecipadamente as encomendas\/entregas fora de Espanha. Infelizmente, n\u00e3o podemos aceitar encomendas de outros pa\u00edses para al\u00e9m de Espanha. Para efetuar uma entrega com verifica\u00e7\u00e3o fiscal, envie-nos um e-mail com os detalhes dos produtos desejados, o endere\u00e7o, incluindo o pa\u00eds e o seu nome, para info@ftemaximal.com. Esfor\u00e7amo-nos por processar estes pedidos no prazo de 24 horas.<\/p>\t\t\t\t\t\t\t\t<\/div>\n\t\t\t\t<\/div>\n\t\t\t\t\t<\/div>\n\t\t<\/div>\n\t\t\t\t\t<\/div>\n\t\t<\/section>\n\t\t\t\t<\/div>","protected":false},"excerpt":{"rendered":"<p>Damos gran importancia al procesamiento r\u00e1pido de pedidos. Realizamos env\u00edos con nuestros socios log\u00edsticos por lo que el paquete se enviar\u00e1 a la direcci\u00f3n que especific\u00f3 dentro de los 2-5 d\u00edas h\u00e1biles posteriores a la confirmaci\u00f3n del pago del pedido en caso de tener existencias en nuestro almac\u00e9n local de Sabadell. DENTRO DE ESPA\u00d1A Para [&hellip;]<\/p>\n","protected":false},"author":2,"featured_media":0,"parent":0,"menu_order":0,"comment_status":"closed","ping_status":"closed","template":"template-fullwidth.php","meta":{"footnotes":""},"class_list":["post-7607","page","type-page","status-publish","hentry"],"aioseo_notices":[],"_links":{"self":[{"href":"https:\/\/shop.ftemaximal.com\/pt\/wp-json\/wp\/v2\/pages\/7607","targetHints":{"allow":["GET"]}}],"collection":[{"href":"https:\/\/shop.ftemaximal.com\/pt\/wp-json\/wp\/v2\/pages"}],"about":[{"href":"https:\/\/shop.ftemaximal.com\/pt\/wp-json\/wp\/v2\/types\/page"}],"author":[{"embeddable":true,"href":"https:\/\/shop.ftemaximal.com\/pt\/wp-json\/wp\/v2\/users\/2"}],"replies":[{"embeddable":true,"href":"https:\/\/shop.ftemaximal.com\/pt\/wp-json\/wp\/v2\/comments?post=7607"}],"version-history":[{"count":0,"href":"https:\/\/shop.ftemaximal.com\/pt\/wp-json\/wp\/v2\/pages\/7607\/revisions"}],"wp:attachment":[{"href":"https:\/\/shop.ftemaximal.com\/pt\/wp-json\/wp\/v2\/media?parent=7607"}],"curies":[{"name":"wp","href":"https:\/\/api.w.org\/{rel}","templated":true}]}}