{"id":7598,"date":"2023-06-12T10:11:19","date_gmt":"2023-06-12T10:11:19","guid":{"rendered":"https:\/\/shop.ftemaximal.com\/?page_id=7598"},"modified":"2023-11-17T14:05:34","modified_gmt":"2023-11-17T14:05:34","slug":"condiciones-de-pago","status":"publish","type":"page","link":"https:\/\/shop.ftemaximal.com\/pt\/condiciones-de-pago\/","title":{"rendered":"Condi\u00e7\u00f5es de pagamento."},"content":{"rendered":"<div data-elementor-type=\"wp-page\" data-elementor-id=\"7598\" class=\"elementor elementor-7598\">\n\t\t\t\t\t\t<section class=\"elementor-section elementor-top-section elementor-element elementor-element-edec95c elementor-section-boxed elementor-section-height-default elementor-section-height-default\" data-id=\"edec95c\" data-element_type=\"section\" data-e-type=\"section\">\n\t\t\t\t\t\t<div class=\"elementor-container elementor-column-gap-default\">\n\t\t\t\t\t<div class=\"elementor-column elementor-col-100 elementor-top-column elementor-element elementor-element-7e25935\" data-id=\"7e25935\" data-element_type=\"column\" data-e-type=\"column\">\n\t\t\t<div class=\"elementor-widget-wrap elementor-element-populated\">\n\t\t\t\t\t\t<div class=\"elementor-element elementor-element-163d7e8 elementor-widget elementor-widget-heading\" data-id=\"163d7e8\" data-element_type=\"widget\" data-e-type=\"widget\" data-widget_type=\"heading.default\">\n\t\t\t\t<div class=\"elementor-widget-container\">\n\t\t\t\t\t<h3 class=\"elementor-heading-title elementor-size-default\">M\u00c9TODOS DE PAGAMENTO<\/h3>\t\t\t\t<\/div>\n\t\t\t\t<\/div>\n\t\t\t\t<div class=\"elementor-element elementor-element-01e6aa8 elementor-widget elementor-widget-text-editor\" data-id=\"01e6aa8\" data-element_type=\"widget\" data-e-type=\"widget\" data-widget_type=\"text-editor.default\">\n\t\t\t\t<div class=\"elementor-widget-container\">\n\t\t\t\t\t\t\t\t\t<p>Na nossa loja online, oferecemos os seguintes m\u00e9todos de pagamento:<\/p>\t\t\t\t\t\t\t\t<\/div>\n\t\t\t\t<\/div>\n\t\t\t\t<div class=\"elementor-element elementor-element-b553261 elementor-widget elementor-widget-heading\" data-id=\"b553261\" data-element_type=\"widget\" data-e-type=\"widget\" data-widget_type=\"heading.default\">\n\t\t\t\t<div class=\"elementor-widget-container\">\n\t\t\t\t\t<h3 class=\"elementor-heading-title elementor-size-default\">PAGAMENTO POR TRANSFER\u00caNCIA BANC\u00c1RIA\n<\/h3>\t\t\t\t<\/div>\n\t\t\t\t<\/div>\n\t\t\t\t<div class=\"elementor-element elementor-element-6386257 elementor-widget elementor-widget-text-editor\" data-id=\"6386257\" data-element_type=\"widget\" data-e-type=\"widget\" data-widget_type=\"text-editor.default\">\n\t\t\t\t<div class=\"elementor-widget-container\">\n\t\t\t\t\t\t\t\t\t<p>Pode pagar comodamente a sua encomenda connosco no momento em que a faz:<br \/>despu\u00e9s de hacer su pedido, recibir\u00e1 una confirmaci\u00f3n autom\u00e1tica del pedido. Transfiera el importe total, indicando su claramente en el campo concepto el n\u00famero de pedido. Tan pronto como hayamos recibido el pago, enviaremos la mercanc\u00eda.<\/p>\t\t\t\t\t\t\t\t<\/div>\n\t\t\t\t<\/div>\n\t\t\t\t<div class=\"elementor-element elementor-element-24e8136 elementor-widget elementor-widget-heading\" data-id=\"24e8136\" data-element_type=\"widget\" data-e-type=\"widget\" data-widget_type=\"heading.default\">\n\t\t\t\t<div class=\"elementor-widget-container\">\n\t\t\t\t\t<h5 class=\"elementor-heading-title elementor-size-default\">DADOS BANC\u00c1RIOS<\/h5>\t\t\t\t<\/div>\n\t\t\t\t<\/div>\n\t\t\t\t<div class=\"elementor-element elementor-element-09b6b65 elementor-widget__width-initial elementor-widget elementor-widget-text-editor\" data-id=\"09b6b65\" data-element_type=\"widget\" data-e-type=\"widget\" data-widget_type=\"text-editor.default\">\n\t\t\t\t<div class=\"elementor-widget-container\">\n\t\t\t\t\t\t\t\t\t<p>Propriet\u00e1rio BCN Distribuciones S.A.U.<br \/>IBAN ES53 0081 5118 1700 0103 0807<\/p>\t\t\t\t\t\t\t\t<\/div>\n\t\t\t\t<\/div>\n\t\t\t\t<div class=\"elementor-element elementor-element-afe84df elementor-widget__width-initial elementor-widget elementor-widget-heading\" data-id=\"afe84df\" data-element_type=\"widget\" data-e-type=\"widget\" data-widget_type=\"heading.default\">\n\t\t\t\t<div class=\"elementor-widget-container\">\n\t\t\t\t\t<h3 class=\"elementor-heading-title elementor-size-default\">PAGO USANDO BIZUM<\/h3>\t\t\t\t<\/div>\n\t\t\t\t<\/div>\n\t\t\t\t<div class=\"elementor-element elementor-element-4e5f6af elementor-widget elementor-widget-text-editor\" data-id=\"4e5f6af\" data-element_type=\"widget\" data-e-type=\"widget\" data-widget_type=\"text-editor.default\">\n\t\t\t\t<div class=\"elementor-widget-container\">\n\t\t\t\t\t\t\t\t\t<p>\u00a0<\/p><p>Bizum es un proveedor de servicios de pago de Espa\u00f1a, fruto de la colaboraci\u00f3n de 34 entidades bancarias del pa\u00eds, para crear un sistema de pagos instant\u00e1neos entre particulares y de compras en comercios. Utilizando nuestra pasarela de pagos segura podr\u00e1 utilizar este m\u00e9todo para efectuar sus pagos de manera r\u00e1pida y totalmente segura.<\/p>\t\t\t\t\t\t\t\t<\/div>\n\t\t\t\t<\/div>\n\t\t\t\t<div class=\"elementor-element elementor-element-51f0732 elementor-widget elementor-widget-heading\" data-id=\"51f0732\" data-element_type=\"widget\" data-e-type=\"widget\" data-widget_type=\"heading.default\">\n\t\t\t\t<div class=\"elementor-widget-container\">\n\t\t\t\t\t<h3 class=\"elementor-heading-title elementor-size-default\">PAGAMENTO COM CART\u00c3O DE CR\u00c9DITO<\/h3>\t\t\t\t<\/div>\n\t\t\t\t<\/div>\n\t\t\t\t<div class=\"elementor-element elementor-element-217280d elementor-widget elementor-widget-text-editor\" data-id=\"217280d\" data-element_type=\"widget\" data-e-type=\"widget\" data-widget_type=\"text-editor.default\">\n\t\t\t\t<div class=\"elementor-widget-container\">\n\t\t\t\t\t\t\t\t\t<p>Tamb\u00e9m pode utilizar os cart\u00f5es de cr\u00e9dito Mastercard e Visa como m\u00e9todo de pagamento na nossa loja online.<\/p>\t\t\t\t\t\t\t\t<\/div>\n\t\t\t\t<\/div>\n\t\t\t\t\t<\/div>\n\t\t<\/div>\n\t\t\t\t\t<\/div>\n\t\t<\/section>\n\t\t\t\t<\/div>","protected":false},"excerpt":{"rendered":"<p>M\u00c9TODOS DE PAGO Ofrecemos los siguientes m\u00e9todos de pago en nuestra tienda online: PAGO POR TRANSFERENCIA BANCARIA Puede pagar c\u00f3modamente su pedido con nosotros justo a la hora de realizar su pedido:despu\u00e9s de hacer su pedido, recibir\u00e1 una confirmaci\u00f3n autom\u00e1tica del pedido. Transfiera el importe total, indicando su claramente en el campo concepto el n\u00famero [&hellip;]<\/p>\n","protected":false},"author":2,"featured_media":0,"parent":0,"menu_order":0,"comment_status":"closed","ping_status":"closed","template":"template-fullwidth.php","meta":{"footnotes":""},"class_list":["post-7598","page","type-page","status-publish","hentry"],"aioseo_notices":[],"_links":{"self":[{"href":"https:\/\/shop.ftemaximal.com\/pt\/wp-json\/wp\/v2\/pages\/7598","targetHints":{"allow":["GET"]}}],"collection":[{"href":"https:\/\/shop.ftemaximal.com\/pt\/wp-json\/wp\/v2\/pages"}],"about":[{"href":"https:\/\/shop.ftemaximal.com\/pt\/wp-json\/wp\/v2\/types\/page"}],"author":[{"embeddable":true,"href":"https:\/\/shop.ftemaximal.com\/pt\/wp-json\/wp\/v2\/users\/2"}],"replies":[{"embeddable":true,"href":"https:\/\/shop.ftemaximal.com\/pt\/wp-json\/wp\/v2\/comments?post=7598"}],"version-history":[{"count":0,"href":"https:\/\/shop.ftemaximal.com\/pt\/wp-json\/wp\/v2\/pages\/7598\/revisions"}],"wp:attachment":[{"href":"https:\/\/shop.ftemaximal.com\/pt\/wp-json\/wp\/v2\/media?parent=7598"}],"curies":[{"name":"wp","href":"https:\/\/api.w.org\/{rel}","templated":true}]}}