{"id":1132,"date":"2018-07-07T11:27:10","date_gmt":"2018-07-07T11:27:10","guid":{"rendered":"http:\/\/shoptimizer.local\/?page_id=779"},"modified":"2024-03-22T12:36:14","modified_gmt":"2024-03-22T11:36:14","slug":"contacto","status":"publish","type":"page","link":"https:\/\/shop.ftemaximal.com\/pt\/contacto\/","title":{"rendered":"Contacto"},"content":{"rendered":"\t\t<div data-elementor-type=\"wp-post\" data-elementor-id=\"1132\" class=\"elementor elementor-1132\">\n\t\t\t\t\t\t<section class=\"elementor-section elementor-top-section elementor-element elementor-element-6a79221 elementor-section-stretched elementor-section-full_width elementor-section-height-default elementor-section-height-default\" data-id=\"6a79221\" data-element_type=\"section\" data-e-type=\"section\" data-settings=\"{&quot;stretch_section&quot;:&quot;section-stretched&quot;}\">\n\t\t\t\t\t\t<div class=\"elementor-container elementor-column-gap-no\">\n\t\t\t\t\t<div class=\"elementor-column elementor-col-100 elementor-top-column elementor-element elementor-element-dfc1dba\" data-id=\"dfc1dba\" data-element_type=\"column\" data-e-type=\"column\">\n\t\t\t<div class=\"elementor-widget-wrap elementor-element-populated\">\n\t\t\t\t\t\t<div class=\"elementor-element elementor-element-a475514 elementor-widget elementor-widget-google_maps\" data-id=\"a475514\" data-element_type=\"widget\" data-e-type=\"widget\" data-widget_type=\"google_maps.default\">\n\t\t\t\t<div class=\"elementor-widget-container\">\n\t\t\t\t\t\t\t<div class=\"elementor-custom-embed\">\n\t\t\t<iframe loading=\"lazy\"\n\t\t\t\t\tsrc=\"https:\/\/maps.google.com\/maps?q=41%C2%B032%2707.2%22N%202%C2%B006%2700.9%22E&#038;t=m&#038;z=10&#038;output=embed&#038;iwloc=near\"\n\t\t\t\t\ttitle=\"41\u00b032&#039;07.2&quot;N 2\u00b006&#039;00.9&quot;E\"\n\t\t\t\t\taria-label=\"41\u00b032&#039;07.2&quot;N 2\u00b006&#039;00.9&quot;E\"\n\t\t\t><\/iframe>\n\t\t<\/div>\n\t\t\t\t\t\t<\/div>\n\t\t\t\t<\/div>\n\t\t\t\t\t<\/div>\n\t\t<\/div>\n\t\t\t\t\t<\/div>\n\t\t<\/section>\n\t\t\t\t<section class=\"elementor-section elementor-top-section elementor-element elementor-element-3fdebd4 elementor-section-content-top elementor-section-boxed elementor-section-height-default elementor-section-height-default\" data-id=\"3fdebd4\" data-element_type=\"section\" data-e-type=\"section\">\n\t\t\t\t\t\t<div class=\"elementor-container elementor-column-gap-no\">\n\t\t\t\t\t<div class=\"elementor-column elementor-col-100 elementor-top-column elementor-element elementor-element-4e729dc\" data-id=\"4e729dc\" data-element_type=\"column\" data-e-type=\"column\">\n\t\t\t<div class=\"elementor-widget-wrap elementor-element-populated\">\n\t\t\t\t\t\t<div class=\"elementor-element elementor-element-eddddf6 elementor-widget elementor-widget-heading\" data-id=\"eddddf6\" data-element_type=\"widget\" data-e-type=\"widget\" data-widget_type=\"heading.default\">\n\t\t\t\t<div class=\"elementor-widget-container\">\n\t\t\t\t\t<h2 class=\"elementor-heading-title elementor-size-default\">SU SOLICITUD DE CONTACTO EN FTE MAXIMAL<\/h2>\t\t\t\t<\/div>\n\t\t\t\t<\/div>\n\t\t\t\t<div class=\"elementor-element elementor-element-f546d83 elementor-widget elementor-widget-text-editor\" data-id=\"f546d83\" data-element_type=\"widget\" data-e-type=\"widget\" data-widget_type=\"text-editor.default\">\n\t\t\t\t<div class=\"elementor-widget-container\">\n\t\t\t\t\t\t\t\t\t<p>\u00bfNecesita una oferta o tiene alguna pregunta? P\u00f3ngase en contacto con nosotros. S\u00f3lo tiene que rellenar el formulario y tramitaremos su solicitud lo antes posible.<\/p>\t\t\t\t\t\t\t\t<\/div>\n\t\t\t\t<\/div>\n\t\t\t\t\t<\/div>\n\t\t<\/div>\n\t\t\t\t\t<\/div>\n\t\t<\/section>\n\t\t\t\t<section class=\"elementor-section elementor-top-section elementor-element elementor-element-ef72ff4 elementor-section-boxed elementor-section-height-default elementor-section-height-default\" data-id=\"ef72ff4\" data-element_type=\"section\" data-e-type=\"section\">\n\t\t\t\t\t\t<div class=\"elementor-container elementor-column-gap-no\">\n\t\t\t\t\t<div class=\"elementor-column elementor-col-33 elementor-top-column elementor-element elementor-element-f70bd5d\" data-id=\"f70bd5d\" data-element_type=\"column\" data-e-type=\"column\">\n\t\t\t<div class=\"elementor-widget-wrap elementor-element-populated\">\n\t\t\t\t\t\t<div class=\"elementor-element elementor-element-4eb0f4a elementor-widget elementor-widget-spacer\" data-id=\"4eb0f4a\" data-element_type=\"widget\" data-e-type=\"widget\" data-widget_type=\"spacer.default\">\n\t\t\t\t<div class=\"elementor-widget-container\">\n\t\t\t\t\t\t\t<div class=\"elementor-spacer\">\n\t\t\t<div class=\"elementor-spacer-inner\"><\/div>\n\t\t<\/div>\n\t\t\t\t\t\t<\/div>\n\t\t\t\t<\/div>\n\t\t\t\t<div class=\"elementor-element elementor-element-19da885 elementor-widget elementor-widget-text-editor\" data-id=\"19da885\" data-element_type=\"widget\" data-e-type=\"widget\" data-widget_type=\"text-editor.default\">\n\t\t\t\t<div class=\"elementor-widget-container\">\n\t\t\t\t\t\t\t\t\t<p>BCN Distribuciones S.A.U.<br>Mil\u00e0 i Fontanals, 118-120.<br>08205 Sabadell (Barcelona).&nbsp;<\/p><p>Espa\u00f1a.<\/p>\n<p><br><\/p>\t\t\t\t\t\t\t\t<\/div>\n\t\t\t\t<\/div>\n\t\t\t\t\t<\/div>\n\t\t<\/div>\n\t\t\t\t<div class=\"elementor-column elementor-col-66 elementor-top-column elementor-element elementor-element-6022572\" data-id=\"6022572\" data-element_type=\"column\" data-e-type=\"column\">\n\t\t\t<div class=\"elementor-widget-wrap elementor-element-populated\">\n\t\t\t\t\t\t<div class=\"elementor-element elementor-element-5482c95 elementor-widget elementor-widget-shortcode\" data-id=\"5482c95\" data-element_type=\"widget\" data-e-type=\"widget\" data-widget_type=\"shortcode.default\">\n\t\t\t\t<div class=\"elementor-widget-container\">\n\t\t\t\t\t\t\t<div class=\"elementor-shortcode\"><style id=\"wpforms-css-vars-7579\">\n\t\t\t\t#wpforms-7579 {\n\t\t\t\t\n\t\t\t}\n\t\t\t<\/style><div class=\"wpforms-container wpforms-container-full wpforms-render-modern\" id=\"wpforms-7579\"><form id=\"wpforms-form-7579\" class=\"wpforms-validate wpforms-form wpforms-ajax-form\" data-formid=\"7579\" method=\"post\" enctype=\"multipart\/form-data\" action=\"\/pt\/wp-json\/wp\/v2\/pages\/1132\" data-token=\"8991f9ae18278c2727181b695224850c\" data-token-time=\"1776094631\"><noscript class=\"wpforms-error-noscript\">Please enable JavaScript in your browser to complete this form.<\/noscript><div id=\"wpforms-error-noscript\" style=\"display: none;\">Please enable JavaScript in your browser to complete this form.<\/div><div class=\"wpforms-field-container\"><div id=\"wpforms-7579-field_0-container\" class=\"wpforms-field wpforms-field-name wpforms-one-half wpforms-first\" data-field-id=\"0\"><label class=\"wpforms-field-label\" for=\"wpforms-7579-field_0\">Nombre y apellidos  <span class=\"wpforms-required-label\" aria-hidden=\"true\">*<\/span><\/label><input type=\"text\" id=\"wpforms-7579-field_0\" class=\"wpforms-field-medium wpforms-field-required\" name=\"wpforms[fields][0]\" aria-errormessage=\"wpforms-7579-field_0-error\" required><\/div><div id=\"wpforms-7579-field_1-container\" class=\"wpforms-field wpforms-field-email wpforms-one-half\" data-field-id=\"1\"><label class=\"wpforms-field-label\" for=\"wpforms-7579-field_1\">Email <span class=\"wpforms-required-label\" aria-hidden=\"true\">*<\/span><\/label><input type=\"email\" id=\"wpforms-7579-field_1\" class=\"wpforms-field-medium wpforms-field-required\" name=\"wpforms[fields][1]\" spellcheck=\"false\" aria-errormessage=\"wpforms-7579-field_1-error\" required><\/div><div id=\"wpforms-7579-field_4-container\" class=\"wpforms-field wpforms-field-text wpforms-one-half wpforms-first\" data-field-id=\"4\"><label class=\"wpforms-field-label\" for=\"wpforms-7579-field_4\">Asunto  <\/label><input type=\"text\" id=\"wpforms-7579-field_4\" class=\"wpforms-field-medium\" name=\"wpforms[fields][4]\" aria-errormessage=\"wpforms-7579-field_4-error\" ><\/div><div id=\"wpforms-7579-field_5-container\" class=\"wpforms-field wpforms-field-text wpforms-one-half\" data-field-id=\"5\"><label class=\"wpforms-field-label\" for=\"wpforms-7579-field_5\">N\u00ba de pedido <\/label><input type=\"text\" id=\"wpforms-7579-field_5\" class=\"wpforms-field-medium\" name=\"wpforms[fields][5]\" aria-errormessage=\"wpforms-7579-field_5-error\" ><\/div><div id=\"wpforms-7579-field_2-container\" class=\"wpforms-field wpforms-field-textarea\" data-field-id=\"2\"><label class=\"wpforms-field-label\" for=\"wpforms-7579-field_2\">Exponga su consulta\/petici\u00f3n <span class=\"wpforms-required-label\" aria-hidden=\"true\">*<\/span><\/label><textarea id=\"wpforms-7579-field_2\" class=\"wpforms-field-medium wpforms-field-required\" name=\"wpforms[fields][2]\" aria-errormessage=\"wpforms-7579-field_2-error\" required><\/textarea><\/div><div id=\"wpforms-7579-field_6-container\" class=\"wpforms-field wpforms-field-checkbox\" data-field-id=\"6\"><fieldset><legend class=\"wpforms-field-label\">Aceptaci\u00f3n <span class=\"wpforms-required-label\" aria-hidden=\"true\">*<\/span><\/legend><ul id=\"wpforms-7579-field_6\" class=\"wpforms-field-required\"><li class=\"choice-1 depth-1\"><input type=\"checkbox\" id=\"wpforms-7579-field_6_1\" name=\"wpforms[fields][6][]\" value=\"Confirmo que he le\u00eddo la pol\u00edtica de privacidad.\" aria-errormessage=\"wpforms-7579-field_6_1-error\" required ><label class=\"wpforms-field-label-inline\" for=\"wpforms-7579-field_6_1\">Confirmo que he le\u00eddo la pol\u00edtica de privacidad.<\/label><\/li><\/ul><\/fieldset><\/div><\/div><!-- .wpforms-field-container --><div class=\"wpforms-recaptcha-container wpforms-is-recaptcha wpforms-is-recaptcha-type-v3\" ><input type=\"hidden\" name=\"wpforms[recaptcha]\" value=\"\"><\/div><div class=\"wpforms-submit-container\" ><input type=\"hidden\" name=\"wpforms[id]\" value=\"7579\"><input type=\"hidden\" name=\"page_title\" value=\"\"><input type=\"hidden\" name=\"page_url\" value=\"https:\/\/shop.ftemaximal.com\/pt\/wp-json\/wp\/v2\/pages\/1132\"><input type=\"hidden\" name=\"url_referer\" value=\"\"><button type=\"submit\" name=\"wpforms[submit]\" id=\"wpforms-submit-7579\" class=\"wpforms-submit\" data-alt-text=\"Enviar...\" data-submit-text=\"Enviar solicitud\" aria-live=\"assertive\" value=\"wpforms-submit\">Enviar solicitud<\/button><img decoding=\"async\" src=\"https:\/\/shop.ftemaximal.com\/wp-content\/plugins\/wpforms-lite\/assets\/images\/submit-spin.svg\" class=\"wpforms-submit-spinner\" style=\"display: none;\" width=\"26\" height=\"26\" alt=\"Loading\"><\/div><\/form><\/div>  <!-- .wpforms-container --><\/div>\n\t\t\t\t\t\t<\/div>\n\t\t\t\t<\/div>\n\t\t\t\t\t<\/div>\n\t\t<\/div>\n\t\t\t\t\t<\/div>\n\t\t<\/section>\n\t\t\t\t<\/div>\n\t\t","protected":false},"excerpt":{"rendered":"<p>SU SOLICITUD DE CONTACTO EN FTE MAXIMAL \u00bfNecesita una oferta o tiene alguna pregunta? P\u00f3ngase en contacto con nosotros. S\u00f3lo tiene que rellenar el formulario y tramitaremos su solicitud lo antes posible. BCN Distribuciones S.A.U.Mil\u00e0 i Fontanals, 118-120.08205 Sabadell (Barcelona).&nbsp; Espa\u00f1a.<\/p>","protected":false},"author":24,"featured_media":0,"parent":0,"menu_order":0,"comment_status":"closed","ping_status":"closed","template":"template-fullwidth.php","meta":{"footnotes":""},"class_list":["post-1132","page","type-page","status-publish","hentry"],"aioseo_notices":[],"_links":{"self":[{"href":"https:\/\/shop.ftemaximal.com\/pt\/wp-json\/wp\/v2\/pages\/1132","targetHints":{"allow":["GET"]}}],"collection":[{"href":"https:\/\/shop.ftemaximal.com\/pt\/wp-json\/wp\/v2\/pages"}],"about":[{"href":"https:\/\/shop.ftemaximal.com\/pt\/wp-json\/wp\/v2\/types\/page"}],"author":[{"embeddable":true,"href":"https:\/\/shop.ftemaximal.com\/pt\/wp-json\/wp\/v2\/users\/24"}],"replies":[{"embeddable":true,"href":"https:\/\/shop.ftemaximal.com\/pt\/wp-json\/wp\/v2\/comments?post=1132"}],"version-history":[{"count":0,"href":"https:\/\/shop.ftemaximal.com\/pt\/wp-json\/wp\/v2\/pages\/1132\/revisions"}],"wp:attachment":[{"href":"https:\/\/shop.ftemaximal.com\/pt\/wp-json\/wp\/v2\/media?parent=1132"}],"curies":[{"name":"wp","href":"https:\/\/api.w.org\/{rel}","templated":true}]}}